{"id":13532,"date":"2021-12-30T16:13:00","date_gmt":"2021-12-30T15:13:00","guid":{"rendered":"https:\/\/soprastek.com\/shop\/neoprene-dry-suit-35mm\/"},"modified":"2026-01-13T07:52:13","modified_gmt":"2026-01-13T06:52:13","slug":"neoprene-dry-suit-35mm","status":"publish","type":"product","link":"https:\/\/soprastek.com\/cs\/shop\/neoprene-dry-suit-35mm\/","title":{"rendered":"Dry suit in pre-compressed 3,5mm neoprene with back BDM zipper"},"content":{"rendered":"<p>Dry suit in pre-compressed 3,5mm neoprene with back BDM zipper.<br \/>\nThe advantages of neoprene dry suits against the more popular dry suits in trilaminate are:<br \/>\n-easy (and therefore cheap) repair and maintenance<br \/>\n-some thermal insulation so no under suit or just a thin one will be enough for most water temperatures (so again cheaper!)<br \/>\n-elasticity (neoprene is stretchy, so it can be a little tighter on the body still allowing movement)\u2026<br \/>\n-price (roughly 30 to 40% cheaper than a trilaminate)<br \/>\nThe disadvantages are:<br \/>\n-Heavier weight<br \/>\n-It takes longer to get dry<br \/>\n-Back zipper (you need a buddy unless you know how to close the zipper by yourself\u2026in fact there are ways)<br \/>\n-A very small compression at depth and subsequent change in buoyancy<br \/>\n-Less flexible for those who dive both very cold as well as warm waters and want to keep dry, cuz you cannot wear a heavy undersuit and in warmer waters you might get a little hot<\/p>\n<p>&nbsp;<\/p>\n<p>Sizes &#8211; 3\/8, 6\/11, 7\/11 and 12, 8\/11 and 12<\/p>\n<p>&nbsp;<\/p>\n","protected":false},"excerpt":{"rendered":"<p>Dry suit in pre-compressed 3,5mm neoprene with back BDM zipper. The advantages of neoprene dry suits against the more popular dry suits in trilaminate are: -easy (and therefore cheap) repair and maintenance -some thermal insulation so no under suit or just a thin one will be enough for most water temperatures (so again cheaper!) -elasticity&hellip;&nbsp;<a href=\"https:\/\/soprastek.com\/cs\/shop\/neoprene-dry-suit-35mm\/\" rel=\"bookmark\">\u010c\u00edst d\u00e1le &raquo;<span class=\"screen-reader-text\">Dry suit in pre-compressed 3,5mm neoprene with back BDM zipper<\/span><\/a><\/p>\n","protected":false},"featured_media":9500,"comment_status":"open","ping_status":"closed","template":"","meta":{"_uag_custom_page_level_css":"","neve_meta_sidebar":"","neve_meta_container":"","neve_meta_enable_content_width":"off","neve_meta_content_width":100,"neve_meta_title_alignment":"","neve_meta_author_avatar":"","neve_post_elements_order":"","neve_meta_disable_header":"","neve_meta_disable_footer":"","neve_meta_disable_title":""},"product_brand":[],"product_cat":[661],"product_tag":[],"class_list":{"0":"post-13532","1":"product","2":"type-product","3":"status-publish","4":"has-post-thumbnail","6":"product_cat-suche-obleky-se-zipem-vzadu","8":"first","9":"instock","10":"taxable","11":"shipping-taxable","12":"purchasable","13":"product-type-variable"},"yoast_head":"<!-- This site is optimized with the Yoast SEO plugin v27.2 - https:\/\/yoast.com\/product\/yoast-seo-wordpress\/ -->\n<title>Dry suit in pre-compressed 3,5mm neoprene with back BDM zipper - Sopras Tek<\/title>\n<meta name=\"robots\" content=\"index, follow, max-snippet:-1, max-image-preview:large, max-video-preview:-1\" \/>\n<link rel=\"canonical\" href=\"https:\/\/soprastek.com\/cs\/shop\/neoprene-dry-suit-35mm\/\" \/>\n<meta property=\"og:locale\" content=\"cs_CZ\" \/>\n<meta property=\"og:type\" content=\"article\" \/>\n<meta property=\"og:title\" content=\"Dry suit in pre-compressed 3,5mm neoprene with back BDM zipper - Sopras Tek\" \/>\n<meta property=\"og:description\" content=\"Dry suit in pre-compressed 3,5mm neoprene with back BDM zipper. The advantages of neoprene dry suits against the more popular dry suits in trilaminate are: -easy (and therefore cheap) repair and maintenance -some thermal insulation so no under suit or just a thin one will be enough for most water temperatures (so again cheaper!) -elasticity&hellip;&nbsp;\u010c\u00edst d\u00e1le &raquo;Dry suit in pre-compressed 3,5mm neoprene with back BDM zipper\" \/>\n<meta property=\"og:url\" content=\"https:\/\/soprastek.com\/cs\/shop\/neoprene-dry-suit-35mm\/\" \/>\n<meta property=\"og:site_name\" content=\"Sopras Tek\" \/>\n<meta property=\"article:modified_time\" content=\"2026-01-13T06:52:13+00:00\" \/>\n<meta property=\"og:image\" content=\"https:\/\/soprastek.com\/wp-content\/uploads\/2019\/02\/109100.jpg\" \/>\n\t<meta property=\"og:image:width\" content=\"1500\" \/>\n\t<meta property=\"og:image:height\" content=\"1500\" \/>\n\t<meta property=\"og:image:type\" content=\"image\/jpeg\" \/>\n<meta name=\"twitter:card\" content=\"summary_large_image\" \/>\n<meta name=\"twitter:label1\" content=\"Odhadovan\u00e1 doba \u010dten\u00ed\" \/>\n\t<meta name=\"twitter:data1\" content=\"1 minuta\" \/>\n<script type=\"application\/ld+json\" class=\"yoast-schema-graph\">{\"@context\":\"https:\/\/schema.org\",\"@graph\":[{\"@type\":\"WebPage\",\"@id\":\"https:\/\/soprastek.com\/cs\/shop\/neoprene-dry-suit-35mm\/\",\"url\":\"https:\/\/soprastek.com\/cs\/shop\/neoprene-dry-suit-35mm\/\",\"name\":\"Dry suit in pre-compressed 3,5mm neoprene with back BDM zipper - Sopras Tek\",\"isPartOf\":{\"@id\":\"https:\/\/soprastek.com\/#website\"},\"primaryImageOfPage\":{\"@id\":\"https:\/\/soprastek.com\/cs\/shop\/neoprene-dry-suit-35mm\/#primaryimage\"},\"image\":{\"@id\":\"https:\/\/soprastek.com\/cs\/shop\/neoprene-dry-suit-35mm\/#primaryimage\"},\"thumbnailUrl\":\"https:\/\/soprastek.com\/wp-content\/uploads\/2019\/02\/109100.jpg\",\"datePublished\":\"2021-12-30T15:13:00+00:00\",\"dateModified\":\"2026-01-13T06:52:13+00:00\",\"breadcrumb\":{\"@id\":\"https:\/\/soprastek.com\/cs\/shop\/neoprene-dry-suit-35mm\/#breadcrumb\"},\"inLanguage\":\"cs\",\"potentialAction\":[{\"@type\":\"ReadAction\",\"target\":[\"https:\/\/soprastek.com\/cs\/shop\/neoprene-dry-suit-35mm\/\"]}]},{\"@type\":\"ImageObject\",\"inLanguage\":\"cs\",\"@id\":\"https:\/\/soprastek.com\/cs\/shop\/neoprene-dry-suit-35mm\/#primaryimage\",\"url\":\"https:\/\/soprastek.com\/wp-content\/uploads\/2019\/02\/109100.jpg\",\"contentUrl\":\"https:\/\/soprastek.com\/wp-content\/uploads\/2019\/02\/109100.jpg\",\"width\":1500,\"height\":1500},{\"@type\":\"BreadcrumbList\",\"@id\":\"https:\/\/soprastek.com\/cs\/shop\/neoprene-dry-suit-35mm\/#breadcrumb\",\"itemListElement\":[{\"@type\":\"ListItem\",\"position\":1,\"name\":\"Home\",\"item\":\"https:\/\/soprastek.com\/cs\/\"},{\"@type\":\"ListItem\",\"position\":2,\"name\":\"Shop\",\"item\":\"https:\/\/soprastek.com\/shop\/\"},{\"@type\":\"ListItem\",\"position\":3,\"name\":\"Dry suit in pre-compressed 3,5mm neoprene with back BDM zipper\"}]},{\"@type\":\"WebSite\",\"@id\":\"https:\/\/soprastek.com\/#website\",\"url\":\"https:\/\/soprastek.com\/\",\"name\":\"Sopras Tek\",\"description\":\"Badass divers\",\"potentialAction\":[{\"@type\":\"SearchAction\",\"target\":{\"@type\":\"EntryPoint\",\"urlTemplate\":\"https:\/\/soprastek.com\/?s={search_term_string}\"},\"query-input\":{\"@type\":\"PropertyValueSpecification\",\"valueRequired\":true,\"valueName\":\"search_term_string\"}}],\"inLanguage\":\"cs\"}]}<\/script>\n<!-- \/ Yoast SEO plugin. -->","yoast_head_json":{"title":"Dry suit in pre-compressed 3,5mm neoprene with back BDM zipper - Sopras Tek","robots":{"index":"index","follow":"follow","max-snippet":"max-snippet:-1","max-image-preview":"max-image-preview:large","max-video-preview":"max-video-preview:-1"},"canonical":"https:\/\/soprastek.com\/cs\/shop\/neoprene-dry-suit-35mm\/","og_locale":"cs_CZ","og_type":"article","og_title":"Dry suit in pre-compressed 3,5mm neoprene with back BDM zipper - Sopras Tek","og_description":"Dry suit in pre-compressed 3,5mm neoprene with back BDM zipper. The advantages of neoprene dry suits against the more popular dry suits in trilaminate are: -easy (and therefore cheap) repair and maintenance -some thermal insulation so no under suit or just a thin one will be enough for most water temperatures (so again cheaper!) -elasticity&hellip;&nbsp;\u010c\u00edst d\u00e1le &raquo;Dry suit in pre-compressed 3,5mm neoprene with back BDM zipper","og_url":"https:\/\/soprastek.com\/cs\/shop\/neoprene-dry-suit-35mm\/","og_site_name":"Sopras Tek","article_modified_time":"2026-01-13T06:52:13+00:00","og_image":[{"width":1500,"height":1500,"url":"https:\/\/soprastek.com\/wp-content\/uploads\/2019\/02\/109100.jpg","type":"image\/jpeg"}],"twitter_card":"summary_large_image","twitter_misc":{"Odhadovan\u00e1 doba \u010dten\u00ed":"1 minuta"},"schema":{"@context":"https:\/\/schema.org","@graph":[{"@type":"WebPage","@id":"https:\/\/soprastek.com\/cs\/shop\/neoprene-dry-suit-35mm\/","url":"https:\/\/soprastek.com\/cs\/shop\/neoprene-dry-suit-35mm\/","name":"Dry suit in pre-compressed 3,5mm neoprene with back BDM zipper - Sopras Tek","isPartOf":{"@id":"https:\/\/soprastek.com\/#website"},"primaryImageOfPage":{"@id":"https:\/\/soprastek.com\/cs\/shop\/neoprene-dry-suit-35mm\/#primaryimage"},"image":{"@id":"https:\/\/soprastek.com\/cs\/shop\/neoprene-dry-suit-35mm\/#primaryimage"},"thumbnailUrl":"https:\/\/soprastek.com\/wp-content\/uploads\/2019\/02\/109100.jpg","datePublished":"2021-12-30T15:13:00+00:00","dateModified":"2026-01-13T06:52:13+00:00","breadcrumb":{"@id":"https:\/\/soprastek.com\/cs\/shop\/neoprene-dry-suit-35mm\/#breadcrumb"},"inLanguage":"cs","potentialAction":[{"@type":"ReadAction","target":["https:\/\/soprastek.com\/cs\/shop\/neoprene-dry-suit-35mm\/"]}]},{"@type":"ImageObject","inLanguage":"cs","@id":"https:\/\/soprastek.com\/cs\/shop\/neoprene-dry-suit-35mm\/#primaryimage","url":"https:\/\/soprastek.com\/wp-content\/uploads\/2019\/02\/109100.jpg","contentUrl":"https:\/\/soprastek.com\/wp-content\/uploads\/2019\/02\/109100.jpg","width":1500,"height":1500},{"@type":"BreadcrumbList","@id":"https:\/\/soprastek.com\/cs\/shop\/neoprene-dry-suit-35mm\/#breadcrumb","itemListElement":[{"@type":"ListItem","position":1,"name":"Home","item":"https:\/\/soprastek.com\/cs\/"},{"@type":"ListItem","position":2,"name":"Shop","item":"https:\/\/soprastek.com\/shop\/"},{"@type":"ListItem","position":3,"name":"Dry suit in pre-compressed 3,5mm neoprene with back BDM zipper"}]},{"@type":"WebSite","@id":"https:\/\/soprastek.com\/#website","url":"https:\/\/soprastek.com\/","name":"Sopras Tek","description":"Badass divers","potentialAction":[{"@type":"SearchAction","target":{"@type":"EntryPoint","urlTemplate":"https:\/\/soprastek.com\/?s={search_term_string}"},"query-input":{"@type":"PropertyValueSpecification","valueRequired":true,"valueName":"search_term_string"}}],"inLanguage":"cs"}]}},"uagb_featured_image_src":{"full":["https:\/\/soprastek.com\/wp-content\/uploads\/2019\/02\/109100.jpg",1500,1500,false],"thumbnail":["https:\/\/soprastek.com\/wp-content\/uploads\/2019\/02\/109100.jpg",150,150,false],"medium":["https:\/\/soprastek.com\/wp-content\/uploads\/2019\/02\/109100.jpg",300,300,false],"medium_large":["https:\/\/soprastek.com\/wp-content\/uploads\/2019\/02\/109100.jpg",768,768,false],"large":["https:\/\/soprastek.com\/wp-content\/uploads\/2019\/02\/109100.jpg",1024,1024,false],"1536x1536":["https:\/\/soprastek.com\/wp-content\/uploads\/2019\/02\/109100.jpg",1500,1500,false],"2048x2048":["https:\/\/soprastek.com\/wp-content\/uploads\/2019\/02\/109100.jpg",1500,1500,false],"neve-blog":["https:\/\/soprastek.com\/wp-content\/uploads\/2019\/02\/109100.jpg",620,620,false],"mailpoet_newsletter_max":["https:\/\/soprastek.com\/wp-content\/uploads\/2019\/02\/109100.jpg",1320,1320,false],"woocommerce_thumbnail":["https:\/\/soprastek.com\/wp-content\/uploads\/2019\/02\/109100-300x300.jpg",300,300,true],"woocommerce_single":["https:\/\/soprastek.com\/wp-content\/uploads\/2019\/02\/109100-600x600.jpg",600,600,true],"woocommerce_gallery_thumbnail":["https:\/\/soprastek.com\/wp-content\/uploads\/2019\/02\/109100-100x100.jpg",100,100,true]},"uagb_author_info":{"display_name":"sobkova","author_link":"https:\/\/soprastek.com\/cs\/author\/"},"uagb_comment_info":0,"uagb_excerpt":"Dry suit in pre-compressed 3,5mm neoprene with back BDM zipper. The advantages of neoprene dry suits against the more popular dry suits in trilaminate are: -easy (and therefore cheap) repair and maintenance -some thermal insulation so no under suit or just a thin one will be enough for most water temperatures (so again cheaper!) -elasticity&hellip;&nbsp;\u010c\u00edst&hellip;","_links":{"self":[{"href":"https:\/\/soprastek.com\/cs\/wp-json\/wp\/v2\/product\/13532","targetHints":{"allow":["GET"]}}],"collection":[{"href":"https:\/\/soprastek.com\/cs\/wp-json\/wp\/v2\/product"}],"about":[{"href":"https:\/\/soprastek.com\/cs\/wp-json\/wp\/v2\/types\/product"}],"replies":[{"embeddable":true,"href":"https:\/\/soprastek.com\/cs\/wp-json\/wp\/v2\/comments?post=13532"}],"wp:featuredmedia":[{"embeddable":true,"href":"https:\/\/soprastek.com\/cs\/wp-json\/wp\/v2\/media\/9500"}],"wp:attachment":[{"href":"https:\/\/soprastek.com\/cs\/wp-json\/wp\/v2\/media?parent=13532"}],"wp:term":[{"taxonomy":"product_brand","embeddable":true,"href":"https:\/\/soprastek.com\/cs\/wp-json\/wp\/v2\/product_brand?post=13532"},{"taxonomy":"product_cat","embeddable":true,"href":"https:\/\/soprastek.com\/cs\/wp-json\/wp\/v2\/product_cat?post=13532"},{"taxonomy":"product_tag","embeddable":true,"href":"https:\/\/soprastek.com\/cs\/wp-json\/wp\/v2\/product_tag?post=13532"}],"curies":[{"name":"wp","href":"https:\/\/api.w.org\/{rel}","templated":true}]}}