{"id":13805,"date":"2017-11-20T13:22:37","date_gmt":"2017-11-20T12:22:37","guid":{"rendered":"https:\/\/soprastek.com\/shop\/sy-100\/"},"modified":"2026-01-13T07:53:58","modified_gmt":"2026-01-13T06:53:58","slug":"sy-100","status":"publish","type":"product","link":"https:\/\/soprastek.com\/cs\/shop\/sy-100\/","title":{"rendered":"SY 100"},"content":{"rendered":"<p>All our torches from the SY line have the following common features:<br \/>\n\u2022 Integrated microprocessor maintaining a constant current and preventing over-heating<br \/>\n\u2022 Reverse polarity protection preventing circuit break from wrong battery installing<br \/>\n\u2022 Constructed with aircraft-grade T6061-T6 aluminum<br \/>\n\u2022 5 mm toughened glass lens, coupled with three O rings for maximum waterproofness<br \/>\n\u2022 Premium type III military hard-anodized finish providing excellent abrasion and corrosion resistence<br \/>\n1050 lumens with 10 degree focus LED light. Suitable as main light or backup light for recreational and technical diving. Rotory switch to turn on\/off and with 3 lighting modes: high, low, and strobe. Utilizes 1*Cree XM-L2 (U4) LED chip with maximum 1050 lumens output.<br \/>\nPowered by 1*18650 rechargeable lithium battery with maximum runtime at low mode of up to 5 hours. This<br \/>\ndiving flashlight is waterproof up to 100 meters deep underwater. Included: recharger, batteries, spare O-rings, lanyard, user manual and box.<\/p>\n<p>Download manual &#8211;<a href=\"https:\/\/soprastek.com\/wp-content\/uploads\/2017\/11\/SY100-manual.pdf\"> https:\/\/soprastek.com\/wp-content\/uploads\/2017\/11\/SY100-manual.pdf<\/a><\/p>\n","protected":false},"excerpt":{"rendered":"<p>All our torches from the SY line have the following common features: \u2022 Integrated microprocessor maintaining a constant current and preventing over-heating \u2022 Reverse polarity protection preventing circuit break from wrong battery installing \u2022 Constructed with aircraft-grade T6061-T6 aluminum \u2022 5 mm toughened glass lens, coupled with three O rings for maximum waterproofness \u2022 Premium&hellip;&nbsp;<a href=\"https:\/\/soprastek.com\/cs\/shop\/sy-100\/\" rel=\"bookmark\">\u010c\u00edst d\u00e1le &raquo;<span class=\"screen-reader-text\">SY 100<\/span><\/a><\/p>\n","protected":false},"featured_media":9321,"comment_status":"open","ping_status":"closed","template":"","meta":{"_uag_custom_page_level_css":"","neve_meta_sidebar":"","neve_meta_container":"","neve_meta_enable_content_width":"off","neve_meta_content_width":100,"neve_meta_title_alignment":"","neve_meta_author_avatar":"","neve_post_elements_order":"","neve_meta_disable_header":"","neve_meta_disable_footer":"","neve_meta_disable_title":""},"product_brand":[],"product_cat":[654],"product_tag":[],"class_list":{"0":"post-13805","1":"product","2":"type-product","3":"status-publish","4":"has-post-thumbnail","6":"product_cat-svitilny","8":"first","9":"instock","10":"taxable","11":"shipping-taxable","12":"purchasable","13":"product-type-simple"},"yoast_head":"<!-- This site is optimized with the Yoast SEO plugin v27.2 - https:\/\/yoast.com\/product\/yoast-seo-wordpress\/ -->\n<title>SY 100 - Sopras Tek<\/title>\n<meta name=\"robots\" content=\"index, follow, max-snippet:-1, max-image-preview:large, max-video-preview:-1\" \/>\n<link rel=\"canonical\" href=\"https:\/\/soprastek.com\/cs\/shop\/sy-100\/\" \/>\n<meta property=\"og:locale\" content=\"cs_CZ\" \/>\n<meta property=\"og:type\" content=\"article\" \/>\n<meta property=\"og:title\" content=\"SY 100 - Sopras Tek\" \/>\n<meta property=\"og:description\" content=\"All our torches from the SY line have the following common features: \u2022 Integrated microprocessor maintaining a constant current and preventing over-heating \u2022 Reverse polarity protection preventing circuit break from wrong battery installing \u2022 Constructed with aircraft-grade T6061-T6 aluminum \u2022 5 mm toughened glass lens, coupled with three O rings for maximum waterproofness \u2022 Premium&hellip;&nbsp;\u010c\u00edst d\u00e1le &raquo;SY 100\" \/>\n<meta property=\"og:url\" content=\"https:\/\/soprastek.com\/cs\/shop\/sy-100\/\" \/>\n<meta property=\"og:site_name\" content=\"Sopras Tek\" \/>\n<meta property=\"article:modified_time\" content=\"2026-01-13T06:53:58+00:00\" \/>\n<meta property=\"og:image\" content=\"https:\/\/soprastek.com\/wp-content\/uploads\/2017\/11\/SY100_1.jpg\" \/>\n\t<meta property=\"og:image:width\" content=\"1500\" \/>\n\t<meta property=\"og:image:height\" content=\"1500\" \/>\n\t<meta property=\"og:image:type\" content=\"image\/jpeg\" \/>\n<meta name=\"twitter:card\" content=\"summary_large_image\" \/>\n<meta name=\"twitter:label1\" content=\"Odhadovan\u00e1 doba \u010dten\u00ed\" \/>\n\t<meta name=\"twitter:data1\" content=\"1 minuta\" \/>\n<script type=\"application\/ld+json\" class=\"yoast-schema-graph\">{\"@context\":\"https:\/\/schema.org\",\"@graph\":[{\"@type\":\"WebPage\",\"@id\":\"https:\/\/soprastek.com\/cs\/shop\/sy-100\/\",\"url\":\"https:\/\/soprastek.com\/cs\/shop\/sy-100\/\",\"name\":\"SY 100 - Sopras Tek\",\"isPartOf\":{\"@id\":\"https:\/\/soprastek.com\/#website\"},\"primaryImageOfPage\":{\"@id\":\"https:\/\/soprastek.com\/cs\/shop\/sy-100\/#primaryimage\"},\"image\":{\"@id\":\"https:\/\/soprastek.com\/cs\/shop\/sy-100\/#primaryimage\"},\"thumbnailUrl\":\"https:\/\/soprastek.com\/wp-content\/uploads\/2017\/11\/SY100_1.jpg\",\"datePublished\":\"2017-11-20T12:22:37+00:00\",\"dateModified\":\"2026-01-13T06:53:58+00:00\",\"breadcrumb\":{\"@id\":\"https:\/\/soprastek.com\/cs\/shop\/sy-100\/#breadcrumb\"},\"inLanguage\":\"cs\",\"potentialAction\":[{\"@type\":\"ReadAction\",\"target\":[\"https:\/\/soprastek.com\/cs\/shop\/sy-100\/\"]}]},{\"@type\":\"ImageObject\",\"inLanguage\":\"cs\",\"@id\":\"https:\/\/soprastek.com\/cs\/shop\/sy-100\/#primaryimage\",\"url\":\"https:\/\/soprastek.com\/wp-content\/uploads\/2017\/11\/SY100_1.jpg\",\"contentUrl\":\"https:\/\/soprastek.com\/wp-content\/uploads\/2017\/11\/SY100_1.jpg\",\"width\":1500,\"height\":1500},{\"@type\":\"BreadcrumbList\",\"@id\":\"https:\/\/soprastek.com\/cs\/shop\/sy-100\/#breadcrumb\",\"itemListElement\":[{\"@type\":\"ListItem\",\"position\":1,\"name\":\"Home\",\"item\":\"https:\/\/soprastek.com\/cs\/\"},{\"@type\":\"ListItem\",\"position\":2,\"name\":\"Shop\",\"item\":\"https:\/\/soprastek.com\/shop\/\"},{\"@type\":\"ListItem\",\"position\":3,\"name\":\"SY 100\"}]},{\"@type\":\"WebSite\",\"@id\":\"https:\/\/soprastek.com\/#website\",\"url\":\"https:\/\/soprastek.com\/\",\"name\":\"Sopras Tek\",\"description\":\"Badass divers\",\"potentialAction\":[{\"@type\":\"SearchAction\",\"target\":{\"@type\":\"EntryPoint\",\"urlTemplate\":\"https:\/\/soprastek.com\/?s={search_term_string}\"},\"query-input\":{\"@type\":\"PropertyValueSpecification\",\"valueRequired\":true,\"valueName\":\"search_term_string\"}}],\"inLanguage\":\"cs\"}]}<\/script>\n<!-- \/ Yoast SEO plugin. -->","yoast_head_json":{"title":"SY 100 - Sopras Tek","robots":{"index":"index","follow":"follow","max-snippet":"max-snippet:-1","max-image-preview":"max-image-preview:large","max-video-preview":"max-video-preview:-1"},"canonical":"https:\/\/soprastek.com\/cs\/shop\/sy-100\/","og_locale":"cs_CZ","og_type":"article","og_title":"SY 100 - Sopras Tek","og_description":"All our torches from the SY line have the following common features: \u2022 Integrated microprocessor maintaining a constant current and preventing over-heating \u2022 Reverse polarity protection preventing circuit break from wrong battery installing \u2022 Constructed with aircraft-grade T6061-T6 aluminum \u2022 5 mm toughened glass lens, coupled with three O rings for maximum waterproofness \u2022 Premium&hellip;&nbsp;\u010c\u00edst d\u00e1le &raquo;SY 100","og_url":"https:\/\/soprastek.com\/cs\/shop\/sy-100\/","og_site_name":"Sopras Tek","article_modified_time":"2026-01-13T06:53:58+00:00","og_image":[{"width":1500,"height":1500,"url":"https:\/\/soprastek.com\/wp-content\/uploads\/2017\/11\/SY100_1.jpg","type":"image\/jpeg"}],"twitter_card":"summary_large_image","twitter_misc":{"Odhadovan\u00e1 doba \u010dten\u00ed":"1 minuta"},"schema":{"@context":"https:\/\/schema.org","@graph":[{"@type":"WebPage","@id":"https:\/\/soprastek.com\/cs\/shop\/sy-100\/","url":"https:\/\/soprastek.com\/cs\/shop\/sy-100\/","name":"SY 100 - Sopras Tek","isPartOf":{"@id":"https:\/\/soprastek.com\/#website"},"primaryImageOfPage":{"@id":"https:\/\/soprastek.com\/cs\/shop\/sy-100\/#primaryimage"},"image":{"@id":"https:\/\/soprastek.com\/cs\/shop\/sy-100\/#primaryimage"},"thumbnailUrl":"https:\/\/soprastek.com\/wp-content\/uploads\/2017\/11\/SY100_1.jpg","datePublished":"2017-11-20T12:22:37+00:00","dateModified":"2026-01-13T06:53:58+00:00","breadcrumb":{"@id":"https:\/\/soprastek.com\/cs\/shop\/sy-100\/#breadcrumb"},"inLanguage":"cs","potentialAction":[{"@type":"ReadAction","target":["https:\/\/soprastek.com\/cs\/shop\/sy-100\/"]}]},{"@type":"ImageObject","inLanguage":"cs","@id":"https:\/\/soprastek.com\/cs\/shop\/sy-100\/#primaryimage","url":"https:\/\/soprastek.com\/wp-content\/uploads\/2017\/11\/SY100_1.jpg","contentUrl":"https:\/\/soprastek.com\/wp-content\/uploads\/2017\/11\/SY100_1.jpg","width":1500,"height":1500},{"@type":"BreadcrumbList","@id":"https:\/\/soprastek.com\/cs\/shop\/sy-100\/#breadcrumb","itemListElement":[{"@type":"ListItem","position":1,"name":"Home","item":"https:\/\/soprastek.com\/cs\/"},{"@type":"ListItem","position":2,"name":"Shop","item":"https:\/\/soprastek.com\/shop\/"},{"@type":"ListItem","position":3,"name":"SY 100"}]},{"@type":"WebSite","@id":"https:\/\/soprastek.com\/#website","url":"https:\/\/soprastek.com\/","name":"Sopras Tek","description":"Badass divers","potentialAction":[{"@type":"SearchAction","target":{"@type":"EntryPoint","urlTemplate":"https:\/\/soprastek.com\/?s={search_term_string}"},"query-input":{"@type":"PropertyValueSpecification","valueRequired":true,"valueName":"search_term_string"}}],"inLanguage":"cs"}]}},"uagb_featured_image_src":{"full":["https:\/\/soprastek.com\/wp-content\/uploads\/2017\/11\/SY100_1.jpg",1500,1500,false],"thumbnail":["https:\/\/soprastek.com\/wp-content\/uploads\/2017\/11\/SY100_1.jpg",150,150,false],"medium":["https:\/\/soprastek.com\/wp-content\/uploads\/2017\/11\/SY100_1.jpg",300,300,false],"medium_large":["https:\/\/soprastek.com\/wp-content\/uploads\/2017\/11\/SY100_1.jpg",768,768,false],"large":["https:\/\/soprastek.com\/wp-content\/uploads\/2017\/11\/SY100_1.jpg",1024,1024,false],"1536x1536":["https:\/\/soprastek.com\/wp-content\/uploads\/2017\/11\/SY100_1.jpg",1500,1500,false],"2048x2048":["https:\/\/soprastek.com\/wp-content\/uploads\/2017\/11\/SY100_1.jpg",1500,1500,false],"neve-blog":["https:\/\/soprastek.com\/wp-content\/uploads\/2017\/11\/SY100_1.jpg",620,620,false],"mailpoet_newsletter_max":["https:\/\/soprastek.com\/wp-content\/uploads\/2017\/11\/SY100_1.jpg",1320,1320,false],"woocommerce_thumbnail":["https:\/\/soprastek.com\/wp-content\/uploads\/2017\/11\/SY100_1-300x300.jpg",300,300,true],"woocommerce_single":["https:\/\/soprastek.com\/wp-content\/uploads\/2017\/11\/SY100_1-600x600.jpg",600,600,true],"woocommerce_gallery_thumbnail":["https:\/\/soprastek.com\/wp-content\/uploads\/2017\/11\/SY100_1-100x100.jpg",100,100,true]},"uagb_author_info":{"display_name":"sobkova","author_link":"https:\/\/soprastek.com\/cs\/author\/"},"uagb_comment_info":0,"uagb_excerpt":"All our torches from the SY line have the following common features: \u2022 Integrated microprocessor maintaining a constant current and preventing over-heating \u2022 Reverse polarity protection preventing circuit break from wrong battery installing \u2022 Constructed with aircraft-grade T6061-T6 aluminum \u2022 5 mm toughened glass lens, coupled with three O rings for maximum waterproofness \u2022 Premium&hellip;&nbsp;\u010c\u00edst&hellip;","_links":{"self":[{"href":"https:\/\/soprastek.com\/cs\/wp-json\/wp\/v2\/product\/13805","targetHints":{"allow":["GET"]}}],"collection":[{"href":"https:\/\/soprastek.com\/cs\/wp-json\/wp\/v2\/product"}],"about":[{"href":"https:\/\/soprastek.com\/cs\/wp-json\/wp\/v2\/types\/product"}],"replies":[{"embeddable":true,"href":"https:\/\/soprastek.com\/cs\/wp-json\/wp\/v2\/comments?post=13805"}],"wp:featuredmedia":[{"embeddable":true,"href":"https:\/\/soprastek.com\/cs\/wp-json\/wp\/v2\/media\/9321"}],"wp:attachment":[{"href":"https:\/\/soprastek.com\/cs\/wp-json\/wp\/v2\/media?parent=13805"}],"wp:term":[{"taxonomy":"product_brand","embeddable":true,"href":"https:\/\/soprastek.com\/cs\/wp-json\/wp\/v2\/product_brand?post=13805"},{"taxonomy":"product_cat","embeddable":true,"href":"https:\/\/soprastek.com\/cs\/wp-json\/wp\/v2\/product_cat?post=13805"},{"taxonomy":"product_tag","embeddable":true,"href":"https:\/\/soprastek.com\/cs\/wp-json\/wp\/v2\/product_tag?post=13805"}],"curies":[{"name":"wp","href":"https:\/\/api.w.org\/{rel}","templated":true}]}}