{"id":16793,"date":"2026-03-30T16:38:21","date_gmt":"2026-03-30T15:38:21","guid":{"rendered":"https:\/\/soprastek.com\/shop\/trilaminate-dry-suit-made-to-measure\/"},"modified":"2026-03-30T16:38:21","modified_gmt":"2026-03-30T15:38:21","slug":"trilaminate-dry-suit-made-to-measure","status":"publish","type":"product","link":"https:\/\/soprastek.com\/cs\/shop\/trilaminate-dry-suit-made-to-measure\/","title":{"rendered":"Trilaminate dry suit made to measure"},"content":{"rendered":"<p>Trilaminate dry suit made to measure. Here also a video available (<a href=\"https:\/\/www.youtube.com\/shorts\/tpmsxvC7a3U\">https:\/\/www.youtube.com\/shorts\/tpmsxvC7a3U<\/a>). The standard black fabric is a lightweight Ripstop Nylon fabric and the inserts (pockets and zipper cover) can be in many colours. The standard dry zip is made by TIZIP. The valves are by Sitech. Neoprene socks and two pockets are standard. An inside pocket is available at the chest level. A 5mm hood is included as well as an 90cm hose and a carrying bag.<\/p>\n<p>Latex wrists at neck and wrist are standard.<\/p>\n<p>Rings for easy replacement of the seals are possible and can be installed on request. We recommend Slaggo for wrists and Orust for the neck. In this case seals have to be chosen and are available in TPE or Silicone.<\/p>\n<p>All stitchings are glued and sealed by hand using Aquasure and the dry suit delivery will include a set of 28gr Aquasure glue to repair easily repair the leaks. In case of need schooling of how to test and detect leaks can be done in our company.<\/p>\n<p>Here you can download (<a href=\"https:\/\/soprastek.com\/wp-content\/uploads\/2026\/03\/Measurement-table-soprastek-dry-suits-EN-CZ-26.3.2026.pdf\">Measurement table.pdf<\/a>) our\u00a0 size chart to be filled and returned to us. And here (link na video) you can watch a video of how to properly take the measurements . Please make sure you take all measurements with very light clothing on and don\u2019t forget to specify the thickness of the suit that you will be wearing mostly as well as the socks.<\/p>\n<p>The delivery time is around 12 weeks. A 30% deposit is required.<\/p>\n<p><strong>Price &#8211;<\/strong><\/p>\n<p><strong>Basic MTM model \u2013 1 000 eur<\/strong><\/p>\n<p><strong>Additions on request<\/strong><\/p>\n<p>Boots instead of socks \u2013 add 30eur<\/p>\n<p>***please note if you purchase your suit with socks you will receive a 10Eur discount on our boots for dry suits <a href=\"https:\/\/soprastek.com\/cs\/product-category\/suche-obleky\/potapecske-boty\/\">that you can find here Boots\u00a0<\/a><\/p>\n<p>Sitech Slaggo wrist rings with seals (TPE or Sil to be chosen) instead of latex \u2013 add 90eur<\/p>\n<p>Sitech Orust neck rings with neck seal (TPE or Sil to be chosen) instead of latex \u2013 add 85eur<\/p>\n<p>BDM metal zipper instead of TIZIP plastic dry zipper \u2013 add 110eur<\/p>\n","protected":false},"excerpt":{"rendered":"<p>Trilaminate dry suit made to measure. Here also a video available (https:\/\/www.youtube.com\/shorts\/tpmsxvC7a3U). The standard black fabric is a lightweight Ripstop Nylon fabric and the inserts (pockets and zipper cover) can be in many colours. The standard dry zip is made by TIZIP. The valves are by Sitech. Neoprene socks and two pockets are standard. An&hellip;&nbsp;<a href=\"https:\/\/soprastek.com\/cs\/shop\/trilaminate-dry-suit-made-to-measure\/\" rel=\"bookmark\">\u010c\u00edst d\u00e1le &raquo;<span class=\"screen-reader-text\">Trilaminate dry suit made to measure<\/span><\/a><\/p>\n","protected":false},"featured_media":16783,"comment_status":"open","ping_status":"closed","template":"","meta":{"_uag_custom_page_level_css":"","neve_meta_sidebar":"","neve_meta_container":"","neve_meta_enable_content_width":"off","neve_meta_content_width":100,"neve_meta_title_alignment":"","neve_meta_author_avatar":"","neve_post_elements_order":"","neve_meta_disable_header":"","neve_meta_disable_footer":"","neve_meta_disable_title":""},"product_brand":[],"product_cat":[1162],"product_tag":[],"class_list":{"0":"post-16793","1":"product","2":"type-product","3":"status-publish","4":"has-post-thumbnail","6":"product_cat-suche-obleky-na-miru","8":"first","9":"instock","10":"taxable","11":"shipping-taxable","12":"product-type-simple"},"yoast_head":"<!-- This site is optimized with the Yoast SEO plugin v27.2 - https:\/\/yoast.com\/product\/yoast-seo-wordpress\/ -->\n<title>Trilaminate dry suit made to measure - Sopras Tek<\/title>\n<meta name=\"robots\" content=\"index, follow, max-snippet:-1, max-image-preview:large, max-video-preview:-1\" \/>\n<link rel=\"canonical\" href=\"https:\/\/soprastek.com\/cs\/shop\/trilaminate-dry-suit-made-to-measure\/\" \/>\n<meta property=\"og:locale\" content=\"cs_CZ\" \/>\n<meta property=\"og:type\" content=\"article\" \/>\n<meta property=\"og:title\" content=\"Trilaminate dry suit made to measure - Sopras Tek\" \/>\n<meta property=\"og:description\" content=\"Trilaminate dry suit made to measure. Here also a video available (https:\/\/www.youtube.com\/shorts\/tpmsxvC7a3U). The standard black fabric is a lightweight Ripstop Nylon fabric and the inserts (pockets and zipper cover) can be in many colours. The standard dry zip is made by TIZIP. The valves are by Sitech. Neoprene socks and two pockets are standard. An&hellip;&nbsp;\u010c\u00edst d\u00e1le &raquo;Trilaminate dry suit made to measure\" \/>\n<meta property=\"og:url\" content=\"https:\/\/soprastek.com\/cs\/shop\/trilaminate-dry-suit-made-to-measure\/\" \/>\n<meta property=\"og:site_name\" content=\"Sopras Tek\" \/>\n<meta name=\"twitter:card\" content=\"summary_large_image\" \/>\n<meta name=\"twitter:label1\" content=\"Odhadovan\u00e1 doba \u010dten\u00ed\" \/>\n\t<meta name=\"twitter:data1\" content=\"2 minuty\" \/>\n<script type=\"application\/ld+json\" class=\"yoast-schema-graph\">{\"@context\":\"https:\/\/schema.org\",\"@graph\":[{\"@type\":\"WebPage\",\"@id\":\"https:\/\/soprastek.com\/cs\/shop\/trilaminate-dry-suit-made-to-measure\/\",\"url\":\"https:\/\/soprastek.com\/cs\/shop\/trilaminate-dry-suit-made-to-measure\/\",\"name\":\"Trilaminate dry suit made to measure - Sopras Tek\",\"isPartOf\":{\"@id\":\"https:\/\/soprastek.com\/#website\"},\"primaryImageOfPage\":{\"@id\":\"https:\/\/soprastek.com\/cs\/shop\/trilaminate-dry-suit-made-to-measure\/#primaryimage\"},\"image\":{\"@id\":\"https:\/\/soprastek.com\/cs\/shop\/trilaminate-dry-suit-made-to-measure\/#primaryimage\"},\"thumbnailUrl\":\"https:\/\/soprastek.com\/wp-content\/uploads\/2026\/03\/dry-suit-MTM.jpg\",\"datePublished\":\"2026-03-30T15:38:21+00:00\",\"breadcrumb\":{\"@id\":\"https:\/\/soprastek.com\/cs\/shop\/trilaminate-dry-suit-made-to-measure\/#breadcrumb\"},\"inLanguage\":\"cs\",\"potentialAction\":[{\"@type\":\"ReadAction\",\"target\":[\"https:\/\/soprastek.com\/cs\/shop\/trilaminate-dry-suit-made-to-measure\/\"]}]},{\"@type\":\"ImageObject\",\"inLanguage\":\"cs\",\"@id\":\"https:\/\/soprastek.com\/cs\/shop\/trilaminate-dry-suit-made-to-measure\/#primaryimage\",\"url\":\"https:\/\/soprastek.com\/wp-content\/uploads\/2026\/03\/dry-suit-MTM.jpg\",\"contentUrl\":\"https:\/\/soprastek.com\/wp-content\/uploads\/2026\/03\/dry-suit-MTM.jpg\",\"width\":1500,\"height\":1500},{\"@type\":\"BreadcrumbList\",\"@id\":\"https:\/\/soprastek.com\/cs\/shop\/trilaminate-dry-suit-made-to-measure\/#breadcrumb\",\"itemListElement\":[{\"@type\":\"ListItem\",\"position\":1,\"name\":\"Home\",\"item\":\"https:\/\/soprastek.com\/cs\/\"},{\"@type\":\"ListItem\",\"position\":2,\"name\":\"Shop\",\"item\":\"https:\/\/soprastek.com\/shop\/\"},{\"@type\":\"ListItem\",\"position\":3,\"name\":\"Trilaminate dry suit made to measure\"}]},{\"@type\":\"WebSite\",\"@id\":\"https:\/\/soprastek.com\/#website\",\"url\":\"https:\/\/soprastek.com\/\",\"name\":\"Sopras Tek\",\"description\":\"Badass divers\",\"potentialAction\":[{\"@type\":\"SearchAction\",\"target\":{\"@type\":\"EntryPoint\",\"urlTemplate\":\"https:\/\/soprastek.com\/?s={search_term_string}\"},\"query-input\":{\"@type\":\"PropertyValueSpecification\",\"valueRequired\":true,\"valueName\":\"search_term_string\"}}],\"inLanguage\":\"cs\"}]}<\/script>\n<!-- \/ Yoast SEO plugin. -->","yoast_head_json":{"title":"Trilaminate dry suit made to measure - Sopras Tek","robots":{"index":"index","follow":"follow","max-snippet":"max-snippet:-1","max-image-preview":"max-image-preview:large","max-video-preview":"max-video-preview:-1"},"canonical":"https:\/\/soprastek.com\/cs\/shop\/trilaminate-dry-suit-made-to-measure\/","og_locale":"cs_CZ","og_type":"article","og_title":"Trilaminate dry suit made to measure - Sopras Tek","og_description":"Trilaminate dry suit made to measure. Here also a video available (https:\/\/www.youtube.com\/shorts\/tpmsxvC7a3U). The standard black fabric is a lightweight Ripstop Nylon fabric and the inserts (pockets and zipper cover) can be in many colours. The standard dry zip is made by TIZIP. The valves are by Sitech. Neoprene socks and two pockets are standard. An&hellip;&nbsp;\u010c\u00edst d\u00e1le &raquo;Trilaminate dry suit made to measure","og_url":"https:\/\/soprastek.com\/cs\/shop\/trilaminate-dry-suit-made-to-measure\/","og_site_name":"Sopras Tek","twitter_card":"summary_large_image","twitter_misc":{"Odhadovan\u00e1 doba \u010dten\u00ed":"2 minuty"},"schema":{"@context":"https:\/\/schema.org","@graph":[{"@type":"WebPage","@id":"https:\/\/soprastek.com\/cs\/shop\/trilaminate-dry-suit-made-to-measure\/","url":"https:\/\/soprastek.com\/cs\/shop\/trilaminate-dry-suit-made-to-measure\/","name":"Trilaminate dry suit made to measure - Sopras Tek","isPartOf":{"@id":"https:\/\/soprastek.com\/#website"},"primaryImageOfPage":{"@id":"https:\/\/soprastek.com\/cs\/shop\/trilaminate-dry-suit-made-to-measure\/#primaryimage"},"image":{"@id":"https:\/\/soprastek.com\/cs\/shop\/trilaminate-dry-suit-made-to-measure\/#primaryimage"},"thumbnailUrl":"https:\/\/soprastek.com\/wp-content\/uploads\/2026\/03\/dry-suit-MTM.jpg","datePublished":"2026-03-30T15:38:21+00:00","breadcrumb":{"@id":"https:\/\/soprastek.com\/cs\/shop\/trilaminate-dry-suit-made-to-measure\/#breadcrumb"},"inLanguage":"cs","potentialAction":[{"@type":"ReadAction","target":["https:\/\/soprastek.com\/cs\/shop\/trilaminate-dry-suit-made-to-measure\/"]}]},{"@type":"ImageObject","inLanguage":"cs","@id":"https:\/\/soprastek.com\/cs\/shop\/trilaminate-dry-suit-made-to-measure\/#primaryimage","url":"https:\/\/soprastek.com\/wp-content\/uploads\/2026\/03\/dry-suit-MTM.jpg","contentUrl":"https:\/\/soprastek.com\/wp-content\/uploads\/2026\/03\/dry-suit-MTM.jpg","width":1500,"height":1500},{"@type":"BreadcrumbList","@id":"https:\/\/soprastek.com\/cs\/shop\/trilaminate-dry-suit-made-to-measure\/#breadcrumb","itemListElement":[{"@type":"ListItem","position":1,"name":"Home","item":"https:\/\/soprastek.com\/cs\/"},{"@type":"ListItem","position":2,"name":"Shop","item":"https:\/\/soprastek.com\/shop\/"},{"@type":"ListItem","position":3,"name":"Trilaminate dry suit made to measure"}]},{"@type":"WebSite","@id":"https:\/\/soprastek.com\/#website","url":"https:\/\/soprastek.com\/","name":"Sopras Tek","description":"Badass divers","potentialAction":[{"@type":"SearchAction","target":{"@type":"EntryPoint","urlTemplate":"https:\/\/soprastek.com\/?s={search_term_string}"},"query-input":{"@type":"PropertyValueSpecification","valueRequired":true,"valueName":"search_term_string"}}],"inLanguage":"cs"}]}},"uagb_featured_image_src":{"full":["https:\/\/soprastek.com\/wp-content\/uploads\/2026\/03\/dry-suit-MTM.jpg",1500,1500,false],"thumbnail":["https:\/\/soprastek.com\/wp-content\/uploads\/2026\/03\/dry-suit-MTM-150x150.jpg",150,150,true],"medium":["https:\/\/soprastek.com\/wp-content\/uploads\/2026\/03\/dry-suit-MTM-300x300.jpg",300,300,true],"medium_large":["https:\/\/soprastek.com\/wp-content\/uploads\/2026\/03\/dry-suit-MTM-768x768.jpg",768,768,true],"large":["https:\/\/soprastek.com\/wp-content\/uploads\/2026\/03\/dry-suit-MTM-1024x1024.jpg",1024,1024,true],"1536x1536":["https:\/\/soprastek.com\/wp-content\/uploads\/2026\/03\/dry-suit-MTM.jpg",1500,1500,false],"2048x2048":["https:\/\/soprastek.com\/wp-content\/uploads\/2026\/03\/dry-suit-MTM.jpg",1500,1500,false],"neve-blog":["https:\/\/soprastek.com\/wp-content\/uploads\/2026\/03\/dry-suit-MTM-930x620.jpg",930,620,true],"mailpoet_newsletter_max":["https:\/\/soprastek.com\/wp-content\/uploads\/2026\/03\/dry-suit-MTM-1320x1320.jpg",1320,1320,true],"woocommerce_thumbnail":["https:\/\/soprastek.com\/wp-content\/uploads\/2026\/03\/dry-suit-MTM-300x300.jpg",300,300,true],"woocommerce_single":["https:\/\/soprastek.com\/wp-content\/uploads\/2026\/03\/dry-suit-MTM-600x600.jpg",600,600,true],"woocommerce_gallery_thumbnail":["https:\/\/soprastek.com\/wp-content\/uploads\/2026\/03\/dry-suit-MTM-100x100.jpg",100,100,true]},"uagb_author_info":{"display_name":"sobkova","author_link":"https:\/\/soprastek.com\/cs\/author\/"},"uagb_comment_info":0,"uagb_excerpt":"Trilaminate dry suit made to measure. Here also a video available (https:\/\/www.youtube.com\/shorts\/tpmsxvC7a3U). The standard black fabric is a lightweight Ripstop Nylon fabric and the inserts (pockets and zipper cover) can be in many colours. The standard dry zip is made by TIZIP. The valves are by Sitech. Neoprene socks and two pockets are standard. An&hellip;&nbsp;\u010c\u00edst&hellip;","_links":{"self":[{"href":"https:\/\/soprastek.com\/cs\/wp-json\/wp\/v2\/product\/16793","targetHints":{"allow":["GET"]}}],"collection":[{"href":"https:\/\/soprastek.com\/cs\/wp-json\/wp\/v2\/product"}],"about":[{"href":"https:\/\/soprastek.com\/cs\/wp-json\/wp\/v2\/types\/product"}],"replies":[{"embeddable":true,"href":"https:\/\/soprastek.com\/cs\/wp-json\/wp\/v2\/comments?post=16793"}],"wp:featuredmedia":[{"embeddable":true,"href":"https:\/\/soprastek.com\/cs\/wp-json\/wp\/v2\/media\/16783"}],"wp:attachment":[{"href":"https:\/\/soprastek.com\/cs\/wp-json\/wp\/v2\/media?parent=16793"}],"wp:term":[{"taxonomy":"product_brand","embeddable":true,"href":"https:\/\/soprastek.com\/cs\/wp-json\/wp\/v2\/product_brand?post=16793"},{"taxonomy":"product_cat","embeddable":true,"href":"https:\/\/soprastek.com\/cs\/wp-json\/wp\/v2\/product_cat?post=16793"},{"taxonomy":"product_tag","embeddable":true,"href":"https:\/\/soprastek.com\/cs\/wp-json\/wp\/v2\/product_tag?post=16793"}],"curies":[{"name":"wp","href":"https:\/\/api.w.org\/{rel}","templated":true}]}}