{"id":16794,"date":"2026-02-15T13:23:41","date_gmt":"2026-02-15T12:23:41","guid":{"rendered":"https:\/\/soprastek.com\/shop\/bcd-hoses-braided-tek\/"},"modified":"2026-02-15T13:23:41","modified_gmt":"2026-02-15T12:23:41","slug":"bcd-hoses-braided-tek","status":"publish","type":"product","link":"https:\/\/soprastek.com\/cs\/shop\/bcd-hoses-braided-tek\/","title":{"rendered":"BCD hoses Braided Tek"},"content":{"rendered":"<p>Our line of braided hoses named TEK is particularly flexible. The hoses are available in black, red and fuchsia and in lengths from 30cm to 90cm.<\/p>\n<p>Connection: 3\/8\u201d male UNF + quick disconnect to the inflator<\/p>\n<ul>\n<li>Coating: braiding made of monofilament polyamide<\/li>\n<li>Inner hose and reinforcement: high-resistance aramid fibres, coextruded on a layer of polyurethane (Fiber Shield patented system)<\/li>\n<\/ul>\n","protected":false},"excerpt":{"rendered":"<p>Our line of braided hoses named TEK is particularly flexible. The hoses are available in black, red and fuchsia and in lengths from 30cm to 90cm. Connection: 3\/8\u201d male UNF + quick disconnect to the inflator Coating: braiding made of monofilament polyamide Inner hose and reinforcement: high-resistance aramid fibres, coextruded on a layer of polyurethane&hellip;&nbsp;<a href=\"https:\/\/soprastek.com\/cs\/shop\/bcd-hoses-braided-tek\/\" rel=\"bookmark\">\u010c\u00edst d\u00e1le &raquo;<span class=\"screen-reader-text\">BCD hoses Braided Tek<\/span><\/a><\/p>\n","protected":false},"featured_media":16551,"comment_status":"open","ping_status":"closed","template":"","meta":{"_uag_custom_page_level_css":"","neve_meta_sidebar":"","neve_meta_container":"","neve_meta_enable_content_width":"off","neve_meta_content_width":100,"neve_meta_title_alignment":"","neve_meta_author_avatar":"","neve_post_elements_order":"","neve_meta_disable_header":"","neve_meta_disable_footer":"","neve_meta_disable_title":""},"product_brand":[],"product_cat":[881],"product_tag":[],"class_list":{"0":"post-16794","1":"product","2":"type-product","3":"status-publish","4":"has-post-thumbnail","6":"product_cat-hoses-cs","8":"first","9":"instock","10":"taxable","11":"shipping-taxable","12":"purchasable","13":"product-type-variable"},"yoast_head":"<!-- This site is optimized with the Yoast SEO plugin v27.2 - https:\/\/yoast.com\/product\/yoast-seo-wordpress\/ -->\n<title>BCD hoses Braided Tek - Sopras Tek<\/title>\n<meta name=\"robots\" content=\"index, follow, max-snippet:-1, max-image-preview:large, max-video-preview:-1\" \/>\n<link rel=\"canonical\" href=\"https:\/\/soprastek.com\/cs\/shop\/bcd-hoses-braided-tek\/\" \/>\n<meta property=\"og:locale\" content=\"cs_CZ\" \/>\n<meta property=\"og:type\" content=\"article\" \/>\n<meta property=\"og:title\" content=\"BCD hoses Braided Tek - Sopras Tek\" \/>\n<meta property=\"og:description\" content=\"Our line of braided hoses named TEK is particularly flexible. The hoses are available in black, red and fuchsia and in lengths from 30cm to 90cm. Connection: 3\/8\u201d male UNF + quick disconnect to the inflator Coating: braiding made of monofilament polyamide Inner hose and reinforcement: high-resistance aramid fibres, coextruded on a layer of polyurethane&hellip;&nbsp;\u010c\u00edst d\u00e1le &raquo;BCD hoses Braided Tek\" \/>\n<meta property=\"og:url\" content=\"https:\/\/soprastek.com\/cs\/shop\/bcd-hoses-braided-tek\/\" \/>\n<meta property=\"og:site_name\" content=\"Sopras Tek\" \/>\n<meta name=\"twitter:card\" content=\"summary_large_image\" \/>\n<script type=\"application\/ld+json\" class=\"yoast-schema-graph\">{\"@context\":\"https:\/\/schema.org\",\"@graph\":[{\"@type\":\"WebPage\",\"@id\":\"https:\/\/soprastek.com\/cs\/shop\/bcd-hoses-braided-tek\/\",\"url\":\"https:\/\/soprastek.com\/cs\/shop\/bcd-hoses-braided-tek\/\",\"name\":\"BCD hoses Braided Tek - Sopras Tek\",\"isPartOf\":{\"@id\":\"https:\/\/soprastek.com\/#website\"},\"primaryImageOfPage\":{\"@id\":\"https:\/\/soprastek.com\/cs\/shop\/bcd-hoses-braided-tek\/#primaryimage\"},\"image\":{\"@id\":\"https:\/\/soprastek.com\/cs\/shop\/bcd-hoses-braided-tek\/#primaryimage\"},\"thumbnailUrl\":\"https:\/\/soprastek.com\/wp-content\/uploads\/2026\/02\/bcd-braided-tek.jpg\",\"datePublished\":\"2026-02-15T12:23:41+00:00\",\"breadcrumb\":{\"@id\":\"https:\/\/soprastek.com\/cs\/shop\/bcd-hoses-braided-tek\/#breadcrumb\"},\"inLanguage\":\"cs\",\"potentialAction\":[{\"@type\":\"ReadAction\",\"target\":[\"https:\/\/soprastek.com\/cs\/shop\/bcd-hoses-braided-tek\/\"]}]},{\"@type\":\"ImageObject\",\"inLanguage\":\"cs\",\"@id\":\"https:\/\/soprastek.com\/cs\/shop\/bcd-hoses-braided-tek\/#primaryimage\",\"url\":\"https:\/\/soprastek.com\/wp-content\/uploads\/2026\/02\/bcd-braided-tek.jpg\",\"contentUrl\":\"https:\/\/soprastek.com\/wp-content\/uploads\/2026\/02\/bcd-braided-tek.jpg\",\"width\":1500,\"height\":1500},{\"@type\":\"BreadcrumbList\",\"@id\":\"https:\/\/soprastek.com\/cs\/shop\/bcd-hoses-braided-tek\/#breadcrumb\",\"itemListElement\":[{\"@type\":\"ListItem\",\"position\":1,\"name\":\"Home\",\"item\":\"https:\/\/soprastek.com\/cs\/\"},{\"@type\":\"ListItem\",\"position\":2,\"name\":\"Shop\",\"item\":\"https:\/\/soprastek.com\/shop\/\"},{\"@type\":\"ListItem\",\"position\":3,\"name\":\"BCD hoses Braided Tek\"}]},{\"@type\":\"WebSite\",\"@id\":\"https:\/\/soprastek.com\/#website\",\"url\":\"https:\/\/soprastek.com\/\",\"name\":\"Sopras Tek\",\"description\":\"Badass divers\",\"potentialAction\":[{\"@type\":\"SearchAction\",\"target\":{\"@type\":\"EntryPoint\",\"urlTemplate\":\"https:\/\/soprastek.com\/?s={search_term_string}\"},\"query-input\":{\"@type\":\"PropertyValueSpecification\",\"valueRequired\":true,\"valueName\":\"search_term_string\"}}],\"inLanguage\":\"cs\"}]}<\/script>\n<!-- \/ Yoast SEO plugin. -->","yoast_head_json":{"title":"BCD hoses Braided Tek - Sopras Tek","robots":{"index":"index","follow":"follow","max-snippet":"max-snippet:-1","max-image-preview":"max-image-preview:large","max-video-preview":"max-video-preview:-1"},"canonical":"https:\/\/soprastek.com\/cs\/shop\/bcd-hoses-braided-tek\/","og_locale":"cs_CZ","og_type":"article","og_title":"BCD hoses Braided Tek - Sopras Tek","og_description":"Our line of braided hoses named TEK is particularly flexible. The hoses are available in black, red and fuchsia and in lengths from 30cm to 90cm. Connection: 3\/8\u201d male UNF + quick disconnect to the inflator Coating: braiding made of monofilament polyamide Inner hose and reinforcement: high-resistance aramid fibres, coextruded on a layer of polyurethane&hellip;&nbsp;\u010c\u00edst d\u00e1le &raquo;BCD hoses Braided Tek","og_url":"https:\/\/soprastek.com\/cs\/shop\/bcd-hoses-braided-tek\/","og_site_name":"Sopras Tek","twitter_card":"summary_large_image","schema":{"@context":"https:\/\/schema.org","@graph":[{"@type":"WebPage","@id":"https:\/\/soprastek.com\/cs\/shop\/bcd-hoses-braided-tek\/","url":"https:\/\/soprastek.com\/cs\/shop\/bcd-hoses-braided-tek\/","name":"BCD hoses Braided Tek - Sopras Tek","isPartOf":{"@id":"https:\/\/soprastek.com\/#website"},"primaryImageOfPage":{"@id":"https:\/\/soprastek.com\/cs\/shop\/bcd-hoses-braided-tek\/#primaryimage"},"image":{"@id":"https:\/\/soprastek.com\/cs\/shop\/bcd-hoses-braided-tek\/#primaryimage"},"thumbnailUrl":"https:\/\/soprastek.com\/wp-content\/uploads\/2026\/02\/bcd-braided-tek.jpg","datePublished":"2026-02-15T12:23:41+00:00","breadcrumb":{"@id":"https:\/\/soprastek.com\/cs\/shop\/bcd-hoses-braided-tek\/#breadcrumb"},"inLanguage":"cs","potentialAction":[{"@type":"ReadAction","target":["https:\/\/soprastek.com\/cs\/shop\/bcd-hoses-braided-tek\/"]}]},{"@type":"ImageObject","inLanguage":"cs","@id":"https:\/\/soprastek.com\/cs\/shop\/bcd-hoses-braided-tek\/#primaryimage","url":"https:\/\/soprastek.com\/wp-content\/uploads\/2026\/02\/bcd-braided-tek.jpg","contentUrl":"https:\/\/soprastek.com\/wp-content\/uploads\/2026\/02\/bcd-braided-tek.jpg","width":1500,"height":1500},{"@type":"BreadcrumbList","@id":"https:\/\/soprastek.com\/cs\/shop\/bcd-hoses-braided-tek\/#breadcrumb","itemListElement":[{"@type":"ListItem","position":1,"name":"Home","item":"https:\/\/soprastek.com\/cs\/"},{"@type":"ListItem","position":2,"name":"Shop","item":"https:\/\/soprastek.com\/shop\/"},{"@type":"ListItem","position":3,"name":"BCD hoses Braided Tek"}]},{"@type":"WebSite","@id":"https:\/\/soprastek.com\/#website","url":"https:\/\/soprastek.com\/","name":"Sopras Tek","description":"Badass divers","potentialAction":[{"@type":"SearchAction","target":{"@type":"EntryPoint","urlTemplate":"https:\/\/soprastek.com\/?s={search_term_string}"},"query-input":{"@type":"PropertyValueSpecification","valueRequired":true,"valueName":"search_term_string"}}],"inLanguage":"cs"}]}},"uagb_featured_image_src":{"full":["https:\/\/soprastek.com\/wp-content\/uploads\/2026\/02\/bcd-braided-tek.jpg",1500,1500,false],"thumbnail":["https:\/\/soprastek.com\/wp-content\/uploads\/2026\/02\/bcd-braided-tek-150x150.jpg",150,150,true],"medium":["https:\/\/soprastek.com\/wp-content\/uploads\/2026\/02\/bcd-braided-tek-300x300.jpg",300,300,true],"medium_large":["https:\/\/soprastek.com\/wp-content\/uploads\/2026\/02\/bcd-braided-tek-768x768.jpg",768,768,true],"large":["https:\/\/soprastek.com\/wp-content\/uploads\/2026\/02\/bcd-braided-tek-1024x1024.jpg",1024,1024,true],"1536x1536":["https:\/\/soprastek.com\/wp-content\/uploads\/2026\/02\/bcd-braided-tek.jpg",1500,1500,false],"2048x2048":["https:\/\/soprastek.com\/wp-content\/uploads\/2026\/02\/bcd-braided-tek.jpg",1500,1500,false],"neve-blog":["https:\/\/soprastek.com\/wp-content\/uploads\/2026\/02\/bcd-braided-tek-930x620.jpg",930,620,true],"mailpoet_newsletter_max":["https:\/\/soprastek.com\/wp-content\/uploads\/2026\/02\/bcd-braided-tek-1320x1320.jpg",1320,1320,true],"woocommerce_thumbnail":["https:\/\/soprastek.com\/wp-content\/uploads\/2026\/02\/bcd-braided-tek-300x300.jpg",300,300,true],"woocommerce_single":["https:\/\/soprastek.com\/wp-content\/uploads\/2026\/02\/bcd-braided-tek-600x600.jpg",600,600,true],"woocommerce_gallery_thumbnail":["https:\/\/soprastek.com\/wp-content\/uploads\/2026\/02\/bcd-braided-tek-100x100.jpg",100,100,true]},"uagb_author_info":{"display_name":"Adam","author_link":"https:\/\/soprastek.com\/cs\/author\/"},"uagb_comment_info":0,"uagb_excerpt":"Our line of braided hoses named TEK is particularly flexible. The hoses are available in black, red and fuchsia and in lengths from 30cm to 90cm. Connection: 3\/8\u201d male UNF + quick disconnect to the inflator Coating: braiding made of monofilament polyamide Inner hose and reinforcement: high-resistance aramid fibres, coextruded on a layer of polyurethane&hellip;&nbsp;\u010c\u00edst&hellip;","_links":{"self":[{"href":"https:\/\/soprastek.com\/cs\/wp-json\/wp\/v2\/product\/16794","targetHints":{"allow":["GET"]}}],"collection":[{"href":"https:\/\/soprastek.com\/cs\/wp-json\/wp\/v2\/product"}],"about":[{"href":"https:\/\/soprastek.com\/cs\/wp-json\/wp\/v2\/types\/product"}],"replies":[{"embeddable":true,"href":"https:\/\/soprastek.com\/cs\/wp-json\/wp\/v2\/comments?post=16794"}],"wp:featuredmedia":[{"embeddable":true,"href":"https:\/\/soprastek.com\/cs\/wp-json\/wp\/v2\/media\/16551"}],"wp:attachment":[{"href":"https:\/\/soprastek.com\/cs\/wp-json\/wp\/v2\/media?parent=16794"}],"wp:term":[{"taxonomy":"product_brand","embeddable":true,"href":"https:\/\/soprastek.com\/cs\/wp-json\/wp\/v2\/product_brand?post=16794"},{"taxonomy":"product_cat","embeddable":true,"href":"https:\/\/soprastek.com\/cs\/wp-json\/wp\/v2\/product_cat?post=16794"},{"taxonomy":"product_tag","embeddable":true,"href":"https:\/\/soprastek.com\/cs\/wp-json\/wp\/v2\/product_tag?post=16794"}],"curies":[{"name":"wp","href":"https:\/\/api.w.org\/{rel}","templated":true}]}}