{"id":16870,"date":"2026-02-02T16:44:26","date_gmt":"2026-02-02T15:44:26","guid":{"rendered":"https:\/\/soprastek.com\/shop\/lz14_kevlar_plus\/"},"modified":"2026-02-02T16:44:26","modified_gmt":"2026-02-02T15:44:26","slug":"lz14_kevlar_plus","status":"publish","type":"product","link":"https:\/\/soprastek.com\/cs\/shop\/lz14_kevlar_plus\/","title":{"rendered":"LZ 14 bladder in Kevlar +"},"content":{"rendered":"<p>Low volume bladder (14litres) with an inflator of 400 mm \/ 16\u201c made of Kevlar + (a new and tougher, stronger and a little heavier fabric than our standard Kevlar).<\/p>\n<p>Slots for cylinders\u2018 straps (2x 50mm slots up, 2x 110mm down) are included. If you dont need them because you use a single tank adapter like\u00a0<a href=\"https:\/\/soprastek.com\/cs\/shop\/single-tank-adaptor\/\">https:\/\/soprastek.com\/shop\/single-tank-adaptor\/<\/a>) you have to specify it in your order and 20eur will be deducted from the retail price.<\/p>\n<p>Suitable up to 15l tank.<\/p>\n<p>Any embroidery can be made on your bladder for 20eur (size up to 50x220mm)<\/p>\n","protected":false},"excerpt":{"rendered":"<p>Low volume bladder (14litres) with an inflator of 400 mm \/ 16\u201c made of Kevlar + (a new and tougher, stronger and a little heavier fabric than our standard Kevlar). Slots for cylinders\u2018 straps (2x 50mm slots up, 2x 110mm down) are included. If you dont need them because you use a single tank adapter&hellip;&nbsp;<a href=\"https:\/\/soprastek.com\/cs\/shop\/lz14_kevlar_plus\/\" rel=\"bookmark\">\u010c\u00edst d\u00e1le &raquo;<span class=\"screen-reader-text\">LZ 14 bladder in Kevlar +<\/span><\/a><\/p>\n","protected":false},"featured_media":16361,"comment_status":"open","ping_status":"closed","template":"","meta":{"_uag_custom_page_level_css":"","neve_meta_sidebar":"","neve_meta_container":"","neve_meta_enable_content_width":"off","neve_meta_content_width":100,"neve_meta_title_alignment":"","neve_meta_author_avatar":"","neve_post_elements_order":"","neve_meta_disable_header":"","neve_meta_disable_footer":"","neve_meta_disable_title":""},"product_brand":[],"product_cat":[691],"product_tag":[],"class_list":{"0":"post-16870","1":"product","2":"type-product","3":"status-publish","4":"has-post-thumbnail","6":"product_cat-vaky-pro-samostatne-lahve-11-16l","8":"first","9":"instock","10":"taxable","11":"shipping-taxable","12":"purchasable","13":"product-type-simple"},"yoast_head":"<!-- This site is optimized with the Yoast SEO plugin v27.5 - https:\/\/yoast.com\/product\/yoast-seo-wordpress\/ -->\n<title>LZ 14 bladder in Kevlar + - Sopras Tek<\/title>\n<meta name=\"robots\" content=\"index, follow, max-snippet:-1, max-image-preview:large, max-video-preview:-1\" \/>\n<link rel=\"canonical\" href=\"https:\/\/soprastek.com\/cs\/shop\/lz14_kevlar_plus\/\" \/>\n<meta property=\"og:locale\" content=\"cs_CZ\" \/>\n<meta property=\"og:type\" content=\"article\" \/>\n<meta property=\"og:title\" content=\"LZ 14 bladder in Kevlar + - Sopras Tek\" \/>\n<meta property=\"og:description\" content=\"Low volume bladder (14litres) with an inflator of 400 mm \/ 16\u201c made of Kevlar + (a new and tougher, stronger and a little heavier fabric than our standard Kevlar). Slots for cylinders\u2018 straps (2x 50mm slots up, 2x 110mm down) are included. If you dont need them because you use a single tank adapter&hellip;&nbsp;\u010c\u00edst d\u00e1le &raquo;LZ 14 bladder in Kevlar +\" \/>\n<meta property=\"og:url\" content=\"https:\/\/soprastek.com\/cs\/shop\/lz14_kevlar_plus\/\" \/>\n<meta property=\"og:site_name\" content=\"Sopras Tek\" \/>\n<meta name=\"twitter:card\" content=\"summary_large_image\" \/>\n<script type=\"application\/ld+json\" class=\"yoast-schema-graph\">{\"@context\":\"https:\\\/\\\/schema.org\",\"@graph\":[{\"@type\":\"WebPage\",\"@id\":\"https:\\\/\\\/soprastek.com\\\/cs\\\/shop\\\/lz14_kevlar_plus\\\/\",\"url\":\"https:\\\/\\\/soprastek.com\\\/cs\\\/shop\\\/lz14_kevlar_plus\\\/\",\"name\":\"LZ 14 bladder in Kevlar + - Sopras Tek\",\"isPartOf\":{\"@id\":\"https:\\\/\\\/soprastek.com\\\/#website\"},\"primaryImageOfPage\":{\"@id\":\"https:\\\/\\\/soprastek.com\\\/cs\\\/shop\\\/lz14_kevlar_plus\\\/#primaryimage\"},\"image\":{\"@id\":\"https:\\\/\\\/soprastek.com\\\/cs\\\/shop\\\/lz14_kevlar_plus\\\/#primaryimage\"},\"thumbnailUrl\":\"https:\\\/\\\/soprastek.com\\\/wp-content\\\/uploads\\\/2026\\\/02\\\/LZ14-Kevlar-Plus.jpg\",\"datePublished\":\"2026-02-02T15:44:26+00:00\",\"breadcrumb\":{\"@id\":\"https:\\\/\\\/soprastek.com\\\/cs\\\/shop\\\/lz14_kevlar_plus\\\/#breadcrumb\"},\"inLanguage\":\"cs\",\"potentialAction\":[{\"@type\":\"ReadAction\",\"target\":[\"https:\\\/\\\/soprastek.com\\\/cs\\\/shop\\\/lz14_kevlar_plus\\\/\"]}]},{\"@type\":\"ImageObject\",\"inLanguage\":\"cs\",\"@id\":\"https:\\\/\\\/soprastek.com\\\/cs\\\/shop\\\/lz14_kevlar_plus\\\/#primaryimage\",\"url\":\"https:\\\/\\\/soprastek.com\\\/wp-content\\\/uploads\\\/2026\\\/02\\\/LZ14-Kevlar-Plus.jpg\",\"contentUrl\":\"https:\\\/\\\/soprastek.com\\\/wp-content\\\/uploads\\\/2026\\\/02\\\/LZ14-Kevlar-Plus.jpg\",\"width\":1496,\"height\":1496},{\"@type\":\"BreadcrumbList\",\"@id\":\"https:\\\/\\\/soprastek.com\\\/cs\\\/shop\\\/lz14_kevlar_plus\\\/#breadcrumb\",\"itemListElement\":[{\"@type\":\"ListItem\",\"position\":1,\"name\":\"Home\",\"item\":\"https:\\\/\\\/soprastek.com\\\/\"},{\"@type\":\"ListItem\",\"position\":2,\"name\":\"Shop\",\"item\":\"https:\\\/\\\/soprastek.com\\\/shop\\\/\"},{\"@type\":\"ListItem\",\"position\":3,\"name\":\"LZ 14 bladder in Kevlar +\"}]},{\"@type\":\"WebSite\",\"@id\":\"https:\\\/\\\/soprastek.com\\\/#website\",\"url\":\"https:\\\/\\\/soprastek.com\\\/\",\"name\":\"Sopras Tek\",\"description\":\"Badass divers\",\"potentialAction\":[{\"@type\":\"SearchAction\",\"target\":{\"@type\":\"EntryPoint\",\"urlTemplate\":\"https:\\\/\\\/soprastek.com\\\/?s={search_term_string}\"},\"query-input\":{\"@type\":\"PropertyValueSpecification\",\"valueRequired\":true,\"valueName\":\"search_term_string\"}}],\"inLanguage\":\"cs\"}]}<\/script>\n<!-- \/ Yoast SEO plugin. -->","yoast_head_json":{"title":"LZ 14 bladder in Kevlar + - Sopras Tek","robots":{"index":"index","follow":"follow","max-snippet":"max-snippet:-1","max-image-preview":"max-image-preview:large","max-video-preview":"max-video-preview:-1"},"canonical":"https:\/\/soprastek.com\/cs\/shop\/lz14_kevlar_plus\/","og_locale":"cs_CZ","og_type":"article","og_title":"LZ 14 bladder in Kevlar + - Sopras Tek","og_description":"Low volume bladder (14litres) with an inflator of 400 mm \/ 16\u201c made of Kevlar + (a new and tougher, stronger and a little heavier fabric than our standard Kevlar). Slots for cylinders\u2018 straps (2x 50mm slots up, 2x 110mm down) are included. If you dont need them because you use a single tank adapter&hellip;&nbsp;\u010c\u00edst d\u00e1le &raquo;LZ 14 bladder in Kevlar +","og_url":"https:\/\/soprastek.com\/cs\/shop\/lz14_kevlar_plus\/","og_site_name":"Sopras Tek","twitter_card":"summary_large_image","schema":{"@context":"https:\/\/schema.org","@graph":[{"@type":"WebPage","@id":"https:\/\/soprastek.com\/cs\/shop\/lz14_kevlar_plus\/","url":"https:\/\/soprastek.com\/cs\/shop\/lz14_kevlar_plus\/","name":"LZ 14 bladder in Kevlar + - Sopras Tek","isPartOf":{"@id":"https:\/\/soprastek.com\/#website"},"primaryImageOfPage":{"@id":"https:\/\/soprastek.com\/cs\/shop\/lz14_kevlar_plus\/#primaryimage"},"image":{"@id":"https:\/\/soprastek.com\/cs\/shop\/lz14_kevlar_plus\/#primaryimage"},"thumbnailUrl":"https:\/\/soprastek.com\/wp-content\/uploads\/2026\/02\/LZ14-Kevlar-Plus.jpg","datePublished":"2026-02-02T15:44:26+00:00","breadcrumb":{"@id":"https:\/\/soprastek.com\/cs\/shop\/lz14_kevlar_plus\/#breadcrumb"},"inLanguage":"cs","potentialAction":[{"@type":"ReadAction","target":["https:\/\/soprastek.com\/cs\/shop\/lz14_kevlar_plus\/"]}]},{"@type":"ImageObject","inLanguage":"cs","@id":"https:\/\/soprastek.com\/cs\/shop\/lz14_kevlar_plus\/#primaryimage","url":"https:\/\/soprastek.com\/wp-content\/uploads\/2026\/02\/LZ14-Kevlar-Plus.jpg","contentUrl":"https:\/\/soprastek.com\/wp-content\/uploads\/2026\/02\/LZ14-Kevlar-Plus.jpg","width":1496,"height":1496},{"@type":"BreadcrumbList","@id":"https:\/\/soprastek.com\/cs\/shop\/lz14_kevlar_plus\/#breadcrumb","itemListElement":[{"@type":"ListItem","position":1,"name":"Home","item":"https:\/\/soprastek.com\/"},{"@type":"ListItem","position":2,"name":"Shop","item":"https:\/\/soprastek.com\/shop\/"},{"@type":"ListItem","position":3,"name":"LZ 14 bladder in Kevlar +"}]},{"@type":"WebSite","@id":"https:\/\/soprastek.com\/#website","url":"https:\/\/soprastek.com\/","name":"Sopras Tek","description":"Badass divers","potentialAction":[{"@type":"SearchAction","target":{"@type":"EntryPoint","urlTemplate":"https:\/\/soprastek.com\/?s={search_term_string}"},"query-input":{"@type":"PropertyValueSpecification","valueRequired":true,"valueName":"search_term_string"}}],"inLanguage":"cs"}]}},"uagb_featured_image_src":{"full":["https:\/\/soprastek.com\/wp-content\/uploads\/2026\/02\/LZ14-Kevlar-Plus.jpg",1496,1496,false],"thumbnail":["https:\/\/soprastek.com\/wp-content\/uploads\/2026\/02\/LZ14-Kevlar-Plus-150x150.jpg",150,150,true],"medium":["https:\/\/soprastek.com\/wp-content\/uploads\/2026\/02\/LZ14-Kevlar-Plus-300x300.jpg",300,300,true],"medium_large":["https:\/\/soprastek.com\/wp-content\/uploads\/2026\/02\/LZ14-Kevlar-Plus-768x768.jpg",768,768,true],"large":["https:\/\/soprastek.com\/wp-content\/uploads\/2026\/02\/LZ14-Kevlar-Plus-1024x1024.jpg",1024,1024,true],"1536x1536":["https:\/\/soprastek.com\/wp-content\/uploads\/2026\/02\/LZ14-Kevlar-Plus.jpg",1496,1496,false],"2048x2048":["https:\/\/soprastek.com\/wp-content\/uploads\/2026\/02\/LZ14-Kevlar-Plus.jpg",1496,1496,false],"neve-blog":["https:\/\/soprastek.com\/wp-content\/uploads\/2026\/02\/LZ14-Kevlar-Plus-930x620.jpg",930,620,true],"mailpoet_newsletter_max":["https:\/\/soprastek.com\/wp-content\/uploads\/2026\/02\/LZ14-Kevlar-Plus-1320x1320.jpg",1320,1320,true],"woocommerce_thumbnail":["https:\/\/soprastek.com\/wp-content\/uploads\/2026\/02\/LZ14-Kevlar-Plus-300x300.jpg",300,300,true],"woocommerce_single":["https:\/\/soprastek.com\/wp-content\/uploads\/2026\/02\/LZ14-Kevlar-Plus-600x600.jpg",600,600,true],"woocommerce_gallery_thumbnail":["https:\/\/soprastek.com\/wp-content\/uploads\/2026\/02\/LZ14-Kevlar-Plus-100x100.jpg",100,100,true]},"uagb_author_info":{"display_name":"sobkova","author_link":"https:\/\/soprastek.com\/cs\/author\/"},"uagb_comment_info":0,"uagb_excerpt":"Low volume bladder (14litres) with an inflator of 400 mm \/ 16\u201c made of Kevlar + (a new and tougher, stronger and a little heavier fabric than our standard Kevlar). Slots for cylinders\u2018 straps (2x 50mm slots up, 2x 110mm down) are included. If you dont need them because you use a single tank adapter&hellip;&nbsp;\u010c\u00edst&hellip;","_links":{"self":[{"href":"https:\/\/soprastek.com\/cs\/wp-json\/wp\/v2\/product\/16870","targetHints":{"allow":["GET"]}}],"collection":[{"href":"https:\/\/soprastek.com\/cs\/wp-json\/wp\/v2\/product"}],"about":[{"href":"https:\/\/soprastek.com\/cs\/wp-json\/wp\/v2\/types\/product"}],"replies":[{"embeddable":true,"href":"https:\/\/soprastek.com\/cs\/wp-json\/wp\/v2\/comments?post=16870"}],"wp:featuredmedia":[{"embeddable":true,"href":"https:\/\/soprastek.com\/cs\/wp-json\/wp\/v2\/media\/16361"}],"wp:attachment":[{"href":"https:\/\/soprastek.com\/cs\/wp-json\/wp\/v2\/media?parent=16870"}],"wp:term":[{"taxonomy":"product_brand","embeddable":true,"href":"https:\/\/soprastek.com\/cs\/wp-json\/wp\/v2\/product_brand?post=16870"},{"taxonomy":"product_cat","embeddable":true,"href":"https:\/\/soprastek.com\/cs\/wp-json\/wp\/v2\/product_cat?post=16870"},{"taxonomy":"product_tag","embeddable":true,"href":"https:\/\/soprastek.com\/cs\/wp-json\/wp\/v2\/product_tag?post=16870"}],"curies":[{"name":"wp","href":"https:\/\/api.w.org\/{rel}","templated":true}]}}