{"id":16899,"date":"2025-11-11T20:35:15","date_gmt":"2025-11-11T19:35:15","guid":{"rendered":"https:\/\/soprastek.com\/shop\/cannes-lady\/"},"modified":"2025-11-11T20:35:15","modified_gmt":"2025-11-11T19:35:15","slug":"cannes-lady","status":"publish","type":"product","link":"https:\/\/soprastek.com\/cs\/shop\/cannes-lady\/","title":{"rendered":"Cannes Lady"},"content":{"rendered":"<p>Cannes is a very stretchy 5mm suit with thermo plush inside and nylon lining on the outside. Double seals at ankle and wrists with zipper ensure easy donning and doffing with a perfect water isolation if used with gloves and boots. Anatomically preformed elbow and knee increase the fit. Kneepad and shoulder reinforcement with PU coating.<\/p>\n<p>&nbsp;<\/p>\n<p>Sizes S\u00a0to XL<\/p>\n<p>&nbsp;<\/p>\n<p>Cena 260<\/p>\n<table style=\"height: 444px;\" width=\"755\">\n<tbody>\n<tr>\n<td width=\"207\"><strong>SIZE CHART CANNES LADY<\/strong><\/td>\n<td width=\"94\"><strong>S<\/strong><\/td>\n<td width=\"94\"><strong>M<\/strong><\/td>\n<td width=\"94\"><strong>L<\/strong><\/td>\n<td width=\"94\"><strong>XL<\/strong><\/td>\n<\/tr>\n<tr>\n<td width=\"207\"><strong>sizes\/cm<\/strong><\/td>\n<td width=\"94\"><strong>2*<\/strong><\/td>\n<td width=\"94\"><strong>3*<\/strong><\/td>\n<td width=\"94\"><strong>4*<\/strong><\/td>\n<td width=\"94\"><strong>5*<\/strong><\/td>\n<\/tr>\n<tr>\n<td width=\"207\">Chest circumference<\/td>\n<td width=\"94\">79-82<\/td>\n<td width=\"94\">82\/85<\/td>\n<td width=\"94\">85\/90<\/td>\n<td width=\"94\">89\/95<\/td>\n<\/tr>\n<tr>\n<td width=\"207\">Waist circumference<\/td>\n<td width=\"94\">68\/72<\/td>\n<td width=\"94\">73\/76<\/td>\n<td width=\"94\">77\/79<\/td>\n<td width=\"94\">81-85<\/td>\n<\/tr>\n<tr>\n<td width=\"207\">Hips circumference<\/td>\n<td width=\"94\">86\/89<\/td>\n<td width=\"94\">90\/95<\/td>\n<td width=\"94\">97\/101<\/td>\n<td width=\"94\">100\/105<\/td>\n<\/tr>\n<tr>\n<td width=\"207\">Full height<\/td>\n<td width=\"94\">165\/169<\/td>\n<td width=\"94\">169\/173<\/td>\n<td width=\"94\">173\/177<\/td>\n<td width=\"94\">176\/180<\/td>\n<\/tr>\n<tr>\n<td width=\"207\">Weight<\/td>\n<td width=\"94\">51\/56<\/td>\n<td width=\"94\">57\/61<\/td>\n<td width=\"94\">62\/67<\/td>\n<td width=\"94\">66-72<\/td>\n<\/tr>\n<\/tbody>\n<\/table>\n","protected":false},"excerpt":{"rendered":"<p>Cannes is a very stretchy 5mm suit with thermo plush inside and nylon lining on the outside. Double seals at ankle and wrists with zipper ensure easy donning and doffing with a perfect water isolation if used with gloves and boots. Anatomically preformed elbow and knee increase the fit. Kneepad and shoulder reinforcement with PU&hellip;&nbsp;<a href=\"https:\/\/soprastek.com\/cs\/shop\/cannes-lady\/\" rel=\"bookmark\">\u010c\u00edst d\u00e1le &raquo;<span class=\"screen-reader-text\">Cannes Lady<\/span><\/a><\/p>\n","protected":false},"featured_media":15814,"comment_status":"open","ping_status":"closed","template":"","meta":{"_uag_custom_page_level_css":"","neve_meta_sidebar":"","neve_meta_container":"","neve_meta_enable_content_width":"off","neve_meta_content_width":100,"neve_meta_title_alignment":"","neve_meta_author_avatar":"","neve_post_elements_order":"","neve_meta_disable_header":"","neve_meta_disable_footer":"","neve_meta_disable_title":""},"product_brand":[],"product_cat":[679],"product_tag":[],"class_list":{"0":"post-16899","1":"product","2":"type-product","3":"status-publish","4":"has-post-thumbnail","6":"product_cat-neoprenove-obleky","8":"first","9":"instock","10":"taxable","11":"shipping-taxable","12":"purchasable","13":"product-type-variable"},"yoast_head":"<!-- This site is optimized with the Yoast SEO plugin v27.2 - https:\/\/yoast.com\/product\/yoast-seo-wordpress\/ -->\n<title>Cannes Lady - Sopras Tek<\/title>\n<meta name=\"robots\" content=\"index, follow, max-snippet:-1, max-image-preview:large, max-video-preview:-1\" \/>\n<link rel=\"canonical\" href=\"https:\/\/soprastek.com\/cs\/shop\/cannes-lady\/\" \/>\n<meta property=\"og:locale\" content=\"cs_CZ\" \/>\n<meta property=\"og:type\" content=\"article\" \/>\n<meta property=\"og:title\" content=\"Cannes Lady - Sopras Tek\" \/>\n<meta property=\"og:description\" content=\"Cannes is a very stretchy 5mm suit with thermo plush inside and nylon lining on the outside. Double seals at ankle and wrists with zipper ensure easy donning and doffing with a perfect water isolation if used with gloves and boots. Anatomically preformed elbow and knee increase the fit. Kneepad and shoulder reinforcement with PU&hellip;&nbsp;\u010c\u00edst d\u00e1le &raquo;Cannes Lady\" \/>\n<meta property=\"og:url\" content=\"https:\/\/soprastek.com\/cs\/shop\/cannes-lady\/\" \/>\n<meta property=\"og:site_name\" content=\"Sopras Tek\" \/>\n<meta name=\"twitter:card\" content=\"summary_large_image\" \/>\n<script type=\"application\/ld+json\" class=\"yoast-schema-graph\">{\"@context\":\"https:\/\/schema.org\",\"@graph\":[{\"@type\":\"WebPage\",\"@id\":\"https:\/\/soprastek.com\/cs\/shop\/cannes-lady\/\",\"url\":\"https:\/\/soprastek.com\/cs\/shop\/cannes-lady\/\",\"name\":\"Cannes Lady - Sopras Tek\",\"isPartOf\":{\"@id\":\"https:\/\/soprastek.com\/#website\"},\"primaryImageOfPage\":{\"@id\":\"https:\/\/soprastek.com\/cs\/shop\/cannes-lady\/#primaryimage\"},\"image\":{\"@id\":\"https:\/\/soprastek.com\/cs\/shop\/cannes-lady\/#primaryimage\"},\"thumbnailUrl\":\"https:\/\/soprastek.com\/wp-content\/uploads\/2025\/11\/102825-8-Cannes-Lady-2.jpg\",\"datePublished\":\"2025-11-11T19:35:15+00:00\",\"breadcrumb\":{\"@id\":\"https:\/\/soprastek.com\/cs\/shop\/cannes-lady\/#breadcrumb\"},\"inLanguage\":\"cs\",\"potentialAction\":[{\"@type\":\"ReadAction\",\"target\":[\"https:\/\/soprastek.com\/cs\/shop\/cannes-lady\/\"]}]},{\"@type\":\"ImageObject\",\"inLanguage\":\"cs\",\"@id\":\"https:\/\/soprastek.com\/cs\/shop\/cannes-lady\/#primaryimage\",\"url\":\"https:\/\/soprastek.com\/wp-content\/uploads\/2025\/11\/102825-8-Cannes-Lady-2.jpg\",\"contentUrl\":\"https:\/\/soprastek.com\/wp-content\/uploads\/2025\/11\/102825-8-Cannes-Lady-2.jpg\",\"width\":1500,\"height\":1500},{\"@type\":\"BreadcrumbList\",\"@id\":\"https:\/\/soprastek.com\/cs\/shop\/cannes-lady\/#breadcrumb\",\"itemListElement\":[{\"@type\":\"ListItem\",\"position\":1,\"name\":\"Home\",\"item\":\"https:\/\/soprastek.com\/cs\/\"},{\"@type\":\"ListItem\",\"position\":2,\"name\":\"Shop\",\"item\":\"https:\/\/soprastek.com\/shop\/\"},{\"@type\":\"ListItem\",\"position\":3,\"name\":\"Cannes Lady\"}]},{\"@type\":\"WebSite\",\"@id\":\"https:\/\/soprastek.com\/#website\",\"url\":\"https:\/\/soprastek.com\/\",\"name\":\"Sopras Tek\",\"description\":\"Badass divers\",\"potentialAction\":[{\"@type\":\"SearchAction\",\"target\":{\"@type\":\"EntryPoint\",\"urlTemplate\":\"https:\/\/soprastek.com\/?s={search_term_string}\"},\"query-input\":{\"@type\":\"PropertyValueSpecification\",\"valueRequired\":true,\"valueName\":\"search_term_string\"}}],\"inLanguage\":\"cs\"}]}<\/script>\n<!-- \/ Yoast SEO plugin. -->","yoast_head_json":{"title":"Cannes Lady - Sopras Tek","robots":{"index":"index","follow":"follow","max-snippet":"max-snippet:-1","max-image-preview":"max-image-preview:large","max-video-preview":"max-video-preview:-1"},"canonical":"https:\/\/soprastek.com\/cs\/shop\/cannes-lady\/","og_locale":"cs_CZ","og_type":"article","og_title":"Cannes Lady - Sopras Tek","og_description":"Cannes is a very stretchy 5mm suit with thermo plush inside and nylon lining on the outside. Double seals at ankle and wrists with zipper ensure easy donning and doffing with a perfect water isolation if used with gloves and boots. Anatomically preformed elbow and knee increase the fit. Kneepad and shoulder reinforcement with PU&hellip;&nbsp;\u010c\u00edst d\u00e1le &raquo;Cannes Lady","og_url":"https:\/\/soprastek.com\/cs\/shop\/cannes-lady\/","og_site_name":"Sopras Tek","twitter_card":"summary_large_image","schema":{"@context":"https:\/\/schema.org","@graph":[{"@type":"WebPage","@id":"https:\/\/soprastek.com\/cs\/shop\/cannes-lady\/","url":"https:\/\/soprastek.com\/cs\/shop\/cannes-lady\/","name":"Cannes Lady - Sopras Tek","isPartOf":{"@id":"https:\/\/soprastek.com\/#website"},"primaryImageOfPage":{"@id":"https:\/\/soprastek.com\/cs\/shop\/cannes-lady\/#primaryimage"},"image":{"@id":"https:\/\/soprastek.com\/cs\/shop\/cannes-lady\/#primaryimage"},"thumbnailUrl":"https:\/\/soprastek.com\/wp-content\/uploads\/2025\/11\/102825-8-Cannes-Lady-2.jpg","datePublished":"2025-11-11T19:35:15+00:00","breadcrumb":{"@id":"https:\/\/soprastek.com\/cs\/shop\/cannes-lady\/#breadcrumb"},"inLanguage":"cs","potentialAction":[{"@type":"ReadAction","target":["https:\/\/soprastek.com\/cs\/shop\/cannes-lady\/"]}]},{"@type":"ImageObject","inLanguage":"cs","@id":"https:\/\/soprastek.com\/cs\/shop\/cannes-lady\/#primaryimage","url":"https:\/\/soprastek.com\/wp-content\/uploads\/2025\/11\/102825-8-Cannes-Lady-2.jpg","contentUrl":"https:\/\/soprastek.com\/wp-content\/uploads\/2025\/11\/102825-8-Cannes-Lady-2.jpg","width":1500,"height":1500},{"@type":"BreadcrumbList","@id":"https:\/\/soprastek.com\/cs\/shop\/cannes-lady\/#breadcrumb","itemListElement":[{"@type":"ListItem","position":1,"name":"Home","item":"https:\/\/soprastek.com\/cs\/"},{"@type":"ListItem","position":2,"name":"Shop","item":"https:\/\/soprastek.com\/shop\/"},{"@type":"ListItem","position":3,"name":"Cannes Lady"}]},{"@type":"WebSite","@id":"https:\/\/soprastek.com\/#website","url":"https:\/\/soprastek.com\/","name":"Sopras Tek","description":"Badass divers","potentialAction":[{"@type":"SearchAction","target":{"@type":"EntryPoint","urlTemplate":"https:\/\/soprastek.com\/?s={search_term_string}"},"query-input":{"@type":"PropertyValueSpecification","valueRequired":true,"valueName":"search_term_string"}}],"inLanguage":"cs"}]}},"uagb_featured_image_src":{"full":["https:\/\/soprastek.com\/wp-content\/uploads\/2025\/11\/102825-8-Cannes-Lady-2.jpg",1500,1500,false],"thumbnail":["https:\/\/soprastek.com\/wp-content\/uploads\/2025\/11\/102825-8-Cannes-Lady-2-150x150.jpg",150,150,true],"medium":["https:\/\/soprastek.com\/wp-content\/uploads\/2025\/11\/102825-8-Cannes-Lady-2-300x300.jpg",300,300,true],"medium_large":["https:\/\/soprastek.com\/wp-content\/uploads\/2025\/11\/102825-8-Cannes-Lady-2-768x768.jpg",768,768,true],"large":["https:\/\/soprastek.com\/wp-content\/uploads\/2025\/11\/102825-8-Cannes-Lady-2-1024x1024.jpg",1024,1024,true],"1536x1536":["https:\/\/soprastek.com\/wp-content\/uploads\/2025\/11\/102825-8-Cannes-Lady-2.jpg",1500,1500,false],"2048x2048":["https:\/\/soprastek.com\/wp-content\/uploads\/2025\/11\/102825-8-Cannes-Lady-2.jpg",1500,1500,false],"neve-blog":["https:\/\/soprastek.com\/wp-content\/uploads\/2025\/11\/102825-8-Cannes-Lady-2-930x620.jpg",930,620,true],"mailpoet_newsletter_max":["https:\/\/soprastek.com\/wp-content\/uploads\/2025\/11\/102825-8-Cannes-Lady-2-1320x1320.jpg",1320,1320,true],"woocommerce_thumbnail":["https:\/\/soprastek.com\/wp-content\/uploads\/2025\/11\/102825-8-Cannes-Lady-2-300x300.jpg",300,300,true],"woocommerce_single":["https:\/\/soprastek.com\/wp-content\/uploads\/2025\/11\/102825-8-Cannes-Lady-2-600x600.jpg",600,600,true],"woocommerce_gallery_thumbnail":["https:\/\/soprastek.com\/wp-content\/uploads\/2025\/11\/102825-8-Cannes-Lady-2-100x100.jpg",100,100,true]},"uagb_author_info":{"display_name":"sobkova","author_link":"https:\/\/soprastek.com\/cs\/author\/"},"uagb_comment_info":0,"uagb_excerpt":"Cannes is a very stretchy 5mm suit with thermo plush inside and nylon lining on the outside. Double seals at ankle and wrists with zipper ensure easy donning and doffing with a perfect water isolation if used with gloves and boots. Anatomically preformed elbow and knee increase the fit. Kneepad and shoulder reinforcement with PU&hellip;&nbsp;\u010c\u00edst&hellip;","_links":{"self":[{"href":"https:\/\/soprastek.com\/cs\/wp-json\/wp\/v2\/product\/16899","targetHints":{"allow":["GET"]}}],"collection":[{"href":"https:\/\/soprastek.com\/cs\/wp-json\/wp\/v2\/product"}],"about":[{"href":"https:\/\/soprastek.com\/cs\/wp-json\/wp\/v2\/types\/product"}],"replies":[{"embeddable":true,"href":"https:\/\/soprastek.com\/cs\/wp-json\/wp\/v2\/comments?post=16899"}],"wp:featuredmedia":[{"embeddable":true,"href":"https:\/\/soprastek.com\/cs\/wp-json\/wp\/v2\/media\/15814"}],"wp:attachment":[{"href":"https:\/\/soprastek.com\/cs\/wp-json\/wp\/v2\/media?parent=16899"}],"wp:term":[{"taxonomy":"product_brand","embeddable":true,"href":"https:\/\/soprastek.com\/cs\/wp-json\/wp\/v2\/product_brand?post=16899"},{"taxonomy":"product_cat","embeddable":true,"href":"https:\/\/soprastek.com\/cs\/wp-json\/wp\/v2\/product_cat?post=16899"},{"taxonomy":"product_tag","embeddable":true,"href":"https:\/\/soprastek.com\/cs\/wp-json\/wp\/v2\/product_tag?post=16899"}],"curies":[{"name":"wp","href":"https:\/\/api.w.org\/{rel}","templated":true}]}}