{"id":16920,"date":"2025-10-27T19:10:47","date_gmt":"2025-10-27T18:10:47","guid":{"rendered":"https:\/\/soprastek.com\/shop\/service-kit-for-single-models-1st-stage\/"},"modified":"2026-05-14T05:19:43","modified_gmt":"2026-05-14T04:19:43","slug":"service-kit-for-single-models-1st-stage","status":"publish","type":"product","link":"https:\/\/soprastek.com\/cs\/shop\/service-kit-for-single-models-1st-stage\/","title":{"rendered":"Service kit for single models 1st stage"},"content":{"rendered":"<p><strong>Service kit for single models 1<sup>st<\/sup> stage &#8211; List of parts\u00a0<\/strong><\/p>\n<p>Mercurio DIN (Yoke also available #ND000042)<\/p>\n<table style=\"height: 423px;\" width=\"362\">\n<tbody>\n<tr>\n<td width=\"106\">0113<\/td>\n<td width=\"143\">FILTER<\/td>\n<td width=\"44\">1<\/td>\n<\/tr>\n<tr>\n<td>2-011-04<\/td>\n<td>O-RING VITON<\/td>\n<td>1<\/td>\n<\/tr>\n<tr>\n<td>0206<\/td>\n<td>DIAPHRAGM<\/td>\n<td>1<\/td>\n<\/tr>\n<tr>\n<td>0207<\/td>\n<td>TEFLON WASHER<\/td>\n<td>1<\/td>\n<\/tr>\n<tr>\n<td>2-024-03<\/td>\n<td>O-RING VITON<\/td>\n<td>1<\/td>\n<\/tr>\n<tr>\n<td>2-019-03<\/td>\n<td>O-RING VITON<\/td>\n<td>1<\/td>\n<\/tr>\n<tr>\n<td>0213<\/td>\n<td>HP SEAT<\/td>\n<td>1<\/td>\n<\/tr>\n<tr>\n<td>2-006-04<\/td>\n<td>O-RING VITON<\/td>\n<td>1<\/td>\n<\/tr>\n<tr>\n<td>2-013-04<\/td>\n<td>O-RING VITON<\/td>\n<td>1<\/td>\n<\/tr>\n<tr>\n<td>3-904-03<\/td>\n<td>O-RING VITON<\/td>\n<td>2<\/td>\n<\/tr>\n<tr>\n<td>3-903-03<\/td>\n<td>O-RING VITON<\/td>\n<td>4<\/td>\n<\/tr>\n<tr>\n<td>2-012-04<\/td>\n<td>O-RING VITON (D)<\/td>\n<td>1<\/td>\n<\/tr>\n<tr>\n<td>2-112-04<\/td>\n<td>O-RING VITON<\/td>\n<td>1<\/td>\n<\/tr>\n<\/tbody>\n<\/table>\n<p>Giove DIN (Yoke also available #ND000040)<\/p>\n<table style=\"height: 404px;\" width=\"359\">\n<tbody>\n<tr>\n<td width=\"106\">0113<\/td>\n<td width=\"143\">FILTER<\/td>\n<td width=\"44\">1<\/td>\n<\/tr>\n<tr>\n<td>2-011-04<\/td>\n<td>O-RING VITON<\/td>\n<td>2<\/td>\n<\/tr>\n<tr>\n<td>0206<\/td>\n<td>DIAPHRAGM<\/td>\n<td>1<\/td>\n<\/tr>\n<tr>\n<td>0207<\/td>\n<td>DIAPHRAGM WASHER<\/td>\n<td>1<\/td>\n<\/tr>\n<tr>\n<td>0213<\/td>\n<td>HP SEAT<\/td>\n<td>1<\/td>\n<\/tr>\n<tr>\n<td>2-006-04<\/td>\n<td>O-RING VITON<\/td>\n<td>1<\/td>\n<\/tr>\n<tr>\n<td>2-016-03<\/td>\n<td>O-RING VITON<\/td>\n<td>1<\/td>\n<\/tr>\n<tr>\n<td>3-904-03<\/td>\n<td>O-RING VITON<\/td>\n<td>2<\/td>\n<\/tr>\n<tr>\n<td>3-903-03<\/td>\n<td>O-RING VITON<\/td>\n<td>4<\/td>\n<\/tr>\n<tr>\n<td>2-012-04<\/td>\n<td>O-RING VITON (D)<\/td>\n<td>1<\/td>\n<\/tr>\n<tr>\n<td>2-112-04<\/td>\n<td>O-RING VITON (D)<\/td>\n<td>1<\/td>\n<\/tr>\n<\/tbody>\n<\/table>\n<p>Minerva DIN (Yoke also available #ND000025)<\/p>\n<table width=\"293\">\n<tbody>\n<tr>\n<td width=\"106\">0113<\/td>\n<td width=\"143\">FILTER<\/td>\n<td width=\"44\">1<\/td>\n<\/tr>\n<tr>\n<td>2-011-02<\/td>\n<td>011 O-RING N90<\/td>\n<td>1<\/td>\n<\/tr>\n<tr>\n<td>2-010-02<\/td>\n<td>010 O-RING N90<\/td>\n<td>1<\/td>\n<\/tr>\n<tr>\n<td>2-022-01<\/td>\n<td>022 O-RING N70<\/td>\n<td>1<\/td>\n<\/tr>\n<tr>\n<td>2-019-01<\/td>\n<td>019 O-RING N70<\/td>\n<td>1<\/td>\n<\/tr>\n<tr>\n<td>3-903-01<\/td>\n<td>903 O-RING N70<\/td>\n<td>4<\/td>\n<\/tr>\n<tr>\n<td>3-904-01<\/td>\n<td>904 O-RING N70<\/td>\n<td>2<\/td>\n<\/tr>\n<tr>\n<td>2-014-02<\/td>\n<td>014 O-RING N90<\/td>\n<td>1<\/td>\n<\/tr>\n<tr>\n<td>0140<\/td>\n<td>HP SEAT<\/td>\n<td>1<\/td>\n<\/tr>\n<tr>\n<td>2-012-02<\/td>\n<td>012 O-RING N90<\/td>\n<td>1<\/td>\n<\/tr>\n<tr>\n<td>2-112-02<\/td>\n<td>112 O-RING N90<\/td>\n<td>1<\/td>\n<\/tr>\n<tr>\n<td>2-019-01<\/td>\n<td>019 O-RING N70<\/td>\n<td>1<\/td>\n<\/tr>\n<\/tbody>\n<\/table>\n<p>Plutone DIN (Yoke also available #ND000031)<\/p>\n<table width=\"293\">\n<tbody>\n<tr>\n<td width=\"106\">0113<\/td>\n<td width=\"143\">FILTER<\/td>\n<td width=\"44\">1<\/td>\n<\/tr>\n<tr>\n<td>2-011-04<\/td>\n<td>O-RING VITON<\/td>\n<td>3<\/td>\n<\/tr>\n<tr>\n<td>0206<\/td>\n<td>DIAPHRAGM<\/td>\n<td>1<\/td>\n<\/tr>\n<tr>\n<td>0207<\/td>\n<td>DIAPHRAGM WASHER<\/td>\n<td>1<\/td>\n<\/tr>\n<tr>\n<td>0213<\/td>\n<td>HP SEAT<\/td>\n<td>1<\/td>\n<\/tr>\n<tr>\n<td>2-006-04<\/td>\n<td>O-RING VITON<\/td>\n<td>1<\/td>\n<\/tr>\n<tr>\n<td>2-016-03<\/td>\n<td>O-RING VITON<\/td>\n<td>1<\/td>\n<\/tr>\n<tr>\n<td>3-904-03<\/td>\n<td>O-RING VITON<\/td>\n<td>2<\/td>\n<\/tr>\n<tr>\n<td>3-903-03<\/td>\n<td>O-RING VITON<\/td>\n<td>4<\/td>\n<\/tr>\n<tr>\n<td>2-012-04<\/td>\n<td>O-RING VITON(D)<\/td>\n<td>1<\/td>\n<\/tr>\n<\/tbody>\n<\/table>\n<p>Diana DIN (Yoke also available #ND000036)<\/p>\n<table width=\"293\">\n<tbody>\n<tr>\n<td width=\"106\">0113<\/td>\n<td width=\"143\">FILTER<\/td>\n<td width=\"44\">1<\/td>\n<\/tr>\n<tr>\n<td>2-011-02<\/td>\n<td>O-RING<\/td>\n<td>1<\/td>\n<\/tr>\n<tr>\n<td>0104<\/td>\n<td>HP SEAT<\/td>\n<td>1<\/td>\n<\/tr>\n<tr>\n<td>2-008-01<\/td>\n<td>O-RING<\/td>\n<td>1<\/td>\n<\/tr>\n<tr>\n<td>2-023-01<\/td>\n<td>O-RING<\/td>\n<td>1<\/td>\n<\/tr>\n<tr>\n<td>3-903-01<\/td>\n<td>O-RING<\/td>\n<td>3<\/td>\n<\/tr>\n<tr>\n<td>3-904-01<\/td>\n<td>O-RING<\/td>\n<td>1<\/td>\n<\/tr>\n<tr>\n<td>2-012-02<\/td>\n<td>O-RING<\/td>\n<td>1<\/td>\n<\/tr>\n<tr>\n<td>2-112-02<\/td>\n<td>O-RING<\/td>\n<td>1<\/td>\n<\/tr>\n<\/tbody>\n<\/table>\n<p>Oxy Regulator DIN (Diana DIN Viton) #NDND000050<\/p>\n<table width=\"355\">\n<tbody>\n<tr>\n<td width=\"105\">0113<\/td>\n<td width=\"180\">FILTER<\/td>\n<td width=\"70\">1<\/td>\n<\/tr>\n<tr>\n<td width=\"105\">2-011-04<\/td>\n<td width=\"180\">Viton O-RING<\/td>\n<td width=\"70\">1<\/td>\n<\/tr>\n<tr>\n<td width=\"105\">104<\/td>\n<td width=\"180\">HP SEAT<\/td>\n<td width=\"70\">1<\/td>\n<\/tr>\n<tr>\n<td width=\"105\">2-008-03<\/td>\n<td width=\"180\">Viton O-RING<\/td>\n<td width=\"70\">1<\/td>\n<\/tr>\n<tr>\n<td width=\"105\">2-023-03<\/td>\n<td width=\"180\">Viton O-RING<\/td>\n<td width=\"70\">1<\/td>\n<\/tr>\n<tr>\n<td width=\"105\">3-903-03<\/td>\n<td width=\"180\">Viton O-RING<\/td>\n<td width=\"70\">3<\/td>\n<\/tr>\n<tr>\n<td width=\"105\">3-904-03<\/td>\n<td width=\"180\">Viton O-RING<\/td>\n<td width=\"70\">2<\/td>\n<\/tr>\n<tr>\n<td width=\"105\">2-012-04<\/td>\n<td width=\"180\">Viton O-RING<\/td>\n<td width=\"70\">1<\/td>\n<\/tr>\n<tr>\n<td width=\"105\">2-112-04<\/td>\n<td width=\"180\">Viton O-RING<\/td>\n<td width=\"70\">1<\/td>\n<\/tr>\n<\/tbody>\n<\/table>\n<p>*Please note that the service kits do not include all parts of the regulator as in the picture of the given first stage. <strong>Only the parts that we recommend changing yearly are included<\/strong><\/p>\n<p>&nbsp;<\/p>\n","protected":false},"excerpt":{"rendered":"<p>Service kit for single models 1st stage &#8211; List of parts\u00a0 Mercurio DIN (Yoke also available #ND000042) 0113 FILTER 1 2-011-04 O-RING VITON 1 0206 DIAPHRAGM 1 0207 TEFLON WASHER 1 2-024-03 O-RING VITON 1 2-019-03 O-RING VITON 1 0213 HP SEAT 1 2-006-04 O-RING VITON 1 2-013-04 O-RING VITON 1 3-904-03 O-RING VITON 2&hellip;&nbsp;<a href=\"https:\/\/soprastek.com\/cs\/shop\/service-kit-for-single-models-1st-stage\/\" rel=\"bookmark\">\u010c\u00edst d\u00e1le &raquo;<span class=\"screen-reader-text\">Service kit for single models 1st stage<\/span><\/a><\/p>\n","protected":false},"featured_media":15757,"comment_status":"open","ping_status":"closed","template":"","meta":{"_uag_custom_page_level_css":"","neve_meta_sidebar":"","neve_meta_container":"","neve_meta_enable_content_width":"off","neve_meta_content_width":100,"neve_meta_title_alignment":"","neve_meta_author_avatar":"","neve_post_elements_order":"","neve_meta_disable_header":"","neve_meta_disable_footer":"","neve_meta_disable_title":""},"product_brand":[],"product_cat":[1099],"product_tag":[],"class_list":{"0":"post-16920","1":"product","2":"type-product","3":"status-publish","4":"has-post-thumbnail","6":"product_cat-nahradni-dily","8":"first","9":"instock","10":"taxable","11":"shipping-taxable","12":"purchasable","13":"product-type-variable"},"yoast_head":"<!-- This site is optimized with the Yoast SEO plugin v27.5 - https:\/\/yoast.com\/product\/yoast-seo-wordpress\/ -->\n<title>Service kit for single models 1st stage - Sopras Tek<\/title>\n<meta name=\"robots\" content=\"index, follow, max-snippet:-1, max-image-preview:large, max-video-preview:-1\" \/>\n<link rel=\"canonical\" href=\"https:\/\/soprastek.com\/cs\/shop\/service-kit-for-single-models-1st-stage\/\" \/>\n<meta property=\"og:locale\" content=\"cs_CZ\" \/>\n<meta property=\"og:type\" content=\"article\" \/>\n<meta property=\"og:title\" content=\"Service kit for single models 1st stage - Sopras Tek\" \/>\n<meta property=\"og:description\" content=\"Service kit for single models 1st stage &#8211; List of parts\u00a0 Mercurio DIN (Yoke also available #ND000042) 0113 FILTER 1 2-011-04 O-RING VITON 1 0206 DIAPHRAGM 1 0207 TEFLON WASHER 1 2-024-03 O-RING VITON 1 2-019-03 O-RING VITON 1 0213 HP SEAT 1 2-006-04 O-RING VITON 1 2-013-04 O-RING VITON 1 3-904-03 O-RING VITON 2&hellip;&nbsp;\u010c\u00edst d\u00e1le &raquo;Service kit for single models 1st stage\" \/>\n<meta property=\"og:url\" content=\"https:\/\/soprastek.com\/cs\/shop\/service-kit-for-single-models-1st-stage\/\" \/>\n<meta property=\"og:site_name\" content=\"Sopras Tek\" \/>\n<meta property=\"article:modified_time\" content=\"2026-05-14T04:19:43+00:00\" \/>\n<meta property=\"og:image\" content=\"https:\/\/soprastek.com\/wp-content\/uploads\/2025\/10\/Plutone-all-parts.jpg\" \/>\n\t<meta property=\"og:image:width\" content=\"1500\" \/>\n\t<meta property=\"og:image:height\" content=\"1500\" \/>\n\t<meta property=\"og:image:type\" content=\"image\/jpeg\" \/>\n<meta name=\"twitter:card\" content=\"summary_large_image\" \/>\n<meta name=\"twitter:label1\" content=\"Odhadovan\u00e1 doba \u010dten\u00ed\" \/>\n\t<meta name=\"twitter:data1\" content=\"1 minuta\" \/>\n<script type=\"application\/ld+json\" class=\"yoast-schema-graph\">{\"@context\":\"https:\\\/\\\/schema.org\",\"@graph\":[{\"@type\":\"WebPage\",\"@id\":\"https:\\\/\\\/soprastek.com\\\/cs\\\/shop\\\/service-kit-for-single-models-1st-stage\\\/\",\"url\":\"https:\\\/\\\/soprastek.com\\\/cs\\\/shop\\\/service-kit-for-single-models-1st-stage\\\/\",\"name\":\"Service kit for single models 1st stage - Sopras Tek\",\"isPartOf\":{\"@id\":\"https:\\\/\\\/soprastek.com\\\/#website\"},\"primaryImageOfPage\":{\"@id\":\"https:\\\/\\\/soprastek.com\\\/cs\\\/shop\\\/service-kit-for-single-models-1st-stage\\\/#primaryimage\"},\"image\":{\"@id\":\"https:\\\/\\\/soprastek.com\\\/cs\\\/shop\\\/service-kit-for-single-models-1st-stage\\\/#primaryimage\"},\"thumbnailUrl\":\"https:\\\/\\\/soprastek.com\\\/wp-content\\\/uploads\\\/2025\\\/10\\\/Plutone-all-parts.jpg\",\"datePublished\":\"2025-10-27T18:10:47+00:00\",\"dateModified\":\"2026-05-14T04:19:43+00:00\",\"breadcrumb\":{\"@id\":\"https:\\\/\\\/soprastek.com\\\/cs\\\/shop\\\/service-kit-for-single-models-1st-stage\\\/#breadcrumb\"},\"inLanguage\":\"cs\",\"potentialAction\":[{\"@type\":\"ReadAction\",\"target\":[\"https:\\\/\\\/soprastek.com\\\/cs\\\/shop\\\/service-kit-for-single-models-1st-stage\\\/\"]}]},{\"@type\":\"ImageObject\",\"inLanguage\":\"cs\",\"@id\":\"https:\\\/\\\/soprastek.com\\\/cs\\\/shop\\\/service-kit-for-single-models-1st-stage\\\/#primaryimage\",\"url\":\"https:\\\/\\\/soprastek.com\\\/wp-content\\\/uploads\\\/2025\\\/10\\\/Plutone-all-parts.jpg\",\"contentUrl\":\"https:\\\/\\\/soprastek.com\\\/wp-content\\\/uploads\\\/2025\\\/10\\\/Plutone-all-parts.jpg\",\"width\":1500,\"height\":1500},{\"@type\":\"BreadcrumbList\",\"@id\":\"https:\\\/\\\/soprastek.com\\\/cs\\\/shop\\\/service-kit-for-single-models-1st-stage\\\/#breadcrumb\",\"itemListElement\":[{\"@type\":\"ListItem\",\"position\":1,\"name\":\"Home\",\"item\":\"https:\\\/\\\/soprastek.com\\\/\"},{\"@type\":\"ListItem\",\"position\":2,\"name\":\"Shop\",\"item\":\"https:\\\/\\\/soprastek.com\\\/shop\\\/\"},{\"@type\":\"ListItem\",\"position\":3,\"name\":\"Service kit for single models 1st stage\"}]},{\"@type\":\"WebSite\",\"@id\":\"https:\\\/\\\/soprastek.com\\\/#website\",\"url\":\"https:\\\/\\\/soprastek.com\\\/\",\"name\":\"Sopras Tek\",\"description\":\"Badass divers\",\"potentialAction\":[{\"@type\":\"SearchAction\",\"target\":{\"@type\":\"EntryPoint\",\"urlTemplate\":\"https:\\\/\\\/soprastek.com\\\/?s={search_term_string}\"},\"query-input\":{\"@type\":\"PropertyValueSpecification\",\"valueRequired\":true,\"valueName\":\"search_term_string\"}}],\"inLanguage\":\"cs\"}]}<\/script>\n<!-- \/ Yoast SEO plugin. -->","yoast_head_json":{"title":"Service kit for single models 1st stage - Sopras Tek","robots":{"index":"index","follow":"follow","max-snippet":"max-snippet:-1","max-image-preview":"max-image-preview:large","max-video-preview":"max-video-preview:-1"},"canonical":"https:\/\/soprastek.com\/cs\/shop\/service-kit-for-single-models-1st-stage\/","og_locale":"cs_CZ","og_type":"article","og_title":"Service kit for single models 1st stage - Sopras Tek","og_description":"Service kit for single models 1st stage &#8211; List of parts\u00a0 Mercurio DIN (Yoke also available #ND000042) 0113 FILTER 1 2-011-04 O-RING VITON 1 0206 DIAPHRAGM 1 0207 TEFLON WASHER 1 2-024-03 O-RING VITON 1 2-019-03 O-RING VITON 1 0213 HP SEAT 1 2-006-04 O-RING VITON 1 2-013-04 O-RING VITON 1 3-904-03 O-RING VITON 2&hellip;&nbsp;\u010c\u00edst d\u00e1le &raquo;Service kit for single models 1st stage","og_url":"https:\/\/soprastek.com\/cs\/shop\/service-kit-for-single-models-1st-stage\/","og_site_name":"Sopras Tek","article_modified_time":"2026-05-14T04:19:43+00:00","og_image":[{"width":1500,"height":1500,"url":"https:\/\/soprastek.com\/wp-content\/uploads\/2025\/10\/Plutone-all-parts.jpg","type":"image\/jpeg"}],"twitter_card":"summary_large_image","twitter_misc":{"Odhadovan\u00e1 doba \u010dten\u00ed":"1 minuta"},"schema":{"@context":"https:\/\/schema.org","@graph":[{"@type":"WebPage","@id":"https:\/\/soprastek.com\/cs\/shop\/service-kit-for-single-models-1st-stage\/","url":"https:\/\/soprastek.com\/cs\/shop\/service-kit-for-single-models-1st-stage\/","name":"Service kit for single models 1st stage - Sopras Tek","isPartOf":{"@id":"https:\/\/soprastek.com\/#website"},"primaryImageOfPage":{"@id":"https:\/\/soprastek.com\/cs\/shop\/service-kit-for-single-models-1st-stage\/#primaryimage"},"image":{"@id":"https:\/\/soprastek.com\/cs\/shop\/service-kit-for-single-models-1st-stage\/#primaryimage"},"thumbnailUrl":"https:\/\/soprastek.com\/wp-content\/uploads\/2025\/10\/Plutone-all-parts.jpg","datePublished":"2025-10-27T18:10:47+00:00","dateModified":"2026-05-14T04:19:43+00:00","breadcrumb":{"@id":"https:\/\/soprastek.com\/cs\/shop\/service-kit-for-single-models-1st-stage\/#breadcrumb"},"inLanguage":"cs","potentialAction":[{"@type":"ReadAction","target":["https:\/\/soprastek.com\/cs\/shop\/service-kit-for-single-models-1st-stage\/"]}]},{"@type":"ImageObject","inLanguage":"cs","@id":"https:\/\/soprastek.com\/cs\/shop\/service-kit-for-single-models-1st-stage\/#primaryimage","url":"https:\/\/soprastek.com\/wp-content\/uploads\/2025\/10\/Plutone-all-parts.jpg","contentUrl":"https:\/\/soprastek.com\/wp-content\/uploads\/2025\/10\/Plutone-all-parts.jpg","width":1500,"height":1500},{"@type":"BreadcrumbList","@id":"https:\/\/soprastek.com\/cs\/shop\/service-kit-for-single-models-1st-stage\/#breadcrumb","itemListElement":[{"@type":"ListItem","position":1,"name":"Home","item":"https:\/\/soprastek.com\/"},{"@type":"ListItem","position":2,"name":"Shop","item":"https:\/\/soprastek.com\/shop\/"},{"@type":"ListItem","position":3,"name":"Service kit for single models 1st stage"}]},{"@type":"WebSite","@id":"https:\/\/soprastek.com\/#website","url":"https:\/\/soprastek.com\/","name":"Sopras Tek","description":"Badass divers","potentialAction":[{"@type":"SearchAction","target":{"@type":"EntryPoint","urlTemplate":"https:\/\/soprastek.com\/?s={search_term_string}"},"query-input":{"@type":"PropertyValueSpecification","valueRequired":true,"valueName":"search_term_string"}}],"inLanguage":"cs"}]}},"uagb_featured_image_src":{"full":["https:\/\/soprastek.com\/wp-content\/uploads\/2025\/10\/Plutone-all-parts.jpg",1500,1500,false],"thumbnail":["https:\/\/soprastek.com\/wp-content\/uploads\/2025\/10\/Plutone-all-parts-150x150.jpg",150,150,true],"medium":["https:\/\/soprastek.com\/wp-content\/uploads\/2025\/10\/Plutone-all-parts-300x300.jpg",300,300,true],"medium_large":["https:\/\/soprastek.com\/wp-content\/uploads\/2025\/10\/Plutone-all-parts-768x768.jpg",768,768,true],"large":["https:\/\/soprastek.com\/wp-content\/uploads\/2025\/10\/Plutone-all-parts-1024x1024.jpg",1024,1024,true],"1536x1536":["https:\/\/soprastek.com\/wp-content\/uploads\/2025\/10\/Plutone-all-parts.jpg",1500,1500,false],"2048x2048":["https:\/\/soprastek.com\/wp-content\/uploads\/2025\/10\/Plutone-all-parts.jpg",1500,1500,false],"neve-blog":["https:\/\/soprastek.com\/wp-content\/uploads\/2025\/10\/Plutone-all-parts-930x620.jpg",930,620,true],"mailpoet_newsletter_max":["https:\/\/soprastek.com\/wp-content\/uploads\/2025\/10\/Plutone-all-parts-1320x1320.jpg",1320,1320,true],"woocommerce_thumbnail":["https:\/\/soprastek.com\/wp-content\/uploads\/2025\/10\/Plutone-all-parts-300x300.jpg",300,300,true],"woocommerce_single":["https:\/\/soprastek.com\/wp-content\/uploads\/2025\/10\/Plutone-all-parts-600x600.jpg",600,600,true],"woocommerce_gallery_thumbnail":["https:\/\/soprastek.com\/wp-content\/uploads\/2025\/10\/Plutone-all-parts-100x100.jpg",100,100,true]},"uagb_author_info":{"display_name":"sobkova","author_link":"https:\/\/soprastek.com\/cs\/author\/"},"uagb_comment_info":0,"uagb_excerpt":"Service kit for single models 1st stage &#8211; List of parts\u00a0 Mercurio DIN (Yoke also available #ND000042) 0113 FILTER 1 2-011-04 O-RING VITON 1 0206 DIAPHRAGM 1 0207 TEFLON WASHER 1 2-024-03 O-RING VITON 1 2-019-03 O-RING VITON 1 0213 HP SEAT 1 2-006-04 O-RING VITON 1 2-013-04 O-RING VITON 1 3-904-03 O-RING VITON 2&hellip;&nbsp;\u010c\u00edst&hellip;","_links":{"self":[{"href":"https:\/\/soprastek.com\/cs\/wp-json\/wp\/v2\/product\/16920","targetHints":{"allow":["GET"]}}],"collection":[{"href":"https:\/\/soprastek.com\/cs\/wp-json\/wp\/v2\/product"}],"about":[{"href":"https:\/\/soprastek.com\/cs\/wp-json\/wp\/v2\/types\/product"}],"replies":[{"embeddable":true,"href":"https:\/\/soprastek.com\/cs\/wp-json\/wp\/v2\/comments?post=16920"}],"wp:featuredmedia":[{"embeddable":true,"href":"https:\/\/soprastek.com\/cs\/wp-json\/wp\/v2\/media\/15757"}],"wp:attachment":[{"href":"https:\/\/soprastek.com\/cs\/wp-json\/wp\/v2\/media?parent=16920"}],"wp:term":[{"taxonomy":"product_brand","embeddable":true,"href":"https:\/\/soprastek.com\/cs\/wp-json\/wp\/v2\/product_brand?post=16920"},{"taxonomy":"product_cat","embeddable":true,"href":"https:\/\/soprastek.com\/cs\/wp-json\/wp\/v2\/product_cat?post=16920"},{"taxonomy":"product_tag","embeddable":true,"href":"https:\/\/soprastek.com\/cs\/wp-json\/wp\/v2\/product_tag?post=16920"}],"curies":[{"name":"wp","href":"https:\/\/api.w.org\/{rel}","templated":true}]}}