{"id":16954,"date":"2025-10-14T18:20:39","date_gmt":"2025-10-14T17:20:39","guid":{"rendered":"https:\/\/soprastek.com\/shop\/alaska-semi-dry-lady\/"},"modified":"2025-10-14T18:20:39","modified_gmt":"2025-10-14T17:20:39","slug":"alaska-semi-dry-lady","status":"publish","type":"product","link":"https:\/\/soprastek.com\/cs\/shop\/alaska-semi-dry-lady\/","title":{"rendered":"Alaska semi dry lady"},"content":{"rendered":"<p>Alaska is a semi dry suit with dry Tizip zipper at the back. The suit has a warm thermoplush lining in the inside and extrastretch nylon on the outside. Also features double seals at wrists and ankles and warm neoprene seal at the neck level. A hood is included. Pocket with zipper on the right hand side.<\/p>\n<table width=\"488\">\n<tbody>\n<tr>\n<td width=\"206\"><strong>SIZE CHART ALASKA SEMI DRY LADY<\/strong><\/td>\n<td width=\"94\"><strong>S<\/strong><\/td>\n<td width=\"94\"><strong>M<\/strong><\/td>\n<td width=\"94\"><strong>L<\/strong><\/td>\n<\/tr>\n<tr>\n<td width=\"206\"><strong>sizes\/cm<\/strong><\/td>\n<td width=\"94\"><strong>2*<\/strong><\/td>\n<td width=\"94\"><strong>3*<\/strong><\/td>\n<td width=\"94\"><strong>4*<\/strong><\/td>\n<\/tr>\n<tr>\n<td width=\"206\">Chest circumference<\/td>\n<td width=\"94\">79-82<\/td>\n<td width=\"94\">82\/85<\/td>\n<td width=\"94\">85\/90<\/td>\n<\/tr>\n<tr>\n<td width=\"206\">Waist circumference<\/td>\n<td width=\"94\">68\/72<\/td>\n<td width=\"94\">73\/76<\/td>\n<td width=\"94\">77\/79<\/td>\n<\/tr>\n<tr>\n<td width=\"206\">Hips circumference<\/td>\n<td width=\"94\">86\/89<\/td>\n<td width=\"94\">90\/95<\/td>\n<td width=\"94\">97\/101<\/td>\n<\/tr>\n<tr>\n<td width=\"206\">Full height<\/td>\n<td width=\"94\">165\/169<\/td>\n<td width=\"94\">169\/173<\/td>\n<td width=\"94\">173\/177<\/td>\n<\/tr>\n<tr>\n<td width=\"206\">Weight<\/td>\n<td width=\"94\">51\/56<\/td>\n<td width=\"94\">57\/61<\/td>\n<td width=\"94\">62\/67<\/td>\n<\/tr>\n<\/tbody>\n<\/table>\n<p>&nbsp;<\/p>\n","protected":false},"excerpt":{"rendered":"<p>Alaska is a semi dry suit with dry Tizip zipper at the back. The suit has a warm thermoplush lining in the inside and extrastretch nylon on the outside. Also features double seals at wrists and ankles and warm neoprene seal at the neck level. A hood is included. Pocket with zipper on the right&hellip;&nbsp;<a href=\"https:\/\/soprastek.com\/cs\/shop\/alaska-semi-dry-lady\/\" rel=\"bookmark\">\u010c\u00edst d\u00e1le &raquo;<span class=\"screen-reader-text\">Alaska semi dry lady<\/span><\/a><\/p>\n","protected":false},"featured_media":15654,"comment_status":"open","ping_status":"closed","template":"","meta":{"_uag_custom_page_level_css":"","neve_meta_sidebar":"","neve_meta_container":"","neve_meta_enable_content_width":"off","neve_meta_content_width":100,"neve_meta_title_alignment":"","neve_meta_author_avatar":"","neve_post_elements_order":"","neve_meta_disable_header":"","neve_meta_disable_footer":"","neve_meta_disable_title":""},"product_brand":[],"product_cat":[679],"product_tag":[695],"class_list":{"0":"post-16954","1":"product","2":"type-product","3":"status-publish","4":"has-post-thumbnail","6":"product_cat-neoprenove-obleky","7":"product_tag-new-cs","9":"first","10":"instock","11":"taxable","12":"shipping-taxable","13":"purchasable","14":"product-type-variable"},"yoast_head":"<!-- This site is optimized with the Yoast SEO plugin v27.2 - https:\/\/yoast.com\/product\/yoast-seo-wordpress\/ -->\n<title>Alaska semi dry lady - Sopras Tek<\/title>\n<meta name=\"robots\" content=\"index, follow, max-snippet:-1, max-image-preview:large, max-video-preview:-1\" \/>\n<link rel=\"canonical\" href=\"https:\/\/soprastek.com\/cs\/shop\/alaska-semi-dry-lady\/\" \/>\n<meta property=\"og:locale\" content=\"cs_CZ\" \/>\n<meta property=\"og:type\" content=\"article\" \/>\n<meta property=\"og:title\" content=\"Alaska semi dry lady - Sopras Tek\" \/>\n<meta property=\"og:description\" content=\"Alaska is a semi dry suit with dry Tizip zipper at the back. The suit has a warm thermoplush lining in the inside and extrastretch nylon on the outside. Also features double seals at wrists and ankles and warm neoprene seal at the neck level. A hood is included. Pocket with zipper on the right&hellip;&nbsp;\u010c\u00edst d\u00e1le &raquo;Alaska semi dry lady\" \/>\n<meta property=\"og:url\" content=\"https:\/\/soprastek.com\/cs\/shop\/alaska-semi-dry-lady\/\" \/>\n<meta property=\"og:site_name\" content=\"Sopras Tek\" \/>\n<meta name=\"twitter:card\" content=\"summary_large_image\" \/>\n<script type=\"application\/ld+json\" class=\"yoast-schema-graph\">{\"@context\":\"https:\/\/schema.org\",\"@graph\":[{\"@type\":\"WebPage\",\"@id\":\"https:\/\/soprastek.com\/cs\/shop\/alaska-semi-dry-lady\/\",\"url\":\"https:\/\/soprastek.com\/cs\/shop\/alaska-semi-dry-lady\/\",\"name\":\"Alaska semi dry lady - Sopras Tek\",\"isPartOf\":{\"@id\":\"https:\/\/soprastek.com\/#website\"},\"primaryImageOfPage\":{\"@id\":\"https:\/\/soprastek.com\/cs\/shop\/alaska-semi-dry-lady\/#primaryimage\"},\"image\":{\"@id\":\"https:\/\/soprastek.com\/cs\/shop\/alaska-semi-dry-lady\/#primaryimage\"},\"thumbnailUrl\":\"https:\/\/soprastek.com\/wp-content\/uploads\/2025\/10\/103313-Alaska-Semidry-lady-6-5.jpg\",\"datePublished\":\"2025-10-14T17:20:39+00:00\",\"breadcrumb\":{\"@id\":\"https:\/\/soprastek.com\/cs\/shop\/alaska-semi-dry-lady\/#breadcrumb\"},\"inLanguage\":\"cs\",\"potentialAction\":[{\"@type\":\"ReadAction\",\"target\":[\"https:\/\/soprastek.com\/cs\/shop\/alaska-semi-dry-lady\/\"]}]},{\"@type\":\"ImageObject\",\"inLanguage\":\"cs\",\"@id\":\"https:\/\/soprastek.com\/cs\/shop\/alaska-semi-dry-lady\/#primaryimage\",\"url\":\"https:\/\/soprastek.com\/wp-content\/uploads\/2025\/10\/103313-Alaska-Semidry-lady-6-5.jpg\",\"contentUrl\":\"https:\/\/soprastek.com\/wp-content\/uploads\/2025\/10\/103313-Alaska-Semidry-lady-6-5.jpg\",\"width\":1500,\"height\":1500},{\"@type\":\"BreadcrumbList\",\"@id\":\"https:\/\/soprastek.com\/cs\/shop\/alaska-semi-dry-lady\/#breadcrumb\",\"itemListElement\":[{\"@type\":\"ListItem\",\"position\":1,\"name\":\"Home\",\"item\":\"https:\/\/soprastek.com\/cs\/\"},{\"@type\":\"ListItem\",\"position\":2,\"name\":\"Shop\",\"item\":\"https:\/\/soprastek.com\/shop\/\"},{\"@type\":\"ListItem\",\"position\":3,\"name\":\"Alaska semi dry lady\"}]},{\"@type\":\"WebSite\",\"@id\":\"https:\/\/soprastek.com\/#website\",\"url\":\"https:\/\/soprastek.com\/\",\"name\":\"Sopras Tek\",\"description\":\"Badass divers\",\"potentialAction\":[{\"@type\":\"SearchAction\",\"target\":{\"@type\":\"EntryPoint\",\"urlTemplate\":\"https:\/\/soprastek.com\/?s={search_term_string}\"},\"query-input\":{\"@type\":\"PropertyValueSpecification\",\"valueRequired\":true,\"valueName\":\"search_term_string\"}}],\"inLanguage\":\"cs\"}]}<\/script>\n<!-- \/ Yoast SEO plugin. -->","yoast_head_json":{"title":"Alaska semi dry lady - Sopras Tek","robots":{"index":"index","follow":"follow","max-snippet":"max-snippet:-1","max-image-preview":"max-image-preview:large","max-video-preview":"max-video-preview:-1"},"canonical":"https:\/\/soprastek.com\/cs\/shop\/alaska-semi-dry-lady\/","og_locale":"cs_CZ","og_type":"article","og_title":"Alaska semi dry lady - Sopras Tek","og_description":"Alaska is a semi dry suit with dry Tizip zipper at the back. The suit has a warm thermoplush lining in the inside and extrastretch nylon on the outside. Also features double seals at wrists and ankles and warm neoprene seal at the neck level. A hood is included. Pocket with zipper on the right&hellip;&nbsp;\u010c\u00edst d\u00e1le &raquo;Alaska semi dry lady","og_url":"https:\/\/soprastek.com\/cs\/shop\/alaska-semi-dry-lady\/","og_site_name":"Sopras Tek","twitter_card":"summary_large_image","schema":{"@context":"https:\/\/schema.org","@graph":[{"@type":"WebPage","@id":"https:\/\/soprastek.com\/cs\/shop\/alaska-semi-dry-lady\/","url":"https:\/\/soprastek.com\/cs\/shop\/alaska-semi-dry-lady\/","name":"Alaska semi dry lady - Sopras Tek","isPartOf":{"@id":"https:\/\/soprastek.com\/#website"},"primaryImageOfPage":{"@id":"https:\/\/soprastek.com\/cs\/shop\/alaska-semi-dry-lady\/#primaryimage"},"image":{"@id":"https:\/\/soprastek.com\/cs\/shop\/alaska-semi-dry-lady\/#primaryimage"},"thumbnailUrl":"https:\/\/soprastek.com\/wp-content\/uploads\/2025\/10\/103313-Alaska-Semidry-lady-6-5.jpg","datePublished":"2025-10-14T17:20:39+00:00","breadcrumb":{"@id":"https:\/\/soprastek.com\/cs\/shop\/alaska-semi-dry-lady\/#breadcrumb"},"inLanguage":"cs","potentialAction":[{"@type":"ReadAction","target":["https:\/\/soprastek.com\/cs\/shop\/alaska-semi-dry-lady\/"]}]},{"@type":"ImageObject","inLanguage":"cs","@id":"https:\/\/soprastek.com\/cs\/shop\/alaska-semi-dry-lady\/#primaryimage","url":"https:\/\/soprastek.com\/wp-content\/uploads\/2025\/10\/103313-Alaska-Semidry-lady-6-5.jpg","contentUrl":"https:\/\/soprastek.com\/wp-content\/uploads\/2025\/10\/103313-Alaska-Semidry-lady-6-5.jpg","width":1500,"height":1500},{"@type":"BreadcrumbList","@id":"https:\/\/soprastek.com\/cs\/shop\/alaska-semi-dry-lady\/#breadcrumb","itemListElement":[{"@type":"ListItem","position":1,"name":"Home","item":"https:\/\/soprastek.com\/cs\/"},{"@type":"ListItem","position":2,"name":"Shop","item":"https:\/\/soprastek.com\/shop\/"},{"@type":"ListItem","position":3,"name":"Alaska semi dry lady"}]},{"@type":"WebSite","@id":"https:\/\/soprastek.com\/#website","url":"https:\/\/soprastek.com\/","name":"Sopras Tek","description":"Badass divers","potentialAction":[{"@type":"SearchAction","target":{"@type":"EntryPoint","urlTemplate":"https:\/\/soprastek.com\/?s={search_term_string}"},"query-input":{"@type":"PropertyValueSpecification","valueRequired":true,"valueName":"search_term_string"}}],"inLanguage":"cs"}]}},"uagb_featured_image_src":{"full":["https:\/\/soprastek.com\/wp-content\/uploads\/2025\/10\/103313-Alaska-Semidry-lady-6-5.jpg",1500,1500,false],"thumbnail":["https:\/\/soprastek.com\/wp-content\/uploads\/2025\/10\/103313-Alaska-Semidry-lady-6-5-150x150.jpg",150,150,true],"medium":["https:\/\/soprastek.com\/wp-content\/uploads\/2025\/10\/103313-Alaska-Semidry-lady-6-5-300x300.jpg",300,300,true],"medium_large":["https:\/\/soprastek.com\/wp-content\/uploads\/2025\/10\/103313-Alaska-Semidry-lady-6-5-768x768.jpg",768,768,true],"large":["https:\/\/soprastek.com\/wp-content\/uploads\/2025\/10\/103313-Alaska-Semidry-lady-6-5-1024x1024.jpg",1024,1024,true],"1536x1536":["https:\/\/soprastek.com\/wp-content\/uploads\/2025\/10\/103313-Alaska-Semidry-lady-6-5.jpg",1500,1500,false],"2048x2048":["https:\/\/soprastek.com\/wp-content\/uploads\/2025\/10\/103313-Alaska-Semidry-lady-6-5.jpg",1500,1500,false],"neve-blog":["https:\/\/soprastek.com\/wp-content\/uploads\/2025\/10\/103313-Alaska-Semidry-lady-6-5-930x620.jpg",930,620,true],"mailpoet_newsletter_max":["https:\/\/soprastek.com\/wp-content\/uploads\/2025\/10\/103313-Alaska-Semidry-lady-6-5-1320x1320.jpg",1320,1320,true],"woocommerce_thumbnail":["https:\/\/soprastek.com\/wp-content\/uploads\/2025\/10\/103313-Alaska-Semidry-lady-6-5-300x300.jpg",300,300,true],"woocommerce_single":["https:\/\/soprastek.com\/wp-content\/uploads\/2025\/10\/103313-Alaska-Semidry-lady-6-5-600x600.jpg",600,600,true],"woocommerce_gallery_thumbnail":["https:\/\/soprastek.com\/wp-content\/uploads\/2025\/10\/103313-Alaska-Semidry-lady-6-5-100x100.jpg",100,100,true]},"uagb_author_info":{"display_name":"sobkova","author_link":"https:\/\/soprastek.com\/cs\/author\/"},"uagb_comment_info":0,"uagb_excerpt":"Alaska is a semi dry suit with dry Tizip zipper at the back. The suit has a warm thermoplush lining in the inside and extrastretch nylon on the outside. Also features double seals at wrists and ankles and warm neoprene seal at the neck level. A hood is included. Pocket with zipper on the right&hellip;&nbsp;\u010c\u00edst&hellip;","_links":{"self":[{"href":"https:\/\/soprastek.com\/cs\/wp-json\/wp\/v2\/product\/16954","targetHints":{"allow":["GET"]}}],"collection":[{"href":"https:\/\/soprastek.com\/cs\/wp-json\/wp\/v2\/product"}],"about":[{"href":"https:\/\/soprastek.com\/cs\/wp-json\/wp\/v2\/types\/product"}],"replies":[{"embeddable":true,"href":"https:\/\/soprastek.com\/cs\/wp-json\/wp\/v2\/comments?post=16954"}],"wp:featuredmedia":[{"embeddable":true,"href":"https:\/\/soprastek.com\/cs\/wp-json\/wp\/v2\/media\/15654"}],"wp:attachment":[{"href":"https:\/\/soprastek.com\/cs\/wp-json\/wp\/v2\/media?parent=16954"}],"wp:term":[{"taxonomy":"product_brand","embeddable":true,"href":"https:\/\/soprastek.com\/cs\/wp-json\/wp\/v2\/product_brand?post=16954"},{"taxonomy":"product_cat","embeddable":true,"href":"https:\/\/soprastek.com\/cs\/wp-json\/wp\/v2\/product_cat?post=16954"},{"taxonomy":"product_tag","embeddable":true,"href":"https:\/\/soprastek.com\/cs\/wp-json\/wp\/v2\/product_tag?post=16954"}],"curies":[{"name":"wp","href":"https:\/\/api.w.org\/{rel}","templated":true}]}}