{"id":16966,"date":"2025-10-12T10:12:10","date_gmt":"2025-10-12T09:12:10","guid":{"rendered":"https:\/\/soprastek.com\/shop\/light-weight-trilam-kevlar\/"},"modified":"2025-10-12T10:12:10","modified_gmt":"2025-10-12T09:12:10","slug":"light-weight-trilam-kevlar","status":"publish","type":"product","link":"https:\/\/soprastek.com\/cs\/shop\/light-weight-trilam-kevlar\/","title":{"rendered":"Light weight Trilam Kevlar"},"content":{"rendered":"<p>Lightweight dry suit with Kevlar protection layers on knee, butt and crotch. It equipped with two large side pockets with compartments, short bungee hoko with velcro closure. Small zipper pocket on the closures. Inside pocket for small important things like car keys\u2026You can choose among four different versions with rings and silicon seals or with simple classical latex seals. Possibility to have boot or neoprene socks. For models with latex seals we can adjust the leg length according to your needs because we install the boots or socks here in our factory.<\/p>\n<p>110551 \u2013 with sock and slaggo\/orust &#8211; price 1325Eur<\/p>\n<p>110552 \u2013 with boot and latex seals &#8211; price 1250Eur<\/p>\n<p>110553 \u2013 with sock and latex seals &#8211; price 1225Eur (the possibility to make long or shorter leg is included in the price since we install the sock)<\/p>\n<p>110554 \u2013 with boot and slaggo\/orust price 1350Eur<\/p>\n<p>The suit comes with no bag. You can choose between:<\/p>\n<blockquote class=\"wp-embedded-content\" data-secret=\"eBi2cbKlC8\"><p><a href=\"https:\/\/soprastek.com\/shop\/bag-for-dry-suits\/\">Bag for dry suits<\/a><\/p><\/blockquote>\n<p><iframe loading=\"lazy\" class=\"wp-embedded-content\" sandbox=\"allow-scripts\" security=\"restricted\" style=\"position: absolute; visibility: hidden;\" title=\"&#8222;Bag for dry suits&#8220; &#8212; Sopras Tek\" src=\"https:\/\/soprastek.com\/shop\/bag-for-dry-suits\/embed\/#?secret=UOMXf8EMHB#?secret=eBi2cbKlC8\" data-secret=\"eBi2cbKlC8\" width=\"600\" height=\"338\" frameborder=\"0\" marginwidth=\"0\" marginheight=\"0\" scrolling=\"no\"><\/iframe><\/p>\n<p>and<\/p>\n<blockquote class=\"wp-embedded-content\" data-secret=\"AGw6QAPVc1\"><p><a href=\"https:\/\/soprastek.com\/cs\/shop\/bag-for-dry-suits-cord\/\">Bag for dry suits with cord<\/a><\/p><\/blockquote>\n<p><iframe loading=\"lazy\" class=\"wp-embedded-content\" sandbox=\"allow-scripts\" security=\"restricted\" style=\"position: absolute; visibility: hidden;\" title=\"&#8222;Bag for dry suits with cord&#8220; &#8212; Sopras Tek\" src=\"https:\/\/soprastek.com\/cs\/shop\/bag-for-dry-suits-cord\/embed\/#?secret=4QWO1wxwBD#?secret=AGw6QAPVc1\" data-secret=\"AGw6QAPVc1\" width=\"600\" height=\"338\" frameborder=\"0\" marginwidth=\"0\" marginheight=\"0\" scrolling=\"no\"><\/iframe><\/p>\n<p><strong>\u00a0<\/strong><\/p>\n<p>&nbsp;<\/p>\n<p>&nbsp;<\/p>\n<p>&nbsp;<\/p>\n<p>&nbsp;<\/p>\n<p>&nbsp;<\/p>\n<p>&nbsp;<\/p>\n<p>&nbsp;<\/p>\n<p>&nbsp;<\/p>\n<table style=\"height: 383px;\" width=\"701\">\n<tbody>\n<tr>\n<td width=\"331\"><strong>SIZE CHART DRY SUIT LIGHT KEVLAR<\/strong><\/td>\n<td width=\"79\"><strong>xs<\/strong><\/td>\n<td width=\"79\"><strong>S<\/strong><\/td>\n<td width=\"79\"><strong>M<\/strong><\/td>\n<td width=\"79\"><strong>L<\/strong><\/td>\n<td width=\"79\"><strong>XL<\/strong><\/td>\n<td width=\"79\"><strong>XXL<\/strong><\/td>\n<td width=\"99\"><strong>SLIM VS<\/strong><\/td>\n<td width=\"99\"><strong>STRONG VS<\/strong><\/td>\n<\/tr>\n<tr>\n<td width=\"331\"><strong>sizes\/cm<\/strong><\/td>\n<td width=\"79\"><strong>1*<\/strong><\/td>\n<td width=\"79\"><strong>2*<\/strong><\/td>\n<td width=\"79\"><strong>3*<\/strong><\/td>\n<td width=\"79\"><strong>4*<\/strong><\/td>\n<td width=\"79\"><strong>5*<\/strong><\/td>\n<td width=\"79\"><strong>6*<\/strong><\/td>\n<td width=\"99\"><strong>STANDARD<\/strong><\/td>\n<td width=\"99\"><strong>STANDARD<\/strong><\/td>\n<\/tr>\n<tr>\n<td width=\"331\">Chest circumference<\/td>\n<td width=\"79\">88\/92<\/td>\n<td width=\"79\">92\/96<\/td>\n<td width=\"79\">97\/102<\/td>\n<td width=\"79\">103\/106<\/td>\n<td width=\"79\">108\/112<\/td>\n<td width=\"79\">112\/115<\/td>\n<td width=\"99\">deduct 4cm<\/td>\n<td width=\"99\">add 4cm<\/td>\n<\/tr>\n<tr>\n<td width=\"331\">Waist circumference<\/td>\n<td width=\"79\">74\/78<\/td>\n<td width=\"79\">78\/83<\/td>\n<td width=\"79\">83\/89<\/td>\n<td width=\"79\">89\/97<\/td>\n<td width=\"79\">95\/105<\/td>\n<td width=\"79\">105\/115<\/td>\n<td width=\"99\">deduct 4cm<\/td>\n<td width=\"99\">add 4cm<\/td>\n<\/tr>\n<tr>\n<td width=\"331\">Hips circumference<\/td>\n<td width=\"79\">85\/89<\/td>\n<td width=\"79\">88\/93<\/td>\n<td width=\"79\">92\/97<\/td>\n<td width=\"79\">96\/101<\/td>\n<td width=\"79\">100\/104<\/td>\n<td width=\"79\">104\/110<\/td>\n<td width=\"99\">deduct 4cm<\/td>\n<td width=\"99\">add 4cm<\/td>\n<\/tr>\n<tr>\n<td width=\"331\">Full height<\/td>\n<td width=\"79\">165\/171<\/td>\n<td width=\"79\">171\/175<\/td>\n<td width=\"79\">175\/181<\/td>\n<td width=\"79\">180\/185<\/td>\n<td width=\"79\">184\/190<\/td>\n<td width=\"79\">189\/195<\/td>\n<td width=\"99\">same<\/td>\n<td width=\"99\">same<\/td>\n<\/tr>\n<tr>\n<td width=\"331\">Weight<\/td>\n<td width=\"79\">64\/69<\/td>\n<td width=\"79\">68\/73<\/td>\n<td width=\"79\">74\/79<\/td>\n<td width=\"79\">80\/87<\/td>\n<td width=\"79\">90\/102<\/td>\n<td width=\"79\">101\/110<\/td>\n<td width=\"99\">deduct 4kg<\/td>\n<td width=\"99\">add 4kg<\/td>\n<\/tr>\n<\/tbody>\n<\/table>\n<p>&nbsp;<\/p>\n","protected":false},"excerpt":{"rendered":"<p>Lightweight dry suit with Kevlar protection layers on knee, butt and crotch. It equipped with two large side pockets with compartments, short bungee hoko with velcro closure. Small zipper pocket on the closures. Inside pocket for small important things like car keys\u2026You can choose among four different versions with rings and silicon seals or with&hellip;&nbsp;<a href=\"https:\/\/soprastek.com\/cs\/shop\/light-weight-trilam-kevlar\/\" rel=\"bookmark\">\u010c\u00edst d\u00e1le &raquo;<span class=\"screen-reader-text\">Light weight Trilam Kevlar<\/span><\/a><\/p>\n","protected":false},"featured_media":15576,"comment_status":"open","ping_status":"closed","template":"","meta":{"_uag_custom_page_level_css":"","neve_meta_sidebar":"","neve_meta_container":"","neve_meta_enable_content_width":"off","neve_meta_content_width":100,"neve_meta_title_alignment":"","neve_meta_author_avatar":"","neve_post_elements_order":"","neve_meta_disable_header":"","neve_meta_disable_footer":"","neve_meta_disable_title":""},"product_brand":[],"product_cat":[660],"product_tag":[695],"class_list":{"0":"post-16966","1":"product","2":"type-product","3":"status-publish","4":"has-post-thumbnail","6":"product_cat-suche-obleky-se-zipem-vpredu","7":"product_tag-new-cs","9":"first","10":"instock","11":"taxable","12":"shipping-taxable","13":"purchasable","14":"product-type-variable"},"yoast_head":"<!-- This site is optimized with the Yoast SEO plugin v27.2 - https:\/\/yoast.com\/product\/yoast-seo-wordpress\/ -->\n<title>Light weight Trilam Kevlar - Sopras Tek<\/title>\n<meta name=\"robots\" content=\"index, follow, max-snippet:-1, max-image-preview:large, max-video-preview:-1\" \/>\n<link rel=\"canonical\" href=\"https:\/\/soprastek.com\/cs\/shop\/light-weight-trilam-kevlar\/\" \/>\n<meta property=\"og:locale\" content=\"cs_CZ\" \/>\n<meta property=\"og:type\" content=\"article\" \/>\n<meta property=\"og:title\" content=\"Light weight Trilam Kevlar - Sopras Tek\" \/>\n<meta property=\"og:description\" content=\"Lightweight dry suit with Kevlar protection layers on knee, butt and crotch. It equipped with two large side pockets with compartments, short bungee hoko with velcro closure. Small zipper pocket on the closures. Inside pocket for small important things like car keys\u2026You can choose among four different versions with rings and silicon seals or with&hellip;&nbsp;\u010c\u00edst d\u00e1le &raquo;Light weight Trilam Kevlar\" \/>\n<meta property=\"og:url\" content=\"https:\/\/soprastek.com\/cs\/shop\/light-weight-trilam-kevlar\/\" \/>\n<meta property=\"og:site_name\" content=\"Sopras Tek\" \/>\n<meta name=\"twitter:card\" content=\"summary_large_image\" \/>\n<meta name=\"twitter:label1\" content=\"Odhadovan\u00e1 doba \u010dten\u00ed\" \/>\n\t<meta name=\"twitter:data1\" content=\"1 minuta\" \/>\n<script type=\"application\/ld+json\" class=\"yoast-schema-graph\">{\"@context\":\"https:\/\/schema.org\",\"@graph\":[{\"@type\":\"WebPage\",\"@id\":\"https:\/\/soprastek.com\/cs\/shop\/light-weight-trilam-kevlar\/\",\"url\":\"https:\/\/soprastek.com\/cs\/shop\/light-weight-trilam-kevlar\/\",\"name\":\"Light weight Trilam Kevlar - Sopras Tek\",\"isPartOf\":{\"@id\":\"https:\/\/soprastek.com\/#website\"},\"primaryImageOfPage\":{\"@id\":\"https:\/\/soprastek.com\/cs\/shop\/light-weight-trilam-kevlar\/#primaryimage\"},\"image\":{\"@id\":\"https:\/\/soprastek.com\/cs\/shop\/light-weight-trilam-kevlar\/#primaryimage\"},\"thumbnailUrl\":\"https:\/\/soprastek.com\/wp-content\/uploads\/2025\/10\/110551-110554-light-weight-dry-suit-with-kevlar.jpg\",\"datePublished\":\"2025-10-12T09:12:10+00:00\",\"breadcrumb\":{\"@id\":\"https:\/\/soprastek.com\/cs\/shop\/light-weight-trilam-kevlar\/#breadcrumb\"},\"inLanguage\":\"cs\",\"potentialAction\":[{\"@type\":\"ReadAction\",\"target\":[\"https:\/\/soprastek.com\/cs\/shop\/light-weight-trilam-kevlar\/\"]}]},{\"@type\":\"ImageObject\",\"inLanguage\":\"cs\",\"@id\":\"https:\/\/soprastek.com\/cs\/shop\/light-weight-trilam-kevlar\/#primaryimage\",\"url\":\"https:\/\/soprastek.com\/wp-content\/uploads\/2025\/10\/110551-110554-light-weight-dry-suit-with-kevlar.jpg\",\"contentUrl\":\"https:\/\/soprastek.com\/wp-content\/uploads\/2025\/10\/110551-110554-light-weight-dry-suit-with-kevlar.jpg\",\"width\":1500,\"height\":1500},{\"@type\":\"BreadcrumbList\",\"@id\":\"https:\/\/soprastek.com\/cs\/shop\/light-weight-trilam-kevlar\/#breadcrumb\",\"itemListElement\":[{\"@type\":\"ListItem\",\"position\":1,\"name\":\"Home\",\"item\":\"https:\/\/soprastek.com\/cs\/\"},{\"@type\":\"ListItem\",\"position\":2,\"name\":\"Shop\",\"item\":\"https:\/\/soprastek.com\/shop\/\"},{\"@type\":\"ListItem\",\"position\":3,\"name\":\"Light weight Trilam Kevlar\"}]},{\"@type\":\"WebSite\",\"@id\":\"https:\/\/soprastek.com\/#website\",\"url\":\"https:\/\/soprastek.com\/\",\"name\":\"Sopras Tek\",\"description\":\"Badass divers\",\"potentialAction\":[{\"@type\":\"SearchAction\",\"target\":{\"@type\":\"EntryPoint\",\"urlTemplate\":\"https:\/\/soprastek.com\/?s={search_term_string}\"},\"query-input\":{\"@type\":\"PropertyValueSpecification\",\"valueRequired\":true,\"valueName\":\"search_term_string\"}}],\"inLanguage\":\"cs\"}]}<\/script>\n<!-- \/ Yoast SEO plugin. -->","yoast_head_json":{"title":"Light weight Trilam Kevlar - Sopras Tek","robots":{"index":"index","follow":"follow","max-snippet":"max-snippet:-1","max-image-preview":"max-image-preview:large","max-video-preview":"max-video-preview:-1"},"canonical":"https:\/\/soprastek.com\/cs\/shop\/light-weight-trilam-kevlar\/","og_locale":"cs_CZ","og_type":"article","og_title":"Light weight Trilam Kevlar - Sopras Tek","og_description":"Lightweight dry suit with Kevlar protection layers on knee, butt and crotch. It equipped with two large side pockets with compartments, short bungee hoko with velcro closure. Small zipper pocket on the closures. Inside pocket for small important things like car keys\u2026You can choose among four different versions with rings and silicon seals or with&hellip;&nbsp;\u010c\u00edst d\u00e1le &raquo;Light weight Trilam Kevlar","og_url":"https:\/\/soprastek.com\/cs\/shop\/light-weight-trilam-kevlar\/","og_site_name":"Sopras Tek","twitter_card":"summary_large_image","twitter_misc":{"Odhadovan\u00e1 doba \u010dten\u00ed":"1 minuta"},"schema":{"@context":"https:\/\/schema.org","@graph":[{"@type":"WebPage","@id":"https:\/\/soprastek.com\/cs\/shop\/light-weight-trilam-kevlar\/","url":"https:\/\/soprastek.com\/cs\/shop\/light-weight-trilam-kevlar\/","name":"Light weight Trilam Kevlar - Sopras Tek","isPartOf":{"@id":"https:\/\/soprastek.com\/#website"},"primaryImageOfPage":{"@id":"https:\/\/soprastek.com\/cs\/shop\/light-weight-trilam-kevlar\/#primaryimage"},"image":{"@id":"https:\/\/soprastek.com\/cs\/shop\/light-weight-trilam-kevlar\/#primaryimage"},"thumbnailUrl":"https:\/\/soprastek.com\/wp-content\/uploads\/2025\/10\/110551-110554-light-weight-dry-suit-with-kevlar.jpg","datePublished":"2025-10-12T09:12:10+00:00","breadcrumb":{"@id":"https:\/\/soprastek.com\/cs\/shop\/light-weight-trilam-kevlar\/#breadcrumb"},"inLanguage":"cs","potentialAction":[{"@type":"ReadAction","target":["https:\/\/soprastek.com\/cs\/shop\/light-weight-trilam-kevlar\/"]}]},{"@type":"ImageObject","inLanguage":"cs","@id":"https:\/\/soprastek.com\/cs\/shop\/light-weight-trilam-kevlar\/#primaryimage","url":"https:\/\/soprastek.com\/wp-content\/uploads\/2025\/10\/110551-110554-light-weight-dry-suit-with-kevlar.jpg","contentUrl":"https:\/\/soprastek.com\/wp-content\/uploads\/2025\/10\/110551-110554-light-weight-dry-suit-with-kevlar.jpg","width":1500,"height":1500},{"@type":"BreadcrumbList","@id":"https:\/\/soprastek.com\/cs\/shop\/light-weight-trilam-kevlar\/#breadcrumb","itemListElement":[{"@type":"ListItem","position":1,"name":"Home","item":"https:\/\/soprastek.com\/cs\/"},{"@type":"ListItem","position":2,"name":"Shop","item":"https:\/\/soprastek.com\/shop\/"},{"@type":"ListItem","position":3,"name":"Light weight Trilam Kevlar"}]},{"@type":"WebSite","@id":"https:\/\/soprastek.com\/#website","url":"https:\/\/soprastek.com\/","name":"Sopras Tek","description":"Badass divers","potentialAction":[{"@type":"SearchAction","target":{"@type":"EntryPoint","urlTemplate":"https:\/\/soprastek.com\/?s={search_term_string}"},"query-input":{"@type":"PropertyValueSpecification","valueRequired":true,"valueName":"search_term_string"}}],"inLanguage":"cs"}]}},"uagb_featured_image_src":{"full":["https:\/\/soprastek.com\/wp-content\/uploads\/2025\/10\/110551-110554-light-weight-dry-suit-with-kevlar.jpg",1500,1500,false],"thumbnail":["https:\/\/soprastek.com\/wp-content\/uploads\/2025\/10\/110551-110554-light-weight-dry-suit-with-kevlar-150x150.jpg",150,150,true],"medium":["https:\/\/soprastek.com\/wp-content\/uploads\/2025\/10\/110551-110554-light-weight-dry-suit-with-kevlar-300x300.jpg",300,300,true],"medium_large":["https:\/\/soprastek.com\/wp-content\/uploads\/2025\/10\/110551-110554-light-weight-dry-suit-with-kevlar-768x768.jpg",768,768,true],"large":["https:\/\/soprastek.com\/wp-content\/uploads\/2025\/10\/110551-110554-light-weight-dry-suit-with-kevlar-1024x1024.jpg",1024,1024,true],"1536x1536":["https:\/\/soprastek.com\/wp-content\/uploads\/2025\/10\/110551-110554-light-weight-dry-suit-with-kevlar.jpg",1500,1500,false],"2048x2048":["https:\/\/soprastek.com\/wp-content\/uploads\/2025\/10\/110551-110554-light-weight-dry-suit-with-kevlar.jpg",1500,1500,false],"neve-blog":["https:\/\/soprastek.com\/wp-content\/uploads\/2025\/10\/110551-110554-light-weight-dry-suit-with-kevlar-930x620.jpg",930,620,true],"mailpoet_newsletter_max":["https:\/\/soprastek.com\/wp-content\/uploads\/2025\/10\/110551-110554-light-weight-dry-suit-with-kevlar-1320x1320.jpg",1320,1320,true],"woocommerce_thumbnail":["https:\/\/soprastek.com\/wp-content\/uploads\/2025\/10\/110551-110554-light-weight-dry-suit-with-kevlar-300x300.jpg",300,300,true],"woocommerce_single":["https:\/\/soprastek.com\/wp-content\/uploads\/2025\/10\/110551-110554-light-weight-dry-suit-with-kevlar-600x600.jpg",600,600,true],"woocommerce_gallery_thumbnail":["https:\/\/soprastek.com\/wp-content\/uploads\/2025\/10\/110551-110554-light-weight-dry-suit-with-kevlar-100x100.jpg",100,100,true]},"uagb_author_info":{"display_name":"sobkova","author_link":"https:\/\/soprastek.com\/cs\/author\/"},"uagb_comment_info":0,"uagb_excerpt":"Lightweight dry suit with Kevlar protection layers on knee, butt and crotch. It equipped with two large side pockets with compartments, short bungee hoko with velcro closure. Small zipper pocket on the closures. Inside pocket for small important things like car keys\u2026You can choose among four different versions with rings and silicon seals or with&hellip;&nbsp;\u010c\u00edst&hellip;","_links":{"self":[{"href":"https:\/\/soprastek.com\/cs\/wp-json\/wp\/v2\/product\/16966","targetHints":{"allow":["GET"]}}],"collection":[{"href":"https:\/\/soprastek.com\/cs\/wp-json\/wp\/v2\/product"}],"about":[{"href":"https:\/\/soprastek.com\/cs\/wp-json\/wp\/v2\/types\/product"}],"replies":[{"embeddable":true,"href":"https:\/\/soprastek.com\/cs\/wp-json\/wp\/v2\/comments?post=16966"}],"wp:featuredmedia":[{"embeddable":true,"href":"https:\/\/soprastek.com\/cs\/wp-json\/wp\/v2\/media\/15576"}],"wp:attachment":[{"href":"https:\/\/soprastek.com\/cs\/wp-json\/wp\/v2\/media?parent=16966"}],"wp:term":[{"taxonomy":"product_brand","embeddable":true,"href":"https:\/\/soprastek.com\/cs\/wp-json\/wp\/v2\/product_brand?post=16966"},{"taxonomy":"product_cat","embeddable":true,"href":"https:\/\/soprastek.com\/cs\/wp-json\/wp\/v2\/product_cat?post=16966"},{"taxonomy":"product_tag","embeddable":true,"href":"https:\/\/soprastek.com\/cs\/wp-json\/wp\/v2\/product_tag?post=16966"}],"curies":[{"name":"wp","href":"https:\/\/api.w.org\/{rel}","templated":true}]}}