{"id":17022,"date":"2025-09-17T16:39:27","date_gmt":"2025-09-17T15:39:27","guid":{"rendered":"https:\/\/soprastek.com\/shop\/neoprene-dry-suit-siberia-2025\/"},"modified":"2025-09-17T16:39:27","modified_gmt":"2025-09-17T15:39:27","slug":"neoprene-dry-suit-siberia-2025","status":"publish","type":"product","link":"https:\/\/soprastek.com\/cs\/shop\/neoprene-dry-suit-siberia-2025\/","title":{"rendered":"Neoprene Dry suit Siberia 2025"},"content":{"rendered":"<p>Dry suit in warm pre-compressed 3, 5mm neoprene with back BDM zipper. This suit is beautifully anatomically shaped ensuring perfect mobility. The whole suit is very resistant to scratch its lining being in Small Diamond and even in Supratex extrastrong fabricon the butt, knee, shoulder and elbow level.Warm neoprene seals for the wrists and the neck.<br \/>\nThe advantages of neoprene dry suits against the more popular dry suits in trilaminate are:<br \/>\n-easy (and therefore cheap) repair and maintenance<br \/>\n-some thermal insulation so no under suit or just a thin one will be enough for most water temperatures (so again cheaper!)<br \/>\n-elasticity (neoprene is stretchy, so it can be a little tighter on the body still allowing movement)\u2026<br \/>\n-price (roughly 30 to 40% cheaper than a trilaminate)<br \/>\nThe disadvantages are:<br \/>\n-Heavier weight<br \/>\n-It takes longer to get dry<br \/>\n-Back zipper (you need a buddy unless you know how to close the zipper by yourself\u2026in fact there are ways)<br \/>\n-A very small compression at depth and subsequent change in buoyancy<br \/>\n-Less flexible for those who dive both very cold as well as warm waters and want to keep dry, cuz you cannot wear a heavy undersuit and in warmer waters you might get a little hot<\/p>\n<p>&nbsp;<\/p>\n<p>Sizes \u2013 S, M, L, XL, XXL. All sizes are available in the versions Slim, Standard and Strong. Slim is for skinnier divers and strong is for stronger divers<\/p>\n<p>&nbsp;<\/p>\n<p>Size chart<\/p>\n<table width=\"625\">\n<tbody>\n<tr>\n<td width=\"96\"><strong>Size chart (cm)<\/strong><\/td>\n<td width=\"108\"><strong>S<\/strong><\/td>\n<td width=\"108\"><strong>M<\/strong><\/td>\n<td width=\"108\"><strong>L<\/strong><\/td>\n<td width=\"108\"><strong>XL<\/strong><\/td>\n<td width=\"97\"><strong>XXL<\/strong><\/td>\n<\/tr>\n<tr>\n<td width=\"96\"><strong>Height<\/strong><\/td>\n<td width=\"108\">168-178<\/td>\n<td width=\"108\">172-182<\/td>\n<td width=\"108\">176-186<\/td>\n<td width=\"108\">180-190<\/td>\n<td width=\"97\">184-194<\/td>\n<\/tr>\n<tr>\n<td width=\"96\"><strong>Chest <\/strong><\/td>\n<td width=\"108\">90-98<\/td>\n<td width=\"108\">94-104<\/td>\n<td width=\"108\">98-108<\/td>\n<td width=\"108\">102-110<\/td>\n<td width=\"97\">106-114<\/td>\n<\/tr>\n<tr>\n<td width=\"96\"><strong>Waist <\/strong><\/td>\n<td width=\"108\">80-92<\/td>\n<td width=\"108\">85-98<\/td>\n<td width=\"108\">90-100<\/td>\n<td width=\"108\">95-105<\/td>\n<td width=\"97\">100-110<\/td>\n<\/tr>\n<tr>\n<td width=\"96\"><strong>Hips <\/strong><\/td>\n<td width=\"108\">90-100<\/td>\n<td width=\"108\">95-105<\/td>\n<td width=\"108\">100-110<\/td>\n<td width=\"108\">105-115<\/td>\n<td width=\"97\">108-115<\/td>\n<\/tr>\n<tr>\n<td width=\"96\"><strong>Weight (kg)<\/strong><\/td>\n<td width=\"108\">60-70<\/td>\n<td width=\"108\">68-80<\/td>\n<td width=\"108\">79-87<\/td>\n<td width=\"108\">87-100<\/td>\n<td width=\"97\">97-110<\/td>\n<\/tr>\n<\/tbody>\n<\/table>\n","protected":false},"excerpt":{"rendered":"<p>Dry suit in warm pre-compressed 3, 5mm neoprene with back BDM zipper. This suit is beautifully anatomically shaped ensuring perfect mobility. The whole suit is very resistant to scratch its lining being in Small Diamond and even in Supratex extrastrong fabricon the butt, knee, shoulder and elbow level.Warm neoprene seals for the wrists and the&hellip;&nbsp;<a href=\"https:\/\/soprastek.com\/cs\/shop\/neoprene-dry-suit-siberia-2025\/\" rel=\"bookmark\">\u010c\u00edst d\u00e1le &raquo;<span class=\"screen-reader-text\">Neoprene Dry suit Siberia 2025<\/span><\/a><\/p>\n","protected":false},"featured_media":15286,"comment_status":"open","ping_status":"closed","template":"","meta":{"_uag_custom_page_level_css":"","neve_meta_sidebar":"","neve_meta_container":"","neve_meta_enable_content_width":"off","neve_meta_content_width":100,"neve_meta_title_alignment":"","neve_meta_author_avatar":"","neve_post_elements_order":"","neve_meta_disable_header":"","neve_meta_disable_footer":"","neve_meta_disable_title":""},"product_brand":[],"product_cat":[661],"product_tag":[695],"class_list":{"0":"post-17022","1":"product","2":"type-product","3":"status-publish","4":"has-post-thumbnail","6":"product_cat-suche-obleky-se-zipem-vzadu","7":"product_tag-new-cs","9":"first","10":"instock","11":"taxable","12":"shipping-taxable","13":"purchasable","14":"product-type-variable"},"yoast_head":"<!-- This site is optimized with the Yoast SEO plugin v27.2 - https:\/\/yoast.com\/product\/yoast-seo-wordpress\/ -->\n<title>Neoprene Dry suit Siberia 2025 - Sopras Tek<\/title>\n<meta name=\"robots\" content=\"index, follow, max-snippet:-1, max-image-preview:large, max-video-preview:-1\" \/>\n<link rel=\"canonical\" href=\"https:\/\/soprastek.com\/cs\/shop\/neoprene-dry-suit-siberia-2025\/\" \/>\n<meta property=\"og:locale\" content=\"cs_CZ\" \/>\n<meta property=\"og:type\" content=\"article\" \/>\n<meta property=\"og:title\" content=\"Neoprene Dry suit Siberia 2025 - Sopras Tek\" \/>\n<meta property=\"og:description\" content=\"Dry suit in warm pre-compressed 3, 5mm neoprene with back BDM zipper. This suit is beautifully anatomically shaped ensuring perfect mobility. The whole suit is very resistant to scratch its lining being in Small Diamond and even in Supratex extrastrong fabricon the butt, knee, shoulder and elbow level.Warm neoprene seals for the wrists and the&hellip;&nbsp;\u010c\u00edst d\u00e1le &raquo;Neoprene Dry suit Siberia 2025\" \/>\n<meta property=\"og:url\" content=\"https:\/\/soprastek.com\/cs\/shop\/neoprene-dry-suit-siberia-2025\/\" \/>\n<meta property=\"og:site_name\" content=\"Sopras Tek\" \/>\n<meta name=\"twitter:card\" content=\"summary_large_image\" \/>\n<meta name=\"twitter:label1\" content=\"Odhadovan\u00e1 doba \u010dten\u00ed\" \/>\n\t<meta name=\"twitter:data1\" content=\"1 minuta\" \/>\n<script type=\"application\/ld+json\" class=\"yoast-schema-graph\">{\"@context\":\"https:\/\/schema.org\",\"@graph\":[{\"@type\":\"WebPage\",\"@id\":\"https:\/\/soprastek.com\/cs\/shop\/neoprene-dry-suit-siberia-2025\/\",\"url\":\"https:\/\/soprastek.com\/cs\/shop\/neoprene-dry-suit-siberia-2025\/\",\"name\":\"Neoprene Dry suit Siberia 2025 - Sopras Tek\",\"isPartOf\":{\"@id\":\"https:\/\/soprastek.com\/#website\"},\"primaryImageOfPage\":{\"@id\":\"https:\/\/soprastek.com\/cs\/shop\/neoprene-dry-suit-siberia-2025\/#primaryimage\"},\"image\":{\"@id\":\"https:\/\/soprastek.com\/cs\/shop\/neoprene-dry-suit-siberia-2025\/#primaryimage\"},\"thumbnailUrl\":\"https:\/\/soprastek.com\/wp-content\/uploads\/2025\/09\/109300-Neoprene-Dry-suits-3-1.jpg\",\"datePublished\":\"2025-09-17T15:39:27+00:00\",\"breadcrumb\":{\"@id\":\"https:\/\/soprastek.com\/cs\/shop\/neoprene-dry-suit-siberia-2025\/#breadcrumb\"},\"inLanguage\":\"cs\",\"potentialAction\":[{\"@type\":\"ReadAction\",\"target\":[\"https:\/\/soprastek.com\/cs\/shop\/neoprene-dry-suit-siberia-2025\/\"]}]},{\"@type\":\"ImageObject\",\"inLanguage\":\"cs\",\"@id\":\"https:\/\/soprastek.com\/cs\/shop\/neoprene-dry-suit-siberia-2025\/#primaryimage\",\"url\":\"https:\/\/soprastek.com\/wp-content\/uploads\/2025\/09\/109300-Neoprene-Dry-suits-3-1.jpg\",\"contentUrl\":\"https:\/\/soprastek.com\/wp-content\/uploads\/2025\/09\/109300-Neoprene-Dry-suits-3-1.jpg\",\"width\":1500,\"height\":1500},{\"@type\":\"BreadcrumbList\",\"@id\":\"https:\/\/soprastek.com\/cs\/shop\/neoprene-dry-suit-siberia-2025\/#breadcrumb\",\"itemListElement\":[{\"@type\":\"ListItem\",\"position\":1,\"name\":\"Home\",\"item\":\"https:\/\/soprastek.com\/cs\/\"},{\"@type\":\"ListItem\",\"position\":2,\"name\":\"Shop\",\"item\":\"https:\/\/soprastek.com\/shop\/\"},{\"@type\":\"ListItem\",\"position\":3,\"name\":\"Neoprene Dry suit Siberia 2025\"}]},{\"@type\":\"WebSite\",\"@id\":\"https:\/\/soprastek.com\/#website\",\"url\":\"https:\/\/soprastek.com\/\",\"name\":\"Sopras Tek\",\"description\":\"Badass divers\",\"potentialAction\":[{\"@type\":\"SearchAction\",\"target\":{\"@type\":\"EntryPoint\",\"urlTemplate\":\"https:\/\/soprastek.com\/?s={search_term_string}\"},\"query-input\":{\"@type\":\"PropertyValueSpecification\",\"valueRequired\":true,\"valueName\":\"search_term_string\"}}],\"inLanguage\":\"cs\"}]}<\/script>\n<!-- \/ Yoast SEO plugin. -->","yoast_head_json":{"title":"Neoprene Dry suit Siberia 2025 - Sopras Tek","robots":{"index":"index","follow":"follow","max-snippet":"max-snippet:-1","max-image-preview":"max-image-preview:large","max-video-preview":"max-video-preview:-1"},"canonical":"https:\/\/soprastek.com\/cs\/shop\/neoprene-dry-suit-siberia-2025\/","og_locale":"cs_CZ","og_type":"article","og_title":"Neoprene Dry suit Siberia 2025 - Sopras Tek","og_description":"Dry suit in warm pre-compressed 3, 5mm neoprene with back BDM zipper. This suit is beautifully anatomically shaped ensuring perfect mobility. The whole suit is very resistant to scratch its lining being in Small Diamond and even in Supratex extrastrong fabricon the butt, knee, shoulder and elbow level.Warm neoprene seals for the wrists and the&hellip;&nbsp;\u010c\u00edst d\u00e1le &raquo;Neoprene Dry suit Siberia 2025","og_url":"https:\/\/soprastek.com\/cs\/shop\/neoprene-dry-suit-siberia-2025\/","og_site_name":"Sopras Tek","twitter_card":"summary_large_image","twitter_misc":{"Odhadovan\u00e1 doba \u010dten\u00ed":"1 minuta"},"schema":{"@context":"https:\/\/schema.org","@graph":[{"@type":"WebPage","@id":"https:\/\/soprastek.com\/cs\/shop\/neoprene-dry-suit-siberia-2025\/","url":"https:\/\/soprastek.com\/cs\/shop\/neoprene-dry-suit-siberia-2025\/","name":"Neoprene Dry suit Siberia 2025 - Sopras Tek","isPartOf":{"@id":"https:\/\/soprastek.com\/#website"},"primaryImageOfPage":{"@id":"https:\/\/soprastek.com\/cs\/shop\/neoprene-dry-suit-siberia-2025\/#primaryimage"},"image":{"@id":"https:\/\/soprastek.com\/cs\/shop\/neoprene-dry-suit-siberia-2025\/#primaryimage"},"thumbnailUrl":"https:\/\/soprastek.com\/wp-content\/uploads\/2025\/09\/109300-Neoprene-Dry-suits-3-1.jpg","datePublished":"2025-09-17T15:39:27+00:00","breadcrumb":{"@id":"https:\/\/soprastek.com\/cs\/shop\/neoprene-dry-suit-siberia-2025\/#breadcrumb"},"inLanguage":"cs","potentialAction":[{"@type":"ReadAction","target":["https:\/\/soprastek.com\/cs\/shop\/neoprene-dry-suit-siberia-2025\/"]}]},{"@type":"ImageObject","inLanguage":"cs","@id":"https:\/\/soprastek.com\/cs\/shop\/neoprene-dry-suit-siberia-2025\/#primaryimage","url":"https:\/\/soprastek.com\/wp-content\/uploads\/2025\/09\/109300-Neoprene-Dry-suits-3-1.jpg","contentUrl":"https:\/\/soprastek.com\/wp-content\/uploads\/2025\/09\/109300-Neoprene-Dry-suits-3-1.jpg","width":1500,"height":1500},{"@type":"BreadcrumbList","@id":"https:\/\/soprastek.com\/cs\/shop\/neoprene-dry-suit-siberia-2025\/#breadcrumb","itemListElement":[{"@type":"ListItem","position":1,"name":"Home","item":"https:\/\/soprastek.com\/cs\/"},{"@type":"ListItem","position":2,"name":"Shop","item":"https:\/\/soprastek.com\/shop\/"},{"@type":"ListItem","position":3,"name":"Neoprene Dry suit Siberia 2025"}]},{"@type":"WebSite","@id":"https:\/\/soprastek.com\/#website","url":"https:\/\/soprastek.com\/","name":"Sopras Tek","description":"Badass divers","potentialAction":[{"@type":"SearchAction","target":{"@type":"EntryPoint","urlTemplate":"https:\/\/soprastek.com\/?s={search_term_string}"},"query-input":{"@type":"PropertyValueSpecification","valueRequired":true,"valueName":"search_term_string"}}],"inLanguage":"cs"}]}},"uagb_featured_image_src":{"full":["https:\/\/soprastek.com\/wp-content\/uploads\/2025\/09\/109300-Neoprene-Dry-suits-3-1.jpg",1500,1500,false],"thumbnail":["https:\/\/soprastek.com\/wp-content\/uploads\/2025\/09\/109300-Neoprene-Dry-suits-3-1-150x150.jpg",150,150,true],"medium":["https:\/\/soprastek.com\/wp-content\/uploads\/2025\/09\/109300-Neoprene-Dry-suits-3-1-300x300.jpg",300,300,true],"medium_large":["https:\/\/soprastek.com\/wp-content\/uploads\/2025\/09\/109300-Neoprene-Dry-suits-3-1-768x768.jpg",768,768,true],"large":["https:\/\/soprastek.com\/wp-content\/uploads\/2025\/09\/109300-Neoprene-Dry-suits-3-1-1024x1024.jpg",1024,1024,true],"1536x1536":["https:\/\/soprastek.com\/wp-content\/uploads\/2025\/09\/109300-Neoprene-Dry-suits-3-1.jpg",1500,1500,false],"2048x2048":["https:\/\/soprastek.com\/wp-content\/uploads\/2025\/09\/109300-Neoprene-Dry-suits-3-1.jpg",1500,1500,false],"neve-blog":["https:\/\/soprastek.com\/wp-content\/uploads\/2025\/09\/109300-Neoprene-Dry-suits-3-1-930x620.jpg",930,620,true],"mailpoet_newsletter_max":["https:\/\/soprastek.com\/wp-content\/uploads\/2025\/09\/109300-Neoprene-Dry-suits-3-1-1320x1320.jpg",1320,1320,true],"woocommerce_thumbnail":["https:\/\/soprastek.com\/wp-content\/uploads\/2025\/09\/109300-Neoprene-Dry-suits-3-1-300x300.jpg",300,300,true],"woocommerce_single":["https:\/\/soprastek.com\/wp-content\/uploads\/2025\/09\/109300-Neoprene-Dry-suits-3-1-600x600.jpg",600,600,true],"woocommerce_gallery_thumbnail":["https:\/\/soprastek.com\/wp-content\/uploads\/2025\/09\/109300-Neoprene-Dry-suits-3-1-100x100.jpg",100,100,true]},"uagb_author_info":{"display_name":"sobkova","author_link":"https:\/\/soprastek.com\/cs\/author\/"},"uagb_comment_info":0,"uagb_excerpt":"Dry suit in warm pre-compressed 3, 5mm neoprene with back BDM zipper. This suit is beautifully anatomically shaped ensuring perfect mobility. The whole suit is very resistant to scratch its lining being in Small Diamond and even in Supratex extrastrong fabricon the butt, knee, shoulder and elbow level.Warm neoprene seals for the wrists and the&hellip;&nbsp;\u010c\u00edst&hellip;","_links":{"self":[{"href":"https:\/\/soprastek.com\/cs\/wp-json\/wp\/v2\/product\/17022","targetHints":{"allow":["GET"]}}],"collection":[{"href":"https:\/\/soprastek.com\/cs\/wp-json\/wp\/v2\/product"}],"about":[{"href":"https:\/\/soprastek.com\/cs\/wp-json\/wp\/v2\/types\/product"}],"replies":[{"embeddable":true,"href":"https:\/\/soprastek.com\/cs\/wp-json\/wp\/v2\/comments?post=17022"}],"wp:featuredmedia":[{"embeddable":true,"href":"https:\/\/soprastek.com\/cs\/wp-json\/wp\/v2\/media\/15286"}],"wp:attachment":[{"href":"https:\/\/soprastek.com\/cs\/wp-json\/wp\/v2\/media?parent=17022"}],"wp:term":[{"taxonomy":"product_brand","embeddable":true,"href":"https:\/\/soprastek.com\/cs\/wp-json\/wp\/v2\/product_brand?post=17022"},{"taxonomy":"product_cat","embeddable":true,"href":"https:\/\/soprastek.com\/cs\/wp-json\/wp\/v2\/product_cat?post=17022"},{"taxonomy":"product_tag","embeddable":true,"href":"https:\/\/soprastek.com\/cs\/wp-json\/wp\/v2\/product_tag?post=17022"}],"curies":[{"name":"wp","href":"https:\/\/api.w.org\/{rel}","templated":true}]}}