{"id":17051,"date":"2025-09-06T15:37:44","date_gmt":"2025-09-06T14:37:44","guid":{"rendered":"https:\/\/soprastek.com\/shop\/tpe-wrist-seal\/"},"modified":"2025-09-06T15:37:44","modified_gmt":"2025-09-06T14:37:44","slug":"tpe-wrist-seal","status":"publish","type":"product","link":"https:\/\/soprastek.com\/cs\/shop\/tpe-wrist-seal\/","title":{"rendered":"TPE Wrist seal"},"content":{"rendered":"<p>Very comfortable and pleasant! The seals are coated both inside and outside to reduce friction when donning and doffing.<br \/>\nThe coat will tear off over time and when it happens, we recommend the usage of talcum, in the same way as for regular seals.<\/p>\n<p>Only standard size available fitting users wrist circumference 15 cm and larger<\/p>\n<p>Available in colours: pink, orange, grey, blue and olive<\/p>\n<p>Price per piece<\/p>\n<p>Note: These gloves, same as silicone cannot be glue they can be installed on rings, like Slaggo or QCS.<\/p>\n","protected":false},"excerpt":{"rendered":"<p>Very comfortable and pleasant! The seals are coated both inside and outside to reduce friction when donning and doffing. The coat will tear off over time and when it happens, we recommend the usage of talcum, in the same way as for regular seals. Only standard size available fitting users wrist circumference 15 cm and&hellip;&nbsp;<a href=\"https:\/\/soprastek.com\/cs\/shop\/tpe-wrist-seal\/\" rel=\"bookmark\">\u010c\u00edst d\u00e1le &raquo;<span class=\"screen-reader-text\">TPE Wrist seal<\/span><\/a><\/p>\n","protected":false},"featured_media":15173,"comment_status":"open","ping_status":"closed","template":"","meta":{"_uag_custom_page_level_css":"","neve_meta_sidebar":"","neve_meta_container":"","neve_meta_enable_content_width":"off","neve_meta_content_width":100,"neve_meta_title_alignment":"","neve_meta_author_avatar":"","neve_post_elements_order":"","neve_meta_disable_header":"","neve_meta_disable_footer":"","neve_meta_disable_title":""},"product_brand":[],"product_cat":[658],"product_tag":[695],"class_list":{"0":"post-17051","1":"product","2":"type-product","3":"status-publish","4":"has-post-thumbnail","6":"product_cat-nahradni-dily-pro-suche-obleky","7":"product_tag-new-cs","9":"first","10":"instock","11":"taxable","12":"shipping-taxable","13":"purchasable","14":"product-type-variable"},"yoast_head":"<!-- This site is optimized with the Yoast SEO plugin v27.2 - https:\/\/yoast.com\/product\/yoast-seo-wordpress\/ -->\n<title>TPE Wrist seal - Sopras Tek<\/title>\n<meta name=\"robots\" content=\"index, follow, max-snippet:-1, max-image-preview:large, max-video-preview:-1\" \/>\n<link rel=\"canonical\" href=\"https:\/\/soprastek.com\/cs\/shop\/tpe-wrist-seal\/\" \/>\n<meta property=\"og:locale\" content=\"cs_CZ\" \/>\n<meta property=\"og:type\" content=\"article\" \/>\n<meta property=\"og:title\" content=\"TPE Wrist seal - Sopras Tek\" \/>\n<meta property=\"og:description\" content=\"Very comfortable and pleasant! The seals are coated both inside and outside to reduce friction when donning and doffing. The coat will tear off over time and when it happens, we recommend the usage of talcum, in the same way as for regular seals. Only standard size available fitting users wrist circumference 15 cm and&hellip;&nbsp;\u010c\u00edst d\u00e1le &raquo;TPE Wrist seal\" \/>\n<meta property=\"og:url\" content=\"https:\/\/soprastek.com\/cs\/shop\/tpe-wrist-seal\/\" \/>\n<meta property=\"og:site_name\" content=\"Sopras Tek\" \/>\n<meta name=\"twitter:card\" content=\"summary_large_image\" \/>\n<script type=\"application\/ld+json\" class=\"yoast-schema-graph\">{\"@context\":\"https:\/\/schema.org\",\"@graph\":[{\"@type\":\"WebPage\",\"@id\":\"https:\/\/soprastek.com\/cs\/shop\/tpe-wrist-seal\/\",\"url\":\"https:\/\/soprastek.com\/cs\/shop\/tpe-wrist-seal\/\",\"name\":\"TPE Wrist seal - Sopras Tek\",\"isPartOf\":{\"@id\":\"https:\/\/soprastek.com\/#website\"},\"primaryImageOfPage\":{\"@id\":\"https:\/\/soprastek.com\/cs\/shop\/tpe-wrist-seal\/#primaryimage\"},\"image\":{\"@id\":\"https:\/\/soprastek.com\/cs\/shop\/tpe-wrist-seal\/#primaryimage\"},\"thumbnailUrl\":\"https:\/\/soprastek.com\/wp-content\/uploads\/2025\/09\/90SI65-Wrist-TPE-seal-standard.jpg\",\"datePublished\":\"2025-09-06T14:37:44+00:00\",\"breadcrumb\":{\"@id\":\"https:\/\/soprastek.com\/cs\/shop\/tpe-wrist-seal\/#breadcrumb\"},\"inLanguage\":\"cs\",\"potentialAction\":[{\"@type\":\"ReadAction\",\"target\":[\"https:\/\/soprastek.com\/cs\/shop\/tpe-wrist-seal\/\"]}]},{\"@type\":\"ImageObject\",\"inLanguage\":\"cs\",\"@id\":\"https:\/\/soprastek.com\/cs\/shop\/tpe-wrist-seal\/#primaryimage\",\"url\":\"https:\/\/soprastek.com\/wp-content\/uploads\/2025\/09\/90SI65-Wrist-TPE-seal-standard.jpg\",\"contentUrl\":\"https:\/\/soprastek.com\/wp-content\/uploads\/2025\/09\/90SI65-Wrist-TPE-seal-standard.jpg\",\"width\":1496,\"height\":1496},{\"@type\":\"BreadcrumbList\",\"@id\":\"https:\/\/soprastek.com\/cs\/shop\/tpe-wrist-seal\/#breadcrumb\",\"itemListElement\":[{\"@type\":\"ListItem\",\"position\":1,\"name\":\"Home\",\"item\":\"https:\/\/soprastek.com\/cs\/\"},{\"@type\":\"ListItem\",\"position\":2,\"name\":\"Shop\",\"item\":\"https:\/\/soprastek.com\/shop\/\"},{\"@type\":\"ListItem\",\"position\":3,\"name\":\"TPE Wrist seal\"}]},{\"@type\":\"WebSite\",\"@id\":\"https:\/\/soprastek.com\/#website\",\"url\":\"https:\/\/soprastek.com\/\",\"name\":\"Sopras Tek\",\"description\":\"Badass divers\",\"potentialAction\":[{\"@type\":\"SearchAction\",\"target\":{\"@type\":\"EntryPoint\",\"urlTemplate\":\"https:\/\/soprastek.com\/?s={search_term_string}\"},\"query-input\":{\"@type\":\"PropertyValueSpecification\",\"valueRequired\":true,\"valueName\":\"search_term_string\"}}],\"inLanguage\":\"cs\"}]}<\/script>\n<!-- \/ Yoast SEO plugin. -->","yoast_head_json":{"title":"TPE Wrist seal - Sopras Tek","robots":{"index":"index","follow":"follow","max-snippet":"max-snippet:-1","max-image-preview":"max-image-preview:large","max-video-preview":"max-video-preview:-1"},"canonical":"https:\/\/soprastek.com\/cs\/shop\/tpe-wrist-seal\/","og_locale":"cs_CZ","og_type":"article","og_title":"TPE Wrist seal - Sopras Tek","og_description":"Very comfortable and pleasant! The seals are coated both inside and outside to reduce friction when donning and doffing. The coat will tear off over time and when it happens, we recommend the usage of talcum, in the same way as for regular seals. Only standard size available fitting users wrist circumference 15 cm and&hellip;&nbsp;\u010c\u00edst d\u00e1le &raquo;TPE Wrist seal","og_url":"https:\/\/soprastek.com\/cs\/shop\/tpe-wrist-seal\/","og_site_name":"Sopras Tek","twitter_card":"summary_large_image","schema":{"@context":"https:\/\/schema.org","@graph":[{"@type":"WebPage","@id":"https:\/\/soprastek.com\/cs\/shop\/tpe-wrist-seal\/","url":"https:\/\/soprastek.com\/cs\/shop\/tpe-wrist-seal\/","name":"TPE Wrist seal - Sopras Tek","isPartOf":{"@id":"https:\/\/soprastek.com\/#website"},"primaryImageOfPage":{"@id":"https:\/\/soprastek.com\/cs\/shop\/tpe-wrist-seal\/#primaryimage"},"image":{"@id":"https:\/\/soprastek.com\/cs\/shop\/tpe-wrist-seal\/#primaryimage"},"thumbnailUrl":"https:\/\/soprastek.com\/wp-content\/uploads\/2025\/09\/90SI65-Wrist-TPE-seal-standard.jpg","datePublished":"2025-09-06T14:37:44+00:00","breadcrumb":{"@id":"https:\/\/soprastek.com\/cs\/shop\/tpe-wrist-seal\/#breadcrumb"},"inLanguage":"cs","potentialAction":[{"@type":"ReadAction","target":["https:\/\/soprastek.com\/cs\/shop\/tpe-wrist-seal\/"]}]},{"@type":"ImageObject","inLanguage":"cs","@id":"https:\/\/soprastek.com\/cs\/shop\/tpe-wrist-seal\/#primaryimage","url":"https:\/\/soprastek.com\/wp-content\/uploads\/2025\/09\/90SI65-Wrist-TPE-seal-standard.jpg","contentUrl":"https:\/\/soprastek.com\/wp-content\/uploads\/2025\/09\/90SI65-Wrist-TPE-seal-standard.jpg","width":1496,"height":1496},{"@type":"BreadcrumbList","@id":"https:\/\/soprastek.com\/cs\/shop\/tpe-wrist-seal\/#breadcrumb","itemListElement":[{"@type":"ListItem","position":1,"name":"Home","item":"https:\/\/soprastek.com\/cs\/"},{"@type":"ListItem","position":2,"name":"Shop","item":"https:\/\/soprastek.com\/shop\/"},{"@type":"ListItem","position":3,"name":"TPE Wrist seal"}]},{"@type":"WebSite","@id":"https:\/\/soprastek.com\/#website","url":"https:\/\/soprastek.com\/","name":"Sopras Tek","description":"Badass divers","potentialAction":[{"@type":"SearchAction","target":{"@type":"EntryPoint","urlTemplate":"https:\/\/soprastek.com\/?s={search_term_string}"},"query-input":{"@type":"PropertyValueSpecification","valueRequired":true,"valueName":"search_term_string"}}],"inLanguage":"cs"}]}},"uagb_featured_image_src":{"full":["https:\/\/soprastek.com\/wp-content\/uploads\/2025\/09\/90SI65-Wrist-TPE-seal-standard.jpg",1496,1496,false],"thumbnail":["https:\/\/soprastek.com\/wp-content\/uploads\/2025\/09\/90SI65-Wrist-TPE-seal-standard-150x150.jpg",150,150,true],"medium":["https:\/\/soprastek.com\/wp-content\/uploads\/2025\/09\/90SI65-Wrist-TPE-seal-standard-300x300.jpg",300,300,true],"medium_large":["https:\/\/soprastek.com\/wp-content\/uploads\/2025\/09\/90SI65-Wrist-TPE-seal-standard-768x768.jpg",768,768,true],"large":["https:\/\/soprastek.com\/wp-content\/uploads\/2025\/09\/90SI65-Wrist-TPE-seal-standard-1024x1024.jpg",1024,1024,true],"1536x1536":["https:\/\/soprastek.com\/wp-content\/uploads\/2025\/09\/90SI65-Wrist-TPE-seal-standard.jpg",1496,1496,false],"2048x2048":["https:\/\/soprastek.com\/wp-content\/uploads\/2025\/09\/90SI65-Wrist-TPE-seal-standard.jpg",1496,1496,false],"neve-blog":["https:\/\/soprastek.com\/wp-content\/uploads\/2025\/09\/90SI65-Wrist-TPE-seal-standard-930x620.jpg",930,620,true],"mailpoet_newsletter_max":["https:\/\/soprastek.com\/wp-content\/uploads\/2025\/09\/90SI65-Wrist-TPE-seal-standard-1320x1320.jpg",1320,1320,true],"woocommerce_thumbnail":["https:\/\/soprastek.com\/wp-content\/uploads\/2025\/09\/90SI65-Wrist-TPE-seal-standard-300x300.jpg",300,300,true],"woocommerce_single":["https:\/\/soprastek.com\/wp-content\/uploads\/2025\/09\/90SI65-Wrist-TPE-seal-standard-600x600.jpg",600,600,true],"woocommerce_gallery_thumbnail":["https:\/\/soprastek.com\/wp-content\/uploads\/2025\/09\/90SI65-Wrist-TPE-seal-standard-100x100.jpg",100,100,true]},"uagb_author_info":{"display_name":"sobkova","author_link":"https:\/\/soprastek.com\/cs\/author\/"},"uagb_comment_info":0,"uagb_excerpt":"Very comfortable and pleasant! The seals are coated both inside and outside to reduce friction when donning and doffing. The coat will tear off over time and when it happens, we recommend the usage of talcum, in the same way as for regular seals. Only standard size available fitting users wrist circumference 15 cm and&hellip;&nbsp;\u010c\u00edst&hellip;","_links":{"self":[{"href":"https:\/\/soprastek.com\/cs\/wp-json\/wp\/v2\/product\/17051","targetHints":{"allow":["GET"]}}],"collection":[{"href":"https:\/\/soprastek.com\/cs\/wp-json\/wp\/v2\/product"}],"about":[{"href":"https:\/\/soprastek.com\/cs\/wp-json\/wp\/v2\/types\/product"}],"replies":[{"embeddable":true,"href":"https:\/\/soprastek.com\/cs\/wp-json\/wp\/v2\/comments?post=17051"}],"wp:featuredmedia":[{"embeddable":true,"href":"https:\/\/soprastek.com\/cs\/wp-json\/wp\/v2\/media\/15173"}],"wp:attachment":[{"href":"https:\/\/soprastek.com\/cs\/wp-json\/wp\/v2\/media?parent=17051"}],"wp:term":[{"taxonomy":"product_brand","embeddable":true,"href":"https:\/\/soprastek.com\/cs\/wp-json\/wp\/v2\/product_brand?post=17051"},{"taxonomy":"product_cat","embeddable":true,"href":"https:\/\/soprastek.com\/cs\/wp-json\/wp\/v2\/product_cat?post=17051"},{"taxonomy":"product_tag","embeddable":true,"href":"https:\/\/soprastek.com\/cs\/wp-json\/wp\/v2\/product_tag?post=17051"}],"curies":[{"name":"wp","href":"https:\/\/api.w.org\/{rel}","templated":true}]}}