{"id":17069,"date":"2025-08-24T20:27:11","date_gmt":"2025-08-24T19:27:11","guid":{"rendered":"https:\/\/soprastek.com\/shop\/regulator-service-balanced-1st-and-2nd-stages\/"},"modified":"2025-08-24T20:27:11","modified_gmt":"2025-08-24T19:27:11","slug":"regulator-service-balanced-1st-and-2nd-stages","status":"publish","type":"product","link":"https:\/\/soprastek.com\/cs\/shop\/regulator-service-balanced-1st-and-2nd-stages\/","title":{"rendered":"Regulator service \u2013 balanced 1st and 2nd stages"},"content":{"rendered":"<p>Mercurio, Plutone, Giove and Minerva are all balanced 1<sup>st<\/sup> stages and are to be coupled with Venere our balanced 2<sup>nd<\/sup> stage<\/p>\n<p>Regulator inspection<\/p>\n<p>We recommend to have your regulator inspected every year or every 100 dives. During the inspection we will change all the o rings as a standard procedure. The results of the inspection may require more parts to be replaced or a complete overhaul. It cannot be assumed that a regulator is in good working order on the basis that it has received little use since it was last serviced. Remember that prolonged or improper storage can still result in internal corrosion and\/or deterioration of O-rings.<\/p>\n<p>&nbsp;<\/p>\n<p>Complete regulator overhaul<\/p>\n<p>A complete regulator overhaul should be done maximum every two years or every 200 dives. This includes replacing all parts included in the Service Kit<\/p>\n<p>&nbsp;<\/p>\n<p>Inspection 1st stage \u2013 25Eur<\/p>\n<p>Inspection 2nd stage \u2013 15Eur<\/p>\n<p>Complete overhaul 1st stage \u2013 50Eur<\/p>\n<p>Complete overhaul 2nd stage \u2013 30Eur<\/p>\n","protected":false},"excerpt":{"rendered":"<p>Mercurio, Plutone, Giove and Minerva are all balanced 1st stages and are to be coupled with Venere our balanced 2nd stage Regulator inspection We recommend to have your regulator inspected every year or every 100 dives. During the inspection we will change all the o rings as a standard procedure. The results of the inspection&hellip;&nbsp;<a href=\"https:\/\/soprastek.com\/cs\/shop\/regulator-service-balanced-1st-and-2nd-stages\/\" rel=\"bookmark\">\u010c\u00edst d\u00e1le &raquo;<span class=\"screen-reader-text\">Regulator service \u2013 balanced 1st and 2nd stages<\/span><\/a><\/p>\n","protected":false},"featured_media":15113,"comment_status":"open","ping_status":"closed","template":"","meta":{"_uag_custom_page_level_css":"","neve_meta_sidebar":"","neve_meta_container":"","neve_meta_enable_content_width":"off","neve_meta_content_width":100,"neve_meta_title_alignment":"","neve_meta_author_avatar":"","neve_post_elements_order":"","neve_meta_disable_header":"","neve_meta_disable_footer":"","neve_meta_disable_title":""},"product_brand":[],"product_cat":[644],"product_tag":[695],"class_list":{"0":"post-17069","1":"product","2":"type-product","3":"status-publish","4":"has-post-thumbnail","6":"product_cat-servis-regulatoru-automatik","7":"product_tag-new-cs","9":"first","10":"instock","11":"taxable","12":"shipping-taxable","13":"purchasable","14":"product-type-variable"},"yoast_head":"<!-- This site is optimized with the Yoast SEO plugin v27.2 - https:\/\/yoast.com\/product\/yoast-seo-wordpress\/ -->\n<title>Regulator service \u2013 balanced 1st and 2nd stages - Sopras Tek<\/title>\n<meta name=\"robots\" content=\"index, follow, max-snippet:-1, max-image-preview:large, max-video-preview:-1\" \/>\n<link rel=\"canonical\" href=\"https:\/\/soprastek.com\/cs\/shop\/regulator-service-balanced-1st-and-2nd-stages\/\" \/>\n<meta property=\"og:locale\" content=\"cs_CZ\" \/>\n<meta property=\"og:type\" content=\"article\" \/>\n<meta property=\"og:title\" content=\"Regulator service \u2013 balanced 1st and 2nd stages - Sopras Tek\" \/>\n<meta property=\"og:description\" content=\"Mercurio, Plutone, Giove and Minerva are all balanced 1st stages and are to be coupled with Venere our balanced 2nd stage Regulator inspection We recommend to have your regulator inspected every year or every 100 dives. During the inspection we will change all the o rings as a standard procedure. The results of the inspection&hellip;&nbsp;\u010c\u00edst d\u00e1le &raquo;Regulator service \u2013 balanced 1st and 2nd stages\" \/>\n<meta property=\"og:url\" content=\"https:\/\/soprastek.com\/cs\/shop\/regulator-service-balanced-1st-and-2nd-stages\/\" \/>\n<meta property=\"og:site_name\" content=\"Sopras Tek\" \/>\n<meta name=\"twitter:card\" content=\"summary_large_image\" \/>\n<meta name=\"twitter:label1\" content=\"Odhadovan\u00e1 doba \u010dten\u00ed\" \/>\n\t<meta name=\"twitter:data1\" content=\"1 minuta\" \/>\n<script type=\"application\/ld+json\" class=\"yoast-schema-graph\">{\"@context\":\"https:\/\/schema.org\",\"@graph\":[{\"@type\":\"WebPage\",\"@id\":\"https:\/\/soprastek.com\/cs\/shop\/regulator-service-balanced-1st-and-2nd-stages\/\",\"url\":\"https:\/\/soprastek.com\/cs\/shop\/regulator-service-balanced-1st-and-2nd-stages\/\",\"name\":\"Regulator service \u2013 balanced 1st and 2nd stages - Sopras Tek\",\"isPartOf\":{\"@id\":\"https:\/\/soprastek.com\/#website\"},\"primaryImageOfPage\":{\"@id\":\"https:\/\/soprastek.com\/cs\/shop\/regulator-service-balanced-1st-and-2nd-stages\/#primaryimage\"},\"image\":{\"@id\":\"https:\/\/soprastek.com\/cs\/shop\/regulator-service-balanced-1st-and-2nd-stages\/#primaryimage\"},\"thumbnailUrl\":\"https:\/\/soprastek.com\/wp-content\/uploads\/2025\/08\/regulator-servicing-4.jpg\",\"datePublished\":\"2025-08-24T19:27:11+00:00\",\"breadcrumb\":{\"@id\":\"https:\/\/soprastek.com\/cs\/shop\/regulator-service-balanced-1st-and-2nd-stages\/#breadcrumb\"},\"inLanguage\":\"cs\",\"potentialAction\":[{\"@type\":\"ReadAction\",\"target\":[\"https:\/\/soprastek.com\/cs\/shop\/regulator-service-balanced-1st-and-2nd-stages\/\"]}]},{\"@type\":\"ImageObject\",\"inLanguage\":\"cs\",\"@id\":\"https:\/\/soprastek.com\/cs\/shop\/regulator-service-balanced-1st-and-2nd-stages\/#primaryimage\",\"url\":\"https:\/\/soprastek.com\/wp-content\/uploads\/2025\/08\/regulator-servicing-4.jpg\",\"contentUrl\":\"https:\/\/soprastek.com\/wp-content\/uploads\/2025\/08\/regulator-servicing-4.jpg\",\"width\":1501,\"height\":1500},{\"@type\":\"BreadcrumbList\",\"@id\":\"https:\/\/soprastek.com\/cs\/shop\/regulator-service-balanced-1st-and-2nd-stages\/#breadcrumb\",\"itemListElement\":[{\"@type\":\"ListItem\",\"position\":1,\"name\":\"Home\",\"item\":\"https:\/\/soprastek.com\/cs\/\"},{\"@type\":\"ListItem\",\"position\":2,\"name\":\"Shop\",\"item\":\"https:\/\/soprastek.com\/shop\/\"},{\"@type\":\"ListItem\",\"position\":3,\"name\":\"Regulator service \u2013 balanced 1st and 2nd stages\"}]},{\"@type\":\"WebSite\",\"@id\":\"https:\/\/soprastek.com\/#website\",\"url\":\"https:\/\/soprastek.com\/\",\"name\":\"Sopras Tek\",\"description\":\"Badass divers\",\"potentialAction\":[{\"@type\":\"SearchAction\",\"target\":{\"@type\":\"EntryPoint\",\"urlTemplate\":\"https:\/\/soprastek.com\/?s={search_term_string}\"},\"query-input\":{\"@type\":\"PropertyValueSpecification\",\"valueRequired\":true,\"valueName\":\"search_term_string\"}}],\"inLanguage\":\"cs\"}]}<\/script>\n<!-- \/ Yoast SEO plugin. -->","yoast_head_json":{"title":"Regulator service \u2013 balanced 1st and 2nd stages - Sopras Tek","robots":{"index":"index","follow":"follow","max-snippet":"max-snippet:-1","max-image-preview":"max-image-preview:large","max-video-preview":"max-video-preview:-1"},"canonical":"https:\/\/soprastek.com\/cs\/shop\/regulator-service-balanced-1st-and-2nd-stages\/","og_locale":"cs_CZ","og_type":"article","og_title":"Regulator service \u2013 balanced 1st and 2nd stages - Sopras Tek","og_description":"Mercurio, Plutone, Giove and Minerva are all balanced 1st stages and are to be coupled with Venere our balanced 2nd stage Regulator inspection We recommend to have your regulator inspected every year or every 100 dives. During the inspection we will change all the o rings as a standard procedure. The results of the inspection&hellip;&nbsp;\u010c\u00edst d\u00e1le &raquo;Regulator service \u2013 balanced 1st and 2nd stages","og_url":"https:\/\/soprastek.com\/cs\/shop\/regulator-service-balanced-1st-and-2nd-stages\/","og_site_name":"Sopras Tek","twitter_card":"summary_large_image","twitter_misc":{"Odhadovan\u00e1 doba \u010dten\u00ed":"1 minuta"},"schema":{"@context":"https:\/\/schema.org","@graph":[{"@type":"WebPage","@id":"https:\/\/soprastek.com\/cs\/shop\/regulator-service-balanced-1st-and-2nd-stages\/","url":"https:\/\/soprastek.com\/cs\/shop\/regulator-service-balanced-1st-and-2nd-stages\/","name":"Regulator service \u2013 balanced 1st and 2nd stages - Sopras Tek","isPartOf":{"@id":"https:\/\/soprastek.com\/#website"},"primaryImageOfPage":{"@id":"https:\/\/soprastek.com\/cs\/shop\/regulator-service-balanced-1st-and-2nd-stages\/#primaryimage"},"image":{"@id":"https:\/\/soprastek.com\/cs\/shop\/regulator-service-balanced-1st-and-2nd-stages\/#primaryimage"},"thumbnailUrl":"https:\/\/soprastek.com\/wp-content\/uploads\/2025\/08\/regulator-servicing-4.jpg","datePublished":"2025-08-24T19:27:11+00:00","breadcrumb":{"@id":"https:\/\/soprastek.com\/cs\/shop\/regulator-service-balanced-1st-and-2nd-stages\/#breadcrumb"},"inLanguage":"cs","potentialAction":[{"@type":"ReadAction","target":["https:\/\/soprastek.com\/cs\/shop\/regulator-service-balanced-1st-and-2nd-stages\/"]}]},{"@type":"ImageObject","inLanguage":"cs","@id":"https:\/\/soprastek.com\/cs\/shop\/regulator-service-balanced-1st-and-2nd-stages\/#primaryimage","url":"https:\/\/soprastek.com\/wp-content\/uploads\/2025\/08\/regulator-servicing-4.jpg","contentUrl":"https:\/\/soprastek.com\/wp-content\/uploads\/2025\/08\/regulator-servicing-4.jpg","width":1501,"height":1500},{"@type":"BreadcrumbList","@id":"https:\/\/soprastek.com\/cs\/shop\/regulator-service-balanced-1st-and-2nd-stages\/#breadcrumb","itemListElement":[{"@type":"ListItem","position":1,"name":"Home","item":"https:\/\/soprastek.com\/cs\/"},{"@type":"ListItem","position":2,"name":"Shop","item":"https:\/\/soprastek.com\/shop\/"},{"@type":"ListItem","position":3,"name":"Regulator service \u2013 balanced 1st and 2nd stages"}]},{"@type":"WebSite","@id":"https:\/\/soprastek.com\/#website","url":"https:\/\/soprastek.com\/","name":"Sopras Tek","description":"Badass divers","potentialAction":[{"@type":"SearchAction","target":{"@type":"EntryPoint","urlTemplate":"https:\/\/soprastek.com\/?s={search_term_string}"},"query-input":{"@type":"PropertyValueSpecification","valueRequired":true,"valueName":"search_term_string"}}],"inLanguage":"cs"}]}},"uagb_featured_image_src":{"full":["https:\/\/soprastek.com\/wp-content\/uploads\/2025\/08\/regulator-servicing-4.jpg",1501,1500,false],"thumbnail":["https:\/\/soprastek.com\/wp-content\/uploads\/2025\/08\/regulator-servicing-4-150x150.jpg",150,150,true],"medium":["https:\/\/soprastek.com\/wp-content\/uploads\/2025\/08\/regulator-servicing-4-300x300.jpg",300,300,true],"medium_large":["https:\/\/soprastek.com\/wp-content\/uploads\/2025\/08\/regulator-servicing-4-768x767.jpg",768,767,true],"large":["https:\/\/soprastek.com\/wp-content\/uploads\/2025\/08\/regulator-servicing-4-1024x1024.jpg",1024,1024,true],"1536x1536":["https:\/\/soprastek.com\/wp-content\/uploads\/2025\/08\/regulator-servicing-4.jpg",1501,1500,false],"2048x2048":["https:\/\/soprastek.com\/wp-content\/uploads\/2025\/08\/regulator-servicing-4.jpg",1501,1500,false],"neve-blog":["https:\/\/soprastek.com\/wp-content\/uploads\/2025\/08\/regulator-servicing-4-930x620.jpg",930,620,true],"mailpoet_newsletter_max":["https:\/\/soprastek.com\/wp-content\/uploads\/2025\/08\/regulator-servicing-4-1320x1319.jpg",1320,1319,true],"woocommerce_thumbnail":["https:\/\/soprastek.com\/wp-content\/uploads\/2025\/08\/regulator-servicing-4-300x300.jpg",300,300,true],"woocommerce_single":["https:\/\/soprastek.com\/wp-content\/uploads\/2025\/08\/regulator-servicing-4-600x600.jpg",600,600,true],"woocommerce_gallery_thumbnail":["https:\/\/soprastek.com\/wp-content\/uploads\/2025\/08\/regulator-servicing-4-100x100.jpg",100,100,true]},"uagb_author_info":{"display_name":"sobkova","author_link":"https:\/\/soprastek.com\/cs\/author\/"},"uagb_comment_info":0,"uagb_excerpt":"Mercurio, Plutone, Giove and Minerva are all balanced 1st stages and are to be coupled with Venere our balanced 2nd stage Regulator inspection We recommend to have your regulator inspected every year or every 100 dives. During the inspection we will change all the o rings as a standard procedure. The results of the inspection&hellip;&nbsp;\u010c\u00edst&hellip;","_links":{"self":[{"href":"https:\/\/soprastek.com\/cs\/wp-json\/wp\/v2\/product\/17069","targetHints":{"allow":["GET"]}}],"collection":[{"href":"https:\/\/soprastek.com\/cs\/wp-json\/wp\/v2\/product"}],"about":[{"href":"https:\/\/soprastek.com\/cs\/wp-json\/wp\/v2\/types\/product"}],"replies":[{"embeddable":true,"href":"https:\/\/soprastek.com\/cs\/wp-json\/wp\/v2\/comments?post=17069"}],"wp:featuredmedia":[{"embeddable":true,"href":"https:\/\/soprastek.com\/cs\/wp-json\/wp\/v2\/media\/15113"}],"wp:attachment":[{"href":"https:\/\/soprastek.com\/cs\/wp-json\/wp\/v2\/media?parent=17069"}],"wp:term":[{"taxonomy":"product_brand","embeddable":true,"href":"https:\/\/soprastek.com\/cs\/wp-json\/wp\/v2\/product_brand?post=17069"},{"taxonomy":"product_cat","embeddable":true,"href":"https:\/\/soprastek.com\/cs\/wp-json\/wp\/v2\/product_cat?post=17069"},{"taxonomy":"product_tag","embeddable":true,"href":"https:\/\/soprastek.com\/cs\/wp-json\/wp\/v2\/product_tag?post=17069"}],"curies":[{"name":"wp","href":"https:\/\/api.w.org\/{rel}","templated":true}]}}