{"id":17079,"date":"2025-08-19T13:30:29","date_gmt":"2025-08-19T12:30:29","guid":{"rendered":"https:\/\/soprastek.com\/shop\/neoprene-hose-holders-for-sm-rigging\/"},"modified":"2025-08-19T13:30:29","modified_gmt":"2025-08-19T12:30:29","slug":"neoprene-hose-holders-for-sm-rigging","status":"publish","type":"product","link":"https:\/\/soprastek.com\/cs\/shop\/neoprene-hose-holders-for-sm-rigging\/","title":{"rendered":"Neoprene hose holders for SM rigging"},"content":{"rendered":"<p>Neoprene tank sleeves<\/p>\n<p>Neoprene tank sleeve for holding your hoses tightly and neatly to your tank both for rigging your stage as well as your sidemount cylinders. On the inside there\u2019s a PU coating ensuring the straps will not slip on your tank. This is an alternative to <a href=\"https:\/\/soprastek.com\/shop\/bungee-strap\/\">https:\/\/soprastek.com\/shop\/bungee-strap\/<\/a>.<\/p>\n<p>761220 \u2013 suitable for cylinders with diameter 133mm (S40) up to 140mm (7mm steel) \u2013 available in pink, yellow, blue, charcoal, orange and red<\/p>\n<p>761221 \u2013 suitable for cylinders with diameter 170mm (10 and 12l steel) \u2013 available in pink, yellow, blue, charcoal, orange and red<\/p>\n<p>761222 \u2013 suitable for cylinders with diameter 180mm (S80) \u2013 available in pink, yellow, blue, charcoal, orange and red<\/p>\n<p>Price per piece.<\/p>\n","protected":false},"excerpt":{"rendered":"<p>Neoprene tank sleeves Neoprene tank sleeve for holding your hoses tightly and neatly to your tank both for rigging your stage as well as your sidemount cylinders. On the inside there\u2019s a PU coating ensuring the straps will not slip on your tank. This is an alternative to https:\/\/soprastek.com\/shop\/bungee-strap\/. 761220 \u2013 suitable for cylinders with&hellip;&nbsp;<a href=\"https:\/\/soprastek.com\/cs\/shop\/neoprene-hose-holders-for-sm-rigging\/\" rel=\"bookmark\">\u010c\u00edst d\u00e1le &raquo;<span class=\"screen-reader-text\">Neoprene hose holders for SM rigging<\/span><\/a><\/p>\n","protected":false},"featured_media":16377,"comment_status":"open","ping_status":"closed","template":"","meta":{"_uag_custom_page_level_css":"","neve_meta_sidebar":"","neve_meta_container":"","neve_meta_enable_content_width":"off","neve_meta_content_width":100,"neve_meta_title_alignment":"","neve_meta_author_avatar":"","neve_post_elements_order":"","neve_meta_disable_header":"","neve_meta_disable_footer":"","neve_meta_disable_title":""},"product_brand":[],"product_cat":[667],"product_tag":[],"class_list":{"0":"post-17079","1":"product","2":"type-product","3":"status-publish","4":"has-post-thumbnail","6":"product_cat-uchyceni-lahvi","8":"first","9":"instock","10":"taxable","11":"shipping-taxable","12":"purchasable","13":"product-type-variable"},"yoast_head":"<!-- This site is optimized with the Yoast SEO plugin v27.2 - https:\/\/yoast.com\/product\/yoast-seo-wordpress\/ -->\n<title>Neoprene hose holders for SM rigging - Sopras Tek<\/title>\n<meta name=\"robots\" content=\"index, follow, max-snippet:-1, max-image-preview:large, max-video-preview:-1\" \/>\n<link rel=\"canonical\" href=\"https:\/\/soprastek.com\/cs\/shop\/neoprene-hose-holders-for-sm-rigging\/\" \/>\n<meta property=\"og:locale\" content=\"cs_CZ\" \/>\n<meta property=\"og:type\" content=\"article\" \/>\n<meta property=\"og:title\" content=\"Neoprene hose holders for SM rigging - Sopras Tek\" \/>\n<meta property=\"og:description\" content=\"Neoprene tank sleeves Neoprene tank sleeve for holding your hoses tightly and neatly to your tank both for rigging your stage as well as your sidemount cylinders. On the inside there\u2019s a PU coating ensuring the straps will not slip on your tank. This is an alternative to https:\/\/soprastek.com\/shop\/bungee-strap\/. 761220 \u2013 suitable for cylinders with&hellip;&nbsp;\u010c\u00edst d\u00e1le &raquo;Neoprene hose holders for SM rigging\" \/>\n<meta property=\"og:url\" content=\"https:\/\/soprastek.com\/cs\/shop\/neoprene-hose-holders-for-sm-rigging\/\" \/>\n<meta property=\"og:site_name\" content=\"Sopras Tek\" \/>\n<meta name=\"twitter:card\" content=\"summary_large_image\" \/>\n<meta name=\"twitter:label1\" content=\"Odhadovan\u00e1 doba \u010dten\u00ed\" \/>\n\t<meta name=\"twitter:data1\" content=\"1 minuta\" \/>\n<script type=\"application\/ld+json\" class=\"yoast-schema-graph\">{\"@context\":\"https:\/\/schema.org\",\"@graph\":[{\"@type\":\"WebPage\",\"@id\":\"https:\/\/soprastek.com\/cs\/shop\/neoprene-hose-holders-for-sm-rigging\/\",\"url\":\"https:\/\/soprastek.com\/cs\/shop\/neoprene-hose-holders-for-sm-rigging\/\",\"name\":\"Neoprene hose holders for SM rigging - Sopras Tek\",\"isPartOf\":{\"@id\":\"https:\/\/soprastek.com\/#website\"},\"primaryImageOfPage\":{\"@id\":\"https:\/\/soprastek.com\/cs\/shop\/neoprene-hose-holders-for-sm-rigging\/#primaryimage\"},\"image\":{\"@id\":\"https:\/\/soprastek.com\/cs\/shop\/neoprene-hose-holders-for-sm-rigging\/#primaryimage\"},\"thumbnailUrl\":\"https:\/\/soprastek.com\/wp-content\/uploads\/2025\/08\/761220-neoprene-hose-holders.jpg\",\"datePublished\":\"2025-08-19T12:30:29+00:00\",\"breadcrumb\":{\"@id\":\"https:\/\/soprastek.com\/cs\/shop\/neoprene-hose-holders-for-sm-rigging\/#breadcrumb\"},\"inLanguage\":\"cs\",\"potentialAction\":[{\"@type\":\"ReadAction\",\"target\":[\"https:\/\/soprastek.com\/cs\/shop\/neoprene-hose-holders-for-sm-rigging\/\"]}]},{\"@type\":\"ImageObject\",\"inLanguage\":\"cs\",\"@id\":\"https:\/\/soprastek.com\/cs\/shop\/neoprene-hose-holders-for-sm-rigging\/#primaryimage\",\"url\":\"https:\/\/soprastek.com\/wp-content\/uploads\/2025\/08\/761220-neoprene-hose-holders.jpg\",\"contentUrl\":\"https:\/\/soprastek.com\/wp-content\/uploads\/2025\/08\/761220-neoprene-hose-holders.jpg\",\"width\":1452,\"height\":1452},{\"@type\":\"BreadcrumbList\",\"@id\":\"https:\/\/soprastek.com\/cs\/shop\/neoprene-hose-holders-for-sm-rigging\/#breadcrumb\",\"itemListElement\":[{\"@type\":\"ListItem\",\"position\":1,\"name\":\"Home\",\"item\":\"https:\/\/soprastek.com\/cs\/\"},{\"@type\":\"ListItem\",\"position\":2,\"name\":\"Shop\",\"item\":\"https:\/\/soprastek.com\/shop\/\"},{\"@type\":\"ListItem\",\"position\":3,\"name\":\"Neoprene hose holders for SM rigging\"}]},{\"@type\":\"WebSite\",\"@id\":\"https:\/\/soprastek.com\/#website\",\"url\":\"https:\/\/soprastek.com\/\",\"name\":\"Sopras Tek\",\"description\":\"Badass divers\",\"potentialAction\":[{\"@type\":\"SearchAction\",\"target\":{\"@type\":\"EntryPoint\",\"urlTemplate\":\"https:\/\/soprastek.com\/?s={search_term_string}\"},\"query-input\":{\"@type\":\"PropertyValueSpecification\",\"valueRequired\":true,\"valueName\":\"search_term_string\"}}],\"inLanguage\":\"cs\"}]}<\/script>\n<!-- \/ Yoast SEO plugin. -->","yoast_head_json":{"title":"Neoprene hose holders for SM rigging - Sopras Tek","robots":{"index":"index","follow":"follow","max-snippet":"max-snippet:-1","max-image-preview":"max-image-preview:large","max-video-preview":"max-video-preview:-1"},"canonical":"https:\/\/soprastek.com\/cs\/shop\/neoprene-hose-holders-for-sm-rigging\/","og_locale":"cs_CZ","og_type":"article","og_title":"Neoprene hose holders for SM rigging - Sopras Tek","og_description":"Neoprene tank sleeves Neoprene tank sleeve for holding your hoses tightly and neatly to your tank both for rigging your stage as well as your sidemount cylinders. On the inside there\u2019s a PU coating ensuring the straps will not slip on your tank. This is an alternative to https:\/\/soprastek.com\/shop\/bungee-strap\/. 761220 \u2013 suitable for cylinders with&hellip;&nbsp;\u010c\u00edst d\u00e1le &raquo;Neoprene hose holders for SM rigging","og_url":"https:\/\/soprastek.com\/cs\/shop\/neoprene-hose-holders-for-sm-rigging\/","og_site_name":"Sopras Tek","twitter_card":"summary_large_image","twitter_misc":{"Odhadovan\u00e1 doba \u010dten\u00ed":"1 minuta"},"schema":{"@context":"https:\/\/schema.org","@graph":[{"@type":"WebPage","@id":"https:\/\/soprastek.com\/cs\/shop\/neoprene-hose-holders-for-sm-rigging\/","url":"https:\/\/soprastek.com\/cs\/shop\/neoprene-hose-holders-for-sm-rigging\/","name":"Neoprene hose holders for SM rigging - Sopras Tek","isPartOf":{"@id":"https:\/\/soprastek.com\/#website"},"primaryImageOfPage":{"@id":"https:\/\/soprastek.com\/cs\/shop\/neoprene-hose-holders-for-sm-rigging\/#primaryimage"},"image":{"@id":"https:\/\/soprastek.com\/cs\/shop\/neoprene-hose-holders-for-sm-rigging\/#primaryimage"},"thumbnailUrl":"https:\/\/soprastek.com\/wp-content\/uploads\/2025\/08\/761220-neoprene-hose-holders.jpg","datePublished":"2025-08-19T12:30:29+00:00","breadcrumb":{"@id":"https:\/\/soprastek.com\/cs\/shop\/neoprene-hose-holders-for-sm-rigging\/#breadcrumb"},"inLanguage":"cs","potentialAction":[{"@type":"ReadAction","target":["https:\/\/soprastek.com\/cs\/shop\/neoprene-hose-holders-for-sm-rigging\/"]}]},{"@type":"ImageObject","inLanguage":"cs","@id":"https:\/\/soprastek.com\/cs\/shop\/neoprene-hose-holders-for-sm-rigging\/#primaryimage","url":"https:\/\/soprastek.com\/wp-content\/uploads\/2025\/08\/761220-neoprene-hose-holders.jpg","contentUrl":"https:\/\/soprastek.com\/wp-content\/uploads\/2025\/08\/761220-neoprene-hose-holders.jpg","width":1452,"height":1452},{"@type":"BreadcrumbList","@id":"https:\/\/soprastek.com\/cs\/shop\/neoprene-hose-holders-for-sm-rigging\/#breadcrumb","itemListElement":[{"@type":"ListItem","position":1,"name":"Home","item":"https:\/\/soprastek.com\/cs\/"},{"@type":"ListItem","position":2,"name":"Shop","item":"https:\/\/soprastek.com\/shop\/"},{"@type":"ListItem","position":3,"name":"Neoprene hose holders for SM rigging"}]},{"@type":"WebSite","@id":"https:\/\/soprastek.com\/#website","url":"https:\/\/soprastek.com\/","name":"Sopras Tek","description":"Badass divers","potentialAction":[{"@type":"SearchAction","target":{"@type":"EntryPoint","urlTemplate":"https:\/\/soprastek.com\/?s={search_term_string}"},"query-input":{"@type":"PropertyValueSpecification","valueRequired":true,"valueName":"search_term_string"}}],"inLanguage":"cs"}]}},"uagb_featured_image_src":{"full":["https:\/\/soprastek.com\/wp-content\/uploads\/2025\/08\/761220-neoprene-hose-holders.jpg",1452,1452,false],"thumbnail":["https:\/\/soprastek.com\/wp-content\/uploads\/2025\/08\/761220-neoprene-hose-holders-150x150.jpg",150,150,true],"medium":["https:\/\/soprastek.com\/wp-content\/uploads\/2025\/08\/761220-neoprene-hose-holders-300x300.jpg",300,300,true],"medium_large":["https:\/\/soprastek.com\/wp-content\/uploads\/2025\/08\/761220-neoprene-hose-holders-768x768.jpg",768,768,true],"large":["https:\/\/soprastek.com\/wp-content\/uploads\/2025\/08\/761220-neoprene-hose-holders-1024x1024.jpg",1024,1024,true],"1536x1536":["https:\/\/soprastek.com\/wp-content\/uploads\/2025\/08\/761220-neoprene-hose-holders.jpg",1452,1452,false],"2048x2048":["https:\/\/soprastek.com\/wp-content\/uploads\/2025\/08\/761220-neoprene-hose-holders.jpg",1452,1452,false],"neve-blog":["https:\/\/soprastek.com\/wp-content\/uploads\/2025\/08\/761220-neoprene-hose-holders-930x620.jpg",930,620,true],"mailpoet_newsletter_max":["https:\/\/soprastek.com\/wp-content\/uploads\/2025\/08\/761220-neoprene-hose-holders-1320x1320.jpg",1320,1320,true],"woocommerce_thumbnail":["https:\/\/soprastek.com\/wp-content\/uploads\/2025\/08\/761220-neoprene-hose-holders-300x300.jpg",300,300,true],"woocommerce_single":["https:\/\/soprastek.com\/wp-content\/uploads\/2025\/08\/761220-neoprene-hose-holders-600x600.jpg",600,600,true],"woocommerce_gallery_thumbnail":["https:\/\/soprastek.com\/wp-content\/uploads\/2025\/08\/761220-neoprene-hose-holders-100x100.jpg",100,100,true]},"uagb_author_info":{"display_name":"sobkova","author_link":"https:\/\/soprastek.com\/cs\/author\/"},"uagb_comment_info":0,"uagb_excerpt":"Neoprene tank sleeves Neoprene tank sleeve for holding your hoses tightly and neatly to your tank both for rigging your stage as well as your sidemount cylinders. On the inside there\u2019s a PU coating ensuring the straps will not slip on your tank. This is an alternative to https:\/\/soprastek.com\/shop\/bungee-strap\/. 761220 \u2013 suitable for cylinders with&hellip;&nbsp;\u010c\u00edst&hellip;","_links":{"self":[{"href":"https:\/\/soprastek.com\/cs\/wp-json\/wp\/v2\/product\/17079","targetHints":{"allow":["GET"]}}],"collection":[{"href":"https:\/\/soprastek.com\/cs\/wp-json\/wp\/v2\/product"}],"about":[{"href":"https:\/\/soprastek.com\/cs\/wp-json\/wp\/v2\/types\/product"}],"replies":[{"embeddable":true,"href":"https:\/\/soprastek.com\/cs\/wp-json\/wp\/v2\/comments?post=17079"}],"wp:featuredmedia":[{"embeddable":true,"href":"https:\/\/soprastek.com\/cs\/wp-json\/wp\/v2\/media\/16377"}],"wp:attachment":[{"href":"https:\/\/soprastek.com\/cs\/wp-json\/wp\/v2\/media?parent=17079"}],"wp:term":[{"taxonomy":"product_brand","embeddable":true,"href":"https:\/\/soprastek.com\/cs\/wp-json\/wp\/v2\/product_brand?post=17079"},{"taxonomy":"product_cat","embeddable":true,"href":"https:\/\/soprastek.com\/cs\/wp-json\/wp\/v2\/product_cat?post=17079"},{"taxonomy":"product_tag","embeddable":true,"href":"https:\/\/soprastek.com\/cs\/wp-json\/wp\/v2\/product_tag?post=17079"}],"curies":[{"name":"wp","href":"https:\/\/api.w.org\/{rel}","templated":true}]}}