{"id":17098,"date":"2025-06-23T17:25:46","date_gmt":"2025-06-23T16:25:46","guid":{"rendered":"https:\/\/soprastek.com\/shop\/sm-bottle-rigging\/"},"modified":"2025-06-23T17:25:46","modified_gmt":"2025-06-23T16:25:46","slug":"sm-bottle-rigging","status":"publish","type":"product","link":"https:\/\/soprastek.com\/cs\/shop\/sm-bottle-rigging\/","title":{"rendered":"SM bottle rigging"},"content":{"rendered":"<p>This sidemount rigging kit includes:<\/p>\n<p>2 stainless steel adjustable band<\/p>\n<p>2 elastic band 70mm width<\/p>\n<p>1 elastic band 38mm width<\/p>\n<p>2 snag free deluxe bolt snaps<\/p>\n<p>&nbsp;<\/p>\n<p>3 sizes are available for 7l steel or S40 (diam 133-140mm), for 10l\/12l steel (diam 170mm) or for S80 (diam 180mm). Colours of the tab can be chosen according to your taste.<\/p>\n","protected":false},"excerpt":{"rendered":"<p>This sidemount rigging kit includes: 2 stainless steel adjustable band 2 elastic band 70mm width 1 elastic band 38mm width 2 snag free deluxe bolt snaps &nbsp; 3 sizes are available for 7l steel or S40 (diam 133-140mm), for 10l\/12l steel (diam 170mm) or for S80 (diam 180mm). Colours of the tab can be chosen&hellip;&nbsp;<a href=\"https:\/\/soprastek.com\/cs\/shop\/sm-bottle-rigging\/\" rel=\"bookmark\">\u010c\u00edst d\u00e1le &raquo;<span class=\"screen-reader-text\">SM bottle rigging<\/span><\/a><\/p>\n","protected":false},"featured_media":14968,"comment_status":"open","ping_status":"closed","template":"","meta":{"_uag_custom_page_level_css":"","neve_meta_sidebar":"","neve_meta_container":"","neve_meta_enable_content_width":"off","neve_meta_content_width":100,"neve_meta_title_alignment":"","neve_meta_author_avatar":"","neve_post_elements_order":"","neve_meta_disable_header":"","neve_meta_disable_footer":"","neve_meta_disable_title":""},"product_brand":[],"product_cat":[667],"product_tag":[695],"class_list":{"0":"post-17098","1":"product","2":"type-product","3":"status-publish","4":"has-post-thumbnail","6":"product_cat-uchyceni-lahvi","7":"product_tag-new-cs","9":"first","10":"instock","11":"taxable","12":"shipping-taxable","13":"purchasable","14":"product-type-simple"},"yoast_head":"<!-- This site is optimized with the Yoast SEO plugin v27.2 - https:\/\/yoast.com\/product\/yoast-seo-wordpress\/ -->\n<title>SM bottle rigging - Sopras Tek<\/title>\n<meta name=\"robots\" content=\"index, follow, max-snippet:-1, max-image-preview:large, max-video-preview:-1\" \/>\n<link rel=\"canonical\" href=\"https:\/\/soprastek.com\/cs\/shop\/sm-bottle-rigging\/\" \/>\n<meta property=\"og:locale\" content=\"cs_CZ\" \/>\n<meta property=\"og:type\" content=\"article\" \/>\n<meta property=\"og:title\" content=\"SM bottle rigging - Sopras Tek\" \/>\n<meta property=\"og:description\" content=\"This sidemount rigging kit includes: 2 stainless steel adjustable band 2 elastic band 70mm width 1 elastic band 38mm width 2 snag free deluxe bolt snaps &nbsp; 3 sizes are available for 7l steel or S40 (diam 133-140mm), for 10l\/12l steel (diam 170mm) or for S80 (diam 180mm). Colours of the tab can be chosen&hellip;&nbsp;\u010c\u00edst d\u00e1le &raquo;SM bottle rigging\" \/>\n<meta property=\"og:url\" content=\"https:\/\/soprastek.com\/cs\/shop\/sm-bottle-rigging\/\" \/>\n<meta property=\"og:site_name\" content=\"Sopras Tek\" \/>\n<meta name=\"twitter:card\" content=\"summary_large_image\" \/>\n<script type=\"application\/ld+json\" class=\"yoast-schema-graph\">{\"@context\":\"https:\/\/schema.org\",\"@graph\":[{\"@type\":\"WebPage\",\"@id\":\"https:\/\/soprastek.com\/cs\/shop\/sm-bottle-rigging\/\",\"url\":\"https:\/\/soprastek.com\/cs\/shop\/sm-bottle-rigging\/\",\"name\":\"SM bottle rigging - Sopras Tek\",\"isPartOf\":{\"@id\":\"https:\/\/soprastek.com\/#website\"},\"primaryImageOfPage\":{\"@id\":\"https:\/\/soprastek.com\/cs\/shop\/sm-bottle-rigging\/#primaryimage\"},\"image\":{\"@id\":\"https:\/\/soprastek.com\/cs\/shop\/sm-bottle-rigging\/#primaryimage\"},\"thumbnailUrl\":\"https:\/\/soprastek.com\/wp-content\/uploads\/2025\/06\/761205-SM-bottle-rigging.jpg\",\"datePublished\":\"2025-06-23T16:25:46+00:00\",\"breadcrumb\":{\"@id\":\"https:\/\/soprastek.com\/cs\/shop\/sm-bottle-rigging\/#breadcrumb\"},\"inLanguage\":\"cs\",\"potentialAction\":[{\"@type\":\"ReadAction\",\"target\":[\"https:\/\/soprastek.com\/cs\/shop\/sm-bottle-rigging\/\"]}]},{\"@type\":\"ImageObject\",\"inLanguage\":\"cs\",\"@id\":\"https:\/\/soprastek.com\/cs\/shop\/sm-bottle-rigging\/#primaryimage\",\"url\":\"https:\/\/soprastek.com\/wp-content\/uploads\/2025\/06\/761205-SM-bottle-rigging.jpg\",\"contentUrl\":\"https:\/\/soprastek.com\/wp-content\/uploads\/2025\/06\/761205-SM-bottle-rigging.jpg\",\"width\":1496,\"height\":1496},{\"@type\":\"BreadcrumbList\",\"@id\":\"https:\/\/soprastek.com\/cs\/shop\/sm-bottle-rigging\/#breadcrumb\",\"itemListElement\":[{\"@type\":\"ListItem\",\"position\":1,\"name\":\"Home\",\"item\":\"https:\/\/soprastek.com\/cs\/\"},{\"@type\":\"ListItem\",\"position\":2,\"name\":\"Shop\",\"item\":\"https:\/\/soprastek.com\/shop\/\"},{\"@type\":\"ListItem\",\"position\":3,\"name\":\"SM bottle rigging\"}]},{\"@type\":\"WebSite\",\"@id\":\"https:\/\/soprastek.com\/#website\",\"url\":\"https:\/\/soprastek.com\/\",\"name\":\"Sopras Tek\",\"description\":\"Badass divers\",\"potentialAction\":[{\"@type\":\"SearchAction\",\"target\":{\"@type\":\"EntryPoint\",\"urlTemplate\":\"https:\/\/soprastek.com\/?s={search_term_string}\"},\"query-input\":{\"@type\":\"PropertyValueSpecification\",\"valueRequired\":true,\"valueName\":\"search_term_string\"}}],\"inLanguage\":\"cs\"}]}<\/script>\n<!-- \/ Yoast SEO plugin. -->","yoast_head_json":{"title":"SM bottle rigging - Sopras Tek","robots":{"index":"index","follow":"follow","max-snippet":"max-snippet:-1","max-image-preview":"max-image-preview:large","max-video-preview":"max-video-preview:-1"},"canonical":"https:\/\/soprastek.com\/cs\/shop\/sm-bottle-rigging\/","og_locale":"cs_CZ","og_type":"article","og_title":"SM bottle rigging - Sopras Tek","og_description":"This sidemount rigging kit includes: 2 stainless steel adjustable band 2 elastic band 70mm width 1 elastic band 38mm width 2 snag free deluxe bolt snaps &nbsp; 3 sizes are available for 7l steel or S40 (diam 133-140mm), for 10l\/12l steel (diam 170mm) or for S80 (diam 180mm). Colours of the tab can be chosen&hellip;&nbsp;\u010c\u00edst d\u00e1le &raquo;SM bottle rigging","og_url":"https:\/\/soprastek.com\/cs\/shop\/sm-bottle-rigging\/","og_site_name":"Sopras Tek","twitter_card":"summary_large_image","schema":{"@context":"https:\/\/schema.org","@graph":[{"@type":"WebPage","@id":"https:\/\/soprastek.com\/cs\/shop\/sm-bottle-rigging\/","url":"https:\/\/soprastek.com\/cs\/shop\/sm-bottle-rigging\/","name":"SM bottle rigging - Sopras Tek","isPartOf":{"@id":"https:\/\/soprastek.com\/#website"},"primaryImageOfPage":{"@id":"https:\/\/soprastek.com\/cs\/shop\/sm-bottle-rigging\/#primaryimage"},"image":{"@id":"https:\/\/soprastek.com\/cs\/shop\/sm-bottle-rigging\/#primaryimage"},"thumbnailUrl":"https:\/\/soprastek.com\/wp-content\/uploads\/2025\/06\/761205-SM-bottle-rigging.jpg","datePublished":"2025-06-23T16:25:46+00:00","breadcrumb":{"@id":"https:\/\/soprastek.com\/cs\/shop\/sm-bottle-rigging\/#breadcrumb"},"inLanguage":"cs","potentialAction":[{"@type":"ReadAction","target":["https:\/\/soprastek.com\/cs\/shop\/sm-bottle-rigging\/"]}]},{"@type":"ImageObject","inLanguage":"cs","@id":"https:\/\/soprastek.com\/cs\/shop\/sm-bottle-rigging\/#primaryimage","url":"https:\/\/soprastek.com\/wp-content\/uploads\/2025\/06\/761205-SM-bottle-rigging.jpg","contentUrl":"https:\/\/soprastek.com\/wp-content\/uploads\/2025\/06\/761205-SM-bottle-rigging.jpg","width":1496,"height":1496},{"@type":"BreadcrumbList","@id":"https:\/\/soprastek.com\/cs\/shop\/sm-bottle-rigging\/#breadcrumb","itemListElement":[{"@type":"ListItem","position":1,"name":"Home","item":"https:\/\/soprastek.com\/cs\/"},{"@type":"ListItem","position":2,"name":"Shop","item":"https:\/\/soprastek.com\/shop\/"},{"@type":"ListItem","position":3,"name":"SM bottle rigging"}]},{"@type":"WebSite","@id":"https:\/\/soprastek.com\/#website","url":"https:\/\/soprastek.com\/","name":"Sopras Tek","description":"Badass divers","potentialAction":[{"@type":"SearchAction","target":{"@type":"EntryPoint","urlTemplate":"https:\/\/soprastek.com\/?s={search_term_string}"},"query-input":{"@type":"PropertyValueSpecification","valueRequired":true,"valueName":"search_term_string"}}],"inLanguage":"cs"}]}},"uagb_featured_image_src":{"full":["https:\/\/soprastek.com\/wp-content\/uploads\/2025\/06\/761205-SM-bottle-rigging.jpg",1496,1496,false],"thumbnail":["https:\/\/soprastek.com\/wp-content\/uploads\/2025\/06\/761205-SM-bottle-rigging-150x150.jpg",150,150,true],"medium":["https:\/\/soprastek.com\/wp-content\/uploads\/2025\/06\/761205-SM-bottle-rigging-300x300.jpg",300,300,true],"medium_large":["https:\/\/soprastek.com\/wp-content\/uploads\/2025\/06\/761205-SM-bottle-rigging-768x768.jpg",768,768,true],"large":["https:\/\/soprastek.com\/wp-content\/uploads\/2025\/06\/761205-SM-bottle-rigging-1024x1024.jpg",1024,1024,true],"1536x1536":["https:\/\/soprastek.com\/wp-content\/uploads\/2025\/06\/761205-SM-bottle-rigging.jpg",1496,1496,false],"2048x2048":["https:\/\/soprastek.com\/wp-content\/uploads\/2025\/06\/761205-SM-bottle-rigging.jpg",1496,1496,false],"neve-blog":["https:\/\/soprastek.com\/wp-content\/uploads\/2025\/06\/761205-SM-bottle-rigging-930x620.jpg",930,620,true],"mailpoet_newsletter_max":["https:\/\/soprastek.com\/wp-content\/uploads\/2025\/06\/761205-SM-bottle-rigging-1320x1320.jpg",1320,1320,true],"woocommerce_thumbnail":["https:\/\/soprastek.com\/wp-content\/uploads\/2025\/06\/761205-SM-bottle-rigging-300x300.jpg",300,300,true],"woocommerce_single":["https:\/\/soprastek.com\/wp-content\/uploads\/2025\/06\/761205-SM-bottle-rigging-600x600.jpg",600,600,true],"woocommerce_gallery_thumbnail":["https:\/\/soprastek.com\/wp-content\/uploads\/2025\/06\/761205-SM-bottle-rigging-100x100.jpg",100,100,true]},"uagb_author_info":{"display_name":"sobkova","author_link":"https:\/\/soprastek.com\/cs\/author\/"},"uagb_comment_info":0,"uagb_excerpt":"This sidemount rigging kit includes: 2 stainless steel adjustable band 2 elastic band 70mm width 1 elastic band 38mm width 2 snag free deluxe bolt snaps &nbsp; 3 sizes are available for 7l steel or S40 (diam 133-140mm), for 10l\/12l steel (diam 170mm) or for S80 (diam 180mm). Colours of the tab can be chosen&hellip;&nbsp;\u010c\u00edst&hellip;","_links":{"self":[{"href":"https:\/\/soprastek.com\/cs\/wp-json\/wp\/v2\/product\/17098","targetHints":{"allow":["GET"]}}],"collection":[{"href":"https:\/\/soprastek.com\/cs\/wp-json\/wp\/v2\/product"}],"about":[{"href":"https:\/\/soprastek.com\/cs\/wp-json\/wp\/v2\/types\/product"}],"replies":[{"embeddable":true,"href":"https:\/\/soprastek.com\/cs\/wp-json\/wp\/v2\/comments?post=17098"}],"wp:featuredmedia":[{"embeddable":true,"href":"https:\/\/soprastek.com\/cs\/wp-json\/wp\/v2\/media\/14968"}],"wp:attachment":[{"href":"https:\/\/soprastek.com\/cs\/wp-json\/wp\/v2\/media?parent=17098"}],"wp:term":[{"taxonomy":"product_brand","embeddable":true,"href":"https:\/\/soprastek.com\/cs\/wp-json\/wp\/v2\/product_brand?post=17098"},{"taxonomy":"product_cat","embeddable":true,"href":"https:\/\/soprastek.com\/cs\/wp-json\/wp\/v2\/product_cat?post=17098"},{"taxonomy":"product_tag","embeddable":true,"href":"https:\/\/soprastek.com\/cs\/wp-json\/wp\/v2\/product_tag?post=17098"}],"curies":[{"name":"wp","href":"https:\/\/api.w.org\/{rel}","templated":true}]}}