{"id":17099,"date":"2025-06-23T17:22:37","date_gmt":"2025-06-23T16:22:37","guid":{"rendered":"https:\/\/soprastek.com\/shop\/bungee-strap\/"},"modified":"2025-06-23T17:22:37","modified_gmt":"2025-06-23T16:22:37","slug":"bungee-strap","status":"publish","type":"product","link":"https:\/\/soprastek.com\/cs\/shop\/bungee-strap\/","title":{"rendered":"Bungee strap"},"content":{"rendered":"<p>Strong and durable bungee strap with diameter suitable for 7l steel or S40 (diam 133-140mm), for 10l\/12l steel (diam 170mm) or for S80 (diam 180mm). Colours of the tab can be chosen according to your taste.<\/p>\n<p>When ordering you have to specify colour and diameter of the cylinders.<\/p>\n<p><strong>38mm width of the bungee strap<\/strong><\/p>\n<p>761206\/140mm\/colour (black, orange, yellow, pink)<\/p>\n<p>761206\/170mm\/colour (black, orange, yellow, pink)<\/p>\n<p>761206\/180mm\/colour( black, orange, yellow, pink)<\/p>\n<p>&nbsp;<\/p>\n<p><strong>50mm width of the bungee strap<\/strong><\/p>\n<p>761207\/140mm\/colour (black, orange, yellow, pink)<\/p>\n<p>761207\/170mm\/colour (black, orange, yellow, pink)<\/p>\n<p>761207\/180mm\/colour (black, orange, yellow, pink)<\/p>\n<p>&nbsp;<\/p>\n<p><strong>70mm width of the bungee strap<\/strong><\/p>\n<p>761208\/140mm\/colour (black, orange, yellow, pink)<\/p>\n<p>761208\/170mm\/colour (black, orange, yellow, pink)<\/p>\n<p>761208\/180mm\/colour (black, orange, yellow, pink)<\/p>\n","protected":false},"excerpt":{"rendered":"<p>Strong and durable bungee strap with diameter suitable for 7l steel or S40 (diam 133-140mm), for 10l\/12l steel (diam 170mm) or for S80 (diam 180mm). Colours of the tab can be chosen according to your taste. When ordering you have to specify colour and diameter of the cylinders. 38mm width of the bungee strap 761206\/140mm\/colour&hellip;&nbsp;<a href=\"https:\/\/soprastek.com\/cs\/shop\/bungee-strap\/\" rel=\"bookmark\">\u010c\u00edst d\u00e1le &raquo;<span class=\"screen-reader-text\">Bungee strap<\/span><\/a><\/p>\n","protected":false},"featured_media":14958,"comment_status":"open","ping_status":"closed","template":"","meta":{"_uag_custom_page_level_css":"","neve_meta_sidebar":"","neve_meta_container":"","neve_meta_enable_content_width":"off","neve_meta_content_width":100,"neve_meta_title_alignment":"","neve_meta_author_avatar":"","neve_post_elements_order":"","neve_meta_disable_header":"","neve_meta_disable_footer":"","neve_meta_disable_title":""},"product_brand":[],"product_cat":[667],"product_tag":[],"class_list":{"0":"post-17099","1":"product","2":"type-product","3":"status-publish","4":"has-post-thumbnail","6":"product_cat-uchyceni-lahvi","8":"first","9":"instock","10":"taxable","11":"shipping-taxable","12":"purchasable","13":"product-type-variable"},"yoast_head":"<!-- This site is optimized with the Yoast SEO plugin v27.2 - https:\/\/yoast.com\/product\/yoast-seo-wordpress\/ -->\n<title>Bungee strap - Sopras Tek<\/title>\n<meta name=\"robots\" content=\"index, follow, max-snippet:-1, max-image-preview:large, max-video-preview:-1\" \/>\n<link rel=\"canonical\" href=\"https:\/\/soprastek.com\/cs\/shop\/bungee-strap\/\" \/>\n<meta property=\"og:locale\" content=\"cs_CZ\" \/>\n<meta property=\"og:type\" content=\"article\" \/>\n<meta property=\"og:title\" content=\"Bungee strap - Sopras Tek\" \/>\n<meta property=\"og:description\" content=\"Strong and durable bungee strap with diameter suitable for 7l steel or S40 (diam 133-140mm), for 10l\/12l steel (diam 170mm) or for S80 (diam 180mm). Colours of the tab can be chosen according to your taste. When ordering you have to specify colour and diameter of the cylinders. 38mm width of the bungee strap 761206\/140mm\/colour&hellip;&nbsp;\u010c\u00edst d\u00e1le &raquo;Bungee strap\" \/>\n<meta property=\"og:url\" content=\"https:\/\/soprastek.com\/cs\/shop\/bungee-strap\/\" \/>\n<meta property=\"og:site_name\" content=\"Sopras Tek\" \/>\n<meta name=\"twitter:card\" content=\"summary_large_image\" \/>\n<meta name=\"twitter:label1\" content=\"Odhadovan\u00e1 doba \u010dten\u00ed\" \/>\n\t<meta name=\"twitter:data1\" content=\"1 minuta\" \/>\n<script type=\"application\/ld+json\" class=\"yoast-schema-graph\">{\"@context\":\"https:\/\/schema.org\",\"@graph\":[{\"@type\":\"WebPage\",\"@id\":\"https:\/\/soprastek.com\/cs\/shop\/bungee-strap\/\",\"url\":\"https:\/\/soprastek.com\/cs\/shop\/bungee-strap\/\",\"name\":\"Bungee strap - Sopras Tek\",\"isPartOf\":{\"@id\":\"https:\/\/soprastek.com\/#website\"},\"primaryImageOfPage\":{\"@id\":\"https:\/\/soprastek.com\/cs\/shop\/bungee-strap\/#primaryimage\"},\"image\":{\"@id\":\"https:\/\/soprastek.com\/cs\/shop\/bungee-strap\/#primaryimage\"},\"thumbnailUrl\":\"https:\/\/soprastek.com\/wp-content\/uploads\/2025\/06\/761206-761207-761208-bungee-straps.jpg\",\"datePublished\":\"2025-06-23T16:22:37+00:00\",\"breadcrumb\":{\"@id\":\"https:\/\/soprastek.com\/cs\/shop\/bungee-strap\/#breadcrumb\"},\"inLanguage\":\"cs\",\"potentialAction\":[{\"@type\":\"ReadAction\",\"target\":[\"https:\/\/soprastek.com\/cs\/shop\/bungee-strap\/\"]}]},{\"@type\":\"ImageObject\",\"inLanguage\":\"cs\",\"@id\":\"https:\/\/soprastek.com\/cs\/shop\/bungee-strap\/#primaryimage\",\"url\":\"https:\/\/soprastek.com\/wp-content\/uploads\/2025\/06\/761206-761207-761208-bungee-straps.jpg\",\"contentUrl\":\"https:\/\/soprastek.com\/wp-content\/uploads\/2025\/06\/761206-761207-761208-bungee-straps.jpg\",\"width\":1496,\"height\":1496},{\"@type\":\"BreadcrumbList\",\"@id\":\"https:\/\/soprastek.com\/cs\/shop\/bungee-strap\/#breadcrumb\",\"itemListElement\":[{\"@type\":\"ListItem\",\"position\":1,\"name\":\"Home\",\"item\":\"https:\/\/soprastek.com\/cs\/\"},{\"@type\":\"ListItem\",\"position\":2,\"name\":\"Shop\",\"item\":\"https:\/\/soprastek.com\/shop\/\"},{\"@type\":\"ListItem\",\"position\":3,\"name\":\"Bungee strap\"}]},{\"@type\":\"WebSite\",\"@id\":\"https:\/\/soprastek.com\/#website\",\"url\":\"https:\/\/soprastek.com\/\",\"name\":\"Sopras Tek\",\"description\":\"Badass divers\",\"potentialAction\":[{\"@type\":\"SearchAction\",\"target\":{\"@type\":\"EntryPoint\",\"urlTemplate\":\"https:\/\/soprastek.com\/?s={search_term_string}\"},\"query-input\":{\"@type\":\"PropertyValueSpecification\",\"valueRequired\":true,\"valueName\":\"search_term_string\"}}],\"inLanguage\":\"cs\"}]}<\/script>\n<!-- \/ Yoast SEO plugin. -->","yoast_head_json":{"title":"Bungee strap - Sopras Tek","robots":{"index":"index","follow":"follow","max-snippet":"max-snippet:-1","max-image-preview":"max-image-preview:large","max-video-preview":"max-video-preview:-1"},"canonical":"https:\/\/soprastek.com\/cs\/shop\/bungee-strap\/","og_locale":"cs_CZ","og_type":"article","og_title":"Bungee strap - Sopras Tek","og_description":"Strong and durable bungee strap with diameter suitable for 7l steel or S40 (diam 133-140mm), for 10l\/12l steel (diam 170mm) or for S80 (diam 180mm). Colours of the tab can be chosen according to your taste. When ordering you have to specify colour and diameter of the cylinders. 38mm width of the bungee strap 761206\/140mm\/colour&hellip;&nbsp;\u010c\u00edst d\u00e1le &raquo;Bungee strap","og_url":"https:\/\/soprastek.com\/cs\/shop\/bungee-strap\/","og_site_name":"Sopras Tek","twitter_card":"summary_large_image","twitter_misc":{"Odhadovan\u00e1 doba \u010dten\u00ed":"1 minuta"},"schema":{"@context":"https:\/\/schema.org","@graph":[{"@type":"WebPage","@id":"https:\/\/soprastek.com\/cs\/shop\/bungee-strap\/","url":"https:\/\/soprastek.com\/cs\/shop\/bungee-strap\/","name":"Bungee strap - Sopras Tek","isPartOf":{"@id":"https:\/\/soprastek.com\/#website"},"primaryImageOfPage":{"@id":"https:\/\/soprastek.com\/cs\/shop\/bungee-strap\/#primaryimage"},"image":{"@id":"https:\/\/soprastek.com\/cs\/shop\/bungee-strap\/#primaryimage"},"thumbnailUrl":"https:\/\/soprastek.com\/wp-content\/uploads\/2025\/06\/761206-761207-761208-bungee-straps.jpg","datePublished":"2025-06-23T16:22:37+00:00","breadcrumb":{"@id":"https:\/\/soprastek.com\/cs\/shop\/bungee-strap\/#breadcrumb"},"inLanguage":"cs","potentialAction":[{"@type":"ReadAction","target":["https:\/\/soprastek.com\/cs\/shop\/bungee-strap\/"]}]},{"@type":"ImageObject","inLanguage":"cs","@id":"https:\/\/soprastek.com\/cs\/shop\/bungee-strap\/#primaryimage","url":"https:\/\/soprastek.com\/wp-content\/uploads\/2025\/06\/761206-761207-761208-bungee-straps.jpg","contentUrl":"https:\/\/soprastek.com\/wp-content\/uploads\/2025\/06\/761206-761207-761208-bungee-straps.jpg","width":1496,"height":1496},{"@type":"BreadcrumbList","@id":"https:\/\/soprastek.com\/cs\/shop\/bungee-strap\/#breadcrumb","itemListElement":[{"@type":"ListItem","position":1,"name":"Home","item":"https:\/\/soprastek.com\/cs\/"},{"@type":"ListItem","position":2,"name":"Shop","item":"https:\/\/soprastek.com\/shop\/"},{"@type":"ListItem","position":3,"name":"Bungee strap"}]},{"@type":"WebSite","@id":"https:\/\/soprastek.com\/#website","url":"https:\/\/soprastek.com\/","name":"Sopras Tek","description":"Badass divers","potentialAction":[{"@type":"SearchAction","target":{"@type":"EntryPoint","urlTemplate":"https:\/\/soprastek.com\/?s={search_term_string}"},"query-input":{"@type":"PropertyValueSpecification","valueRequired":true,"valueName":"search_term_string"}}],"inLanguage":"cs"}]}},"uagb_featured_image_src":{"full":["https:\/\/soprastek.com\/wp-content\/uploads\/2025\/06\/761206-761207-761208-bungee-straps.jpg",1496,1496,false],"thumbnail":["https:\/\/soprastek.com\/wp-content\/uploads\/2025\/06\/761206-761207-761208-bungee-straps-150x150.jpg",150,150,true],"medium":["https:\/\/soprastek.com\/wp-content\/uploads\/2025\/06\/761206-761207-761208-bungee-straps-300x300.jpg",300,300,true],"medium_large":["https:\/\/soprastek.com\/wp-content\/uploads\/2025\/06\/761206-761207-761208-bungee-straps-768x768.jpg",768,768,true],"large":["https:\/\/soprastek.com\/wp-content\/uploads\/2025\/06\/761206-761207-761208-bungee-straps-1024x1024.jpg",1024,1024,true],"1536x1536":["https:\/\/soprastek.com\/wp-content\/uploads\/2025\/06\/761206-761207-761208-bungee-straps.jpg",1496,1496,false],"2048x2048":["https:\/\/soprastek.com\/wp-content\/uploads\/2025\/06\/761206-761207-761208-bungee-straps.jpg",1496,1496,false],"neve-blog":["https:\/\/soprastek.com\/wp-content\/uploads\/2025\/06\/761206-761207-761208-bungee-straps-930x620.jpg",930,620,true],"mailpoet_newsletter_max":["https:\/\/soprastek.com\/wp-content\/uploads\/2025\/06\/761206-761207-761208-bungee-straps-1320x1320.jpg",1320,1320,true],"woocommerce_thumbnail":["https:\/\/soprastek.com\/wp-content\/uploads\/2025\/06\/761206-761207-761208-bungee-straps-300x300.jpg",300,300,true],"woocommerce_single":["https:\/\/soprastek.com\/wp-content\/uploads\/2025\/06\/761206-761207-761208-bungee-straps-600x600.jpg",600,600,true],"woocommerce_gallery_thumbnail":["https:\/\/soprastek.com\/wp-content\/uploads\/2025\/06\/761206-761207-761208-bungee-straps-100x100.jpg",100,100,true]},"uagb_author_info":{"display_name":"sobkova","author_link":"https:\/\/soprastek.com\/cs\/author\/"},"uagb_comment_info":0,"uagb_excerpt":"Strong and durable bungee strap with diameter suitable for 7l steel or S40 (diam 133-140mm), for 10l\/12l steel (diam 170mm) or for S80 (diam 180mm). Colours of the tab can be chosen according to your taste. When ordering you have to specify colour and diameter of the cylinders. 38mm width of the bungee strap 761206\/140mm\/colour&hellip;&nbsp;\u010c\u00edst&hellip;","_links":{"self":[{"href":"https:\/\/soprastek.com\/cs\/wp-json\/wp\/v2\/product\/17099","targetHints":{"allow":["GET"]}}],"collection":[{"href":"https:\/\/soprastek.com\/cs\/wp-json\/wp\/v2\/product"}],"about":[{"href":"https:\/\/soprastek.com\/cs\/wp-json\/wp\/v2\/types\/product"}],"replies":[{"embeddable":true,"href":"https:\/\/soprastek.com\/cs\/wp-json\/wp\/v2\/comments?post=17099"}],"wp:featuredmedia":[{"embeddable":true,"href":"https:\/\/soprastek.com\/cs\/wp-json\/wp\/v2\/media\/14958"}],"wp:attachment":[{"href":"https:\/\/soprastek.com\/cs\/wp-json\/wp\/v2\/media?parent=17099"}],"wp:term":[{"taxonomy":"product_brand","embeddable":true,"href":"https:\/\/soprastek.com\/cs\/wp-json\/wp\/v2\/product_brand?post=17099"},{"taxonomy":"product_cat","embeddable":true,"href":"https:\/\/soprastek.com\/cs\/wp-json\/wp\/v2\/product_cat?post=17099"},{"taxonomy":"product_tag","embeddable":true,"href":"https:\/\/soprastek.com\/cs\/wp-json\/wp\/v2\/product_tag?post=17099"}],"curies":[{"name":"wp","href":"https:\/\/api.w.org\/{rel}","templated":true}]}}