{"id":17139,"date":"2025-05-03T19:55:05","date_gmt":"2025-05-03T18:55:05","guid":{"rendered":"https:\/\/soprastek.com\/shop\/stage-bottle-rigging-s80\/"},"modified":"2025-05-03T19:55:05","modified_gmt":"2025-05-03T18:55:05","slug":"stage-bottle-rigging-s80","status":"publish","type":"product","link":"https:\/\/soprastek.com\/cs\/shop\/stage-bottle-rigging-s80\/","title":{"rendered":"Stage bottle rigging (S80)"},"content":{"rendered":"<p>This simple but elegant solution provides a reliable and streamlined solution for stage\/deco bottles. The heavy duty stainless steel zip tie band (71cm long) is enclosed in a delicated nylon sleeve to protect the cylinder\u00b4s exterior finishing. Ideal for use with alu cylinders (S80 with diameter 180mm) but can also be used for steel 170mm (i.e. 10 liters or 12 liters long in steel).<\/p>\n","protected":false},"excerpt":{"rendered":"<p>This simple but elegant solution provides a reliable and streamlined solution for stage\/deco bottles. The heavy duty stainless steel zip tie band (71cm long) is enclosed in a delicated nylon sleeve to protect the cylinder\u00b4s exterior finishing. Ideal for use with alu cylinders (S80 with diameter 180mm) but can also be used for steel 170mm&hellip;&nbsp;<a href=\"https:\/\/soprastek.com\/cs\/shop\/stage-bottle-rigging-s80\/\" rel=\"bookmark\">\u010c\u00edst d\u00e1le &raquo;<span class=\"screen-reader-text\">Stage bottle rigging (S80)<\/span><\/a><\/p>\n","protected":false},"featured_media":14883,"comment_status":"open","ping_status":"closed","template":"","meta":{"_uag_custom_page_level_css":"","neve_meta_sidebar":"","neve_meta_container":"","neve_meta_enable_content_width":"off","neve_meta_content_width":100,"neve_meta_title_alignment":"","neve_meta_author_avatar":"","neve_post_elements_order":"","neve_meta_disable_header":"","neve_meta_disable_footer":"","neve_meta_disable_title":""},"product_brand":[],"product_cat":[667],"product_tag":[],"class_list":{"0":"post-17139","1":"product","2":"type-product","3":"status-publish","4":"has-post-thumbnail","6":"product_cat-uchyceni-lahvi","8":"first","9":"instock","10":"taxable","11":"shipping-taxable","12":"purchasable","13":"product-type-simple"},"yoast_head":"<!-- This site is optimized with the Yoast SEO plugin v27.2 - https:\/\/yoast.com\/product\/yoast-seo-wordpress\/ -->\n<title>Stage bottle rigging (S80) - Sopras Tek<\/title>\n<meta name=\"robots\" content=\"index, follow, max-snippet:-1, max-image-preview:large, max-video-preview:-1\" \/>\n<link rel=\"canonical\" href=\"https:\/\/soprastek.com\/cs\/shop\/stage-bottle-rigging-s80\/\" \/>\n<meta property=\"og:locale\" content=\"cs_CZ\" \/>\n<meta property=\"og:type\" content=\"article\" \/>\n<meta property=\"og:title\" content=\"Stage bottle rigging (S80) - Sopras Tek\" \/>\n<meta property=\"og:description\" content=\"This simple but elegant solution provides a reliable and streamlined solution for stage\/deco bottles. The heavy duty stainless steel zip tie band (71cm long) is enclosed in a delicated nylon sleeve to protect the cylinder\u00b4s exterior finishing. Ideal for use with alu cylinders (S80 with diameter 180mm) but can also be used for steel 170mm&hellip;&nbsp;\u010c\u00edst d\u00e1le &raquo;Stage bottle rigging (S80)\" \/>\n<meta property=\"og:url\" content=\"https:\/\/soprastek.com\/cs\/shop\/stage-bottle-rigging-s80\/\" \/>\n<meta property=\"og:site_name\" content=\"Sopras Tek\" \/>\n<meta name=\"twitter:card\" content=\"summary_large_image\" \/>\n<script type=\"application\/ld+json\" class=\"yoast-schema-graph\">{\"@context\":\"https:\/\/schema.org\",\"@graph\":[{\"@type\":\"WebPage\",\"@id\":\"https:\/\/soprastek.com\/cs\/shop\/stage-bottle-rigging-s80\/\",\"url\":\"https:\/\/soprastek.com\/cs\/shop\/stage-bottle-rigging-s80\/\",\"name\":\"Stage bottle rigging (S80) - Sopras Tek\",\"isPartOf\":{\"@id\":\"https:\/\/soprastek.com\/#website\"},\"primaryImageOfPage\":{\"@id\":\"https:\/\/soprastek.com\/cs\/shop\/stage-bottle-rigging-s80\/#primaryimage\"},\"image\":{\"@id\":\"https:\/\/soprastek.com\/cs\/shop\/stage-bottle-rigging-s80\/#primaryimage\"},\"thumbnailUrl\":\"https:\/\/soprastek.com\/wp-content\/uploads\/2025\/05\/761212-Stage-bottle-rigging-S80.jpg\",\"datePublished\":\"2025-05-03T18:55:05+00:00\",\"breadcrumb\":{\"@id\":\"https:\/\/soprastek.com\/cs\/shop\/stage-bottle-rigging-s80\/#breadcrumb\"},\"inLanguage\":\"cs\",\"potentialAction\":[{\"@type\":\"ReadAction\",\"target\":[\"https:\/\/soprastek.com\/cs\/shop\/stage-bottle-rigging-s80\/\"]}]},{\"@type\":\"ImageObject\",\"inLanguage\":\"cs\",\"@id\":\"https:\/\/soprastek.com\/cs\/shop\/stage-bottle-rigging-s80\/#primaryimage\",\"url\":\"https:\/\/soprastek.com\/wp-content\/uploads\/2025\/05\/761212-Stage-bottle-rigging-S80.jpg\",\"contentUrl\":\"https:\/\/soprastek.com\/wp-content\/uploads\/2025\/05\/761212-Stage-bottle-rigging-S80.jpg\",\"width\":1496,\"height\":1496},{\"@type\":\"BreadcrumbList\",\"@id\":\"https:\/\/soprastek.com\/cs\/shop\/stage-bottle-rigging-s80\/#breadcrumb\",\"itemListElement\":[{\"@type\":\"ListItem\",\"position\":1,\"name\":\"Home\",\"item\":\"https:\/\/soprastek.com\/cs\/\"},{\"@type\":\"ListItem\",\"position\":2,\"name\":\"Shop\",\"item\":\"https:\/\/soprastek.com\/shop\/\"},{\"@type\":\"ListItem\",\"position\":3,\"name\":\"Stage bottle rigging (S80)\"}]},{\"@type\":\"WebSite\",\"@id\":\"https:\/\/soprastek.com\/#website\",\"url\":\"https:\/\/soprastek.com\/\",\"name\":\"Sopras Tek\",\"description\":\"Badass divers\",\"potentialAction\":[{\"@type\":\"SearchAction\",\"target\":{\"@type\":\"EntryPoint\",\"urlTemplate\":\"https:\/\/soprastek.com\/?s={search_term_string}\"},\"query-input\":{\"@type\":\"PropertyValueSpecification\",\"valueRequired\":true,\"valueName\":\"search_term_string\"}}],\"inLanguage\":\"cs\"}]}<\/script>\n<!-- \/ Yoast SEO plugin. -->","yoast_head_json":{"title":"Stage bottle rigging (S80) - Sopras Tek","robots":{"index":"index","follow":"follow","max-snippet":"max-snippet:-1","max-image-preview":"max-image-preview:large","max-video-preview":"max-video-preview:-1"},"canonical":"https:\/\/soprastek.com\/cs\/shop\/stage-bottle-rigging-s80\/","og_locale":"cs_CZ","og_type":"article","og_title":"Stage bottle rigging (S80) - Sopras Tek","og_description":"This simple but elegant solution provides a reliable and streamlined solution for stage\/deco bottles. The heavy duty stainless steel zip tie band (71cm long) is enclosed in a delicated nylon sleeve to protect the cylinder\u00b4s exterior finishing. Ideal for use with alu cylinders (S80 with diameter 180mm) but can also be used for steel 170mm&hellip;&nbsp;\u010c\u00edst d\u00e1le &raquo;Stage bottle rigging (S80)","og_url":"https:\/\/soprastek.com\/cs\/shop\/stage-bottle-rigging-s80\/","og_site_name":"Sopras Tek","twitter_card":"summary_large_image","schema":{"@context":"https:\/\/schema.org","@graph":[{"@type":"WebPage","@id":"https:\/\/soprastek.com\/cs\/shop\/stage-bottle-rigging-s80\/","url":"https:\/\/soprastek.com\/cs\/shop\/stage-bottle-rigging-s80\/","name":"Stage bottle rigging (S80) - Sopras Tek","isPartOf":{"@id":"https:\/\/soprastek.com\/#website"},"primaryImageOfPage":{"@id":"https:\/\/soprastek.com\/cs\/shop\/stage-bottle-rigging-s80\/#primaryimage"},"image":{"@id":"https:\/\/soprastek.com\/cs\/shop\/stage-bottle-rigging-s80\/#primaryimage"},"thumbnailUrl":"https:\/\/soprastek.com\/wp-content\/uploads\/2025\/05\/761212-Stage-bottle-rigging-S80.jpg","datePublished":"2025-05-03T18:55:05+00:00","breadcrumb":{"@id":"https:\/\/soprastek.com\/cs\/shop\/stage-bottle-rigging-s80\/#breadcrumb"},"inLanguage":"cs","potentialAction":[{"@type":"ReadAction","target":["https:\/\/soprastek.com\/cs\/shop\/stage-bottle-rigging-s80\/"]}]},{"@type":"ImageObject","inLanguage":"cs","@id":"https:\/\/soprastek.com\/cs\/shop\/stage-bottle-rigging-s80\/#primaryimage","url":"https:\/\/soprastek.com\/wp-content\/uploads\/2025\/05\/761212-Stage-bottle-rigging-S80.jpg","contentUrl":"https:\/\/soprastek.com\/wp-content\/uploads\/2025\/05\/761212-Stage-bottle-rigging-S80.jpg","width":1496,"height":1496},{"@type":"BreadcrumbList","@id":"https:\/\/soprastek.com\/cs\/shop\/stage-bottle-rigging-s80\/#breadcrumb","itemListElement":[{"@type":"ListItem","position":1,"name":"Home","item":"https:\/\/soprastek.com\/cs\/"},{"@type":"ListItem","position":2,"name":"Shop","item":"https:\/\/soprastek.com\/shop\/"},{"@type":"ListItem","position":3,"name":"Stage bottle rigging (S80)"}]},{"@type":"WebSite","@id":"https:\/\/soprastek.com\/#website","url":"https:\/\/soprastek.com\/","name":"Sopras Tek","description":"Badass divers","potentialAction":[{"@type":"SearchAction","target":{"@type":"EntryPoint","urlTemplate":"https:\/\/soprastek.com\/?s={search_term_string}"},"query-input":{"@type":"PropertyValueSpecification","valueRequired":true,"valueName":"search_term_string"}}],"inLanguage":"cs"}]}},"uagb_featured_image_src":{"full":["https:\/\/soprastek.com\/wp-content\/uploads\/2025\/05\/761212-Stage-bottle-rigging-S80.jpg",1496,1496,false],"thumbnail":["https:\/\/soprastek.com\/wp-content\/uploads\/2025\/05\/761212-Stage-bottle-rigging-S80-150x150.jpg",150,150,true],"medium":["https:\/\/soprastek.com\/wp-content\/uploads\/2025\/05\/761212-Stage-bottle-rigging-S80-300x300.jpg",300,300,true],"medium_large":["https:\/\/soprastek.com\/wp-content\/uploads\/2025\/05\/761212-Stage-bottle-rigging-S80-768x768.jpg",768,768,true],"large":["https:\/\/soprastek.com\/wp-content\/uploads\/2025\/05\/761212-Stage-bottle-rigging-S80-1024x1024.jpg",1024,1024,true],"1536x1536":["https:\/\/soprastek.com\/wp-content\/uploads\/2025\/05\/761212-Stage-bottle-rigging-S80.jpg",1496,1496,false],"2048x2048":["https:\/\/soprastek.com\/wp-content\/uploads\/2025\/05\/761212-Stage-bottle-rigging-S80.jpg",1496,1496,false],"neve-blog":["https:\/\/soprastek.com\/wp-content\/uploads\/2025\/05\/761212-Stage-bottle-rigging-S80-930x620.jpg",930,620,true],"mailpoet_newsletter_max":["https:\/\/soprastek.com\/wp-content\/uploads\/2025\/05\/761212-Stage-bottle-rigging-S80-1320x1320.jpg",1320,1320,true],"woocommerce_thumbnail":["https:\/\/soprastek.com\/wp-content\/uploads\/2025\/05\/761212-Stage-bottle-rigging-S80-300x300.jpg",300,300,true],"woocommerce_single":["https:\/\/soprastek.com\/wp-content\/uploads\/2025\/05\/761212-Stage-bottle-rigging-S80-600x600.jpg",600,600,true],"woocommerce_gallery_thumbnail":["https:\/\/soprastek.com\/wp-content\/uploads\/2025\/05\/761212-Stage-bottle-rigging-S80-100x100.jpg",100,100,true]},"uagb_author_info":{"display_name":"sobkova","author_link":"https:\/\/soprastek.com\/cs\/author\/"},"uagb_comment_info":0,"uagb_excerpt":"This simple but elegant solution provides a reliable and streamlined solution for stage\/deco bottles. The heavy duty stainless steel zip tie band (71cm long) is enclosed in a delicated nylon sleeve to protect the cylinder\u00b4s exterior finishing. Ideal for use with alu cylinders (S80 with diameter 180mm) but can also be used for steel 170mm&hellip;&nbsp;\u010c\u00edst&hellip;","_links":{"self":[{"href":"https:\/\/soprastek.com\/cs\/wp-json\/wp\/v2\/product\/17139","targetHints":{"allow":["GET"]}}],"collection":[{"href":"https:\/\/soprastek.com\/cs\/wp-json\/wp\/v2\/product"}],"about":[{"href":"https:\/\/soprastek.com\/cs\/wp-json\/wp\/v2\/types\/product"}],"replies":[{"embeddable":true,"href":"https:\/\/soprastek.com\/cs\/wp-json\/wp\/v2\/comments?post=17139"}],"wp:featuredmedia":[{"embeddable":true,"href":"https:\/\/soprastek.com\/cs\/wp-json\/wp\/v2\/media\/14883"}],"wp:attachment":[{"href":"https:\/\/soprastek.com\/cs\/wp-json\/wp\/v2\/media?parent=17139"}],"wp:term":[{"taxonomy":"product_brand","embeddable":true,"href":"https:\/\/soprastek.com\/cs\/wp-json\/wp\/v2\/product_brand?post=17139"},{"taxonomy":"product_cat","embeddable":true,"href":"https:\/\/soprastek.com\/cs\/wp-json\/wp\/v2\/product_cat?post=17139"},{"taxonomy":"product_tag","embeddable":true,"href":"https:\/\/soprastek.com\/cs\/wp-json\/wp\/v2\/product_tag?post=17139"}],"curies":[{"name":"wp","href":"https:\/\/api.w.org\/{rel}","templated":true}]}}