{"id":17164,"date":"2025-04-26T18:15:15","date_gmt":"2025-04-26T17:15:15","guid":{"rendered":"https:\/\/soprastek.com\/shop\/smb-100x10cmdefl-infl-valve\/"},"modified":"2025-04-26T18:15:15","modified_gmt":"2025-04-26T17:15:15","slug":"smb-100x10cmdefl-infl-valve","status":"publish","type":"product","link":"https:\/\/soprastek.com\/cs\/shop\/smb-100x10cmdefl-infl-valve\/","title":{"rendered":"SMB 100x10cm(defl\/infl valve)"},"content":{"rendered":"<p>New SMB with size 100x10cm available in 4 colours and equipped with our new all in one inflation\/deflation valve, plastic snap link and velcro for storing. This valve allows inflation via your mouth as well as with the inflator LP hose and also deflation by pulling the cord. The low profile of the valve plus the fact that no additional inflation tube is needed allows a much smaller volume of the SMB when rolled up. For this see the last picture and the video here:\u00a0<a href=\"https:\/\/youtube.com\/shorts\/9B-0U7Fxp6k\" target=\"_blank\" rel=\"noopener\" data-saferedirecturl=\"https:\/\/www.google.com\/url?q=https:\/\/youtube.com\/shorts\/9B-0U7Fxp6k&amp;source=gmail&amp;ust=1745741873211000&amp;usg=AOvVaw2YgTtJ_VgDvm6NnX5hZCbN\">https:\/\/youtube.com\/shorts\/9B-<wbr \/>0U7Fxp6k<\/a><\/p>\n","protected":false},"excerpt":{"rendered":"<p>New SMB with size 100x10cm available in 4 colours and equipped with our new all in one inflation\/deflation valve, plastic snap link and velcro for storing. This valve allows inflation via your mouth as well as with the inflator LP hose and also deflation by pulling the cord. The low profile of the valve plus&hellip;&nbsp;<a href=\"https:\/\/soprastek.com\/cs\/shop\/smb-100x10cmdefl-infl-valve\/\" rel=\"bookmark\">\u010c\u00edst d\u00e1le &raquo;<span class=\"screen-reader-text\">SMB 100x10cm(defl\/infl valve)<\/span><\/a><\/p>\n","protected":false},"featured_media":14767,"comment_status":"open","ping_status":"closed","template":"","meta":{"_uag_custom_page_level_css":"","neve_meta_sidebar":"","neve_meta_container":"","neve_meta_enable_content_width":"off","neve_meta_content_width":100,"neve_meta_title_alignment":"","neve_meta_author_avatar":"","neve_post_elements_order":"","neve_meta_disable_header":"","neve_meta_disable_footer":"","neve_meta_disable_title":""},"product_brand":[],"product_cat":[898],"product_tag":[695],"class_list":{"0":"post-17164","1":"product","2":"type-product","3":"status-publish","4":"has-post-thumbnail","6":"product_cat-smb-lifting-buoys-cs","7":"product_tag-new-cs","9":"first","10":"instock","11":"taxable","12":"shipping-taxable","13":"purchasable","14":"product-type-variable"},"yoast_head":"<!-- This site is optimized with the Yoast SEO plugin v27.2 - https:\/\/yoast.com\/product\/yoast-seo-wordpress\/ -->\n<title>SMB 100x10cm(defl\/infl valve) - Sopras Tek<\/title>\n<meta name=\"robots\" content=\"index, follow, max-snippet:-1, max-image-preview:large, max-video-preview:-1\" \/>\n<link rel=\"canonical\" href=\"https:\/\/soprastek.com\/cs\/shop\/smb-100x10cmdefl-infl-valve\/\" \/>\n<meta property=\"og:locale\" content=\"cs_CZ\" \/>\n<meta property=\"og:type\" content=\"article\" \/>\n<meta property=\"og:title\" content=\"SMB 100x10cm(defl\/infl valve) - Sopras Tek\" \/>\n<meta property=\"og:description\" content=\"New SMB with size 100x10cm available in 4 colours and equipped with our new all in one inflation\/deflation valve, plastic snap link and velcro for storing. This valve allows inflation via your mouth as well as with the inflator LP hose and also deflation by pulling the cord. The low profile of the valve plus&hellip;&nbsp;\u010c\u00edst d\u00e1le &raquo;SMB 100x10cm(defl\/infl valve)\" \/>\n<meta property=\"og:url\" content=\"https:\/\/soprastek.com\/cs\/shop\/smb-100x10cmdefl-infl-valve\/\" \/>\n<meta property=\"og:site_name\" content=\"Sopras Tek\" \/>\n<meta name=\"twitter:card\" content=\"summary_large_image\" \/>\n<script type=\"application\/ld+json\" class=\"yoast-schema-graph\">{\"@context\":\"https:\/\/schema.org\",\"@graph\":[{\"@type\":\"WebPage\",\"@id\":\"https:\/\/soprastek.com\/cs\/shop\/smb-100x10cmdefl-infl-valve\/\",\"url\":\"https:\/\/soprastek.com\/cs\/shop\/smb-100x10cmdefl-infl-valve\/\",\"name\":\"SMB 100x10cm(defl\/infl valve) - Sopras Tek\",\"isPartOf\":{\"@id\":\"https:\/\/soprastek.com\/#website\"},\"primaryImageOfPage\":{\"@id\":\"https:\/\/soprastek.com\/cs\/shop\/smb-100x10cmdefl-infl-valve\/#primaryimage\"},\"image\":{\"@id\":\"https:\/\/soprastek.com\/cs\/shop\/smb-100x10cmdefl-infl-valve\/#primaryimage\"},\"thumbnailUrl\":\"https:\/\/soprastek.com\/wp-content\/uploads\/2025\/04\/85270-YPOK.jpg\",\"datePublished\":\"2025-04-26T17:15:15+00:00\",\"breadcrumb\":{\"@id\":\"https:\/\/soprastek.com\/cs\/shop\/smb-100x10cmdefl-infl-valve\/#breadcrumb\"},\"inLanguage\":\"cs\",\"potentialAction\":[{\"@type\":\"ReadAction\",\"target\":[\"https:\/\/soprastek.com\/cs\/shop\/smb-100x10cmdefl-infl-valve\/\"]}]},{\"@type\":\"ImageObject\",\"inLanguage\":\"cs\",\"@id\":\"https:\/\/soprastek.com\/cs\/shop\/smb-100x10cmdefl-infl-valve\/#primaryimage\",\"url\":\"https:\/\/soprastek.com\/wp-content\/uploads\/2025\/04\/85270-YPOK.jpg\",\"contentUrl\":\"https:\/\/soprastek.com\/wp-content\/uploads\/2025\/04\/85270-YPOK.jpg\",\"width\":1500,\"height\":1500},{\"@type\":\"BreadcrumbList\",\"@id\":\"https:\/\/soprastek.com\/cs\/shop\/smb-100x10cmdefl-infl-valve\/#breadcrumb\",\"itemListElement\":[{\"@type\":\"ListItem\",\"position\":1,\"name\":\"Home\",\"item\":\"https:\/\/soprastek.com\/cs\/\"},{\"@type\":\"ListItem\",\"position\":2,\"name\":\"Shop\",\"item\":\"https:\/\/soprastek.com\/shop\/\"},{\"@type\":\"ListItem\",\"position\":3,\"name\":\"SMB 100x10cm(defl\/infl valve)\"}]},{\"@type\":\"WebSite\",\"@id\":\"https:\/\/soprastek.com\/#website\",\"url\":\"https:\/\/soprastek.com\/\",\"name\":\"Sopras Tek\",\"description\":\"Badass divers\",\"potentialAction\":[{\"@type\":\"SearchAction\",\"target\":{\"@type\":\"EntryPoint\",\"urlTemplate\":\"https:\/\/soprastek.com\/?s={search_term_string}\"},\"query-input\":{\"@type\":\"PropertyValueSpecification\",\"valueRequired\":true,\"valueName\":\"search_term_string\"}}],\"inLanguage\":\"cs\"}]}<\/script>\n<!-- \/ Yoast SEO plugin. -->","yoast_head_json":{"title":"SMB 100x10cm(defl\/infl valve) - Sopras Tek","robots":{"index":"index","follow":"follow","max-snippet":"max-snippet:-1","max-image-preview":"max-image-preview:large","max-video-preview":"max-video-preview:-1"},"canonical":"https:\/\/soprastek.com\/cs\/shop\/smb-100x10cmdefl-infl-valve\/","og_locale":"cs_CZ","og_type":"article","og_title":"SMB 100x10cm(defl\/infl valve) - Sopras Tek","og_description":"New SMB with size 100x10cm available in 4 colours and equipped with our new all in one inflation\/deflation valve, plastic snap link and velcro for storing. This valve allows inflation via your mouth as well as with the inflator LP hose and also deflation by pulling the cord. The low profile of the valve plus&hellip;&nbsp;\u010c\u00edst d\u00e1le &raquo;SMB 100x10cm(defl\/infl valve)","og_url":"https:\/\/soprastek.com\/cs\/shop\/smb-100x10cmdefl-infl-valve\/","og_site_name":"Sopras Tek","twitter_card":"summary_large_image","schema":{"@context":"https:\/\/schema.org","@graph":[{"@type":"WebPage","@id":"https:\/\/soprastek.com\/cs\/shop\/smb-100x10cmdefl-infl-valve\/","url":"https:\/\/soprastek.com\/cs\/shop\/smb-100x10cmdefl-infl-valve\/","name":"SMB 100x10cm(defl\/infl valve) - Sopras Tek","isPartOf":{"@id":"https:\/\/soprastek.com\/#website"},"primaryImageOfPage":{"@id":"https:\/\/soprastek.com\/cs\/shop\/smb-100x10cmdefl-infl-valve\/#primaryimage"},"image":{"@id":"https:\/\/soprastek.com\/cs\/shop\/smb-100x10cmdefl-infl-valve\/#primaryimage"},"thumbnailUrl":"https:\/\/soprastek.com\/wp-content\/uploads\/2025\/04\/85270-YPOK.jpg","datePublished":"2025-04-26T17:15:15+00:00","breadcrumb":{"@id":"https:\/\/soprastek.com\/cs\/shop\/smb-100x10cmdefl-infl-valve\/#breadcrumb"},"inLanguage":"cs","potentialAction":[{"@type":"ReadAction","target":["https:\/\/soprastek.com\/cs\/shop\/smb-100x10cmdefl-infl-valve\/"]}]},{"@type":"ImageObject","inLanguage":"cs","@id":"https:\/\/soprastek.com\/cs\/shop\/smb-100x10cmdefl-infl-valve\/#primaryimage","url":"https:\/\/soprastek.com\/wp-content\/uploads\/2025\/04\/85270-YPOK.jpg","contentUrl":"https:\/\/soprastek.com\/wp-content\/uploads\/2025\/04\/85270-YPOK.jpg","width":1500,"height":1500},{"@type":"BreadcrumbList","@id":"https:\/\/soprastek.com\/cs\/shop\/smb-100x10cmdefl-infl-valve\/#breadcrumb","itemListElement":[{"@type":"ListItem","position":1,"name":"Home","item":"https:\/\/soprastek.com\/cs\/"},{"@type":"ListItem","position":2,"name":"Shop","item":"https:\/\/soprastek.com\/shop\/"},{"@type":"ListItem","position":3,"name":"SMB 100x10cm(defl\/infl valve)"}]},{"@type":"WebSite","@id":"https:\/\/soprastek.com\/#website","url":"https:\/\/soprastek.com\/","name":"Sopras Tek","description":"Badass divers","potentialAction":[{"@type":"SearchAction","target":{"@type":"EntryPoint","urlTemplate":"https:\/\/soprastek.com\/?s={search_term_string}"},"query-input":{"@type":"PropertyValueSpecification","valueRequired":true,"valueName":"search_term_string"}}],"inLanguage":"cs"}]}},"uagb_featured_image_src":{"full":["https:\/\/soprastek.com\/wp-content\/uploads\/2025\/04\/85270-YPOK.jpg",1500,1500,false],"thumbnail":["https:\/\/soprastek.com\/wp-content\/uploads\/2025\/04\/85270-YPOK-150x150.jpg",150,150,true],"medium":["https:\/\/soprastek.com\/wp-content\/uploads\/2025\/04\/85270-YPOK-300x300.jpg",300,300,true],"medium_large":["https:\/\/soprastek.com\/wp-content\/uploads\/2025\/04\/85270-YPOK-768x768.jpg",768,768,true],"large":["https:\/\/soprastek.com\/wp-content\/uploads\/2025\/04\/85270-YPOK-1024x1024.jpg",1024,1024,true],"1536x1536":["https:\/\/soprastek.com\/wp-content\/uploads\/2025\/04\/85270-YPOK.jpg",1500,1500,false],"2048x2048":["https:\/\/soprastek.com\/wp-content\/uploads\/2025\/04\/85270-YPOK.jpg",1500,1500,false],"neve-blog":["https:\/\/soprastek.com\/wp-content\/uploads\/2025\/04\/85270-YPOK-930x620.jpg",930,620,true],"mailpoet_newsletter_max":["https:\/\/soprastek.com\/wp-content\/uploads\/2025\/04\/85270-YPOK-1320x1320.jpg",1320,1320,true],"woocommerce_thumbnail":["https:\/\/soprastek.com\/wp-content\/uploads\/2025\/04\/85270-YPOK-300x300.jpg",300,300,true],"woocommerce_single":["https:\/\/soprastek.com\/wp-content\/uploads\/2025\/04\/85270-YPOK-600x600.jpg",600,600,true],"woocommerce_gallery_thumbnail":["https:\/\/soprastek.com\/wp-content\/uploads\/2025\/04\/85270-YPOK-100x100.jpg",100,100,true]},"uagb_author_info":{"display_name":"sobkova","author_link":"https:\/\/soprastek.com\/cs\/author\/"},"uagb_comment_info":0,"uagb_excerpt":"New SMB with size 100x10cm available in 4 colours and equipped with our new all in one inflation\/deflation valve, plastic snap link and velcro for storing. This valve allows inflation via your mouth as well as with the inflator LP hose and also deflation by pulling the cord. The low profile of the valve plus&hellip;&nbsp;\u010c\u00edst&hellip;","_links":{"self":[{"href":"https:\/\/soprastek.com\/cs\/wp-json\/wp\/v2\/product\/17164","targetHints":{"allow":["GET"]}}],"collection":[{"href":"https:\/\/soprastek.com\/cs\/wp-json\/wp\/v2\/product"}],"about":[{"href":"https:\/\/soprastek.com\/cs\/wp-json\/wp\/v2\/types\/product"}],"replies":[{"embeddable":true,"href":"https:\/\/soprastek.com\/cs\/wp-json\/wp\/v2\/comments?post=17164"}],"wp:featuredmedia":[{"embeddable":true,"href":"https:\/\/soprastek.com\/cs\/wp-json\/wp\/v2\/media\/14767"}],"wp:attachment":[{"href":"https:\/\/soprastek.com\/cs\/wp-json\/wp\/v2\/media?parent=17164"}],"wp:term":[{"taxonomy":"product_brand","embeddable":true,"href":"https:\/\/soprastek.com\/cs\/wp-json\/wp\/v2\/product_brand?post=17164"},{"taxonomy":"product_cat","embeddable":true,"href":"https:\/\/soprastek.com\/cs\/wp-json\/wp\/v2\/product_cat?post=17164"},{"taxonomy":"product_tag","embeddable":true,"href":"https:\/\/soprastek.com\/cs\/wp-json\/wp\/v2\/product_tag?post=17164"}],"curies":[{"name":"wp","href":"https:\/\/api.w.org\/{rel}","templated":true}]}}