{"id":17196,"date":"2025-04-12T14:18:42","date_gmt":"2025-04-12T13:18:42","guid":{"rendered":"https:\/\/soprastek.com\/shop\/plutone-ice-venere-adj\/"},"modified":"2025-04-12T14:18:42","modified_gmt":"2025-04-12T13:18:42","slug":"plutone-ice-venere-adj","status":"publish","type":"product","link":"https:\/\/soprastek.com\/cs\/shop\/plutone-ice-venere-adj\/","title":{"rendered":"Plutone ICE\/Venere ADJ"},"content":{"rendered":"<p>The first stage Plutone ICE is a balanced membrane regulator ideal for backmount. The angles of the ports allow a perfect routing of the hoses for both single tank as well as twin tanks. Plutone is available with both satin finish as well as with black coating.<\/p>\n<p>The second stage Venere ADJ is an adjustable balanced second stage with ON\/OFF lever and anatomic mouth piece.<\/p>\n<p>The hose in the standard configuration is 60cm long.<\/p>\n<p>This regulator set is CE certified to be used with an Octopus and with cold waters down to 4 degrees<\/p>\n<p>&nbsp;<\/p>\n<p>Declaration of Conformity with EN 250:2014\u00a0 <a href=\"https:\/\/soprastek.com\/wp-content\/uploads\/2025\/03\/Doc-Plutone-Venere.pdf\">https:\/\/soprastek.com\/wp-content\/uploads\/2025\/03\/Doc-Plutone-Venere.pdf<\/a><\/p>\n<p>User manual for Mercurio ICE\/Venere ADJ and for Plutone ICE\/Venere ADJ\u00a0<a href=\"https:\/\/soprastek.com\/wp-content\/uploads\/2025\/04\/User-Manual-MercurioPlutone-1st-and-Venere-2st.pdf\"> https:\/\/soprastek.com\/wp-content\/uploads\/2025\/04\/User-Manual-MercurioPlutone-1st-and-Venere-2st.pdf<\/a><\/p>\n","protected":false},"excerpt":{"rendered":"<p>The first stage Plutone ICE is a balanced membrane regulator ideal for backmount. The angles of the ports allow a perfect routing of the hoses for both single tank as well as twin tanks. Plutone is available with both satin finish as well as with black coating. The second stage Venere ADJ is an adjustable&hellip;&nbsp;<a href=\"https:\/\/soprastek.com\/cs\/shop\/plutone-ice-venere-adj\/\" rel=\"bookmark\">\u010c\u00edst d\u00e1le &raquo;<span class=\"screen-reader-text\">Plutone ICE\/Venere ADJ<\/span><\/a><\/p>\n","protected":false},"featured_media":14572,"comment_status":"open","ping_status":"closed","template":"","meta":{"_uag_custom_page_level_css":"","neve_meta_sidebar":"","neve_meta_container":"","neve_meta_enable_content_width":"off","neve_meta_content_width":100,"neve_meta_title_alignment":"","neve_meta_author_avatar":"","neve_post_elements_order":"","neve_meta_disable_header":"","neve_meta_disable_footer":"","neve_meta_disable_title":""},"product_brand":[],"product_cat":[648],"product_tag":[695],"class_list":{"0":"post-17196","1":"product","2":"type-product","3":"status-publish","4":"has-post-thumbnail","6":"product_cat-sady","7":"product_tag-new-cs","9":"first","10":"instock","11":"taxable","12":"shipping-taxable","13":"purchasable","14":"product-type-variable"},"yoast_head":"<!-- This site is optimized with the Yoast SEO plugin v27.2 - https:\/\/yoast.com\/product\/yoast-seo-wordpress\/ -->\n<title>Plutone ICE\/Venere ADJ - Sopras Tek<\/title>\n<meta name=\"robots\" content=\"index, follow, max-snippet:-1, max-image-preview:large, max-video-preview:-1\" \/>\n<link rel=\"canonical\" href=\"https:\/\/soprastek.com\/cs\/shop\/plutone-ice-venere-adj\/\" \/>\n<meta property=\"og:locale\" content=\"cs_CZ\" \/>\n<meta property=\"og:type\" content=\"article\" \/>\n<meta property=\"og:title\" content=\"Plutone ICE\/Venere ADJ - Sopras Tek\" \/>\n<meta property=\"og:description\" content=\"The first stage Plutone ICE is a balanced membrane regulator ideal for backmount. The angles of the ports allow a perfect routing of the hoses for both single tank as well as twin tanks. Plutone is available with both satin finish as well as with black coating. The second stage Venere ADJ is an adjustable&hellip;&nbsp;\u010c\u00edst d\u00e1le &raquo;Plutone ICE\/Venere ADJ\" \/>\n<meta property=\"og:url\" content=\"https:\/\/soprastek.com\/cs\/shop\/plutone-ice-venere-adj\/\" \/>\n<meta property=\"og:site_name\" content=\"Sopras Tek\" \/>\n<meta name=\"twitter:card\" content=\"summary_large_image\" \/>\n<meta name=\"twitter:label1\" content=\"Odhadovan\u00e1 doba \u010dten\u00ed\" \/>\n\t<meta name=\"twitter:data1\" content=\"1 minuta\" \/>\n<script type=\"application\/ld+json\" class=\"yoast-schema-graph\">{\"@context\":\"https:\/\/schema.org\",\"@graph\":[{\"@type\":\"WebPage\",\"@id\":\"https:\/\/soprastek.com\/cs\/shop\/plutone-ice-venere-adj\/\",\"url\":\"https:\/\/soprastek.com\/cs\/shop\/plutone-ice-venere-adj\/\",\"name\":\"Plutone ICE\/Venere ADJ - Sopras Tek\",\"isPartOf\":{\"@id\":\"https:\/\/soprastek.com\/#website\"},\"primaryImageOfPage\":{\"@id\":\"https:\/\/soprastek.com\/cs\/shop\/plutone-ice-venere-adj\/#primaryimage\"},\"image\":{\"@id\":\"https:\/\/soprastek.com\/cs\/shop\/plutone-ice-venere-adj\/#primaryimage\"},\"thumbnailUrl\":\"https:\/\/soprastek.com\/wp-content\/uploads\/2025\/04\/Plutonesatin-Venere.jpg\",\"datePublished\":\"2025-04-12T13:18:42+00:00\",\"breadcrumb\":{\"@id\":\"https:\/\/soprastek.com\/cs\/shop\/plutone-ice-venere-adj\/#breadcrumb\"},\"inLanguage\":\"cs\",\"potentialAction\":[{\"@type\":\"ReadAction\",\"target\":[\"https:\/\/soprastek.com\/cs\/shop\/plutone-ice-venere-adj\/\"]}]},{\"@type\":\"ImageObject\",\"inLanguage\":\"cs\",\"@id\":\"https:\/\/soprastek.com\/cs\/shop\/plutone-ice-venere-adj\/#primaryimage\",\"url\":\"https:\/\/soprastek.com\/wp-content\/uploads\/2025\/04\/Plutonesatin-Venere.jpg\",\"contentUrl\":\"https:\/\/soprastek.com\/wp-content\/uploads\/2025\/04\/Plutonesatin-Venere.jpg\",\"width\":1496,\"height\":1496},{\"@type\":\"BreadcrumbList\",\"@id\":\"https:\/\/soprastek.com\/cs\/shop\/plutone-ice-venere-adj\/#breadcrumb\",\"itemListElement\":[{\"@type\":\"ListItem\",\"position\":1,\"name\":\"Home\",\"item\":\"https:\/\/soprastek.com\/cs\/\"},{\"@type\":\"ListItem\",\"position\":2,\"name\":\"Shop\",\"item\":\"https:\/\/soprastek.com\/shop\/\"},{\"@type\":\"ListItem\",\"position\":3,\"name\":\"Plutone ICE\/Venere ADJ\"}]},{\"@type\":\"WebSite\",\"@id\":\"https:\/\/soprastek.com\/#website\",\"url\":\"https:\/\/soprastek.com\/\",\"name\":\"Sopras Tek\",\"description\":\"Badass divers\",\"potentialAction\":[{\"@type\":\"SearchAction\",\"target\":{\"@type\":\"EntryPoint\",\"urlTemplate\":\"https:\/\/soprastek.com\/?s={search_term_string}\"},\"query-input\":{\"@type\":\"PropertyValueSpecification\",\"valueRequired\":true,\"valueName\":\"search_term_string\"}}],\"inLanguage\":\"cs\"}]}<\/script>\n<!-- \/ Yoast SEO plugin. -->","yoast_head_json":{"title":"Plutone ICE\/Venere ADJ - Sopras Tek","robots":{"index":"index","follow":"follow","max-snippet":"max-snippet:-1","max-image-preview":"max-image-preview:large","max-video-preview":"max-video-preview:-1"},"canonical":"https:\/\/soprastek.com\/cs\/shop\/plutone-ice-venere-adj\/","og_locale":"cs_CZ","og_type":"article","og_title":"Plutone ICE\/Venere ADJ - Sopras Tek","og_description":"The first stage Plutone ICE is a balanced membrane regulator ideal for backmount. The angles of the ports allow a perfect routing of the hoses for both single tank as well as twin tanks. Plutone is available with both satin finish as well as with black coating. The second stage Venere ADJ is an adjustable&hellip;&nbsp;\u010c\u00edst d\u00e1le &raquo;Plutone ICE\/Venere ADJ","og_url":"https:\/\/soprastek.com\/cs\/shop\/plutone-ice-venere-adj\/","og_site_name":"Sopras Tek","twitter_card":"summary_large_image","twitter_misc":{"Odhadovan\u00e1 doba \u010dten\u00ed":"1 minuta"},"schema":{"@context":"https:\/\/schema.org","@graph":[{"@type":"WebPage","@id":"https:\/\/soprastek.com\/cs\/shop\/plutone-ice-venere-adj\/","url":"https:\/\/soprastek.com\/cs\/shop\/plutone-ice-venere-adj\/","name":"Plutone ICE\/Venere ADJ - Sopras Tek","isPartOf":{"@id":"https:\/\/soprastek.com\/#website"},"primaryImageOfPage":{"@id":"https:\/\/soprastek.com\/cs\/shop\/plutone-ice-venere-adj\/#primaryimage"},"image":{"@id":"https:\/\/soprastek.com\/cs\/shop\/plutone-ice-venere-adj\/#primaryimage"},"thumbnailUrl":"https:\/\/soprastek.com\/wp-content\/uploads\/2025\/04\/Plutonesatin-Venere.jpg","datePublished":"2025-04-12T13:18:42+00:00","breadcrumb":{"@id":"https:\/\/soprastek.com\/cs\/shop\/plutone-ice-venere-adj\/#breadcrumb"},"inLanguage":"cs","potentialAction":[{"@type":"ReadAction","target":["https:\/\/soprastek.com\/cs\/shop\/plutone-ice-venere-adj\/"]}]},{"@type":"ImageObject","inLanguage":"cs","@id":"https:\/\/soprastek.com\/cs\/shop\/plutone-ice-venere-adj\/#primaryimage","url":"https:\/\/soprastek.com\/wp-content\/uploads\/2025\/04\/Plutonesatin-Venere.jpg","contentUrl":"https:\/\/soprastek.com\/wp-content\/uploads\/2025\/04\/Plutonesatin-Venere.jpg","width":1496,"height":1496},{"@type":"BreadcrumbList","@id":"https:\/\/soprastek.com\/cs\/shop\/plutone-ice-venere-adj\/#breadcrumb","itemListElement":[{"@type":"ListItem","position":1,"name":"Home","item":"https:\/\/soprastek.com\/cs\/"},{"@type":"ListItem","position":2,"name":"Shop","item":"https:\/\/soprastek.com\/shop\/"},{"@type":"ListItem","position":3,"name":"Plutone ICE\/Venere ADJ"}]},{"@type":"WebSite","@id":"https:\/\/soprastek.com\/#website","url":"https:\/\/soprastek.com\/","name":"Sopras Tek","description":"Badass divers","potentialAction":[{"@type":"SearchAction","target":{"@type":"EntryPoint","urlTemplate":"https:\/\/soprastek.com\/?s={search_term_string}"},"query-input":{"@type":"PropertyValueSpecification","valueRequired":true,"valueName":"search_term_string"}}],"inLanguage":"cs"}]}},"uagb_featured_image_src":{"full":["https:\/\/soprastek.com\/wp-content\/uploads\/2025\/04\/Plutonesatin-Venere.jpg",1496,1496,false],"thumbnail":["https:\/\/soprastek.com\/wp-content\/uploads\/2025\/04\/Plutonesatin-Venere-150x150.jpg",150,150,true],"medium":["https:\/\/soprastek.com\/wp-content\/uploads\/2025\/04\/Plutonesatin-Venere-300x300.jpg",300,300,true],"medium_large":["https:\/\/soprastek.com\/wp-content\/uploads\/2025\/04\/Plutonesatin-Venere-768x768.jpg",768,768,true],"large":["https:\/\/soprastek.com\/wp-content\/uploads\/2025\/04\/Plutonesatin-Venere-1024x1024.jpg",1024,1024,true],"1536x1536":["https:\/\/soprastek.com\/wp-content\/uploads\/2025\/04\/Plutonesatin-Venere.jpg",1496,1496,false],"2048x2048":["https:\/\/soprastek.com\/wp-content\/uploads\/2025\/04\/Plutonesatin-Venere.jpg",1496,1496,false],"neve-blog":["https:\/\/soprastek.com\/wp-content\/uploads\/2025\/04\/Plutonesatin-Venere-930x620.jpg",930,620,true],"mailpoet_newsletter_max":["https:\/\/soprastek.com\/wp-content\/uploads\/2025\/04\/Plutonesatin-Venere-1320x1320.jpg",1320,1320,true],"woocommerce_thumbnail":["https:\/\/soprastek.com\/wp-content\/uploads\/2025\/04\/Plutonesatin-Venere-300x300.jpg",300,300,true],"woocommerce_single":["https:\/\/soprastek.com\/wp-content\/uploads\/2025\/04\/Plutonesatin-Venere-600x600.jpg",600,600,true],"woocommerce_gallery_thumbnail":["https:\/\/soprastek.com\/wp-content\/uploads\/2025\/04\/Plutonesatin-Venere-100x100.jpg",100,100,true]},"uagb_author_info":{"display_name":"sobkova","author_link":"https:\/\/soprastek.com\/cs\/author\/"},"uagb_comment_info":0,"uagb_excerpt":"The first stage Plutone ICE is a balanced membrane regulator ideal for backmount. The angles of the ports allow a perfect routing of the hoses for both single tank as well as twin tanks. Plutone is available with both satin finish as well as with black coating. The second stage Venere ADJ is an adjustable&hellip;&nbsp;\u010c\u00edst&hellip;","_links":{"self":[{"href":"https:\/\/soprastek.com\/cs\/wp-json\/wp\/v2\/product\/17196","targetHints":{"allow":["GET"]}}],"collection":[{"href":"https:\/\/soprastek.com\/cs\/wp-json\/wp\/v2\/product"}],"about":[{"href":"https:\/\/soprastek.com\/cs\/wp-json\/wp\/v2\/types\/product"}],"replies":[{"embeddable":true,"href":"https:\/\/soprastek.com\/cs\/wp-json\/wp\/v2\/comments?post=17196"}],"wp:featuredmedia":[{"embeddable":true,"href":"https:\/\/soprastek.com\/cs\/wp-json\/wp\/v2\/media\/14572"}],"wp:attachment":[{"href":"https:\/\/soprastek.com\/cs\/wp-json\/wp\/v2\/media?parent=17196"}],"wp:term":[{"taxonomy":"product_brand","embeddable":true,"href":"https:\/\/soprastek.com\/cs\/wp-json\/wp\/v2\/product_brand?post=17196"},{"taxonomy":"product_cat","embeddable":true,"href":"https:\/\/soprastek.com\/cs\/wp-json\/wp\/v2\/product_cat?post=17196"},{"taxonomy":"product_tag","embeddable":true,"href":"https:\/\/soprastek.com\/cs\/wp-json\/wp\/v2\/product_tag?post=17196"}],"curies":[{"name":"wp","href":"https:\/\/api.w.org\/{rel}","templated":true}]}}