{"id":17246,"date":"2025-01-16T17:23:24","date_gmt":"2025-01-16T16:23:24","guid":{"rendered":"https:\/\/soprastek.com\/shop\/tekno-donut-14-tek\/"},"modified":"2025-01-16T17:23:24","modified_gmt":"2025-01-16T16:23:24","slug":"tekno-donut-14-tek","status":"publish","type":"product","link":"https:\/\/soprastek.com\/cs\/shop\/tekno-donut-14-tek\/","title":{"rendered":"Tekno Donut 14 TEK"},"content":{"rendered":"<p>Bladder Tekno Donut with 14l volume and inflator 400mm and with 4 slots for cylinders in Cordura.<\/p>\n<p>Any colour we have in stock (black, blue, light blue, green, yellow, red, orange, purple, pink, dark brown) can be made. If you wish to have an embroidery on your bladder you can have it for just additional 20Eur.<\/p>\n","protected":false},"excerpt":{"rendered":"<p>Bladder Tekno Donut with 14l volume and inflator 400mm and with 4 slots for cylinders in Cordura. Any colour we have in stock (black, blue, light blue, green, yellow, red, orange, purple, pink, dark brown) can be made. If you wish to have an embroidery on your bladder you can have it for just additional&hellip;&nbsp;<a href=\"https:\/\/soprastek.com\/cs\/shop\/tekno-donut-14-tek\/\" rel=\"bookmark\">\u010c\u00edst d\u00e1le &raquo;<span class=\"screen-reader-text\">Tekno Donut 14 TEK<\/span><\/a><\/p>\n","protected":false},"featured_media":12867,"comment_status":"open","ping_status":"closed","template":"","meta":{"_uag_custom_page_level_css":"","neve_meta_sidebar":"","neve_meta_container":"","neve_meta_enable_content_width":"off","neve_meta_content_width":100,"neve_meta_title_alignment":"","neve_meta_author_avatar":"","neve_post_elements_order":"","neve_meta_disable_header":"","neve_meta_disable_footer":"","neve_meta_disable_title":""},"product_brand":[],"product_cat":[691],"product_tag":[],"class_list":{"0":"post-17246","1":"product","2":"type-product","3":"status-publish","4":"has-post-thumbnail","6":"product_cat-vaky-pro-samostatne-lahve-11-16l","8":"first","9":"instock","10":"taxable","11":"shipping-taxable","12":"purchasable","13":"product-type-simple"},"yoast_head":"<!-- This site is optimized with the Yoast SEO plugin v27.5 - https:\/\/yoast.com\/product\/yoast-seo-wordpress\/ -->\n<title>Tekno Donut 14 TEK - Sopras Tek<\/title>\n<meta name=\"robots\" content=\"index, follow, max-snippet:-1, max-image-preview:large, max-video-preview:-1\" \/>\n<link rel=\"canonical\" href=\"https:\/\/soprastek.com\/cs\/shop\/tekno-donut-14-tek\/\" \/>\n<meta property=\"og:locale\" content=\"cs_CZ\" \/>\n<meta property=\"og:type\" content=\"article\" \/>\n<meta property=\"og:title\" content=\"Tekno Donut 14 TEK - Sopras Tek\" \/>\n<meta property=\"og:description\" content=\"Bladder Tekno Donut with 14l volume and inflator 400mm and with 4 slots for cylinders in Cordura. Any colour we have in stock (black, blue, light blue, green, yellow, red, orange, purple, pink, dark brown) can be made. If you wish to have an embroidery on your bladder you can have it for just additional&hellip;&nbsp;\u010c\u00edst d\u00e1le &raquo;Tekno Donut 14 TEK\" \/>\n<meta property=\"og:url\" content=\"https:\/\/soprastek.com\/cs\/shop\/tekno-donut-14-tek\/\" \/>\n<meta property=\"og:site_name\" content=\"Sopras Tek\" \/>\n<meta name=\"twitter:card\" content=\"summary_large_image\" \/>\n<script type=\"application\/ld+json\" class=\"yoast-schema-graph\">{\"@context\":\"https:\\\/\\\/schema.org\",\"@graph\":[{\"@type\":\"WebPage\",\"@id\":\"https:\\\/\\\/soprastek.com\\\/cs\\\/shop\\\/tekno-donut-14-tek\\\/\",\"url\":\"https:\\\/\\\/soprastek.com\\\/cs\\\/shop\\\/tekno-donut-14-tek\\\/\",\"name\":\"Tekno Donut 14 TEK - Sopras Tek\",\"isPartOf\":{\"@id\":\"https:\\\/\\\/soprastek.com\\\/#website\"},\"primaryImageOfPage\":{\"@id\":\"https:\\\/\\\/soprastek.com\\\/cs\\\/shop\\\/tekno-donut-14-tek\\\/#primaryimage\"},\"image\":{\"@id\":\"https:\\\/\\\/soprastek.com\\\/cs\\\/shop\\\/tekno-donut-14-tek\\\/#primaryimage\"},\"thumbnailUrl\":\"https:\\\/\\\/soprastek.com\\\/wp-content\\\/uploads\\\/2025\\\/01\\\/240020-Tekno-Donut-14l-Custom.jpg\",\"datePublished\":\"2025-01-16T16:23:24+00:00\",\"breadcrumb\":{\"@id\":\"https:\\\/\\\/soprastek.com\\\/cs\\\/shop\\\/tekno-donut-14-tek\\\/#breadcrumb\"},\"inLanguage\":\"cs\",\"potentialAction\":[{\"@type\":\"ReadAction\",\"target\":[\"https:\\\/\\\/soprastek.com\\\/cs\\\/shop\\\/tekno-donut-14-tek\\\/\"]}]},{\"@type\":\"ImageObject\",\"inLanguage\":\"cs\",\"@id\":\"https:\\\/\\\/soprastek.com\\\/cs\\\/shop\\\/tekno-donut-14-tek\\\/#primaryimage\",\"url\":\"https:\\\/\\\/soprastek.com\\\/wp-content\\\/uploads\\\/2025\\\/01\\\/240020-Tekno-Donut-14l-Custom.jpg\",\"contentUrl\":\"https:\\\/\\\/soprastek.com\\\/wp-content\\\/uploads\\\/2025\\\/01\\\/240020-Tekno-Donut-14l-Custom.jpg\",\"width\":1500,\"height\":1500},{\"@type\":\"BreadcrumbList\",\"@id\":\"https:\\\/\\\/soprastek.com\\\/cs\\\/shop\\\/tekno-donut-14-tek\\\/#breadcrumb\",\"itemListElement\":[{\"@type\":\"ListItem\",\"position\":1,\"name\":\"Home\",\"item\":\"https:\\\/\\\/soprastek.com\\\/\"},{\"@type\":\"ListItem\",\"position\":2,\"name\":\"Shop\",\"item\":\"https:\\\/\\\/soprastek.com\\\/shop\\\/\"},{\"@type\":\"ListItem\",\"position\":3,\"name\":\"Tekno Donut 14 TEK\"}]},{\"@type\":\"WebSite\",\"@id\":\"https:\\\/\\\/soprastek.com\\\/#website\",\"url\":\"https:\\\/\\\/soprastek.com\\\/\",\"name\":\"Sopras Tek\",\"description\":\"Badass divers\",\"potentialAction\":[{\"@type\":\"SearchAction\",\"target\":{\"@type\":\"EntryPoint\",\"urlTemplate\":\"https:\\\/\\\/soprastek.com\\\/?s={search_term_string}\"},\"query-input\":{\"@type\":\"PropertyValueSpecification\",\"valueRequired\":true,\"valueName\":\"search_term_string\"}}],\"inLanguage\":\"cs\"}]}<\/script>\n<!-- \/ Yoast SEO plugin. -->","yoast_head_json":{"title":"Tekno Donut 14 TEK - Sopras Tek","robots":{"index":"index","follow":"follow","max-snippet":"max-snippet:-1","max-image-preview":"max-image-preview:large","max-video-preview":"max-video-preview:-1"},"canonical":"https:\/\/soprastek.com\/cs\/shop\/tekno-donut-14-tek\/","og_locale":"cs_CZ","og_type":"article","og_title":"Tekno Donut 14 TEK - Sopras Tek","og_description":"Bladder Tekno Donut with 14l volume and inflator 400mm and with 4 slots for cylinders in Cordura. Any colour we have in stock (black, blue, light blue, green, yellow, red, orange, purple, pink, dark brown) can be made. If you wish to have an embroidery on your bladder you can have it for just additional&hellip;&nbsp;\u010c\u00edst d\u00e1le &raquo;Tekno Donut 14 TEK","og_url":"https:\/\/soprastek.com\/cs\/shop\/tekno-donut-14-tek\/","og_site_name":"Sopras Tek","twitter_card":"summary_large_image","schema":{"@context":"https:\/\/schema.org","@graph":[{"@type":"WebPage","@id":"https:\/\/soprastek.com\/cs\/shop\/tekno-donut-14-tek\/","url":"https:\/\/soprastek.com\/cs\/shop\/tekno-donut-14-tek\/","name":"Tekno Donut 14 TEK - Sopras Tek","isPartOf":{"@id":"https:\/\/soprastek.com\/#website"},"primaryImageOfPage":{"@id":"https:\/\/soprastek.com\/cs\/shop\/tekno-donut-14-tek\/#primaryimage"},"image":{"@id":"https:\/\/soprastek.com\/cs\/shop\/tekno-donut-14-tek\/#primaryimage"},"thumbnailUrl":"https:\/\/soprastek.com\/wp-content\/uploads\/2025\/01\/240020-Tekno-Donut-14l-Custom.jpg","datePublished":"2025-01-16T16:23:24+00:00","breadcrumb":{"@id":"https:\/\/soprastek.com\/cs\/shop\/tekno-donut-14-tek\/#breadcrumb"},"inLanguage":"cs","potentialAction":[{"@type":"ReadAction","target":["https:\/\/soprastek.com\/cs\/shop\/tekno-donut-14-tek\/"]}]},{"@type":"ImageObject","inLanguage":"cs","@id":"https:\/\/soprastek.com\/cs\/shop\/tekno-donut-14-tek\/#primaryimage","url":"https:\/\/soprastek.com\/wp-content\/uploads\/2025\/01\/240020-Tekno-Donut-14l-Custom.jpg","contentUrl":"https:\/\/soprastek.com\/wp-content\/uploads\/2025\/01\/240020-Tekno-Donut-14l-Custom.jpg","width":1500,"height":1500},{"@type":"BreadcrumbList","@id":"https:\/\/soprastek.com\/cs\/shop\/tekno-donut-14-tek\/#breadcrumb","itemListElement":[{"@type":"ListItem","position":1,"name":"Home","item":"https:\/\/soprastek.com\/"},{"@type":"ListItem","position":2,"name":"Shop","item":"https:\/\/soprastek.com\/shop\/"},{"@type":"ListItem","position":3,"name":"Tekno Donut 14 TEK"}]},{"@type":"WebSite","@id":"https:\/\/soprastek.com\/#website","url":"https:\/\/soprastek.com\/","name":"Sopras Tek","description":"Badass divers","potentialAction":[{"@type":"SearchAction","target":{"@type":"EntryPoint","urlTemplate":"https:\/\/soprastek.com\/?s={search_term_string}"},"query-input":{"@type":"PropertyValueSpecification","valueRequired":true,"valueName":"search_term_string"}}],"inLanguage":"cs"}]}},"uagb_featured_image_src":{"full":["https:\/\/soprastek.com\/wp-content\/uploads\/2025\/01\/240020-Tekno-Donut-14l-Custom.jpg",1500,1500,false],"thumbnail":["https:\/\/soprastek.com\/wp-content\/uploads\/2025\/01\/240020-Tekno-Donut-14l-Custom-150x150.jpg",150,150,true],"medium":["https:\/\/soprastek.com\/wp-content\/uploads\/2025\/01\/240020-Tekno-Donut-14l-Custom-300x300.jpg",300,300,true],"medium_large":["https:\/\/soprastek.com\/wp-content\/uploads\/2025\/01\/240020-Tekno-Donut-14l-Custom-768x768.jpg",768,768,true],"large":["https:\/\/soprastek.com\/wp-content\/uploads\/2025\/01\/240020-Tekno-Donut-14l-Custom-1024x1024.jpg",1024,1024,true],"1536x1536":["https:\/\/soprastek.com\/wp-content\/uploads\/2025\/01\/240020-Tekno-Donut-14l-Custom.jpg",1500,1500,false],"2048x2048":["https:\/\/soprastek.com\/wp-content\/uploads\/2025\/01\/240020-Tekno-Donut-14l-Custom.jpg",1500,1500,false],"neve-blog":["https:\/\/soprastek.com\/wp-content\/uploads\/2025\/01\/240020-Tekno-Donut-14l-Custom-930x620.jpg",930,620,true],"mailpoet_newsletter_max":["https:\/\/soprastek.com\/wp-content\/uploads\/2025\/01\/240020-Tekno-Donut-14l-Custom.jpg",1320,1320,false],"woocommerce_thumbnail":["https:\/\/soprastek.com\/wp-content\/uploads\/2025\/01\/240020-Tekno-Donut-14l-Custom-300x300.jpg",300,300,true],"woocommerce_single":["https:\/\/soprastek.com\/wp-content\/uploads\/2025\/01\/240020-Tekno-Donut-14l-Custom-600x600.jpg",600,600,true],"woocommerce_gallery_thumbnail":["https:\/\/soprastek.com\/wp-content\/uploads\/2025\/01\/240020-Tekno-Donut-14l-Custom-100x100.jpg",100,100,true]},"uagb_author_info":{"display_name":"sobkova","author_link":"https:\/\/soprastek.com\/cs\/author\/"},"uagb_comment_info":0,"uagb_excerpt":"Bladder Tekno Donut with 14l volume and inflator 400mm and with 4 slots for cylinders in Cordura. Any colour we have in stock (black, blue, light blue, green, yellow, red, orange, purple, pink, dark brown) can be made. If you wish to have an embroidery on your bladder you can have it for just additional&hellip;&nbsp;\u010c\u00edst&hellip;","_links":{"self":[{"href":"https:\/\/soprastek.com\/cs\/wp-json\/wp\/v2\/product\/17246","targetHints":{"allow":["GET"]}}],"collection":[{"href":"https:\/\/soprastek.com\/cs\/wp-json\/wp\/v2\/product"}],"about":[{"href":"https:\/\/soprastek.com\/cs\/wp-json\/wp\/v2\/types\/product"}],"replies":[{"embeddable":true,"href":"https:\/\/soprastek.com\/cs\/wp-json\/wp\/v2\/comments?post=17246"}],"wp:featuredmedia":[{"embeddable":true,"href":"https:\/\/soprastek.com\/cs\/wp-json\/wp\/v2\/media\/12867"}],"wp:attachment":[{"href":"https:\/\/soprastek.com\/cs\/wp-json\/wp\/v2\/media?parent=17246"}],"wp:term":[{"taxonomy":"product_brand","embeddable":true,"href":"https:\/\/soprastek.com\/cs\/wp-json\/wp\/v2\/product_brand?post=17246"},{"taxonomy":"product_cat","embeddable":true,"href":"https:\/\/soprastek.com\/cs\/wp-json\/wp\/v2\/product_cat?post=17246"},{"taxonomy":"product_tag","embeddable":true,"href":"https:\/\/soprastek.com\/cs\/wp-json\/wp\/v2\/product_tag?post=17246"}],"curies":[{"name":"wp","href":"https:\/\/api.w.org\/{rel}","templated":true}]}}