{"id":17276,"date":"2024-12-06T16:14:47","date_gmt":"2024-12-06T15:14:47","guid":{"rendered":"https:\/\/soprastek.com\/shop\/qcs-wrist-ring-system\/"},"modified":"2026-05-14T05:23:51","modified_gmt":"2026-05-14T04:23:51","slug":"qcs-wrist-ring-system","status":"publish","type":"product","link":"https:\/\/soprastek.com\/cs\/shop\/qcs-wrist-ring-system\/","title":{"rendered":"QCS  wrist ring system"},"content":{"rendered":"<p>The QCS system (sold in pair) allows changing the wrist seal easily with the use of an inside oval ring and an oval insert. The main PU ring needs to be glued on the suit and its not flexible, its shape is oval. Latex as well as silicone seals can be used but are not included in the set<\/p>\n","protected":false},"excerpt":{"rendered":"<p>The QCS system (sold in pair) allows changing the wrist seal easily with the use of an inside oval ring and an oval insert. The main PU ring needs to be glued on the suit and its not flexible, its shape is oval. Latex as well as silicone seals can be used but are not&hellip;&nbsp;<a href=\"https:\/\/soprastek.com\/cs\/shop\/qcs-wrist-ring-system\/\" rel=\"bookmark\">\u010c\u00edst d\u00e1le &raquo;<span class=\"screen-reader-text\">QCS  wrist ring system<\/span><\/a><\/p>\n","protected":false},"featured_media":12619,"comment_status":"open","ping_status":"closed","template":"","meta":{"_uag_custom_page_level_css":"","neve_meta_sidebar":"","neve_meta_container":"","neve_meta_enable_content_width":"off","neve_meta_content_width":100,"neve_meta_title_alignment":"","neve_meta_author_avatar":"","neve_post_elements_order":"","neve_meta_disable_header":"","neve_meta_disable_footer":"","neve_meta_disable_title":""},"product_brand":[],"product_cat":[658],"product_tag":[695],"class_list":{"0":"post-17276","1":"product","2":"type-product","3":"status-publish","4":"has-post-thumbnail","6":"product_cat-nahradni-dily-pro-suche-obleky","7":"product_tag-new-cs","9":"first","10":"instock","11":"taxable","12":"shipping-taxable","13":"purchasable","14":"product-type-simple"},"yoast_head":"<!-- This site is optimized with the Yoast SEO plugin v27.5 - https:\/\/yoast.com\/product\/yoast-seo-wordpress\/ -->\n<title>QCS wrist ring system - Sopras Tek<\/title>\n<meta name=\"robots\" content=\"index, follow, max-snippet:-1, max-image-preview:large, max-video-preview:-1\" \/>\n<link rel=\"canonical\" href=\"https:\/\/soprastek.com\/cs\/shop\/qcs-wrist-ring-system\/\" \/>\n<meta property=\"og:locale\" content=\"cs_CZ\" \/>\n<meta property=\"og:type\" content=\"article\" \/>\n<meta property=\"og:title\" content=\"QCS wrist ring system - Sopras Tek\" \/>\n<meta property=\"og:description\" content=\"The QCS system (sold in pair) allows changing the wrist seal easily with the use of an inside oval ring and an oval insert. The main PU ring needs to be glued on the suit and its not flexible, its shape is oval. Latex as well as silicone seals can be used but are not&hellip;&nbsp;\u010c\u00edst d\u00e1le &raquo;QCS wrist ring system\" \/>\n<meta property=\"og:url\" content=\"https:\/\/soprastek.com\/cs\/shop\/qcs-wrist-ring-system\/\" \/>\n<meta property=\"og:site_name\" content=\"Sopras Tek\" \/>\n<meta property=\"article:modified_time\" content=\"2026-05-14T04:23:51+00:00\" \/>\n<meta property=\"og:image\" content=\"https:\/\/soprastek.com\/wp-content\/uploads\/2024\/12\/90SI41-QCS-set-for-wrist-1.jpg\" \/>\n\t<meta property=\"og:image:width\" content=\"1500\" \/>\n\t<meta property=\"og:image:height\" content=\"1500\" \/>\n\t<meta property=\"og:image:type\" content=\"image\/jpeg\" \/>\n<meta name=\"twitter:card\" content=\"summary_large_image\" \/>\n<script type=\"application\/ld+json\" class=\"yoast-schema-graph\">{\"@context\":\"https:\\\/\\\/schema.org\",\"@graph\":[{\"@type\":\"WebPage\",\"@id\":\"https:\\\/\\\/soprastek.com\\\/cs\\\/shop\\\/qcs-wrist-ring-system\\\/\",\"url\":\"https:\\\/\\\/soprastek.com\\\/cs\\\/shop\\\/qcs-wrist-ring-system\\\/\",\"name\":\"QCS wrist ring system - Sopras Tek\",\"isPartOf\":{\"@id\":\"https:\\\/\\\/soprastek.com\\\/#website\"},\"primaryImageOfPage\":{\"@id\":\"https:\\\/\\\/soprastek.com\\\/cs\\\/shop\\\/qcs-wrist-ring-system\\\/#primaryimage\"},\"image\":{\"@id\":\"https:\\\/\\\/soprastek.com\\\/cs\\\/shop\\\/qcs-wrist-ring-system\\\/#primaryimage\"},\"thumbnailUrl\":\"https:\\\/\\\/soprastek.com\\\/wp-content\\\/uploads\\\/2024\\\/12\\\/90SI41-QCS-set-for-wrist-1.jpg\",\"datePublished\":\"2024-12-06T15:14:47+00:00\",\"dateModified\":\"2026-05-14T04:23:51+00:00\",\"breadcrumb\":{\"@id\":\"https:\\\/\\\/soprastek.com\\\/cs\\\/shop\\\/qcs-wrist-ring-system\\\/#breadcrumb\"},\"inLanguage\":\"cs\",\"potentialAction\":[{\"@type\":\"ReadAction\",\"target\":[\"https:\\\/\\\/soprastek.com\\\/cs\\\/shop\\\/qcs-wrist-ring-system\\\/\"]}]},{\"@type\":\"ImageObject\",\"inLanguage\":\"cs\",\"@id\":\"https:\\\/\\\/soprastek.com\\\/cs\\\/shop\\\/qcs-wrist-ring-system\\\/#primaryimage\",\"url\":\"https:\\\/\\\/soprastek.com\\\/wp-content\\\/uploads\\\/2024\\\/12\\\/90SI41-QCS-set-for-wrist-1.jpg\",\"contentUrl\":\"https:\\\/\\\/soprastek.com\\\/wp-content\\\/uploads\\\/2024\\\/12\\\/90SI41-QCS-set-for-wrist-1.jpg\",\"width\":1500,\"height\":1500},{\"@type\":\"BreadcrumbList\",\"@id\":\"https:\\\/\\\/soprastek.com\\\/cs\\\/shop\\\/qcs-wrist-ring-system\\\/#breadcrumb\",\"itemListElement\":[{\"@type\":\"ListItem\",\"position\":1,\"name\":\"Home\",\"item\":\"https:\\\/\\\/soprastek.com\\\/\"},{\"@type\":\"ListItem\",\"position\":2,\"name\":\"Shop\",\"item\":\"https:\\\/\\\/soprastek.com\\\/shop\\\/\"},{\"@type\":\"ListItem\",\"position\":3,\"name\":\"QCS wrist ring system\"}]},{\"@type\":\"WebSite\",\"@id\":\"https:\\\/\\\/soprastek.com\\\/#website\",\"url\":\"https:\\\/\\\/soprastek.com\\\/\",\"name\":\"Sopras Tek\",\"description\":\"Badass divers\",\"potentialAction\":[{\"@type\":\"SearchAction\",\"target\":{\"@type\":\"EntryPoint\",\"urlTemplate\":\"https:\\\/\\\/soprastek.com\\\/?s={search_term_string}\"},\"query-input\":{\"@type\":\"PropertyValueSpecification\",\"valueRequired\":true,\"valueName\":\"search_term_string\"}}],\"inLanguage\":\"cs\"}]}<\/script>\n<!-- \/ Yoast SEO plugin. -->","yoast_head_json":{"title":"QCS wrist ring system - Sopras Tek","robots":{"index":"index","follow":"follow","max-snippet":"max-snippet:-1","max-image-preview":"max-image-preview:large","max-video-preview":"max-video-preview:-1"},"canonical":"https:\/\/soprastek.com\/cs\/shop\/qcs-wrist-ring-system\/","og_locale":"cs_CZ","og_type":"article","og_title":"QCS wrist ring system - Sopras Tek","og_description":"The QCS system (sold in pair) allows changing the wrist seal easily with the use of an inside oval ring and an oval insert. The main PU ring needs to be glued on the suit and its not flexible, its shape is oval. Latex as well as silicone seals can be used but are not&hellip;&nbsp;\u010c\u00edst d\u00e1le &raquo;QCS wrist ring system","og_url":"https:\/\/soprastek.com\/cs\/shop\/qcs-wrist-ring-system\/","og_site_name":"Sopras Tek","article_modified_time":"2026-05-14T04:23:51+00:00","og_image":[{"width":1500,"height":1500,"url":"https:\/\/soprastek.com\/wp-content\/uploads\/2024\/12\/90SI41-QCS-set-for-wrist-1.jpg","type":"image\/jpeg"}],"twitter_card":"summary_large_image","schema":{"@context":"https:\/\/schema.org","@graph":[{"@type":"WebPage","@id":"https:\/\/soprastek.com\/cs\/shop\/qcs-wrist-ring-system\/","url":"https:\/\/soprastek.com\/cs\/shop\/qcs-wrist-ring-system\/","name":"QCS wrist ring system - Sopras Tek","isPartOf":{"@id":"https:\/\/soprastek.com\/#website"},"primaryImageOfPage":{"@id":"https:\/\/soprastek.com\/cs\/shop\/qcs-wrist-ring-system\/#primaryimage"},"image":{"@id":"https:\/\/soprastek.com\/cs\/shop\/qcs-wrist-ring-system\/#primaryimage"},"thumbnailUrl":"https:\/\/soprastek.com\/wp-content\/uploads\/2024\/12\/90SI41-QCS-set-for-wrist-1.jpg","datePublished":"2024-12-06T15:14:47+00:00","dateModified":"2026-05-14T04:23:51+00:00","breadcrumb":{"@id":"https:\/\/soprastek.com\/cs\/shop\/qcs-wrist-ring-system\/#breadcrumb"},"inLanguage":"cs","potentialAction":[{"@type":"ReadAction","target":["https:\/\/soprastek.com\/cs\/shop\/qcs-wrist-ring-system\/"]}]},{"@type":"ImageObject","inLanguage":"cs","@id":"https:\/\/soprastek.com\/cs\/shop\/qcs-wrist-ring-system\/#primaryimage","url":"https:\/\/soprastek.com\/wp-content\/uploads\/2024\/12\/90SI41-QCS-set-for-wrist-1.jpg","contentUrl":"https:\/\/soprastek.com\/wp-content\/uploads\/2024\/12\/90SI41-QCS-set-for-wrist-1.jpg","width":1500,"height":1500},{"@type":"BreadcrumbList","@id":"https:\/\/soprastek.com\/cs\/shop\/qcs-wrist-ring-system\/#breadcrumb","itemListElement":[{"@type":"ListItem","position":1,"name":"Home","item":"https:\/\/soprastek.com\/"},{"@type":"ListItem","position":2,"name":"Shop","item":"https:\/\/soprastek.com\/shop\/"},{"@type":"ListItem","position":3,"name":"QCS wrist ring system"}]},{"@type":"WebSite","@id":"https:\/\/soprastek.com\/#website","url":"https:\/\/soprastek.com\/","name":"Sopras Tek","description":"Badass divers","potentialAction":[{"@type":"SearchAction","target":{"@type":"EntryPoint","urlTemplate":"https:\/\/soprastek.com\/?s={search_term_string}"},"query-input":{"@type":"PropertyValueSpecification","valueRequired":true,"valueName":"search_term_string"}}],"inLanguage":"cs"}]}},"uagb_featured_image_src":{"full":["https:\/\/soprastek.com\/wp-content\/uploads\/2024\/12\/90SI41-QCS-set-for-wrist-1.jpg",1500,1500,false],"thumbnail":["https:\/\/soprastek.com\/wp-content\/uploads\/2024\/12\/90SI41-QCS-set-for-wrist-1-150x150.jpg",150,150,true],"medium":["https:\/\/soprastek.com\/wp-content\/uploads\/2024\/12\/90SI41-QCS-set-for-wrist-1-300x300.jpg",300,300,true],"medium_large":["https:\/\/soprastek.com\/wp-content\/uploads\/2024\/12\/90SI41-QCS-set-for-wrist-1-768x768.jpg",768,768,true],"large":["https:\/\/soprastek.com\/wp-content\/uploads\/2024\/12\/90SI41-QCS-set-for-wrist-1-1024x1024.jpg",1024,1024,true],"1536x1536":["https:\/\/soprastek.com\/wp-content\/uploads\/2024\/12\/90SI41-QCS-set-for-wrist-1.jpg",1500,1500,false],"2048x2048":["https:\/\/soprastek.com\/wp-content\/uploads\/2024\/12\/90SI41-QCS-set-for-wrist-1.jpg",1500,1500,false],"neve-blog":["https:\/\/soprastek.com\/wp-content\/uploads\/2024\/12\/90SI41-QCS-set-for-wrist-1-930x620.jpg",930,620,true],"mailpoet_newsletter_max":["https:\/\/soprastek.com\/wp-content\/uploads\/2024\/12\/90SI41-QCS-set-for-wrist-1.jpg",1320,1320,false],"woocommerce_thumbnail":["https:\/\/soprastek.com\/wp-content\/uploads\/2024\/12\/90SI41-QCS-set-for-wrist-1-300x300.jpg",300,300,true],"woocommerce_single":["https:\/\/soprastek.com\/wp-content\/uploads\/2024\/12\/90SI41-QCS-set-for-wrist-1-600x600.jpg",600,600,true],"woocommerce_gallery_thumbnail":["https:\/\/soprastek.com\/wp-content\/uploads\/2024\/12\/90SI41-QCS-set-for-wrist-1-100x100.jpg",100,100,true]},"uagb_author_info":{"display_name":"sobkova","author_link":"https:\/\/soprastek.com\/cs\/author\/"},"uagb_comment_info":0,"uagb_excerpt":"The QCS system (sold in pair) allows changing the wrist seal easily with the use of an inside oval ring and an oval insert. The main PU ring needs to be glued on the suit and its not flexible, its shape is oval. Latex as well as silicone seals can be used but are not&hellip;&nbsp;\u010c\u00edst&hellip;","_links":{"self":[{"href":"https:\/\/soprastek.com\/cs\/wp-json\/wp\/v2\/product\/17276","targetHints":{"allow":["GET"]}}],"collection":[{"href":"https:\/\/soprastek.com\/cs\/wp-json\/wp\/v2\/product"}],"about":[{"href":"https:\/\/soprastek.com\/cs\/wp-json\/wp\/v2\/types\/product"}],"replies":[{"embeddable":true,"href":"https:\/\/soprastek.com\/cs\/wp-json\/wp\/v2\/comments?post=17276"}],"wp:featuredmedia":[{"embeddable":true,"href":"https:\/\/soprastek.com\/cs\/wp-json\/wp\/v2\/media\/12619"}],"wp:attachment":[{"href":"https:\/\/soprastek.com\/cs\/wp-json\/wp\/v2\/media?parent=17276"}],"wp:term":[{"taxonomy":"product_brand","embeddable":true,"href":"https:\/\/soprastek.com\/cs\/wp-json\/wp\/v2\/product_brand?post=17276"},{"taxonomy":"product_cat","embeddable":true,"href":"https:\/\/soprastek.com\/cs\/wp-json\/wp\/v2\/product_cat?post=17276"},{"taxonomy":"product_tag","embeddable":true,"href":"https:\/\/soprastek.com\/cs\/wp-json\/wp\/v2\/product_tag?post=17276"}],"curies":[{"name":"wp","href":"https:\/\/api.w.org\/{rel}","templated":true}]}}