{"id":17322,"date":"2024-09-09T17:48:00","date_gmt":"2024-09-09T16:48:00","guid":{"rendered":"https:\/\/soprastek.com\/shop\/trilaminate-suit-black-with-orust-rings-at-neck-and-slaggo-at-wrist-with-silicone-sealsboots\/"},"modified":"2026-05-14T05:24:35","modified_gmt":"2026-05-14T04:24:35","slug":"trilaminate-suit-black-with-orust-rings-at-neck-and-slaggo-at-wrist-with-silicone-sealsboots","status":"publish","type":"product","link":"https:\/\/soprastek.com\/cs\/shop\/trilaminate-suit-black-with-orust-rings-at-neck-and-slaggo-at-wrist-with-silicone-sealsboots\/","title":{"rendered":"Trilaminate suit black with orust rings at neck and SLAGGO at wrist with silicone seals+boots"},"content":{"rendered":"<p>Black trilaminate suit with orust rings at neck and SLAGGO at wrist with silicone seals and boots.<\/p>\n<p>Features \u2013<\/p>\n<p>1. Sealing is guaranteed by glued inside taping, all manually applied<br \/>\n2. Cordura 1600 fabric<br \/>\n3. Sitech valves<br \/>\n4. Two large pockets with two compartments easy to reach, open and close<br \/>\n5. Crotch strap made of a bungy with snap<br \/>\n6. Telescopic system allowing easy donning and taking off as well as maximum mobility<br \/>\n7. The whole suit in black with orust rings at neck and SLAGGO at wrist with silicone seals (all these systems allow easy replacement of the seal by any diver without special tools or glueing)<br \/>\n8.BDM dry zipper<br \/>\n9.Velcro on the pocket for personalization<\/p>\n<p>Sizes available (please specify in Order note while making Check out) \u2013 M\/9, L\/10, XL\/11, XXL\/11<\/p>\n<p>The suit comes with no bag. You can choose between:<br \/>\n<a href=\"https:\/\/soprastek.com\/cs\/shop\/bag-for-dry-suits\/\">Bag for Dry suit<\/a>\u00a0or\u00a0<a href=\"https:\/\/soprastek.com\/cs\/shop\/bag-for-dry-suits-cord\/\">bag for dry suit with cord<\/a><\/p>\n<p><strong>Size chart for model 2024 &#8211;<\/strong><\/p>\n<table style=\"height: 394px;\" width=\"650\">\n<tbody>\n<tr>\n<td width=\"116\"><strong>Size chart (cm)<\/strong><\/td>\n<td width=\"75\"><strong>S<\/strong><\/td>\n<td width=\"104\"><strong>M<\/strong><\/td>\n<td width=\"60\"><strong>L<\/strong><\/td>\n<td width=\"97\"><strong>XL<\/strong><\/td>\n<td width=\"76\"><strong>XXL<\/strong><\/td>\n<\/tr>\n<tr>\n<td width=\"116\"><strong>Height<\/strong><\/td>\n<td width=\"75\"><strong>168-178<\/strong><\/td>\n<td width=\"104\"><strong>172-182<\/strong><\/td>\n<td width=\"60\"><strong>176-186<\/strong><\/td>\n<td width=\"97\"><strong>180-190<\/strong><\/td>\n<td width=\"76\"><strong>184-194<\/strong><\/td>\n<\/tr>\n<tr>\n<td width=\"116\"><strong>Chest <\/strong><\/td>\n<td width=\"75\"><strong>90-98<\/strong><\/td>\n<td width=\"104\"><strong>94-104<\/strong><\/td>\n<td width=\"60\"><strong>98-108<\/strong><\/td>\n<td width=\"97\"><strong>102-110<\/strong><\/td>\n<td width=\"76\"><strong>106-114<\/strong><\/td>\n<\/tr>\n<tr>\n<td width=\"116\"><strong>Waist <\/strong><\/td>\n<td width=\"75\"><strong>80-92<\/strong><\/td>\n<td width=\"104\"><strong>85-98<\/strong><\/td>\n<td width=\"60\"><strong>90-100<\/strong><\/td>\n<td width=\"97\"><strong>95-105<\/strong><\/td>\n<td width=\"76\"><strong>100-110<\/strong><\/td>\n<\/tr>\n<tr>\n<td width=\"116\"><strong>Hips <\/strong><\/td>\n<td width=\"75\"><strong>90-100<\/strong><\/td>\n<td width=\"104\"><strong>95-105<\/strong><\/td>\n<td width=\"60\"><strong>100-110<\/strong><\/td>\n<td width=\"97\"><strong>105-115<\/strong><\/td>\n<td width=\"76\"><strong>108-115<\/strong><\/td>\n<\/tr>\n<tr>\n<td width=\"116\"><strong>Weight (kg)<\/strong><\/td>\n<td width=\"75\"><strong>60-70<\/strong><\/td>\n<td width=\"104\"><strong>68-80<\/strong><\/td>\n<td width=\"60\"><strong>79-87<\/strong><\/td>\n<td width=\"97\"><strong>87-100<\/strong><\/td>\n<td width=\"76\"><strong>97-110<\/strong><\/td>\n<\/tr>\n<\/tbody>\n<\/table>\n<p><strong>The new 2025 version<\/strong> presents some different features as below:<br \/>\n1. It has an inside zipper pocket to store your keys during diving to wittch the braces are attached<br \/>\n2.New side pockets with 2 compartments and a small zipper pocket for smaller items, like snap bolts or similar<br \/>\n3.The crotch strap is now an 4cm wide elastic band with a plastic buckle<br \/>\n4. Newly the suits are available in sizes XS Strong, XL Strong and XXL Strong, with the same height just a little bit wider than Standard<\/p>\n<p><strong>Size chart for CORDURA model 2025 &#8211;<\/strong><\/p>\n<table style=\"border-collapse: collapse; width: 464px; height: 313px;\" border=\"0\" width=\"576\" cellspacing=\"0\" cellpadding=\"0\">\n<tbody>\n<tr style=\"height: 21.0pt;\">\n<td class=\"xl63\" style=\"height: 21.0pt; width: 48pt;\" width=\"64\" height=\"28\"><\/td>\n<td class=\"xl63\" style=\"width: 48pt; box-sizing: border-box;\" width=\"64\">xs<\/td>\n<td class=\"xl63\" style=\"width: 48pt; box-sizing: border-box;\" width=\"64\">S<\/td>\n<td class=\"xl63\" style=\"width: 48pt; box-sizing: border-box;\" width=\"64\">M<\/td>\n<td class=\"xl63\" style=\"width: 48pt; box-sizing: border-box;\" width=\"64\">L<\/td>\n<td class=\"xl63\" style=\"width: 48pt; box-sizing: border-box;\" width=\"64\">XL<\/td>\n<td class=\"xl63\" style=\"width: 48pt; box-sizing: border-box;\" width=\"64\">XXL<\/td>\n<td class=\"xl64\" style=\"width: 48pt; box-sizing: border-box;\" width=\"64\">SLIM VS<\/td>\n<td class=\"xl64\" style=\"width: 48pt; box-sizing: border-box;\" width=\"64\">STRONG VS<\/td>\n<\/tr>\n<tr style=\"height: 15.0pt; box-sizing: border-box;\">\n<td class=\"xl64\" style=\"height: 15.0pt; width: 48pt; box-sizing: border-box;\" width=\"64\" height=\"20\">sizes\/cm<\/td>\n<td class=\"xl64\" style=\"width: 48pt; box-sizing: border-box;\" width=\"64\">1*<\/td>\n<td class=\"xl64\" style=\"width: 48pt; box-sizing: border-box;\" width=\"64\">2*<\/td>\n<td class=\"xl64\" style=\"width: 48pt; box-sizing: border-box;\" width=\"64\">3*<\/td>\n<td class=\"xl64\" style=\"width: 48pt; box-sizing: border-box;\" width=\"64\">4*<\/td>\n<td class=\"xl64\" style=\"width: 48pt; box-sizing: border-box;\" width=\"64\">5*<\/td>\n<td class=\"xl64\" style=\"width: 48pt; box-sizing: border-box;\" width=\"64\">6*<\/td>\n<td class=\"xl64\" style=\"width: 48pt; box-sizing: border-box;\" width=\"64\">STAND<\/td>\n<td class=\"xl64\" style=\"width: 48pt;\" width=\"64\">STAND<\/td>\n<\/tr>\n<tr style=\"height: 21.0pt; box-sizing: border-box;\">\n<td class=\"xl65\" style=\"height: 21.0pt; width: 48pt; box-sizing: border-box;\" width=\"64\" height=\"28\">Chest circum.<\/td>\n<td class=\"xl65\" style=\"width: 48pt; box-sizing: border-box;\" width=\"64\">88\/92<\/td>\n<td class=\"xl65\" style=\"width: 48pt; box-sizing: border-box;\" width=\"64\">92\/98<\/td>\n<td class=\"xl65\" style=\"width: 48pt; box-sizing: border-box;\" width=\"64\">97\/104<\/td>\n<td class=\"xl65\" style=\"width: 48pt; box-sizing: border-box;\" width=\"64\">103\/108<\/td>\n<td class=\"xl65\" style=\"width: 48pt; box-sizing: border-box;\" width=\"64\">108\/114<\/td>\n<td class=\"xl65\" style=\"width: 48pt; box-sizing: border-box;\" width=\"64\">112\/117<\/td>\n<td class=\"xl65\" style=\"width: 48pt; box-sizing: border-box;\" width=\"64\">deduct 4cm<\/td>\n<td class=\"xl65\" style=\"width: 48pt; box-sizing: border-box;\" width=\"64\">add 4cm<\/td>\n<\/tr>\n<tr style=\"height: 21.0pt; box-sizing: border-box;\">\n<td class=\"xl65\" style=\"height: 21.0pt; width: 48pt; box-sizing: border-box;\" width=\"64\" height=\"28\">Waist circum.<\/td>\n<td class=\"xl65\" style=\"width: 48pt; box-sizing: border-box;\" width=\"64\">74\/78<\/td>\n<td class=\"xl65\" style=\"width: 48pt; box-sizing: border-box;\" width=\"64\">78\/83<\/td>\n<td class=\"xl65\" style=\"width: 48pt; box-sizing: border-box;\" width=\"64\">83\/89<\/td>\n<td class=\"xl65\" style=\"width: 48pt; box-sizing: border-box;\" width=\"64\">89\/97<\/td>\n<td class=\"xl65\" style=\"width: 48pt; box-sizing: border-box;\" width=\"64\">95\/105<\/td>\n<td class=\"xl65\" style=\"width: 48pt; box-sizing: border-box;\" width=\"64\">105\/115<\/td>\n<td class=\"xl65\" style=\"width: 48pt; box-sizing: border-box;\" width=\"64\">deduct 4cm<\/td>\n<td class=\"xl65\" style=\"width: 48pt; box-sizing: border-box;\" width=\"64\">add 4cm<\/td>\n<\/tr>\n<tr style=\"height: 21.0pt; box-sizing: border-box;\">\n<td class=\"xl65\" style=\"height: 21.0pt; width: 48pt; box-sizing: border-box;\" width=\"64\" height=\"28\">Hips circum.<\/td>\n<td class=\"xl65\" style=\"width: 48pt; box-sizing: border-box;\" width=\"64\">85\/89<\/td>\n<td class=\"xl65\" style=\"width: 48pt; box-sizing: border-box;\" width=\"64\">88\/93<\/td>\n<td class=\"xl65\" style=\"width: 48pt; box-sizing: border-box;\" width=\"64\">92\/97<\/td>\n<td class=\"xl65\" style=\"width: 48pt; box-sizing: border-box;\" width=\"64\">96\/101<\/td>\n<td class=\"xl65\" style=\"width: 48pt; box-sizing: border-box;\" width=\"64\">100\/104<\/td>\n<td class=\"xl65\" style=\"width: 48pt; box-sizing: border-box;\" width=\"64\">104\/110<\/td>\n<td class=\"xl65\" style=\"width: 48pt; box-sizing: border-box;\" width=\"64\">deduct 4cm<\/td>\n<td class=\"xl65\" style=\"width: 48pt; box-sizing: border-box;\" width=\"64\">add 4cm<\/td>\n<\/tr>\n<tr style=\"height: 21.0pt; box-sizing: border-box;\">\n<td class=\"xl65\" style=\"height: 21.0pt; width: 48pt; box-sizing: border-box;\" width=\"64\" height=\"28\">Full height<\/td>\n<td class=\"xl65\" style=\"width: 48pt; box-sizing: border-box;\" width=\"64\">165\/171<\/td>\n<td class=\"xl65\" style=\"width: 48pt; box-sizing: border-box;\" width=\"64\">171\/175<\/td>\n<td class=\"xl65\" style=\"width: 48pt; box-sizing: border-box;\" width=\"64\">175\/181<\/td>\n<td class=\"xl65\" style=\"width: 48pt; box-sizing: border-box;\" width=\"64\">180\/185<\/td>\n<td class=\"xl65\" style=\"width: 48pt; box-sizing: border-box;\" width=\"64\">184\/190<\/td>\n<td class=\"xl65\" style=\"width: 48pt; box-sizing: border-box;\" width=\"64\">189\/195<\/td>\n<td class=\"xl65\" style=\"width: 48pt; box-sizing: border-box;\" width=\"64\">same<\/td>\n<td class=\"xl65\" style=\"width: 48pt; box-sizing: border-box;\" width=\"64\">same<\/td>\n<\/tr>\n<tr style=\"height: 21.0pt; box-sizing: border-box;\">\n<td class=\"xl65\" style=\"height: 21.0pt; width: 48pt; box-sizing: border-box;\" width=\"64\" height=\"28\">Weight<\/td>\n<td class=\"xl65\" style=\"width: 48pt; box-sizing: border-box;\" width=\"64\">64\/71<\/td>\n<td class=\"xl65\" style=\"width: 48pt; box-sizing: border-box;\" width=\"64\">68\/75<\/td>\n<td class=\"xl65\" style=\"width: 48pt; box-sizing: border-box;\" width=\"64\">74\/82<\/td>\n<td class=\"xl65\" style=\"width: 48pt; box-sizing: border-box;\" width=\"64\">80\/91<\/td>\n<td class=\"xl65\" style=\"width: 48pt; box-sizing: border-box;\" width=\"64\">90\/106<\/td>\n<td class=\"xl65\" style=\"width: 48pt; box-sizing: border-box;\" width=\"64\">101\/113<\/td>\n<td class=\"xl65\" style=\"width: 48pt; box-sizing: border-box;\" width=\"64\">deduct 4kg<\/td>\n<td class=\"xl65\" style=\"width: 48pt; box-sizing: border-box;\" width=\"64\">add 4kg<\/td>\n<\/tr>\n<\/tbody>\n<\/table>\n<p><strong>Boot sizing<\/strong><\/p>\n<table style=\"height: 284px;\" width=\"532\">\n<tbody>\n<tr>\n<td width=\"64\"><strong>Size<\/strong><\/td>\n<td width=\"64\"><strong>cm<\/strong><\/td>\n<td width=\"64\"><strong>Eu<\/strong><\/td>\n<\/tr>\n<tr>\n<td width=\"64\">5<\/td>\n<td width=\"64\">23<\/td>\n<td width=\"64\">36<\/td>\n<\/tr>\n<tr>\n<td width=\"64\">6<\/td>\n<td width=\"64\">24<\/td>\n<td width=\"64\">37.5<\/td>\n<\/tr>\n<tr>\n<td width=\"64\">7<\/td>\n<td width=\"64\">25<\/td>\n<td width=\"64\">39<\/td>\n<\/tr>\n<tr>\n<td width=\"64\">8<\/td>\n<td width=\"64\">26<\/td>\n<td width=\"64\">40.5<\/td>\n<\/tr>\n<tr>\n<td width=\"64\">9<\/td>\n<td width=\"64\">27<\/td>\n<td width=\"64\">42<\/td>\n<\/tr>\n<tr>\n<td width=\"64\">10<\/td>\n<td width=\"64\">28<\/td>\n<td width=\"64\">43.5<\/td>\n<\/tr>\n<tr>\n<td width=\"64\">11<\/td>\n<td width=\"64\">29<\/td>\n<td width=\"64\">45<\/td>\n<\/tr>\n<tr>\n<td width=\"64\">12<\/td>\n<td width=\"64\">30<\/td>\n<td width=\"64\">46.5<\/td>\n<\/tr>\n<tr>\n<td width=\"64\">13<\/td>\n<td width=\"64\">31<\/td>\n<td width=\"64\">48<\/td>\n<\/tr>\n<\/tbody>\n<\/table>\n<p>***In case you order a suit with a sock you should choose your standard shoe size. Even if you use a sock under the neoprene sock, it wil lstrtech a little bit.<\/p>\n<p>***In case you order a suit with a vulcanized boot you should add up the space to use a sock (probably choosing the next bigger size)<\/p>\n<p>&nbsp;<\/p>\n<p><strong>Zipper length in cm according to sizes<\/strong><\/p>\n<table width=\"677\">\n<tbody>\n<tr>\n<td width=\"231\"><\/td>\n<td width=\"84\">XS<\/td>\n<td width=\"65\">S<\/td>\n<td width=\"65\">M<\/td>\n<td width=\"65\">L<\/td>\n<td width=\"65\">XL<\/td>\n<td width=\"102\">XXL<\/td>\n<\/tr>\n<tr>\n<td>Standard\/Slim<\/td>\n<td>71,1<\/td>\n<td>76,2<\/td>\n<td>76,2<\/td>\n<td>81,3<\/td>\n<td>81,3<\/td>\n<td>86,4<\/td>\n<\/tr>\n<tr>\n<td>Strong<\/td>\n<td>76,2<\/td>\n<td>81,3<\/td>\n<td>81,3<\/td>\n<td>86,4<\/td>\n<td>86,4<\/td>\n<td>91,4<\/td>\n<\/tr>\n<\/tbody>\n<\/table>\n","protected":false},"excerpt":{"rendered":"<p>Black trilaminate suit with orust rings at neck and SLAGGO at wrist with silicone seals and boots. Features \u2013 1. Sealing is guaranteed by glued inside taping, all manually applied 2. Cordura 1600 fabric 3. Sitech valves 4. Two large pockets with two compartments easy to reach, open and close 5. Crotch strap made of&hellip;&nbsp;<a href=\"https:\/\/soprastek.com\/cs\/shop\/trilaminate-suit-black-with-orust-rings-at-neck-and-slaggo-at-wrist-with-silicone-sealsboots\/\" rel=\"bookmark\">\u010c\u00edst d\u00e1le &raquo;<span class=\"screen-reader-text\">Trilaminate suit black with orust rings at neck and SLAGGO at wrist with silicone seals+boots<\/span><\/a><\/p>\n","protected":false},"featured_media":12212,"comment_status":"open","ping_status":"closed","template":"","meta":{"_uag_custom_page_level_css":"","neve_meta_sidebar":"","neve_meta_container":"","neve_meta_enable_content_width":"off","neve_meta_content_width":100,"neve_meta_title_alignment":"","neve_meta_author_avatar":"","neve_post_elements_order":"","neve_meta_disable_header":"","neve_meta_disable_footer":"","neve_meta_disable_title":""},"product_brand":[],"product_cat":[660],"product_tag":[695],"class_list":{"0":"post-17322","1":"product","2":"type-product","3":"status-publish","4":"has-post-thumbnail","6":"product_cat-suche-obleky-se-zipem-vpredu","7":"product_tag-new-cs","9":"first","10":"instock","11":"taxable","12":"shipping-taxable","13":"purchasable","14":"product-type-variable"},"yoast_head":"<!-- This site is optimized with the Yoast SEO plugin v27.5 - https:\/\/yoast.com\/product\/yoast-seo-wordpress\/ -->\n<title>Trilaminate suit black with orust rings at neck and SLAGGO at wrist with silicone seals+boots - Sopras Tek<\/title>\n<meta name=\"robots\" content=\"index, follow, max-snippet:-1, max-image-preview:large, max-video-preview:-1\" \/>\n<link rel=\"canonical\" href=\"https:\/\/soprastek.com\/cs\/shop\/trilaminate-suit-black-with-orust-rings-at-neck-and-slaggo-at-wrist-with-silicone-sealsboots\/\" \/>\n<meta property=\"og:locale\" content=\"cs_CZ\" \/>\n<meta property=\"og:type\" content=\"article\" \/>\n<meta property=\"og:title\" content=\"Trilaminate suit black with orust rings at neck and SLAGGO at wrist with silicone seals+boots - Sopras Tek\" \/>\n<meta property=\"og:description\" content=\"Black trilaminate suit with orust rings at neck and SLAGGO at wrist with silicone seals and boots. Features \u2013 1. Sealing is guaranteed by glued inside taping, all manually applied 2. Cordura 1600 fabric 3. Sitech valves 4. Two large pockets with two compartments easy to reach, open and close 5. Crotch strap made of&hellip;&nbsp;\u010c\u00edst d\u00e1le &raquo;Trilaminate suit black with orust rings at neck and SLAGGO at wrist with silicone seals+boots\" \/>\n<meta property=\"og:url\" content=\"https:\/\/soprastek.com\/cs\/shop\/trilaminate-suit-black-with-orust-rings-at-neck-and-slaggo-at-wrist-with-silicone-sealsboots\/\" \/>\n<meta property=\"og:site_name\" content=\"Sopras Tek\" \/>\n<meta property=\"article:modified_time\" content=\"2026-05-14T04:24:35+00:00\" \/>\n<meta property=\"og:image\" content=\"https:\/\/soprastek.com\/wp-content\/uploads\/2024\/09\/11044K-1500x1500-1.jpg\" \/>\n\t<meta property=\"og:image:width\" content=\"1500\" \/>\n\t<meta property=\"og:image:height\" content=\"1500\" \/>\n\t<meta property=\"og:image:type\" content=\"image\/jpeg\" \/>\n<meta name=\"twitter:card\" content=\"summary_large_image\" \/>\n<meta name=\"twitter:label1\" content=\"Odhadovan\u00e1 doba \u010dten\u00ed\" \/>\n\t<meta name=\"twitter:data1\" content=\"2 minuty\" \/>\n<script type=\"application\/ld+json\" class=\"yoast-schema-graph\">{\"@context\":\"https:\\\/\\\/schema.org\",\"@graph\":[{\"@type\":\"WebPage\",\"@id\":\"https:\\\/\\\/soprastek.com\\\/cs\\\/shop\\\/trilaminate-suit-black-with-orust-rings-at-neck-and-slaggo-at-wrist-with-silicone-sealsboots\\\/\",\"url\":\"https:\\\/\\\/soprastek.com\\\/cs\\\/shop\\\/trilaminate-suit-black-with-orust-rings-at-neck-and-slaggo-at-wrist-with-silicone-sealsboots\\\/\",\"name\":\"Trilaminate suit black with orust rings at neck and SLAGGO at wrist with silicone seals+boots - Sopras Tek\",\"isPartOf\":{\"@id\":\"https:\\\/\\\/soprastek.com\\\/#website\"},\"primaryImageOfPage\":{\"@id\":\"https:\\\/\\\/soprastek.com\\\/cs\\\/shop\\\/trilaminate-suit-black-with-orust-rings-at-neck-and-slaggo-at-wrist-with-silicone-sealsboots\\\/#primaryimage\"},\"image\":{\"@id\":\"https:\\\/\\\/soprastek.com\\\/cs\\\/shop\\\/trilaminate-suit-black-with-orust-rings-at-neck-and-slaggo-at-wrist-with-silicone-sealsboots\\\/#primaryimage\"},\"thumbnailUrl\":\"https:\\\/\\\/soprastek.com\\\/wp-content\\\/uploads\\\/2024\\\/09\\\/11044K-1500x1500-1.jpg\",\"datePublished\":\"2024-09-09T16:48:00+00:00\",\"dateModified\":\"2026-05-14T04:24:35+00:00\",\"breadcrumb\":{\"@id\":\"https:\\\/\\\/soprastek.com\\\/cs\\\/shop\\\/trilaminate-suit-black-with-orust-rings-at-neck-and-slaggo-at-wrist-with-silicone-sealsboots\\\/#breadcrumb\"},\"inLanguage\":\"cs\",\"potentialAction\":[{\"@type\":\"ReadAction\",\"target\":[\"https:\\\/\\\/soprastek.com\\\/cs\\\/shop\\\/trilaminate-suit-black-with-orust-rings-at-neck-and-slaggo-at-wrist-with-silicone-sealsboots\\\/\"]}]},{\"@type\":\"ImageObject\",\"inLanguage\":\"cs\",\"@id\":\"https:\\\/\\\/soprastek.com\\\/cs\\\/shop\\\/trilaminate-suit-black-with-orust-rings-at-neck-and-slaggo-at-wrist-with-silicone-sealsboots\\\/#primaryimage\",\"url\":\"https:\\\/\\\/soprastek.com\\\/wp-content\\\/uploads\\\/2024\\\/09\\\/11044K-1500x1500-1.jpg\",\"contentUrl\":\"https:\\\/\\\/soprastek.com\\\/wp-content\\\/uploads\\\/2024\\\/09\\\/11044K-1500x1500-1.jpg\",\"width\":1500,\"height\":1500},{\"@type\":\"BreadcrumbList\",\"@id\":\"https:\\\/\\\/soprastek.com\\\/cs\\\/shop\\\/trilaminate-suit-black-with-orust-rings-at-neck-and-slaggo-at-wrist-with-silicone-sealsboots\\\/#breadcrumb\",\"itemListElement\":[{\"@type\":\"ListItem\",\"position\":1,\"name\":\"Home\",\"item\":\"https:\\\/\\\/soprastek.com\\\/\"},{\"@type\":\"ListItem\",\"position\":2,\"name\":\"Shop\",\"item\":\"https:\\\/\\\/soprastek.com\\\/shop\\\/\"},{\"@type\":\"ListItem\",\"position\":3,\"name\":\"Trilaminate suit black with orust rings at neck and SLAGGO at wrist with silicone seals+boots\"}]},{\"@type\":\"WebSite\",\"@id\":\"https:\\\/\\\/soprastek.com\\\/#website\",\"url\":\"https:\\\/\\\/soprastek.com\\\/\",\"name\":\"Sopras Tek\",\"description\":\"Badass divers\",\"potentialAction\":[{\"@type\":\"SearchAction\",\"target\":{\"@type\":\"EntryPoint\",\"urlTemplate\":\"https:\\\/\\\/soprastek.com\\\/?s={search_term_string}\"},\"query-input\":{\"@type\":\"PropertyValueSpecification\",\"valueRequired\":true,\"valueName\":\"search_term_string\"}}],\"inLanguage\":\"cs\"}]}<\/script>\n<!-- \/ Yoast SEO plugin. -->","yoast_head_json":{"title":"Trilaminate suit black with orust rings at neck and SLAGGO at wrist with silicone seals+boots - Sopras Tek","robots":{"index":"index","follow":"follow","max-snippet":"max-snippet:-1","max-image-preview":"max-image-preview:large","max-video-preview":"max-video-preview:-1"},"canonical":"https:\/\/soprastek.com\/cs\/shop\/trilaminate-suit-black-with-orust-rings-at-neck-and-slaggo-at-wrist-with-silicone-sealsboots\/","og_locale":"cs_CZ","og_type":"article","og_title":"Trilaminate suit black with orust rings at neck and SLAGGO at wrist with silicone seals+boots - Sopras Tek","og_description":"Black trilaminate suit with orust rings at neck and SLAGGO at wrist with silicone seals and boots. Features \u2013 1. Sealing is guaranteed by glued inside taping, all manually applied 2. Cordura 1600 fabric 3. Sitech valves 4. Two large pockets with two compartments easy to reach, open and close 5. Crotch strap made of&hellip;&nbsp;\u010c\u00edst d\u00e1le &raquo;Trilaminate suit black with orust rings at neck and SLAGGO at wrist with silicone seals+boots","og_url":"https:\/\/soprastek.com\/cs\/shop\/trilaminate-suit-black-with-orust-rings-at-neck-and-slaggo-at-wrist-with-silicone-sealsboots\/","og_site_name":"Sopras Tek","article_modified_time":"2026-05-14T04:24:35+00:00","og_image":[{"width":1500,"height":1500,"url":"https:\/\/soprastek.com\/wp-content\/uploads\/2024\/09\/11044K-1500x1500-1.jpg","type":"image\/jpeg"}],"twitter_card":"summary_large_image","twitter_misc":{"Odhadovan\u00e1 doba \u010dten\u00ed":"2 minuty"},"schema":{"@context":"https:\/\/schema.org","@graph":[{"@type":"WebPage","@id":"https:\/\/soprastek.com\/cs\/shop\/trilaminate-suit-black-with-orust-rings-at-neck-and-slaggo-at-wrist-with-silicone-sealsboots\/","url":"https:\/\/soprastek.com\/cs\/shop\/trilaminate-suit-black-with-orust-rings-at-neck-and-slaggo-at-wrist-with-silicone-sealsboots\/","name":"Trilaminate suit black with orust rings at neck and SLAGGO at wrist with silicone seals+boots - Sopras Tek","isPartOf":{"@id":"https:\/\/soprastek.com\/#website"},"primaryImageOfPage":{"@id":"https:\/\/soprastek.com\/cs\/shop\/trilaminate-suit-black-with-orust-rings-at-neck-and-slaggo-at-wrist-with-silicone-sealsboots\/#primaryimage"},"image":{"@id":"https:\/\/soprastek.com\/cs\/shop\/trilaminate-suit-black-with-orust-rings-at-neck-and-slaggo-at-wrist-with-silicone-sealsboots\/#primaryimage"},"thumbnailUrl":"https:\/\/soprastek.com\/wp-content\/uploads\/2024\/09\/11044K-1500x1500-1.jpg","datePublished":"2024-09-09T16:48:00+00:00","dateModified":"2026-05-14T04:24:35+00:00","breadcrumb":{"@id":"https:\/\/soprastek.com\/cs\/shop\/trilaminate-suit-black-with-orust-rings-at-neck-and-slaggo-at-wrist-with-silicone-sealsboots\/#breadcrumb"},"inLanguage":"cs","potentialAction":[{"@type":"ReadAction","target":["https:\/\/soprastek.com\/cs\/shop\/trilaminate-suit-black-with-orust-rings-at-neck-and-slaggo-at-wrist-with-silicone-sealsboots\/"]}]},{"@type":"ImageObject","inLanguage":"cs","@id":"https:\/\/soprastek.com\/cs\/shop\/trilaminate-suit-black-with-orust-rings-at-neck-and-slaggo-at-wrist-with-silicone-sealsboots\/#primaryimage","url":"https:\/\/soprastek.com\/wp-content\/uploads\/2024\/09\/11044K-1500x1500-1.jpg","contentUrl":"https:\/\/soprastek.com\/wp-content\/uploads\/2024\/09\/11044K-1500x1500-1.jpg","width":1500,"height":1500},{"@type":"BreadcrumbList","@id":"https:\/\/soprastek.com\/cs\/shop\/trilaminate-suit-black-with-orust-rings-at-neck-and-slaggo-at-wrist-with-silicone-sealsboots\/#breadcrumb","itemListElement":[{"@type":"ListItem","position":1,"name":"Home","item":"https:\/\/soprastek.com\/"},{"@type":"ListItem","position":2,"name":"Shop","item":"https:\/\/soprastek.com\/shop\/"},{"@type":"ListItem","position":3,"name":"Trilaminate suit black with orust rings at neck and SLAGGO at wrist with silicone seals+boots"}]},{"@type":"WebSite","@id":"https:\/\/soprastek.com\/#website","url":"https:\/\/soprastek.com\/","name":"Sopras Tek","description":"Badass divers","potentialAction":[{"@type":"SearchAction","target":{"@type":"EntryPoint","urlTemplate":"https:\/\/soprastek.com\/?s={search_term_string}"},"query-input":{"@type":"PropertyValueSpecification","valueRequired":true,"valueName":"search_term_string"}}],"inLanguage":"cs"}]}},"uagb_featured_image_src":{"full":["https:\/\/soprastek.com\/wp-content\/uploads\/2024\/09\/11044K-1500x1500-1.jpg",1500,1500,false],"thumbnail":["https:\/\/soprastek.com\/wp-content\/uploads\/2024\/09\/11044K-1500x1500-1-150x150.jpg",150,150,true],"medium":["https:\/\/soprastek.com\/wp-content\/uploads\/2024\/09\/11044K-1500x1500-1-300x300.jpg",300,300,true],"medium_large":["https:\/\/soprastek.com\/wp-content\/uploads\/2024\/09\/11044K-1500x1500-1-768x768.jpg",768,768,true],"large":["https:\/\/soprastek.com\/wp-content\/uploads\/2024\/09\/11044K-1500x1500-1-1024x1024.jpg",1024,1024,true],"1536x1536":["https:\/\/soprastek.com\/wp-content\/uploads\/2024\/09\/11044K-1500x1500-1.jpg",1500,1500,false],"2048x2048":["https:\/\/soprastek.com\/wp-content\/uploads\/2024\/09\/11044K-1500x1500-1.jpg",1500,1500,false],"neve-blog":["https:\/\/soprastek.com\/wp-content\/uploads\/2024\/09\/11044K-1500x1500-1-930x620.jpg",930,620,true],"mailpoet_newsletter_max":["https:\/\/soprastek.com\/wp-content\/uploads\/2024\/09\/11044K-1500x1500-1.jpg",1320,1320,false],"woocommerce_thumbnail":["https:\/\/soprastek.com\/wp-content\/uploads\/2024\/09\/11044K-1500x1500-1-300x300.jpg",300,300,true],"woocommerce_single":["https:\/\/soprastek.com\/wp-content\/uploads\/2024\/09\/11044K-1500x1500-1-600x600.jpg",600,600,true],"woocommerce_gallery_thumbnail":["https:\/\/soprastek.com\/wp-content\/uploads\/2024\/09\/11044K-1500x1500-1-100x100.jpg",100,100,true]},"uagb_author_info":{"display_name":"sobkova","author_link":"https:\/\/soprastek.com\/cs\/author\/"},"uagb_comment_info":0,"uagb_excerpt":"Black trilaminate suit with orust rings at neck and SLAGGO at wrist with silicone seals and boots. Features \u2013 1. Sealing is guaranteed by glued inside taping, all manually applied 2. Cordura 1600 fabric 3. Sitech valves 4. Two large pockets with two compartments easy to reach, open and close 5. Crotch strap made of&hellip;&nbsp;\u010c\u00edst&hellip;","_links":{"self":[{"href":"https:\/\/soprastek.com\/cs\/wp-json\/wp\/v2\/product\/17322","targetHints":{"allow":["GET"]}}],"collection":[{"href":"https:\/\/soprastek.com\/cs\/wp-json\/wp\/v2\/product"}],"about":[{"href":"https:\/\/soprastek.com\/cs\/wp-json\/wp\/v2\/types\/product"}],"replies":[{"embeddable":true,"href":"https:\/\/soprastek.com\/cs\/wp-json\/wp\/v2\/comments?post=17322"}],"wp:featuredmedia":[{"embeddable":true,"href":"https:\/\/soprastek.com\/cs\/wp-json\/wp\/v2\/media\/12212"}],"wp:attachment":[{"href":"https:\/\/soprastek.com\/cs\/wp-json\/wp\/v2\/media?parent=17322"}],"wp:term":[{"taxonomy":"product_brand","embeddable":true,"href":"https:\/\/soprastek.com\/cs\/wp-json\/wp\/v2\/product_brand?post=17322"},{"taxonomy":"product_cat","embeddable":true,"href":"https:\/\/soprastek.com\/cs\/wp-json\/wp\/v2\/product_cat?post=17322"},{"taxonomy":"product_tag","embeddable":true,"href":"https:\/\/soprastek.com\/cs\/wp-json\/wp\/v2\/product_tag?post=17322"}],"curies":[{"name":"wp","href":"https:\/\/api.w.org\/{rel}","templated":true}]}}