{"id":17347,"date":"2024-07-31T10:24:01","date_gmt":"2024-07-31T09:24:01","guid":{"rendered":"https:\/\/soprastek.com\/shop\/2-st-oxygen-special-edition\/"},"modified":"2024-07-31T10:24:01","modified_gmt":"2024-07-31T09:24:01","slug":"2-st-oxygen-special-edition","status":"publish","type":"product","link":"https:\/\/soprastek.com\/cs\/shop\/2-st-oxygen-special-edition\/","title":{"rendered":"2.St Oxygen special edition"},"content":{"rendered":"<p>2.St Oxygen &#8211;<\/p>\n<p>Viton O-rings, oxygen compatible lube, green plastic parts, 100 cm green nylon mesh hose<\/p>\n<p><strong>\u00a0<\/strong><\/p>\n<p><strong>DISCLAIMER<\/strong><\/p>\n<p>Oxygen-related fires and explosions can result in serious injury or death. Ultimately, you must make the final decision to assume all risks associated with the use of any compressed gases, including those in excess of 40% oxygen<\/p>\n","protected":false},"excerpt":{"rendered":"<p>2.St Oxygen &#8211; Viton O-rings, oxygen compatible lube, green plastic parts, 100 cm green nylon mesh hose \u00a0 DISCLAIMER Oxygen-related fires and explosions can result in serious injury or death. Ultimately, you must make the final decision to assume all risks associated with the use of any compressed gases, including those in excess of 40%&hellip;&nbsp;<a href=\"https:\/\/soprastek.com\/cs\/shop\/2-st-oxygen-special-edition\/\" rel=\"bookmark\">\u010c\u00edst d\u00e1le &raquo;<span class=\"screen-reader-text\">2.St Oxygen special edition<\/span><\/a><\/p>\n","protected":false},"featured_media":12026,"comment_status":"open","ping_status":"closed","template":"","meta":{"_uag_custom_page_level_css":"","neve_meta_sidebar":"","neve_meta_container":"","neve_meta_enable_content_width":"off","neve_meta_content_width":100,"neve_meta_title_alignment":"","neve_meta_author_avatar":"","neve_post_elements_order":"","neve_meta_disable_header":"","neve_meta_disable_footer":"","neve_meta_disable_title":""},"product_brand":[],"product_cat":[653],"product_tag":[695],"class_list":{"0":"post-17347","1":"product","2":"type-product","3":"status-publish","4":"has-post-thumbnail","6":"product_cat-automatiky-druhe-stupne","7":"product_tag-new-cs","9":"first","10":"instock","11":"taxable","12":"shipping-taxable","13":"purchasable","14":"product-type-simple"},"yoast_head":"<!-- This site is optimized with the Yoast SEO plugin v27.5 - https:\/\/yoast.com\/product\/yoast-seo-wordpress\/ -->\n<title>2.St Oxygen special edition - Sopras Tek<\/title>\n<meta name=\"robots\" content=\"index, follow, max-snippet:-1, max-image-preview:large, max-video-preview:-1\" \/>\n<link rel=\"canonical\" href=\"https:\/\/soprastek.com\/cs\/shop\/2-st-oxygen-special-edition\/\" \/>\n<meta property=\"og:locale\" content=\"cs_CZ\" \/>\n<meta property=\"og:type\" content=\"article\" \/>\n<meta property=\"og:title\" content=\"2.St Oxygen special edition - Sopras Tek\" \/>\n<meta property=\"og:description\" content=\"2.St Oxygen &#8211; Viton O-rings, oxygen compatible lube, green plastic parts, 100 cm green nylon mesh hose \u00a0 DISCLAIMER Oxygen-related fires and explosions can result in serious injury or death. Ultimately, you must make the final decision to assume all risks associated with the use of any compressed gases, including those in excess of 40%&hellip;&nbsp;\u010c\u00edst d\u00e1le &raquo;2.St Oxygen special edition\" \/>\n<meta property=\"og:url\" content=\"https:\/\/soprastek.com\/cs\/shop\/2-st-oxygen-special-edition\/\" \/>\n<meta property=\"og:site_name\" content=\"Sopras Tek\" \/>\n<meta name=\"twitter:card\" content=\"summary_large_image\" \/>\n<script type=\"application\/ld+json\" class=\"yoast-schema-graph\">{\"@context\":\"https:\\\/\\\/schema.org\",\"@graph\":[{\"@type\":\"WebPage\",\"@id\":\"https:\\\/\\\/soprastek.com\\\/cs\\\/shop\\\/2-st-oxygen-special-edition\\\/\",\"url\":\"https:\\\/\\\/soprastek.com\\\/cs\\\/shop\\\/2-st-oxygen-special-edition\\\/\",\"name\":\"2.St Oxygen special edition - Sopras Tek\",\"isPartOf\":{\"@id\":\"https:\\\/\\\/soprastek.com\\\/#website\"},\"primaryImageOfPage\":{\"@id\":\"https:\\\/\\\/soprastek.com\\\/cs\\\/shop\\\/2-st-oxygen-special-edition\\\/#primaryimage\"},\"image\":{\"@id\":\"https:\\\/\\\/soprastek.com\\\/cs\\\/shop\\\/2-st-oxygen-special-edition\\\/#primaryimage\"},\"thumbnailUrl\":\"https:\\\/\\\/soprastek.com\\\/wp-content\\\/uploads\\\/2024\\\/07\\\/oxygen-special-edition-scaled.jpg\",\"datePublished\":\"2024-07-31T09:24:01+00:00\",\"breadcrumb\":{\"@id\":\"https:\\\/\\\/soprastek.com\\\/cs\\\/shop\\\/2-st-oxygen-special-edition\\\/#breadcrumb\"},\"inLanguage\":\"cs\",\"potentialAction\":[{\"@type\":\"ReadAction\",\"target\":[\"https:\\\/\\\/soprastek.com\\\/cs\\\/shop\\\/2-st-oxygen-special-edition\\\/\"]}]},{\"@type\":\"ImageObject\",\"inLanguage\":\"cs\",\"@id\":\"https:\\\/\\\/soprastek.com\\\/cs\\\/shop\\\/2-st-oxygen-special-edition\\\/#primaryimage\",\"url\":\"https:\\\/\\\/soprastek.com\\\/wp-content\\\/uploads\\\/2024\\\/07\\\/oxygen-special-edition-scaled.jpg\",\"contentUrl\":\"https:\\\/\\\/soprastek.com\\\/wp-content\\\/uploads\\\/2024\\\/07\\\/oxygen-special-edition-scaled.jpg\",\"width\":2560,\"height\":2414},{\"@type\":\"BreadcrumbList\",\"@id\":\"https:\\\/\\\/soprastek.com\\\/cs\\\/shop\\\/2-st-oxygen-special-edition\\\/#breadcrumb\",\"itemListElement\":[{\"@type\":\"ListItem\",\"position\":1,\"name\":\"Home\",\"item\":\"https:\\\/\\\/soprastek.com\\\/\"},{\"@type\":\"ListItem\",\"position\":2,\"name\":\"Shop\",\"item\":\"https:\\\/\\\/soprastek.com\\\/shop\\\/\"},{\"@type\":\"ListItem\",\"position\":3,\"name\":\"2.St Oxygen special edition\"}]},{\"@type\":\"WebSite\",\"@id\":\"https:\\\/\\\/soprastek.com\\\/#website\",\"url\":\"https:\\\/\\\/soprastek.com\\\/\",\"name\":\"Sopras Tek\",\"description\":\"Badass divers\",\"potentialAction\":[{\"@type\":\"SearchAction\",\"target\":{\"@type\":\"EntryPoint\",\"urlTemplate\":\"https:\\\/\\\/soprastek.com\\\/?s={search_term_string}\"},\"query-input\":{\"@type\":\"PropertyValueSpecification\",\"valueRequired\":true,\"valueName\":\"search_term_string\"}}],\"inLanguage\":\"cs\"}]}<\/script>\n<!-- \/ Yoast SEO plugin. -->","yoast_head_json":{"title":"2.St Oxygen special edition - Sopras Tek","robots":{"index":"index","follow":"follow","max-snippet":"max-snippet:-1","max-image-preview":"max-image-preview:large","max-video-preview":"max-video-preview:-1"},"canonical":"https:\/\/soprastek.com\/cs\/shop\/2-st-oxygen-special-edition\/","og_locale":"cs_CZ","og_type":"article","og_title":"2.St Oxygen special edition - Sopras Tek","og_description":"2.St Oxygen &#8211; Viton O-rings, oxygen compatible lube, green plastic parts, 100 cm green nylon mesh hose \u00a0 DISCLAIMER Oxygen-related fires and explosions can result in serious injury or death. Ultimately, you must make the final decision to assume all risks associated with the use of any compressed gases, including those in excess of 40%&hellip;&nbsp;\u010c\u00edst d\u00e1le &raquo;2.St Oxygen special edition","og_url":"https:\/\/soprastek.com\/cs\/shop\/2-st-oxygen-special-edition\/","og_site_name":"Sopras Tek","twitter_card":"summary_large_image","schema":{"@context":"https:\/\/schema.org","@graph":[{"@type":"WebPage","@id":"https:\/\/soprastek.com\/cs\/shop\/2-st-oxygen-special-edition\/","url":"https:\/\/soprastek.com\/cs\/shop\/2-st-oxygen-special-edition\/","name":"2.St Oxygen special edition - Sopras Tek","isPartOf":{"@id":"https:\/\/soprastek.com\/#website"},"primaryImageOfPage":{"@id":"https:\/\/soprastek.com\/cs\/shop\/2-st-oxygen-special-edition\/#primaryimage"},"image":{"@id":"https:\/\/soprastek.com\/cs\/shop\/2-st-oxygen-special-edition\/#primaryimage"},"thumbnailUrl":"https:\/\/soprastek.com\/wp-content\/uploads\/2024\/07\/oxygen-special-edition-scaled.jpg","datePublished":"2024-07-31T09:24:01+00:00","breadcrumb":{"@id":"https:\/\/soprastek.com\/cs\/shop\/2-st-oxygen-special-edition\/#breadcrumb"},"inLanguage":"cs","potentialAction":[{"@type":"ReadAction","target":["https:\/\/soprastek.com\/cs\/shop\/2-st-oxygen-special-edition\/"]}]},{"@type":"ImageObject","inLanguage":"cs","@id":"https:\/\/soprastek.com\/cs\/shop\/2-st-oxygen-special-edition\/#primaryimage","url":"https:\/\/soprastek.com\/wp-content\/uploads\/2024\/07\/oxygen-special-edition-scaled.jpg","contentUrl":"https:\/\/soprastek.com\/wp-content\/uploads\/2024\/07\/oxygen-special-edition-scaled.jpg","width":2560,"height":2414},{"@type":"BreadcrumbList","@id":"https:\/\/soprastek.com\/cs\/shop\/2-st-oxygen-special-edition\/#breadcrumb","itemListElement":[{"@type":"ListItem","position":1,"name":"Home","item":"https:\/\/soprastek.com\/"},{"@type":"ListItem","position":2,"name":"Shop","item":"https:\/\/soprastek.com\/shop\/"},{"@type":"ListItem","position":3,"name":"2.St Oxygen special edition"}]},{"@type":"WebSite","@id":"https:\/\/soprastek.com\/#website","url":"https:\/\/soprastek.com\/","name":"Sopras Tek","description":"Badass divers","potentialAction":[{"@type":"SearchAction","target":{"@type":"EntryPoint","urlTemplate":"https:\/\/soprastek.com\/?s={search_term_string}"},"query-input":{"@type":"PropertyValueSpecification","valueRequired":true,"valueName":"search_term_string"}}],"inLanguage":"cs"}]}},"uagb_featured_image_src":{"full":["https:\/\/soprastek.com\/wp-content\/uploads\/2024\/07\/oxygen-special-edition-scaled.jpg",2560,2414,false],"thumbnail":["https:\/\/soprastek.com\/wp-content\/uploads\/2024\/07\/oxygen-special-edition-150x150.jpg",150,150,true],"medium":["https:\/\/soprastek.com\/wp-content\/uploads\/2024\/07\/oxygen-special-edition-300x283.jpg",300,283,true],"medium_large":["https:\/\/soprastek.com\/wp-content\/uploads\/2024\/07\/oxygen-special-edition-768x724.jpg",768,724,true],"large":["https:\/\/soprastek.com\/wp-content\/uploads\/2024\/07\/oxygen-special-edition-1024x966.jpg",1024,966,true],"1536x1536":["https:\/\/soprastek.com\/wp-content\/uploads\/2024\/07\/oxygen-special-edition-1536x1449.jpg",1536,1449,true],"2048x2048":["https:\/\/soprastek.com\/wp-content\/uploads\/2024\/07\/oxygen-special-edition-2048x1931.jpg",2048,1931,true],"neve-blog":["https:\/\/soprastek.com\/wp-content\/uploads\/2024\/07\/oxygen-special-edition-930x620.jpg",930,620,true],"mailpoet_newsletter_max":["https:\/\/soprastek.com\/wp-content\/uploads\/2024\/07\/oxygen-special-edition-scaled.jpg",1320,1245,false],"woocommerce_thumbnail":["https:\/\/soprastek.com\/wp-content\/uploads\/2024\/07\/oxygen-special-edition-300x300.jpg",300,300,true],"woocommerce_single":["https:\/\/soprastek.com\/wp-content\/uploads\/2024\/07\/oxygen-special-edition-600x566.jpg",600,566,true],"woocommerce_gallery_thumbnail":["https:\/\/soprastek.com\/wp-content\/uploads\/2024\/07\/oxygen-special-edition-100x100.jpg",100,100,true]},"uagb_author_info":{"display_name":"sobkova","author_link":"https:\/\/soprastek.com\/cs\/author\/"},"uagb_comment_info":0,"uagb_excerpt":"2.St Oxygen &#8211; Viton O-rings, oxygen compatible lube, green plastic parts, 100 cm green nylon mesh hose \u00a0 DISCLAIMER Oxygen-related fires and explosions can result in serious injury or death. Ultimately, you must make the final decision to assume all risks associated with the use of any compressed gases, including those in excess of 40%&hellip;&nbsp;\u010c\u00edst&hellip;","_links":{"self":[{"href":"https:\/\/soprastek.com\/cs\/wp-json\/wp\/v2\/product\/17347","targetHints":{"allow":["GET"]}}],"collection":[{"href":"https:\/\/soprastek.com\/cs\/wp-json\/wp\/v2\/product"}],"about":[{"href":"https:\/\/soprastek.com\/cs\/wp-json\/wp\/v2\/types\/product"}],"replies":[{"embeddable":true,"href":"https:\/\/soprastek.com\/cs\/wp-json\/wp\/v2\/comments?post=17347"}],"wp:featuredmedia":[{"embeddable":true,"href":"https:\/\/soprastek.com\/cs\/wp-json\/wp\/v2\/media\/12026"}],"wp:attachment":[{"href":"https:\/\/soprastek.com\/cs\/wp-json\/wp\/v2\/media?parent=17347"}],"wp:term":[{"taxonomy":"product_brand","embeddable":true,"href":"https:\/\/soprastek.com\/cs\/wp-json\/wp\/v2\/product_brand?post=17347"},{"taxonomy":"product_cat","embeddable":true,"href":"https:\/\/soprastek.com\/cs\/wp-json\/wp\/v2\/product_cat?post=17347"},{"taxonomy":"product_tag","embeddable":true,"href":"https:\/\/soprastek.com\/cs\/wp-json\/wp\/v2\/product_tag?post=17347"}],"curies":[{"name":"wp","href":"https:\/\/api.w.org\/{rel}","templated":true}]}}