{"id":17364,"date":"2024-04-22T17:56:03","date_gmt":"2024-04-22T16:56:03","guid":{"rendered":"https:\/\/soprastek.com\/shop\/x-tech-double-bladder\/"},"modified":"2024-04-22T17:56:03","modified_gmt":"2024-04-22T16:56:03","slug":"x-tech-double-bladder","status":"publish","type":"product","link":"https:\/\/soprastek.com\/cs\/shop\/x-tech-double-bladder\/","title":{"rendered":"X tech double bladder"},"content":{"rendered":"<p>X tech with double inside bladder (22+22l) for deep diving.<\/p>\n<p>&nbsp;<\/p>\n<p>When you dive deep and wear no dry suit, a double bladder in your BCD could be a solution. In this model you have a front and a back bladder. Inflator hoses can come from the left or from the right, depending on your preferences. In this picture they both come from the left and the inflator of the back bladder (the secondary one) being attached to the back, will be result shorter and also has a red hose and tape for easy recognition.<\/p>\n<p>The red hose is 50cm and can attach perfectly to your left regulator, while the white hose is 60cm will attach to the 5<sup>th<\/sup> port of your right regulator standard.<\/p>\n<p>The front bladder (the main one) will be deflated standardly on the front left hand side, while the secondary bladder will be deflated at the back right. And remember: Always inflate one bladder at a time, do not keep air in your secondary bladder!<\/p>\n","protected":false},"excerpt":{"rendered":"<p>X tech with double inside bladder (22+22l) for deep diving. &nbsp; When you dive deep and wear no dry suit, a double bladder in your BCD could be a solution. In this model you have a front and a back bladder. Inflator hoses can come from the left or from the right, depending on your&hellip;&nbsp;<a href=\"https:\/\/soprastek.com\/cs\/shop\/x-tech-double-bladder\/\" rel=\"bookmark\">\u010c\u00edst d\u00e1le &raquo;<span class=\"screen-reader-text\">X tech double bladder<\/span><\/a><\/p>\n","protected":false},"featured_media":11870,"comment_status":"open","ping_status":"closed","template":"","meta":{"_uag_custom_page_level_css":"","neve_meta_sidebar":"","neve_meta_container":"","neve_meta_enable_content_width":"off","neve_meta_content_width":100,"neve_meta_title_alignment":"","neve_meta_author_avatar":"","neve_post_elements_order":"","neve_meta_disable_header":"","neve_meta_disable_footer":"","neve_meta_disable_title":""},"product_brand":[],"product_cat":[690],"product_tag":[695],"class_list":{"0":"post-17364","1":"product","2":"type-product","3":"status-publish","4":"has-post-thumbnail","6":"product_cat-rebreathery-a-dvojite-vaky","7":"product_tag-new-cs","9":"first","10":"instock","11":"taxable","12":"shipping-taxable","13":"purchasable","14":"product-type-simple"},"yoast_head":"<!-- This site is optimized with the Yoast SEO plugin v27.4 - https:\/\/yoast.com\/product\/yoast-seo-wordpress\/ -->\n<title>X tech double bladder - Sopras Tek<\/title>\n<meta name=\"robots\" content=\"index, follow, max-snippet:-1, max-image-preview:large, max-video-preview:-1\" \/>\n<link rel=\"canonical\" href=\"https:\/\/soprastek.com\/cs\/shop\/x-tech-double-bladder\/\" \/>\n<meta property=\"og:locale\" content=\"cs_CZ\" \/>\n<meta property=\"og:type\" content=\"article\" \/>\n<meta property=\"og:title\" content=\"X tech double bladder - Sopras Tek\" \/>\n<meta property=\"og:description\" content=\"X tech with double inside bladder (22+22l) for deep diving. &nbsp; When you dive deep and wear no dry suit, a double bladder in your BCD could be a solution. In this model you have a front and a back bladder. Inflator hoses can come from the left or from the right, depending on your&hellip;&nbsp;\u010c\u00edst d\u00e1le &raquo;X tech double bladder\" \/>\n<meta property=\"og:url\" content=\"https:\/\/soprastek.com\/cs\/shop\/x-tech-double-bladder\/\" \/>\n<meta property=\"og:site_name\" content=\"Sopras Tek\" \/>\n<meta name=\"twitter:card\" content=\"summary_large_image\" \/>\n<meta name=\"twitter:label1\" content=\"Odhadovan\u00e1 doba \u010dten\u00ed\" \/>\n\t<meta name=\"twitter:data1\" content=\"1 minuta\" \/>\n<script type=\"application\/ld+json\" class=\"yoast-schema-graph\">{\"@context\":\"https:\\\/\\\/schema.org\",\"@graph\":[{\"@type\":\"WebPage\",\"@id\":\"https:\\\/\\\/soprastek.com\\\/cs\\\/shop\\\/x-tech-double-bladder\\\/\",\"url\":\"https:\\\/\\\/soprastek.com\\\/cs\\\/shop\\\/x-tech-double-bladder\\\/\",\"name\":\"X tech double bladder - Sopras Tek\",\"isPartOf\":{\"@id\":\"https:\\\/\\\/soprastek.com\\\/#website\"},\"primaryImageOfPage\":{\"@id\":\"https:\\\/\\\/soprastek.com\\\/cs\\\/shop\\\/x-tech-double-bladder\\\/#primaryimage\"},\"image\":{\"@id\":\"https:\\\/\\\/soprastek.com\\\/cs\\\/shop\\\/x-tech-double-bladder\\\/#primaryimage\"},\"thumbnailUrl\":\"https:\\\/\\\/soprastek.com\\\/wp-content\\\/uploads\\\/2024\\\/04\\\/24005A-tech-double-bladder-1500x1500-1.jpg\",\"datePublished\":\"2024-04-22T16:56:03+00:00\",\"breadcrumb\":{\"@id\":\"https:\\\/\\\/soprastek.com\\\/cs\\\/shop\\\/x-tech-double-bladder\\\/#breadcrumb\"},\"inLanguage\":\"cs\",\"potentialAction\":[{\"@type\":\"ReadAction\",\"target\":[\"https:\\\/\\\/soprastek.com\\\/cs\\\/shop\\\/x-tech-double-bladder\\\/\"]}]},{\"@type\":\"ImageObject\",\"inLanguage\":\"cs\",\"@id\":\"https:\\\/\\\/soprastek.com\\\/cs\\\/shop\\\/x-tech-double-bladder\\\/#primaryimage\",\"url\":\"https:\\\/\\\/soprastek.com\\\/wp-content\\\/uploads\\\/2024\\\/04\\\/24005A-tech-double-bladder-1500x1500-1.jpg\",\"contentUrl\":\"https:\\\/\\\/soprastek.com\\\/wp-content\\\/uploads\\\/2024\\\/04\\\/24005A-tech-double-bladder-1500x1500-1.jpg\",\"width\":1500,\"height\":1500},{\"@type\":\"BreadcrumbList\",\"@id\":\"https:\\\/\\\/soprastek.com\\\/cs\\\/shop\\\/x-tech-double-bladder\\\/#breadcrumb\",\"itemListElement\":[{\"@type\":\"ListItem\",\"position\":1,\"name\":\"Home\",\"item\":\"https:\\\/\\\/soprastek.com\\\/\"},{\"@type\":\"ListItem\",\"position\":2,\"name\":\"Shop\",\"item\":\"https:\\\/\\\/soprastek.com\\\/shop\\\/\"},{\"@type\":\"ListItem\",\"position\":3,\"name\":\"X tech double bladder\"}]},{\"@type\":\"WebSite\",\"@id\":\"https:\\\/\\\/soprastek.com\\\/#website\",\"url\":\"https:\\\/\\\/soprastek.com\\\/\",\"name\":\"Sopras Tek\",\"description\":\"Badass divers\",\"potentialAction\":[{\"@type\":\"SearchAction\",\"target\":{\"@type\":\"EntryPoint\",\"urlTemplate\":\"https:\\\/\\\/soprastek.com\\\/?s={search_term_string}\"},\"query-input\":{\"@type\":\"PropertyValueSpecification\",\"valueRequired\":true,\"valueName\":\"search_term_string\"}}],\"inLanguage\":\"cs\"}]}<\/script>\n<!-- \/ Yoast SEO plugin. -->","yoast_head_json":{"title":"X tech double bladder - Sopras Tek","robots":{"index":"index","follow":"follow","max-snippet":"max-snippet:-1","max-image-preview":"max-image-preview:large","max-video-preview":"max-video-preview:-1"},"canonical":"https:\/\/soprastek.com\/cs\/shop\/x-tech-double-bladder\/","og_locale":"cs_CZ","og_type":"article","og_title":"X tech double bladder - Sopras Tek","og_description":"X tech with double inside bladder (22+22l) for deep diving. &nbsp; When you dive deep and wear no dry suit, a double bladder in your BCD could be a solution. In this model you have a front and a back bladder. Inflator hoses can come from the left or from the right, depending on your&hellip;&nbsp;\u010c\u00edst d\u00e1le &raquo;X tech double bladder","og_url":"https:\/\/soprastek.com\/cs\/shop\/x-tech-double-bladder\/","og_site_name":"Sopras Tek","twitter_card":"summary_large_image","twitter_misc":{"Odhadovan\u00e1 doba \u010dten\u00ed":"1 minuta"},"schema":{"@context":"https:\/\/schema.org","@graph":[{"@type":"WebPage","@id":"https:\/\/soprastek.com\/cs\/shop\/x-tech-double-bladder\/","url":"https:\/\/soprastek.com\/cs\/shop\/x-tech-double-bladder\/","name":"X tech double bladder - Sopras Tek","isPartOf":{"@id":"https:\/\/soprastek.com\/#website"},"primaryImageOfPage":{"@id":"https:\/\/soprastek.com\/cs\/shop\/x-tech-double-bladder\/#primaryimage"},"image":{"@id":"https:\/\/soprastek.com\/cs\/shop\/x-tech-double-bladder\/#primaryimage"},"thumbnailUrl":"https:\/\/soprastek.com\/wp-content\/uploads\/2024\/04\/24005A-tech-double-bladder-1500x1500-1.jpg","datePublished":"2024-04-22T16:56:03+00:00","breadcrumb":{"@id":"https:\/\/soprastek.com\/cs\/shop\/x-tech-double-bladder\/#breadcrumb"},"inLanguage":"cs","potentialAction":[{"@type":"ReadAction","target":["https:\/\/soprastek.com\/cs\/shop\/x-tech-double-bladder\/"]}]},{"@type":"ImageObject","inLanguage":"cs","@id":"https:\/\/soprastek.com\/cs\/shop\/x-tech-double-bladder\/#primaryimage","url":"https:\/\/soprastek.com\/wp-content\/uploads\/2024\/04\/24005A-tech-double-bladder-1500x1500-1.jpg","contentUrl":"https:\/\/soprastek.com\/wp-content\/uploads\/2024\/04\/24005A-tech-double-bladder-1500x1500-1.jpg","width":1500,"height":1500},{"@type":"BreadcrumbList","@id":"https:\/\/soprastek.com\/cs\/shop\/x-tech-double-bladder\/#breadcrumb","itemListElement":[{"@type":"ListItem","position":1,"name":"Home","item":"https:\/\/soprastek.com\/"},{"@type":"ListItem","position":2,"name":"Shop","item":"https:\/\/soprastek.com\/shop\/"},{"@type":"ListItem","position":3,"name":"X tech double bladder"}]},{"@type":"WebSite","@id":"https:\/\/soprastek.com\/#website","url":"https:\/\/soprastek.com\/","name":"Sopras Tek","description":"Badass divers","potentialAction":[{"@type":"SearchAction","target":{"@type":"EntryPoint","urlTemplate":"https:\/\/soprastek.com\/?s={search_term_string}"},"query-input":{"@type":"PropertyValueSpecification","valueRequired":true,"valueName":"search_term_string"}}],"inLanguage":"cs"}]}},"uagb_featured_image_src":{"full":["https:\/\/soprastek.com\/wp-content\/uploads\/2024\/04\/24005A-tech-double-bladder-1500x1500-1.jpg",1500,1500,false],"thumbnail":["https:\/\/soprastek.com\/wp-content\/uploads\/2024\/04\/24005A-tech-double-bladder-1500x1500-1-150x150.jpg",150,150,true],"medium":["https:\/\/soprastek.com\/wp-content\/uploads\/2024\/04\/24005A-tech-double-bladder-1500x1500-1-300x300.jpg",300,300,true],"medium_large":["https:\/\/soprastek.com\/wp-content\/uploads\/2024\/04\/24005A-tech-double-bladder-1500x1500-1-768x768.jpg",768,768,true],"large":["https:\/\/soprastek.com\/wp-content\/uploads\/2024\/04\/24005A-tech-double-bladder-1500x1500-1-1024x1024.jpg",1024,1024,true],"1536x1536":["https:\/\/soprastek.com\/wp-content\/uploads\/2024\/04\/24005A-tech-double-bladder-1500x1500-1.jpg",1500,1500,false],"2048x2048":["https:\/\/soprastek.com\/wp-content\/uploads\/2024\/04\/24005A-tech-double-bladder-1500x1500-1.jpg",1500,1500,false],"neve-blog":["https:\/\/soprastek.com\/wp-content\/uploads\/2024\/04\/24005A-tech-double-bladder-1500x1500-1-930x620.jpg",930,620,true],"mailpoet_newsletter_max":["https:\/\/soprastek.com\/wp-content\/uploads\/2024\/04\/24005A-tech-double-bladder-1500x1500-1.jpg",1320,1320,false],"woocommerce_thumbnail":["https:\/\/soprastek.com\/wp-content\/uploads\/2024\/04\/24005A-tech-double-bladder-1500x1500-1-300x300.jpg",300,300,true],"woocommerce_single":["https:\/\/soprastek.com\/wp-content\/uploads\/2024\/04\/24005A-tech-double-bladder-1500x1500-1-600x600.jpg",600,600,true],"woocommerce_gallery_thumbnail":["https:\/\/soprastek.com\/wp-content\/uploads\/2024\/04\/24005A-tech-double-bladder-1500x1500-1-100x100.jpg",100,100,true]},"uagb_author_info":{"display_name":"sobkova","author_link":"https:\/\/soprastek.com\/cs\/author\/"},"uagb_comment_info":0,"uagb_excerpt":"X tech with double inside bladder (22+22l) for deep diving. &nbsp; When you dive deep and wear no dry suit, a double bladder in your BCD could be a solution. In this model you have a front and a back bladder. Inflator hoses can come from the left or from the right, depending on your&hellip;&nbsp;\u010c\u00edst&hellip;","_links":{"self":[{"href":"https:\/\/soprastek.com\/cs\/wp-json\/wp\/v2\/product\/17364","targetHints":{"allow":["GET"]}}],"collection":[{"href":"https:\/\/soprastek.com\/cs\/wp-json\/wp\/v2\/product"}],"about":[{"href":"https:\/\/soprastek.com\/cs\/wp-json\/wp\/v2\/types\/product"}],"replies":[{"embeddable":true,"href":"https:\/\/soprastek.com\/cs\/wp-json\/wp\/v2\/comments?post=17364"}],"wp:featuredmedia":[{"embeddable":true,"href":"https:\/\/soprastek.com\/cs\/wp-json\/wp\/v2\/media\/11870"}],"wp:attachment":[{"href":"https:\/\/soprastek.com\/cs\/wp-json\/wp\/v2\/media?parent=17364"}],"wp:term":[{"taxonomy":"product_brand","embeddable":true,"href":"https:\/\/soprastek.com\/cs\/wp-json\/wp\/v2\/product_brand?post=17364"},{"taxonomy":"product_cat","embeddable":true,"href":"https:\/\/soprastek.com\/cs\/wp-json\/wp\/v2\/product_cat?post=17364"},{"taxonomy":"product_tag","embeddable":true,"href":"https:\/\/soprastek.com\/cs\/wp-json\/wp\/v2\/product_tag?post=17364"}],"curies":[{"name":"wp","href":"https:\/\/api.w.org\/{rel}","templated":true}]}}