{"id":17374,"date":"2024-02-18T14:09:49","date_gmt":"2024-02-18T13:09:49","guid":{"rendered":"https:\/\/soprastek.com\/shop\/rebreather-bladder\/"},"modified":"2026-05-14T05:25:29","modified_gmt":"2026-05-14T04:25:29","slug":"rebreather-bladder","status":"publish","type":"product","link":"https:\/\/soprastek.com\/cs\/shop\/rebreather-bladder\/","title":{"rendered":"Rebreather bladder"},"content":{"rendered":"<p>20litres Donut bladder with 50mm webbing crossing in the middle with an inflator of 475 mm \/ 19\u201c; in black Cordura fabric (or any other fabric we have).<\/p>\n<p>The bladder allows mounting on many rebreather models. Stainless steel eylets and positioning of the webbing are made on customers request.<\/p>\n<p>Inside bladder \u2013 Nylon 290D<\/p>\n<p>Any embroidery can be made on your bladder for 20eur (size up to 50x220mm)<\/p>\n","protected":false},"excerpt":{"rendered":"<p>20litres Donut bladder with 50mm webbing crossing in the middle with an inflator of 475 mm \/ 19\u201c; in black Cordura fabric (or any other fabric we have). The bladder allows mounting on many rebreather models. Stainless steel eylets and positioning of the webbing are made on customers request. Inside bladder \u2013 Nylon 290D Any&hellip;&nbsp;<a href=\"https:\/\/soprastek.com\/cs\/shop\/rebreather-bladder\/\" rel=\"bookmark\">\u010c\u00edst d\u00e1le &raquo;<span class=\"screen-reader-text\">Rebreather bladder<\/span><\/a><\/p>\n","protected":false},"featured_media":11613,"comment_status":"open","ping_status":"closed","template":"","meta":{"_uag_custom_page_level_css":"","neve_meta_sidebar":"","neve_meta_container":"","neve_meta_enable_content_width":"off","neve_meta_content_width":100,"neve_meta_title_alignment":"","neve_meta_author_avatar":"","neve_post_elements_order":"","neve_meta_disable_header":"","neve_meta_disable_footer":"","neve_meta_disable_title":""},"product_brand":[],"product_cat":[690],"product_tag":[],"class_list":{"0":"post-17374","1":"product","2":"type-product","3":"status-publish","4":"has-post-thumbnail","6":"product_cat-rebreathery-a-dvojite-vaky","8":"first","9":"instock","10":"taxable","11":"shipping-taxable","12":"purchasable","13":"product-type-simple"},"yoast_head":"<!-- This site is optimized with the Yoast SEO plugin v27.5 - https:\/\/yoast.com\/product\/yoast-seo-wordpress\/ -->\n<title>Rebreather bladder - Sopras Tek<\/title>\n<meta name=\"robots\" content=\"index, follow, max-snippet:-1, max-image-preview:large, max-video-preview:-1\" \/>\n<link rel=\"canonical\" href=\"https:\/\/soprastek.com\/cs\/shop\/rebreather-bladder\/\" \/>\n<meta property=\"og:locale\" content=\"cs_CZ\" \/>\n<meta property=\"og:type\" content=\"article\" \/>\n<meta property=\"og:title\" content=\"Rebreather bladder - Sopras Tek\" \/>\n<meta property=\"og:description\" content=\"20litres Donut bladder with 50mm webbing crossing in the middle with an inflator of 475 mm \/ 19\u201c; in black Cordura fabric (or any other fabric we have). The bladder allows mounting on many rebreather models. Stainless steel eylets and positioning of the webbing are made on customers request. Inside bladder \u2013 Nylon 290D Any&hellip;&nbsp;\u010c\u00edst d\u00e1le &raquo;Rebreather bladder\" \/>\n<meta property=\"og:url\" content=\"https:\/\/soprastek.com\/cs\/shop\/rebreather-bladder\/\" \/>\n<meta property=\"og:site_name\" content=\"Sopras Tek\" \/>\n<meta property=\"article:modified_time\" content=\"2026-05-14T04:25:29+00:00\" \/>\n<meta property=\"og:image\" content=\"https:\/\/soprastek.com\/wp-content\/uploads\/2024\/02\/rebreather-20l.jpg\" \/>\n\t<meta property=\"og:image:width\" content=\"1481\" \/>\n\t<meta property=\"og:image:height\" content=\"1500\" \/>\n\t<meta property=\"og:image:type\" content=\"image\/jpeg\" \/>\n<meta name=\"twitter:card\" content=\"summary_large_image\" \/>\n<script type=\"application\/ld+json\" class=\"yoast-schema-graph\">{\"@context\":\"https:\\\/\\\/schema.org\",\"@graph\":[{\"@type\":\"WebPage\",\"@id\":\"https:\\\/\\\/soprastek.com\\\/cs\\\/shop\\\/rebreather-bladder\\\/\",\"url\":\"https:\\\/\\\/soprastek.com\\\/cs\\\/shop\\\/rebreather-bladder\\\/\",\"name\":\"Rebreather bladder - Sopras Tek\",\"isPartOf\":{\"@id\":\"https:\\\/\\\/soprastek.com\\\/#website\"},\"primaryImageOfPage\":{\"@id\":\"https:\\\/\\\/soprastek.com\\\/cs\\\/shop\\\/rebreather-bladder\\\/#primaryimage\"},\"image\":{\"@id\":\"https:\\\/\\\/soprastek.com\\\/cs\\\/shop\\\/rebreather-bladder\\\/#primaryimage\"},\"thumbnailUrl\":\"https:\\\/\\\/soprastek.com\\\/wp-content\\\/uploads\\\/2024\\\/02\\\/rebreather-20l.jpg\",\"datePublished\":\"2024-02-18T13:09:49+00:00\",\"dateModified\":\"2026-05-14T04:25:29+00:00\",\"breadcrumb\":{\"@id\":\"https:\\\/\\\/soprastek.com\\\/cs\\\/shop\\\/rebreather-bladder\\\/#breadcrumb\"},\"inLanguage\":\"cs\",\"potentialAction\":[{\"@type\":\"ReadAction\",\"target\":[\"https:\\\/\\\/soprastek.com\\\/cs\\\/shop\\\/rebreather-bladder\\\/\"]}]},{\"@type\":\"ImageObject\",\"inLanguage\":\"cs\",\"@id\":\"https:\\\/\\\/soprastek.com\\\/cs\\\/shop\\\/rebreather-bladder\\\/#primaryimage\",\"url\":\"https:\\\/\\\/soprastek.com\\\/wp-content\\\/uploads\\\/2024\\\/02\\\/rebreather-20l.jpg\",\"contentUrl\":\"https:\\\/\\\/soprastek.com\\\/wp-content\\\/uploads\\\/2024\\\/02\\\/rebreather-20l.jpg\",\"width\":1481,\"height\":1500},{\"@type\":\"BreadcrumbList\",\"@id\":\"https:\\\/\\\/soprastek.com\\\/cs\\\/shop\\\/rebreather-bladder\\\/#breadcrumb\",\"itemListElement\":[{\"@type\":\"ListItem\",\"position\":1,\"name\":\"Home\",\"item\":\"https:\\\/\\\/soprastek.com\\\/\"},{\"@type\":\"ListItem\",\"position\":2,\"name\":\"Shop\",\"item\":\"https:\\\/\\\/soprastek.com\\\/shop\\\/\"},{\"@type\":\"ListItem\",\"position\":3,\"name\":\"Rebreather bladder\"}]},{\"@type\":\"WebSite\",\"@id\":\"https:\\\/\\\/soprastek.com\\\/#website\",\"url\":\"https:\\\/\\\/soprastek.com\\\/\",\"name\":\"Sopras Tek\",\"description\":\"Badass divers\",\"potentialAction\":[{\"@type\":\"SearchAction\",\"target\":{\"@type\":\"EntryPoint\",\"urlTemplate\":\"https:\\\/\\\/soprastek.com\\\/?s={search_term_string}\"},\"query-input\":{\"@type\":\"PropertyValueSpecification\",\"valueRequired\":true,\"valueName\":\"search_term_string\"}}],\"inLanguage\":\"cs\"}]}<\/script>\n<!-- \/ Yoast SEO plugin. -->","yoast_head_json":{"title":"Rebreather bladder - Sopras Tek","robots":{"index":"index","follow":"follow","max-snippet":"max-snippet:-1","max-image-preview":"max-image-preview:large","max-video-preview":"max-video-preview:-1"},"canonical":"https:\/\/soprastek.com\/cs\/shop\/rebreather-bladder\/","og_locale":"cs_CZ","og_type":"article","og_title":"Rebreather bladder - Sopras Tek","og_description":"20litres Donut bladder with 50mm webbing crossing in the middle with an inflator of 475 mm \/ 19\u201c; in black Cordura fabric (or any other fabric we have). The bladder allows mounting on many rebreather models. Stainless steel eylets and positioning of the webbing are made on customers request. Inside bladder \u2013 Nylon 290D Any&hellip;&nbsp;\u010c\u00edst d\u00e1le &raquo;Rebreather bladder","og_url":"https:\/\/soprastek.com\/cs\/shop\/rebreather-bladder\/","og_site_name":"Sopras Tek","article_modified_time":"2026-05-14T04:25:29+00:00","og_image":[{"width":1481,"height":1500,"url":"https:\/\/soprastek.com\/wp-content\/uploads\/2024\/02\/rebreather-20l.jpg","type":"image\/jpeg"}],"twitter_card":"summary_large_image","schema":{"@context":"https:\/\/schema.org","@graph":[{"@type":"WebPage","@id":"https:\/\/soprastek.com\/cs\/shop\/rebreather-bladder\/","url":"https:\/\/soprastek.com\/cs\/shop\/rebreather-bladder\/","name":"Rebreather bladder - Sopras Tek","isPartOf":{"@id":"https:\/\/soprastek.com\/#website"},"primaryImageOfPage":{"@id":"https:\/\/soprastek.com\/cs\/shop\/rebreather-bladder\/#primaryimage"},"image":{"@id":"https:\/\/soprastek.com\/cs\/shop\/rebreather-bladder\/#primaryimage"},"thumbnailUrl":"https:\/\/soprastek.com\/wp-content\/uploads\/2024\/02\/rebreather-20l.jpg","datePublished":"2024-02-18T13:09:49+00:00","dateModified":"2026-05-14T04:25:29+00:00","breadcrumb":{"@id":"https:\/\/soprastek.com\/cs\/shop\/rebreather-bladder\/#breadcrumb"},"inLanguage":"cs","potentialAction":[{"@type":"ReadAction","target":["https:\/\/soprastek.com\/cs\/shop\/rebreather-bladder\/"]}]},{"@type":"ImageObject","inLanguage":"cs","@id":"https:\/\/soprastek.com\/cs\/shop\/rebreather-bladder\/#primaryimage","url":"https:\/\/soprastek.com\/wp-content\/uploads\/2024\/02\/rebreather-20l.jpg","contentUrl":"https:\/\/soprastek.com\/wp-content\/uploads\/2024\/02\/rebreather-20l.jpg","width":1481,"height":1500},{"@type":"BreadcrumbList","@id":"https:\/\/soprastek.com\/cs\/shop\/rebreather-bladder\/#breadcrumb","itemListElement":[{"@type":"ListItem","position":1,"name":"Home","item":"https:\/\/soprastek.com\/"},{"@type":"ListItem","position":2,"name":"Shop","item":"https:\/\/soprastek.com\/shop\/"},{"@type":"ListItem","position":3,"name":"Rebreather bladder"}]},{"@type":"WebSite","@id":"https:\/\/soprastek.com\/#website","url":"https:\/\/soprastek.com\/","name":"Sopras Tek","description":"Badass divers","potentialAction":[{"@type":"SearchAction","target":{"@type":"EntryPoint","urlTemplate":"https:\/\/soprastek.com\/?s={search_term_string}"},"query-input":{"@type":"PropertyValueSpecification","valueRequired":true,"valueName":"search_term_string"}}],"inLanguage":"cs"}]}},"uagb_featured_image_src":{"full":["https:\/\/soprastek.com\/wp-content\/uploads\/2024\/02\/rebreather-20l.jpg",1481,1500,false],"thumbnail":["https:\/\/soprastek.com\/wp-content\/uploads\/2024\/02\/rebreather-20l-150x150.jpg",150,150,true],"medium":["https:\/\/soprastek.com\/wp-content\/uploads\/2024\/02\/rebreather-20l-296x300.jpg",296,300,true],"medium_large":["https:\/\/soprastek.com\/wp-content\/uploads\/2024\/02\/rebreather-20l-768x778.jpg",768,778,true],"large":["https:\/\/soprastek.com\/wp-content\/uploads\/2024\/02\/rebreather-20l-1011x1024.jpg",1011,1024,true],"1536x1536":["https:\/\/soprastek.com\/wp-content\/uploads\/2024\/02\/rebreather-20l.jpg",1481,1500,false],"2048x2048":["https:\/\/soprastek.com\/wp-content\/uploads\/2024\/02\/rebreather-20l.jpg",1481,1500,false],"neve-blog":["https:\/\/soprastek.com\/wp-content\/uploads\/2024\/02\/rebreather-20l-930x620.jpg",930,620,true],"mailpoet_newsletter_max":["https:\/\/soprastek.com\/wp-content\/uploads\/2024\/02\/rebreather-20l.jpg",1320,1337,false],"woocommerce_thumbnail":["https:\/\/soprastek.com\/wp-content\/uploads\/2024\/02\/rebreather-20l-300x300.jpg",300,300,true],"woocommerce_single":["https:\/\/soprastek.com\/wp-content\/uploads\/2024\/02\/rebreather-20l-600x608.jpg",600,608,true],"woocommerce_gallery_thumbnail":["https:\/\/soprastek.com\/wp-content\/uploads\/2024\/02\/rebreather-20l-100x100.jpg",100,100,true]},"uagb_author_info":{"display_name":"sobkova","author_link":"https:\/\/soprastek.com\/cs\/author\/"},"uagb_comment_info":0,"uagb_excerpt":"20litres Donut bladder with 50mm webbing crossing in the middle with an inflator of 475 mm \/ 19\u201c; in black Cordura fabric (or any other fabric we have). The bladder allows mounting on many rebreather models. Stainless steel eylets and positioning of the webbing are made on customers request. Inside bladder \u2013 Nylon 290D Any&hellip;&nbsp;\u010c\u00edst&hellip;","_links":{"self":[{"href":"https:\/\/soprastek.com\/cs\/wp-json\/wp\/v2\/product\/17374","targetHints":{"allow":["GET"]}}],"collection":[{"href":"https:\/\/soprastek.com\/cs\/wp-json\/wp\/v2\/product"}],"about":[{"href":"https:\/\/soprastek.com\/cs\/wp-json\/wp\/v2\/types\/product"}],"replies":[{"embeddable":true,"href":"https:\/\/soprastek.com\/cs\/wp-json\/wp\/v2\/comments?post=17374"}],"wp:featuredmedia":[{"embeddable":true,"href":"https:\/\/soprastek.com\/cs\/wp-json\/wp\/v2\/media\/11613"}],"wp:attachment":[{"href":"https:\/\/soprastek.com\/cs\/wp-json\/wp\/v2\/media?parent=17374"}],"wp:term":[{"taxonomy":"product_brand","embeddable":true,"href":"https:\/\/soprastek.com\/cs\/wp-json\/wp\/v2\/product_brand?post=17374"},{"taxonomy":"product_cat","embeddable":true,"href":"https:\/\/soprastek.com\/cs\/wp-json\/wp\/v2\/product_cat?post=17374"},{"taxonomy":"product_tag","embeddable":true,"href":"https:\/\/soprastek.com\/cs\/wp-json\/wp\/v2\/product_tag?post=17374"}],"curies":[{"name":"wp","href":"https:\/\/api.w.org\/{rel}","templated":true}]}}