{"id":17634,"date":"2019-10-18T12:48:56","date_gmt":"2019-10-18T11:48:56","guid":{"rendered":"https:\/\/soprastek.com\/shop\/soft-harness-universal-tek\/"},"modified":"2019-10-18T12:48:56","modified_gmt":"2019-10-18T11:48:56","slug":"soft-harness-universal-tek","status":"publish","type":"product","link":"https:\/\/soprastek.com\/cs\/shop\/soft-harness-universal-tek\/","title":{"rendered":"Soft Harness Universal Tek"},"content":{"rendered":"<p>Soft Harness UNIVERSAL Tek<\/p>\n<p>With this soft harness you can dive both confirugations: single tank and twin tanks!<\/p>\n<p>When diving single tank you attach the cylinders straps by inserting them behind the webbing at the back of the harness. In this case you will need to use our bladder TEKNO DONUT LITE (<a href=\"https:\/\/soprastek.com\/cs\/shop\/tekno-donut-14l-light\/\">https:\/\/soprastek.com\/shop\/tekno-donut-14l-light\/<\/a>). See the pictures<\/p>\n<p>If you want to dive with twins you will only need to insert the small aluminium plate (<a href=\"https:\/\/soprastek.com\/cs\/shop\/backplate-black-anodized-alu\/\">https:\/\/soprastek.com\/shop\/backplate-black-anodized-alu\/<\/a>) between the two layers of the harness and attach your screws to it. In this case you will use a larger size bladder lit DONUT XL or DONUT XTECH. Here also a video <a href=\"https:\/\/www.youtube.com\/shorts\/XjeGf4rs7zU\">https:\/\/www.youtube.com\/shorts\/XjeGf4rs7zU<\/a><\/p>\n<p>Tanks belts are not included they need to be chosen and bought separately (recommended is 900312\u00a0\u00a0<a href=\"https:\/\/soprastek.com\/cs\/shop\/tank-belt-105cm-hard-plast-buckle-fp\/\">https:\/\/soprastek.com\/shop\/tank-belt-105cm-hard-plast-buckle-fp\/<\/a>).<\/p>\n<p>&nbsp;<\/p>\n","protected":false},"excerpt":{"rendered":"<p>Soft Harness UNIVERSAL Tek With this soft harness you can dive both confirugations: single tank and twin tanks! When diving single tank you attach the cylinders straps by inserting them behind the webbing at the back of the harness. In this case you will need to use our bladder TEKNO DONUT LITE (https:\/\/soprastek.com\/shop\/tekno-donut-14l-light\/). See the&hellip;&nbsp;<a href=\"https:\/\/soprastek.com\/cs\/shop\/soft-harness-universal-tek\/\" rel=\"bookmark\">\u010c\u00edst d\u00e1le &raquo;<span class=\"screen-reader-text\">Soft Harness Universal Tek<\/span><\/a><\/p>\n","protected":false},"featured_media":9944,"comment_status":"open","ping_status":"closed","template":"","meta":{"_uag_custom_page_level_css":"","neve_meta_sidebar":"","neve_meta_container":"","neve_meta_enable_content_width":"off","neve_meta_content_width":100,"neve_meta_title_alignment":"","neve_meta_author_avatar":"","neve_post_elements_order":"","neve_meta_disable_header":"","neve_meta_disable_footer":"","neve_meta_disable_title":""},"product_brand":[],"product_cat":[687],"product_tag":[],"class_list":{"0":"post-17634","1":"product","2":"type-product","3":"status-publish","4":"has-post-thumbnail","6":"product_cat-postroje","8":"first","9":"instock","10":"taxable","11":"shipping-taxable","12":"purchasable","13":"product-type-variable"},"yoast_head":"<!-- This site is optimized with the Yoast SEO plugin v27.4 - https:\/\/yoast.com\/product\/yoast-seo-wordpress\/ -->\n<title>Soft Harness Universal Tek - Sopras Tek<\/title>\n<meta name=\"robots\" content=\"index, follow, max-snippet:-1, max-image-preview:large, max-video-preview:-1\" \/>\n<link rel=\"canonical\" href=\"https:\/\/soprastek.com\/cs\/shop\/soft-harness-universal-tek\/\" \/>\n<meta property=\"og:locale\" content=\"cs_CZ\" \/>\n<meta property=\"og:type\" content=\"article\" \/>\n<meta property=\"og:title\" content=\"Soft Harness Universal Tek - Sopras Tek\" \/>\n<meta property=\"og:description\" content=\"Soft Harness UNIVERSAL Tek With this soft harness you can dive both confirugations: single tank and twin tanks! When diving single tank you attach the cylinders straps by inserting them behind the webbing at the back of the harness. In this case you will need to use our bladder TEKNO DONUT LITE (https:\/\/soprastek.com\/shop\/tekno-donut-14l-light\/). See the&hellip;&nbsp;\u010c\u00edst d\u00e1le &raquo;Soft Harness Universal Tek\" \/>\n<meta property=\"og:url\" content=\"https:\/\/soprastek.com\/cs\/shop\/soft-harness-universal-tek\/\" \/>\n<meta property=\"og:site_name\" content=\"Sopras Tek\" \/>\n<meta name=\"twitter:card\" content=\"summary_large_image\" \/>\n<meta name=\"twitter:label1\" content=\"Odhadovan\u00e1 doba \u010dten\u00ed\" \/>\n\t<meta name=\"twitter:data1\" content=\"1 minuta\" \/>\n<script type=\"application\/ld+json\" class=\"yoast-schema-graph\">{\"@context\":\"https:\\\/\\\/schema.org\",\"@graph\":[{\"@type\":\"WebPage\",\"@id\":\"https:\\\/\\\/soprastek.com\\\/cs\\\/shop\\\/soft-harness-universal-tek\\\/\",\"url\":\"https:\\\/\\\/soprastek.com\\\/cs\\\/shop\\\/soft-harness-universal-tek\\\/\",\"name\":\"Soft Harness Universal Tek - Sopras Tek\",\"isPartOf\":{\"@id\":\"https:\\\/\\\/soprastek.com\\\/#website\"},\"primaryImageOfPage\":{\"@id\":\"https:\\\/\\\/soprastek.com\\\/cs\\\/shop\\\/soft-harness-universal-tek\\\/#primaryimage\"},\"image\":{\"@id\":\"https:\\\/\\\/soprastek.com\\\/cs\\\/shop\\\/soft-harness-universal-tek\\\/#primaryimage\"},\"thumbnailUrl\":\"https:\\\/\\\/soprastek.com\\\/wp-content\\\/uploads\\\/2019\\\/10\\\/240168.jpg\",\"datePublished\":\"2019-10-18T11:48:56+00:00\",\"breadcrumb\":{\"@id\":\"https:\\\/\\\/soprastek.com\\\/cs\\\/shop\\\/soft-harness-universal-tek\\\/#breadcrumb\"},\"inLanguage\":\"cs\",\"potentialAction\":[{\"@type\":\"ReadAction\",\"target\":[\"https:\\\/\\\/soprastek.com\\\/cs\\\/shop\\\/soft-harness-universal-tek\\\/\"]}]},{\"@type\":\"ImageObject\",\"inLanguage\":\"cs\",\"@id\":\"https:\\\/\\\/soprastek.com\\\/cs\\\/shop\\\/soft-harness-universal-tek\\\/#primaryimage\",\"url\":\"https:\\\/\\\/soprastek.com\\\/wp-content\\\/uploads\\\/2019\\\/10\\\/240168.jpg\",\"contentUrl\":\"https:\\\/\\\/soprastek.com\\\/wp-content\\\/uploads\\\/2019\\\/10\\\/240168.jpg\",\"width\":1500,\"height\":1500},{\"@type\":\"BreadcrumbList\",\"@id\":\"https:\\\/\\\/soprastek.com\\\/cs\\\/shop\\\/soft-harness-universal-tek\\\/#breadcrumb\",\"itemListElement\":[{\"@type\":\"ListItem\",\"position\":1,\"name\":\"Home\",\"item\":\"https:\\\/\\\/soprastek.com\\\/\"},{\"@type\":\"ListItem\",\"position\":2,\"name\":\"Shop\",\"item\":\"https:\\\/\\\/soprastek.com\\\/shop\\\/\"},{\"@type\":\"ListItem\",\"position\":3,\"name\":\"Soft Harness Universal Tek\"}]},{\"@type\":\"WebSite\",\"@id\":\"https:\\\/\\\/soprastek.com\\\/#website\",\"url\":\"https:\\\/\\\/soprastek.com\\\/\",\"name\":\"Sopras Tek\",\"description\":\"Badass divers\",\"potentialAction\":[{\"@type\":\"SearchAction\",\"target\":{\"@type\":\"EntryPoint\",\"urlTemplate\":\"https:\\\/\\\/soprastek.com\\\/?s={search_term_string}\"},\"query-input\":{\"@type\":\"PropertyValueSpecification\",\"valueRequired\":true,\"valueName\":\"search_term_string\"}}],\"inLanguage\":\"cs\"}]}<\/script>\n<!-- \/ Yoast SEO plugin. -->","yoast_head_json":{"title":"Soft Harness Universal Tek - Sopras Tek","robots":{"index":"index","follow":"follow","max-snippet":"max-snippet:-1","max-image-preview":"max-image-preview:large","max-video-preview":"max-video-preview:-1"},"canonical":"https:\/\/soprastek.com\/cs\/shop\/soft-harness-universal-tek\/","og_locale":"cs_CZ","og_type":"article","og_title":"Soft Harness Universal Tek - Sopras Tek","og_description":"Soft Harness UNIVERSAL Tek With this soft harness you can dive both confirugations: single tank and twin tanks! When diving single tank you attach the cylinders straps by inserting them behind the webbing at the back of the harness. In this case you will need to use our bladder TEKNO DONUT LITE (https:\/\/soprastek.com\/shop\/tekno-donut-14l-light\/). See the&hellip;&nbsp;\u010c\u00edst d\u00e1le &raquo;Soft Harness Universal Tek","og_url":"https:\/\/soprastek.com\/cs\/shop\/soft-harness-universal-tek\/","og_site_name":"Sopras Tek","twitter_card":"summary_large_image","twitter_misc":{"Odhadovan\u00e1 doba \u010dten\u00ed":"1 minuta"},"schema":{"@context":"https:\/\/schema.org","@graph":[{"@type":"WebPage","@id":"https:\/\/soprastek.com\/cs\/shop\/soft-harness-universal-tek\/","url":"https:\/\/soprastek.com\/cs\/shop\/soft-harness-universal-tek\/","name":"Soft Harness Universal Tek - Sopras Tek","isPartOf":{"@id":"https:\/\/soprastek.com\/#website"},"primaryImageOfPage":{"@id":"https:\/\/soprastek.com\/cs\/shop\/soft-harness-universal-tek\/#primaryimage"},"image":{"@id":"https:\/\/soprastek.com\/cs\/shop\/soft-harness-universal-tek\/#primaryimage"},"thumbnailUrl":"https:\/\/soprastek.com\/wp-content\/uploads\/2019\/10\/240168.jpg","datePublished":"2019-10-18T11:48:56+00:00","breadcrumb":{"@id":"https:\/\/soprastek.com\/cs\/shop\/soft-harness-universal-tek\/#breadcrumb"},"inLanguage":"cs","potentialAction":[{"@type":"ReadAction","target":["https:\/\/soprastek.com\/cs\/shop\/soft-harness-universal-tek\/"]}]},{"@type":"ImageObject","inLanguage":"cs","@id":"https:\/\/soprastek.com\/cs\/shop\/soft-harness-universal-tek\/#primaryimage","url":"https:\/\/soprastek.com\/wp-content\/uploads\/2019\/10\/240168.jpg","contentUrl":"https:\/\/soprastek.com\/wp-content\/uploads\/2019\/10\/240168.jpg","width":1500,"height":1500},{"@type":"BreadcrumbList","@id":"https:\/\/soprastek.com\/cs\/shop\/soft-harness-universal-tek\/#breadcrumb","itemListElement":[{"@type":"ListItem","position":1,"name":"Home","item":"https:\/\/soprastek.com\/"},{"@type":"ListItem","position":2,"name":"Shop","item":"https:\/\/soprastek.com\/shop\/"},{"@type":"ListItem","position":3,"name":"Soft Harness Universal Tek"}]},{"@type":"WebSite","@id":"https:\/\/soprastek.com\/#website","url":"https:\/\/soprastek.com\/","name":"Sopras Tek","description":"Badass divers","potentialAction":[{"@type":"SearchAction","target":{"@type":"EntryPoint","urlTemplate":"https:\/\/soprastek.com\/?s={search_term_string}"},"query-input":{"@type":"PropertyValueSpecification","valueRequired":true,"valueName":"search_term_string"}}],"inLanguage":"cs"}]}},"uagb_featured_image_src":{"full":["https:\/\/soprastek.com\/wp-content\/uploads\/2019\/10\/240168.jpg",1500,1500,false],"thumbnail":["https:\/\/soprastek.com\/wp-content\/uploads\/2019\/10\/240168.jpg",150,150,false],"medium":["https:\/\/soprastek.com\/wp-content\/uploads\/2019\/10\/240168.jpg",300,300,false],"medium_large":["https:\/\/soprastek.com\/wp-content\/uploads\/2019\/10\/240168.jpg",768,768,false],"large":["https:\/\/soprastek.com\/wp-content\/uploads\/2019\/10\/240168.jpg",1024,1024,false],"1536x1536":["https:\/\/soprastek.com\/wp-content\/uploads\/2019\/10\/240168.jpg",1500,1500,false],"2048x2048":["https:\/\/soprastek.com\/wp-content\/uploads\/2019\/10\/240168.jpg",1500,1500,false],"neve-blog":["https:\/\/soprastek.com\/wp-content\/uploads\/2019\/10\/240168.jpg",620,620,false],"mailpoet_newsletter_max":["https:\/\/soprastek.com\/wp-content\/uploads\/2019\/10\/240168.jpg",1320,1320,false],"woocommerce_thumbnail":["https:\/\/soprastek.com\/wp-content\/uploads\/2019\/10\/240168-300x300.jpg",300,300,true],"woocommerce_single":["https:\/\/soprastek.com\/wp-content\/uploads\/2019\/10\/240168-600x600.jpg",600,600,true],"woocommerce_gallery_thumbnail":["https:\/\/soprastek.com\/wp-content\/uploads\/2019\/10\/240168-100x100.jpg",100,100,true]},"uagb_author_info":{"display_name":"","author_link":"https:\/\/soprastek.com\/cs\/author\/"},"uagb_comment_info":0,"uagb_excerpt":"Soft Harness UNIVERSAL Tek With this soft harness you can dive both confirugations: single tank and twin tanks! When diving single tank you attach the cylinders straps by inserting them behind the webbing at the back of the harness. In this case you will need to use our bladder TEKNO DONUT LITE (https:\/\/soprastek.com\/shop\/tekno-donut-14l-light\/). See the&hellip;&nbsp;\u010c\u00edst&hellip;","_links":{"self":[{"href":"https:\/\/soprastek.com\/cs\/wp-json\/wp\/v2\/product\/17634","targetHints":{"allow":["GET"]}}],"collection":[{"href":"https:\/\/soprastek.com\/cs\/wp-json\/wp\/v2\/product"}],"about":[{"href":"https:\/\/soprastek.com\/cs\/wp-json\/wp\/v2\/types\/product"}],"replies":[{"embeddable":true,"href":"https:\/\/soprastek.com\/cs\/wp-json\/wp\/v2\/comments?post=17634"}],"wp:featuredmedia":[{"embeddable":true,"href":"https:\/\/soprastek.com\/cs\/wp-json\/wp\/v2\/media\/9944"}],"wp:attachment":[{"href":"https:\/\/soprastek.com\/cs\/wp-json\/wp\/v2\/media?parent=17634"}],"wp:term":[{"taxonomy":"product_brand","embeddable":true,"href":"https:\/\/soprastek.com\/cs\/wp-json\/wp\/v2\/product_brand?post=17634"},{"taxonomy":"product_cat","embeddable":true,"href":"https:\/\/soprastek.com\/cs\/wp-json\/wp\/v2\/product_cat?post=17634"},{"taxonomy":"product_tag","embeddable":true,"href":"https:\/\/soprastek.com\/cs\/wp-json\/wp\/v2\/product_tag?post=17634"}],"curies":[{"name":"wp","href":"https:\/\/api.w.org\/{rel}","templated":true}]}}