{"id":17697,"date":"2017-10-16T07:11:44","date_gmt":"2017-10-16T06:11:44","guid":{"rendered":"https:\/\/soprastek.com\/shop\/sideback-detach-16l\/"},"modified":"2017-10-16T07:11:44","modified_gmt":"2017-10-16T06:11:44","slug":"sideback-detach-16l","status":"publish","type":"product","link":"https:\/\/soprastek.com\/cs\/shop\/sideback-detach-16l\/","title":{"rendered":"Sideback detach 16l"},"content":{"rendered":"<p>This sidemount BCD has an oval bladder and therefore can be used also as a backmount BCD by installing tank straps and switching the position of the inflator with the valve. The volume of the bladder is 16litres and the inflator is 400mm long. The harness with a plastic buckle on the shoulder level (DETACH version) for easy unwearing. Four weight pockets (each can hold up to 2kgs) behind the back polstering plus two (of 3kgs each) on the cylinder strap are included in this set up. Diving with 3 cylinders is possible!<\/p>\n","protected":false},"excerpt":{"rendered":"<p>This sidemount BCD has an oval bladder and therefore can be used also as a backmount BCD by installing tank straps and switching the position of the inflator with the valve. The volume of the bladder is 16litres and the inflator is 400mm long. The harness with a plastic buckle on the shoulder level (DETACH&hellip;&nbsp;<a href=\"https:\/\/soprastek.com\/cs\/shop\/sideback-detach-16l\/\" rel=\"bookmark\">\u010c\u00edst d\u00e1le &raquo;<span class=\"screen-reader-text\">Sideback detach 16l<\/span><\/a><\/p>\n","protected":false},"featured_media":7871,"comment_status":"closed","ping_status":"closed","template":"","meta":{"_uag_custom_page_level_css":"","neve_meta_sidebar":"","neve_meta_container":"","neve_meta_enable_content_width":"off","neve_meta_content_width":100,"neve_meta_title_alignment":"","neve_meta_author_avatar":"","neve_post_elements_order":"","neve_meta_disable_header":"","neve_meta_disable_footer":"","neve_meta_disable_title":""},"product_brand":[],"product_cat":[683],"product_tag":[],"class_list":{"0":"post-17697","1":"product","2":"type-product","3":"status-publish","4":"has-post-thumbnail","6":"product_cat-sideback-cs","8":"first","9":"instock","10":"purchasable","11":"product-type-simple"},"yoast_head":"<!-- This site is optimized with the Yoast SEO plugin v27.5 - https:\/\/yoast.com\/product\/yoast-seo-wordpress\/ -->\n<title>Sideback detach 16l - Sopras Tek<\/title>\n<meta name=\"robots\" content=\"index, follow, max-snippet:-1, max-image-preview:large, max-video-preview:-1\" \/>\n<link rel=\"canonical\" href=\"https:\/\/soprastek.com\/cs\/shop\/sideback-detach-16l\/\" \/>\n<meta property=\"og:locale\" content=\"cs_CZ\" \/>\n<meta property=\"og:type\" content=\"article\" \/>\n<meta property=\"og:title\" content=\"Sideback detach 16l - Sopras Tek\" \/>\n<meta property=\"og:description\" content=\"This sidemount BCD has an oval bladder and therefore can be used also as a backmount BCD by installing tank straps and switching the position of the inflator with the valve. The volume of the bladder is 16litres and the inflator is 400mm long. The harness with a plastic buckle on the shoulder level (DETACH&hellip;&nbsp;\u010c\u00edst d\u00e1le &raquo;Sideback detach 16l\" \/>\n<meta property=\"og:url\" content=\"https:\/\/soprastek.com\/cs\/shop\/sideback-detach-16l\/\" \/>\n<meta property=\"og:site_name\" content=\"Sopras Tek\" \/>\n<meta name=\"twitter:card\" content=\"summary_large_image\" \/>\n<script type=\"application\/ld+json\" class=\"yoast-schema-graph\">{\"@context\":\"https:\\\/\\\/schema.org\",\"@graph\":[{\"@type\":\"WebPage\",\"@id\":\"https:\\\/\\\/soprastek.com\\\/cs\\\/shop\\\/sideback-detach-16l\\\/\",\"url\":\"https:\\\/\\\/soprastek.com\\\/cs\\\/shop\\\/sideback-detach-16l\\\/\",\"name\":\"Sideback detach 16l - Sopras Tek\",\"isPartOf\":{\"@id\":\"https:\\\/\\\/soprastek.com\\\/#website\"},\"primaryImageOfPage\":{\"@id\":\"https:\\\/\\\/soprastek.com\\\/cs\\\/shop\\\/sideback-detach-16l\\\/#primaryimage\"},\"image\":{\"@id\":\"https:\\\/\\\/soprastek.com\\\/cs\\\/shop\\\/sideback-detach-16l\\\/#primaryimage\"},\"thumbnailUrl\":\"https:\\\/\\\/soprastek.com\\\/wp-content\\\/uploads\\\/2017\\\/09\\\/240079.jpg\",\"datePublished\":\"2017-10-16T06:11:44+00:00\",\"breadcrumb\":{\"@id\":\"https:\\\/\\\/soprastek.com\\\/cs\\\/shop\\\/sideback-detach-16l\\\/#breadcrumb\"},\"inLanguage\":\"cs\",\"potentialAction\":[{\"@type\":\"ReadAction\",\"target\":[\"https:\\\/\\\/soprastek.com\\\/cs\\\/shop\\\/sideback-detach-16l\\\/\"]}]},{\"@type\":\"ImageObject\",\"inLanguage\":\"cs\",\"@id\":\"https:\\\/\\\/soprastek.com\\\/cs\\\/shop\\\/sideback-detach-16l\\\/#primaryimage\",\"url\":\"https:\\\/\\\/soprastek.com\\\/wp-content\\\/uploads\\\/2017\\\/09\\\/240079.jpg\",\"contentUrl\":\"https:\\\/\\\/soprastek.com\\\/wp-content\\\/uploads\\\/2017\\\/09\\\/240079.jpg\",\"width\":1500,\"height\":1500},{\"@type\":\"BreadcrumbList\",\"@id\":\"https:\\\/\\\/soprastek.com\\\/cs\\\/shop\\\/sideback-detach-16l\\\/#breadcrumb\",\"itemListElement\":[{\"@type\":\"ListItem\",\"position\":1,\"name\":\"Home\",\"item\":\"https:\\\/\\\/soprastek.com\\\/\"},{\"@type\":\"ListItem\",\"position\":2,\"name\":\"Shop\",\"item\":\"https:\\\/\\\/soprastek.com\\\/shop\\\/\"},{\"@type\":\"ListItem\",\"position\":3,\"name\":\"Sideback detach 16l\"}]},{\"@type\":\"WebSite\",\"@id\":\"https:\\\/\\\/soprastek.com\\\/#website\",\"url\":\"https:\\\/\\\/soprastek.com\\\/\",\"name\":\"Sopras Tek\",\"description\":\"Badass divers\",\"potentialAction\":[{\"@type\":\"SearchAction\",\"target\":{\"@type\":\"EntryPoint\",\"urlTemplate\":\"https:\\\/\\\/soprastek.com\\\/?s={search_term_string}\"},\"query-input\":{\"@type\":\"PropertyValueSpecification\",\"valueRequired\":true,\"valueName\":\"search_term_string\"}}],\"inLanguage\":\"cs\"}]}<\/script>\n<!-- \/ Yoast SEO plugin. -->","yoast_head_json":{"title":"Sideback detach 16l - Sopras Tek","robots":{"index":"index","follow":"follow","max-snippet":"max-snippet:-1","max-image-preview":"max-image-preview:large","max-video-preview":"max-video-preview:-1"},"canonical":"https:\/\/soprastek.com\/cs\/shop\/sideback-detach-16l\/","og_locale":"cs_CZ","og_type":"article","og_title":"Sideback detach 16l - Sopras Tek","og_description":"This sidemount BCD has an oval bladder and therefore can be used also as a backmount BCD by installing tank straps and switching the position of the inflator with the valve. The volume of the bladder is 16litres and the inflator is 400mm long. The harness with a plastic buckle on the shoulder level (DETACH&hellip;&nbsp;\u010c\u00edst d\u00e1le &raquo;Sideback detach 16l","og_url":"https:\/\/soprastek.com\/cs\/shop\/sideback-detach-16l\/","og_site_name":"Sopras Tek","twitter_card":"summary_large_image","schema":{"@context":"https:\/\/schema.org","@graph":[{"@type":"WebPage","@id":"https:\/\/soprastek.com\/cs\/shop\/sideback-detach-16l\/","url":"https:\/\/soprastek.com\/cs\/shop\/sideback-detach-16l\/","name":"Sideback detach 16l - Sopras Tek","isPartOf":{"@id":"https:\/\/soprastek.com\/#website"},"primaryImageOfPage":{"@id":"https:\/\/soprastek.com\/cs\/shop\/sideback-detach-16l\/#primaryimage"},"image":{"@id":"https:\/\/soprastek.com\/cs\/shop\/sideback-detach-16l\/#primaryimage"},"thumbnailUrl":"https:\/\/soprastek.com\/wp-content\/uploads\/2017\/09\/240079.jpg","datePublished":"2017-10-16T06:11:44+00:00","breadcrumb":{"@id":"https:\/\/soprastek.com\/cs\/shop\/sideback-detach-16l\/#breadcrumb"},"inLanguage":"cs","potentialAction":[{"@type":"ReadAction","target":["https:\/\/soprastek.com\/cs\/shop\/sideback-detach-16l\/"]}]},{"@type":"ImageObject","inLanguage":"cs","@id":"https:\/\/soprastek.com\/cs\/shop\/sideback-detach-16l\/#primaryimage","url":"https:\/\/soprastek.com\/wp-content\/uploads\/2017\/09\/240079.jpg","contentUrl":"https:\/\/soprastek.com\/wp-content\/uploads\/2017\/09\/240079.jpg","width":1500,"height":1500},{"@type":"BreadcrumbList","@id":"https:\/\/soprastek.com\/cs\/shop\/sideback-detach-16l\/#breadcrumb","itemListElement":[{"@type":"ListItem","position":1,"name":"Home","item":"https:\/\/soprastek.com\/"},{"@type":"ListItem","position":2,"name":"Shop","item":"https:\/\/soprastek.com\/shop\/"},{"@type":"ListItem","position":3,"name":"Sideback detach 16l"}]},{"@type":"WebSite","@id":"https:\/\/soprastek.com\/#website","url":"https:\/\/soprastek.com\/","name":"Sopras Tek","description":"Badass divers","potentialAction":[{"@type":"SearchAction","target":{"@type":"EntryPoint","urlTemplate":"https:\/\/soprastek.com\/?s={search_term_string}"},"query-input":{"@type":"PropertyValueSpecification","valueRequired":true,"valueName":"search_term_string"}}],"inLanguage":"cs"}]}},"uagb_featured_image_src":{"full":["https:\/\/soprastek.com\/wp-content\/uploads\/2017\/09\/240079.jpg",1500,1500,false],"thumbnail":["https:\/\/soprastek.com\/wp-content\/uploads\/2017\/09\/240079.jpg",150,150,false],"medium":["https:\/\/soprastek.com\/wp-content\/uploads\/2017\/09\/240079.jpg",300,300,false],"medium_large":["https:\/\/soprastek.com\/wp-content\/uploads\/2017\/09\/240079.jpg",768,768,false],"large":["https:\/\/soprastek.com\/wp-content\/uploads\/2017\/09\/240079.jpg",1024,1024,false],"1536x1536":["https:\/\/soprastek.com\/wp-content\/uploads\/2017\/09\/240079.jpg",1500,1500,false],"2048x2048":["https:\/\/soprastek.com\/wp-content\/uploads\/2017\/09\/240079.jpg",1500,1500,false],"neve-blog":["https:\/\/soprastek.com\/wp-content\/uploads\/2017\/09\/240079.jpg",620,620,false],"mailpoet_newsletter_max":["https:\/\/soprastek.com\/wp-content\/uploads\/2017\/09\/240079.jpg",1320,1320,false],"woocommerce_thumbnail":["https:\/\/soprastek.com\/wp-content\/uploads\/2017\/09\/240079-300x300.jpg",300,300,true],"woocommerce_single":["https:\/\/soprastek.com\/wp-content\/uploads\/2017\/09\/240079-600x600.jpg",600,600,true],"woocommerce_gallery_thumbnail":["https:\/\/soprastek.com\/wp-content\/uploads\/2017\/09\/240079-100x100.jpg",100,100,true]},"uagb_author_info":{"display_name":"sobkova","author_link":"https:\/\/soprastek.com\/cs\/author\/"},"uagb_comment_info":0,"uagb_excerpt":"This sidemount BCD has an oval bladder and therefore can be used also as a backmount BCD by installing tank straps and switching the position of the inflator with the valve. The volume of the bladder is 16litres and the inflator is 400mm long. The harness with a plastic buckle on the shoulder level (DETACH&hellip;&nbsp;\u010c\u00edst&hellip;","_links":{"self":[{"href":"https:\/\/soprastek.com\/cs\/wp-json\/wp\/v2\/product\/17697","targetHints":{"allow":["GET"]}}],"collection":[{"href":"https:\/\/soprastek.com\/cs\/wp-json\/wp\/v2\/product"}],"about":[{"href":"https:\/\/soprastek.com\/cs\/wp-json\/wp\/v2\/types\/product"}],"replies":[{"embeddable":true,"href":"https:\/\/soprastek.com\/cs\/wp-json\/wp\/v2\/comments?post=17697"}],"wp:featuredmedia":[{"embeddable":true,"href":"https:\/\/soprastek.com\/cs\/wp-json\/wp\/v2\/media\/7871"}],"wp:attachment":[{"href":"https:\/\/soprastek.com\/cs\/wp-json\/wp\/v2\/media?parent=17697"}],"wp:term":[{"taxonomy":"product_brand","embeddable":true,"href":"https:\/\/soprastek.com\/cs\/wp-json\/wp\/v2\/product_brand?post=17697"},{"taxonomy":"product_cat","embeddable":true,"href":"https:\/\/soprastek.com\/cs\/wp-json\/wp\/v2\/product_cat?post=17697"},{"taxonomy":"product_tag","embeddable":true,"href":"https:\/\/soprastek.com\/cs\/wp-json\/wp\/v2\/product_tag?post=17697"}],"curies":[{"name":"wp","href":"https:\/\/api.w.org\/{rel}","templated":true}]}}