{"id":17713,"date":"2017-10-16T07:11:34","date_gmt":"2017-10-16T06:11:34","guid":{"rendered":"https:\/\/soprastek.com\/shop\/compact-lite-14l-kevlar\/"},"modified":"2017-10-16T07:11:34","modified_gmt":"2017-10-16T06:11:34","slug":"compact-lite-14l-kevlar","status":"publish","type":"product","link":"https:\/\/soprastek.com\/cs\/shop\/compact-lite-14l-kevlar\/","title":{"rendered":"Compact lite 14l ADJ KEVLAR"},"content":{"rendered":"<p>Built for travellers, Compact Lite 14L is a light and streamlined BCD weighing only 2.5 kg. The bladder has a volume of 14 liters and comes in red, black, pink or blue camouflage as well as bullet proof kevlar. The shoulder buckles are secured with a bungee to facilitate the wearing and to increase safety by preventing complete opening of the shoulder strap in case of an unwanted opening or malfunctioning of the buckle. Side pockets are attached to the waist strap with a glider and are available in more colour combinations. The tank is fixed in three different positions: with a standard cam buckle cylinder strap, a simple velcro cylinder strap and 25mm webbing strap to be tightened around the neck of the tank. Additional weights can be put in the 2 weight pockets (each up to 2,5kgs) on the single tank stabilizer. This BCD can be used with a single 12l cylinder. The inflator is 400 mm \/ 16\u201d long. 6 aluminium D rings.Available with quick adjust waist plastic buckle or aluminium buckle on request.<\/p>\n<p>Any embroidery can be made on your bladder for 20eur (size up to 50x220mm)<\/p>\n","protected":false},"excerpt":{"rendered":"<p>Built for travellers, Compact Lite 14L is a light and streamlined BCD weighing only 2.5 kg. The bladder has a volume of 14 liters and comes in red, black, pink or blue camouflage as well as bullet proof kevlar. The shoulder buckles are secured with a bungee to facilitate the wearing and to increase safety&hellip;&nbsp;<a href=\"https:\/\/soprastek.com\/cs\/shop\/compact-lite-14l-kevlar\/\" rel=\"bookmark\">\u010c\u00edst d\u00e1le &raquo;<span class=\"screen-reader-text\">Compact lite 14l ADJ KEVLAR<\/span><\/a><\/p>\n","protected":false},"featured_media":10552,"comment_status":"closed","ping_status":"closed","template":"","meta":{"_uag_custom_page_level_css":"","neve_meta_sidebar":"","neve_meta_container":"","neve_meta_enable_content_width":"off","neve_meta_content_width":100,"neve_meta_title_alignment":"","neve_meta_author_avatar":"","neve_post_elements_order":"","neve_meta_disable_header":"","neve_meta_disable_footer":"","neve_meta_disable_title":""},"product_brand":[],"product_cat":[686],"product_tag":[],"class_list":{"0":"post-17713","1":"product","2":"type-product","3":"status-publish","4":"has-post-thumbnail","6":"product_cat-kompletni-bcd","8":"first","9":"instock","10":"purchasable","11":"product-type-simple"},"yoast_head":"<!-- This site is optimized with the Yoast SEO plugin v27.5 - https:\/\/yoast.com\/product\/yoast-seo-wordpress\/ -->\n<title>Compact lite 14l ADJ KEVLAR - Sopras Tek<\/title>\n<meta name=\"robots\" content=\"index, follow, max-snippet:-1, max-image-preview:large, max-video-preview:-1\" \/>\n<link rel=\"canonical\" href=\"https:\/\/soprastek.com\/cs\/shop\/compact-lite-14l-kevlar\/\" \/>\n<meta property=\"og:locale\" content=\"cs_CZ\" \/>\n<meta property=\"og:type\" content=\"article\" \/>\n<meta property=\"og:title\" content=\"Compact lite 14l ADJ KEVLAR - Sopras Tek\" \/>\n<meta property=\"og:description\" content=\"Built for travellers, Compact Lite 14L is a light and streamlined BCD weighing only 2.5 kg. The bladder has a volume of 14 liters and comes in red, black, pink or blue camouflage as well as bullet proof kevlar. The shoulder buckles are secured with a bungee to facilitate the wearing and to increase safety&hellip;&nbsp;\u010c\u00edst d\u00e1le &raquo;Compact lite 14l ADJ KEVLAR\" \/>\n<meta property=\"og:url\" content=\"https:\/\/soprastek.com\/cs\/shop\/compact-lite-14l-kevlar\/\" \/>\n<meta property=\"og:site_name\" content=\"Sopras Tek\" \/>\n<meta name=\"twitter:card\" content=\"summary_large_image\" \/>\n<meta name=\"twitter:label1\" content=\"Odhadovan\u00e1 doba \u010dten\u00ed\" \/>\n\t<meta name=\"twitter:data1\" content=\"1 minuta\" \/>\n<script type=\"application\/ld+json\" class=\"yoast-schema-graph\">{\"@context\":\"https:\\\/\\\/schema.org\",\"@graph\":[{\"@type\":\"WebPage\",\"@id\":\"https:\\\/\\\/soprastek.com\\\/cs\\\/shop\\\/compact-lite-14l-kevlar\\\/\",\"url\":\"https:\\\/\\\/soprastek.com\\\/cs\\\/shop\\\/compact-lite-14l-kevlar\\\/\",\"name\":\"Compact lite 14l ADJ KEVLAR - Sopras Tek\",\"isPartOf\":{\"@id\":\"https:\\\/\\\/soprastek.com\\\/#website\"},\"primaryImageOfPage\":{\"@id\":\"https:\\\/\\\/soprastek.com\\\/cs\\\/shop\\\/compact-lite-14l-kevlar\\\/#primaryimage\"},\"image\":{\"@id\":\"https:\\\/\\\/soprastek.com\\\/cs\\\/shop\\\/compact-lite-14l-kevlar\\\/#primaryimage\"},\"thumbnailUrl\":\"https:\\\/\\\/soprastek.com\\\/wp-content\\\/uploads\\\/2022\\\/06\\\/Compact-lite-kevlar-1500x1500-1.jpg\",\"datePublished\":\"2017-10-16T06:11:34+00:00\",\"breadcrumb\":{\"@id\":\"https:\\\/\\\/soprastek.com\\\/cs\\\/shop\\\/compact-lite-14l-kevlar\\\/#breadcrumb\"},\"inLanguage\":\"cs\",\"potentialAction\":[{\"@type\":\"ReadAction\",\"target\":[\"https:\\\/\\\/soprastek.com\\\/cs\\\/shop\\\/compact-lite-14l-kevlar\\\/\"]}]},{\"@type\":\"ImageObject\",\"inLanguage\":\"cs\",\"@id\":\"https:\\\/\\\/soprastek.com\\\/cs\\\/shop\\\/compact-lite-14l-kevlar\\\/#primaryimage\",\"url\":\"https:\\\/\\\/soprastek.com\\\/wp-content\\\/uploads\\\/2022\\\/06\\\/Compact-lite-kevlar-1500x1500-1.jpg\",\"contentUrl\":\"https:\\\/\\\/soprastek.com\\\/wp-content\\\/uploads\\\/2022\\\/06\\\/Compact-lite-kevlar-1500x1500-1.jpg\",\"width\":1500,\"height\":1500},{\"@type\":\"BreadcrumbList\",\"@id\":\"https:\\\/\\\/soprastek.com\\\/cs\\\/shop\\\/compact-lite-14l-kevlar\\\/#breadcrumb\",\"itemListElement\":[{\"@type\":\"ListItem\",\"position\":1,\"name\":\"Home\",\"item\":\"https:\\\/\\\/soprastek.com\\\/\"},{\"@type\":\"ListItem\",\"position\":2,\"name\":\"Shop\",\"item\":\"https:\\\/\\\/soprastek.com\\\/shop\\\/\"},{\"@type\":\"ListItem\",\"position\":3,\"name\":\"Compact lite 14l ADJ KEVLAR\"}]},{\"@type\":\"WebSite\",\"@id\":\"https:\\\/\\\/soprastek.com\\\/#website\",\"url\":\"https:\\\/\\\/soprastek.com\\\/\",\"name\":\"Sopras Tek\",\"description\":\"Badass divers\",\"potentialAction\":[{\"@type\":\"SearchAction\",\"target\":{\"@type\":\"EntryPoint\",\"urlTemplate\":\"https:\\\/\\\/soprastek.com\\\/?s={search_term_string}\"},\"query-input\":{\"@type\":\"PropertyValueSpecification\",\"valueRequired\":true,\"valueName\":\"search_term_string\"}}],\"inLanguage\":\"cs\"}]}<\/script>\n<!-- \/ Yoast SEO plugin. -->","yoast_head_json":{"title":"Compact lite 14l ADJ KEVLAR - Sopras Tek","robots":{"index":"index","follow":"follow","max-snippet":"max-snippet:-1","max-image-preview":"max-image-preview:large","max-video-preview":"max-video-preview:-1"},"canonical":"https:\/\/soprastek.com\/cs\/shop\/compact-lite-14l-kevlar\/","og_locale":"cs_CZ","og_type":"article","og_title":"Compact lite 14l ADJ KEVLAR - Sopras Tek","og_description":"Built for travellers, Compact Lite 14L is a light and streamlined BCD weighing only 2.5 kg. The bladder has a volume of 14 liters and comes in red, black, pink or blue camouflage as well as bullet proof kevlar. The shoulder buckles are secured with a bungee to facilitate the wearing and to increase safety&hellip;&nbsp;\u010c\u00edst d\u00e1le &raquo;Compact lite 14l ADJ KEVLAR","og_url":"https:\/\/soprastek.com\/cs\/shop\/compact-lite-14l-kevlar\/","og_site_name":"Sopras Tek","twitter_card":"summary_large_image","twitter_misc":{"Odhadovan\u00e1 doba \u010dten\u00ed":"1 minuta"},"schema":{"@context":"https:\/\/schema.org","@graph":[{"@type":"WebPage","@id":"https:\/\/soprastek.com\/cs\/shop\/compact-lite-14l-kevlar\/","url":"https:\/\/soprastek.com\/cs\/shop\/compact-lite-14l-kevlar\/","name":"Compact lite 14l ADJ KEVLAR - Sopras Tek","isPartOf":{"@id":"https:\/\/soprastek.com\/#website"},"primaryImageOfPage":{"@id":"https:\/\/soprastek.com\/cs\/shop\/compact-lite-14l-kevlar\/#primaryimage"},"image":{"@id":"https:\/\/soprastek.com\/cs\/shop\/compact-lite-14l-kevlar\/#primaryimage"},"thumbnailUrl":"https:\/\/soprastek.com\/wp-content\/uploads\/2022\/06\/Compact-lite-kevlar-1500x1500-1.jpg","datePublished":"2017-10-16T06:11:34+00:00","breadcrumb":{"@id":"https:\/\/soprastek.com\/cs\/shop\/compact-lite-14l-kevlar\/#breadcrumb"},"inLanguage":"cs","potentialAction":[{"@type":"ReadAction","target":["https:\/\/soprastek.com\/cs\/shop\/compact-lite-14l-kevlar\/"]}]},{"@type":"ImageObject","inLanguage":"cs","@id":"https:\/\/soprastek.com\/cs\/shop\/compact-lite-14l-kevlar\/#primaryimage","url":"https:\/\/soprastek.com\/wp-content\/uploads\/2022\/06\/Compact-lite-kevlar-1500x1500-1.jpg","contentUrl":"https:\/\/soprastek.com\/wp-content\/uploads\/2022\/06\/Compact-lite-kevlar-1500x1500-1.jpg","width":1500,"height":1500},{"@type":"BreadcrumbList","@id":"https:\/\/soprastek.com\/cs\/shop\/compact-lite-14l-kevlar\/#breadcrumb","itemListElement":[{"@type":"ListItem","position":1,"name":"Home","item":"https:\/\/soprastek.com\/"},{"@type":"ListItem","position":2,"name":"Shop","item":"https:\/\/soprastek.com\/shop\/"},{"@type":"ListItem","position":3,"name":"Compact lite 14l ADJ KEVLAR"}]},{"@type":"WebSite","@id":"https:\/\/soprastek.com\/#website","url":"https:\/\/soprastek.com\/","name":"Sopras Tek","description":"Badass divers","potentialAction":[{"@type":"SearchAction","target":{"@type":"EntryPoint","urlTemplate":"https:\/\/soprastek.com\/?s={search_term_string}"},"query-input":{"@type":"PropertyValueSpecification","valueRequired":true,"valueName":"search_term_string"}}],"inLanguage":"cs"}]}},"uagb_featured_image_src":{"full":["https:\/\/soprastek.com\/wp-content\/uploads\/2022\/06\/Compact-lite-kevlar-1500x1500-1.jpg",1500,1500,false],"thumbnail":["https:\/\/soprastek.com\/wp-content\/uploads\/2022\/06\/Compact-lite-kevlar-1500x1500-1-150x150.jpg",150,150,true],"medium":["https:\/\/soprastek.com\/wp-content\/uploads\/2022\/06\/Compact-lite-kevlar-1500x1500-1-300x300.jpg",300,300,true],"medium_large":["https:\/\/soprastek.com\/wp-content\/uploads\/2022\/06\/Compact-lite-kevlar-1500x1500-1-768x768.jpg",768,768,true],"large":["https:\/\/soprastek.com\/wp-content\/uploads\/2022\/06\/Compact-lite-kevlar-1500x1500-1-1024x1024.jpg",1024,1024,true],"1536x1536":["https:\/\/soprastek.com\/wp-content\/uploads\/2022\/06\/Compact-lite-kevlar-1500x1500-1.jpg",1500,1500,false],"2048x2048":["https:\/\/soprastek.com\/wp-content\/uploads\/2022\/06\/Compact-lite-kevlar-1500x1500-1.jpg",1500,1500,false],"neve-blog":["https:\/\/soprastek.com\/wp-content\/uploads\/2022\/06\/Compact-lite-kevlar-1500x1500-1-930x620.jpg",930,620,true],"mailpoet_newsletter_max":["https:\/\/soprastek.com\/wp-content\/uploads\/2022\/06\/Compact-lite-kevlar-1500x1500-1.jpg",1320,1320,false],"woocommerce_thumbnail":["https:\/\/soprastek.com\/wp-content\/uploads\/2022\/06\/Compact-lite-kevlar-1500x1500-1-300x300.jpg",300,300,true],"woocommerce_single":["https:\/\/soprastek.com\/wp-content\/uploads\/2022\/06\/Compact-lite-kevlar-1500x1500-1-600x600.jpg",600,600,true],"woocommerce_gallery_thumbnail":["https:\/\/soprastek.com\/wp-content\/uploads\/2022\/06\/Compact-lite-kevlar-1500x1500-1-100x100.jpg",100,100,true]},"uagb_author_info":{"display_name":"sobkova","author_link":"https:\/\/soprastek.com\/cs\/author\/"},"uagb_comment_info":0,"uagb_excerpt":"Built for travellers, Compact Lite 14L is a light and streamlined BCD weighing only 2.5 kg. The bladder has a volume of 14 liters and comes in red, black, pink or blue camouflage as well as bullet proof kevlar. The shoulder buckles are secured with a bungee to facilitate the wearing and to increase safety&hellip;&nbsp;\u010c\u00edst&hellip;","_links":{"self":[{"href":"https:\/\/soprastek.com\/cs\/wp-json\/wp\/v2\/product\/17713","targetHints":{"allow":["GET"]}}],"collection":[{"href":"https:\/\/soprastek.com\/cs\/wp-json\/wp\/v2\/product"}],"about":[{"href":"https:\/\/soprastek.com\/cs\/wp-json\/wp\/v2\/types\/product"}],"replies":[{"embeddable":true,"href":"https:\/\/soprastek.com\/cs\/wp-json\/wp\/v2\/comments?post=17713"}],"wp:featuredmedia":[{"embeddable":true,"href":"https:\/\/soprastek.com\/cs\/wp-json\/wp\/v2\/media\/10552"}],"wp:attachment":[{"href":"https:\/\/soprastek.com\/cs\/wp-json\/wp\/v2\/media?parent=17713"}],"wp:term":[{"taxonomy":"product_brand","embeddable":true,"href":"https:\/\/soprastek.com\/cs\/wp-json\/wp\/v2\/product_brand?post=17713"},{"taxonomy":"product_cat","embeddable":true,"href":"https:\/\/soprastek.com\/cs\/wp-json\/wp\/v2\/product_cat?post=17713"},{"taxonomy":"product_tag","embeddable":true,"href":"https:\/\/soprastek.com\/cs\/wp-json\/wp\/v2\/product_tag?post=17713"}],"curies":[{"name":"wp","href":"https:\/\/api.w.org\/{rel}","templated":true}]}}