{"id":18171,"date":"2017-10-16T07:12:18","date_gmt":"2017-10-16T06:12:18","guid":{"rendered":"https:\/\/soprastek.com\/shop\/oxygen-deco-regulator-2\/"},"modified":"2026-05-14T05:33:14","modified_gmt":"2026-05-14T04:33:14","slug":"oxygen-deco-regulator-2","status":"publish","type":"product","link":"https:\/\/soprastek.com\/cs\/shop\/oxygen-deco-regulator-2\/","title":{"rendered":"Oxygen deco regulator"},"content":{"rendered":"<p>Unbalanced\u00a0piston\u00a0regulator for decompression,\u00a0Viton O-rings, oxygen compatible lube, green plastic parts, 100 cm green nylon mesh hose<\/p>\n<p><strong>\u00a0<\/strong><\/p>\n<p><strong>DISCLAIMER<\/strong><\/p>\n<p>Oxygen-related fires and explosions can result in serious injury or death. Ultimately, you must make the final decision to assume all risks associated with the use of any compressed gases, including those in excess of 40% oxygen<\/p>\n<p>You can download the service manual here &#8211;<\/p>\n<p><a href=\"https:\/\/soprastek.com\/wp-content\/uploads\/2017\/10\/DIANA-OXYGEN-SERVICE-MANUAL.pdf\">https:\/\/soprastek.com\/wp-content\/uploads\/2017\/10\/DIANA-OXYGEN-SERVICE-MANUAL.pdf<\/a><\/p>\n<p>&nbsp;<\/p>\n","protected":false},"excerpt":{"rendered":"<p>Unbalanced\u00a0piston\u00a0regulator for decompression,\u00a0Viton O-rings, oxygen compatible lube, green plastic parts, 100 cm green nylon mesh hose \u00a0 DISCLAIMER Oxygen-related fires and explosions can result in serious injury or death. Ultimately, you must make the final decision to assume all risks associated with the use of any compressed gases, including those in excess of 40% oxygen&hellip;&nbsp;<a href=\"https:\/\/soprastek.com\/cs\/shop\/oxygen-deco-regulator-2\/\" rel=\"bookmark\">\u010c\u00edst d\u00e1le &raquo;<span class=\"screen-reader-text\">Oxygen deco regulator<\/span><\/a><\/p>\n","protected":false},"featured_media":13232,"comment_status":"closed","ping_status":"closed","template":"","meta":{"_uag_custom_page_level_css":"","neve_meta_sidebar":"","neve_meta_container":"","neve_meta_enable_content_width":"off","neve_meta_content_width":100,"neve_meta_title_alignment":"","neve_meta_author_avatar":"","neve_post_elements_order":"","neve_meta_disable_header":"","neve_meta_disable_footer":"","neve_meta_disable_title":""},"product_brand":[],"product_cat":[648],"product_tag":[],"class_list":{"0":"post-18171","1":"product","2":"type-product","3":"status-publish","4":"has-post-thumbnail","6":"product_cat-sady","8":"first","9":"instock","10":"purchasable","11":"product-type-simple"},"yoast_head":"<!-- This site is optimized with the Yoast SEO plugin v27.5 - https:\/\/yoast.com\/product\/yoast-seo-wordpress\/ -->\n<title>Oxygen deco regulator - Sopras Tek<\/title>\n<meta name=\"robots\" content=\"index, follow, max-snippet:-1, max-image-preview:large, max-video-preview:-1\" \/>\n<link rel=\"canonical\" href=\"https:\/\/soprastek.com\/cs\/shop\/oxygen-deco-regulator-2\/\" \/>\n<meta property=\"og:locale\" content=\"cs_CZ\" \/>\n<meta property=\"og:type\" content=\"article\" \/>\n<meta property=\"og:title\" content=\"Oxygen deco regulator - Sopras Tek\" \/>\n<meta property=\"og:description\" content=\"Unbalanced\u00a0piston\u00a0regulator for decompression,\u00a0Viton O-rings, oxygen compatible lube, green plastic parts, 100 cm green nylon mesh hose \u00a0 DISCLAIMER Oxygen-related fires and explosions can result in serious injury or death. Ultimately, you must make the final decision to assume all risks associated with the use of any compressed gases, including those in excess of 40% oxygen&hellip;&nbsp;\u010c\u00edst d\u00e1le &raquo;Oxygen deco regulator\" \/>\n<meta property=\"og:url\" content=\"https:\/\/soprastek.com\/cs\/shop\/oxygen-deco-regulator-2\/\" \/>\n<meta property=\"og:site_name\" content=\"Sopras Tek\" \/>\n<meta property=\"article:modified_time\" content=\"2026-05-14T04:33:14+00:00\" \/>\n<meta property=\"og:image\" content=\"https:\/\/soprastek.com\/wp-content\/uploads\/2017\/10\/602350-oxy-regulator.jpg\" \/>\n\t<meta property=\"og:image:width\" content=\"1500\" \/>\n\t<meta property=\"og:image:height\" content=\"1500\" \/>\n\t<meta property=\"og:image:type\" content=\"image\/jpeg\" \/>\n<meta name=\"twitter:card\" content=\"summary_large_image\" \/>\n<script type=\"application\/ld+json\" class=\"yoast-schema-graph\">{\"@context\":\"https:\\\/\\\/schema.org\",\"@graph\":[{\"@type\":\"WebPage\",\"@id\":\"https:\\\/\\\/soprastek.com\\\/cs\\\/shop\\\/oxygen-deco-regulator-2\\\/\",\"url\":\"https:\\\/\\\/soprastek.com\\\/cs\\\/shop\\\/oxygen-deco-regulator-2\\\/\",\"name\":\"Oxygen deco regulator - Sopras Tek\",\"isPartOf\":{\"@id\":\"https:\\\/\\\/soprastek.com\\\/#website\"},\"primaryImageOfPage\":{\"@id\":\"https:\\\/\\\/soprastek.com\\\/cs\\\/shop\\\/oxygen-deco-regulator-2\\\/#primaryimage\"},\"image\":{\"@id\":\"https:\\\/\\\/soprastek.com\\\/cs\\\/shop\\\/oxygen-deco-regulator-2\\\/#primaryimage\"},\"thumbnailUrl\":\"https:\\\/\\\/soprastek.com\\\/wp-content\\\/uploads\\\/2017\\\/10\\\/602350-oxy-regulator.jpg\",\"datePublished\":\"2017-10-16T06:12:18+00:00\",\"dateModified\":\"2026-05-14T04:33:14+00:00\",\"breadcrumb\":{\"@id\":\"https:\\\/\\\/soprastek.com\\\/cs\\\/shop\\\/oxygen-deco-regulator-2\\\/#breadcrumb\"},\"inLanguage\":\"cs\",\"potentialAction\":[{\"@type\":\"ReadAction\",\"target\":[\"https:\\\/\\\/soprastek.com\\\/cs\\\/shop\\\/oxygen-deco-regulator-2\\\/\"]}]},{\"@type\":\"ImageObject\",\"inLanguage\":\"cs\",\"@id\":\"https:\\\/\\\/soprastek.com\\\/cs\\\/shop\\\/oxygen-deco-regulator-2\\\/#primaryimage\",\"url\":\"https:\\\/\\\/soprastek.com\\\/wp-content\\\/uploads\\\/2017\\\/10\\\/602350-oxy-regulator.jpg\",\"contentUrl\":\"https:\\\/\\\/soprastek.com\\\/wp-content\\\/uploads\\\/2017\\\/10\\\/602350-oxy-regulator.jpg\",\"width\":1500,\"height\":1500},{\"@type\":\"BreadcrumbList\",\"@id\":\"https:\\\/\\\/soprastek.com\\\/cs\\\/shop\\\/oxygen-deco-regulator-2\\\/#breadcrumb\",\"itemListElement\":[{\"@type\":\"ListItem\",\"position\":1,\"name\":\"Home\",\"item\":\"https:\\\/\\\/soprastek.com\\\/\"},{\"@type\":\"ListItem\",\"position\":2,\"name\":\"Shop\",\"item\":\"https:\\\/\\\/soprastek.com\\\/shop\\\/\"},{\"@type\":\"ListItem\",\"position\":3,\"name\":\"Oxygen deco regulator\"}]},{\"@type\":\"WebSite\",\"@id\":\"https:\\\/\\\/soprastek.com\\\/#website\",\"url\":\"https:\\\/\\\/soprastek.com\\\/\",\"name\":\"Sopras Tek\",\"description\":\"Badass divers\",\"potentialAction\":[{\"@type\":\"SearchAction\",\"target\":{\"@type\":\"EntryPoint\",\"urlTemplate\":\"https:\\\/\\\/soprastek.com\\\/?s={search_term_string}\"},\"query-input\":{\"@type\":\"PropertyValueSpecification\",\"valueRequired\":true,\"valueName\":\"search_term_string\"}}],\"inLanguage\":\"cs\"}]}<\/script>\n<!-- \/ Yoast SEO plugin. -->","yoast_head_json":{"title":"Oxygen deco regulator - Sopras Tek","robots":{"index":"index","follow":"follow","max-snippet":"max-snippet:-1","max-image-preview":"max-image-preview:large","max-video-preview":"max-video-preview:-1"},"canonical":"https:\/\/soprastek.com\/cs\/shop\/oxygen-deco-regulator-2\/","og_locale":"cs_CZ","og_type":"article","og_title":"Oxygen deco regulator - Sopras Tek","og_description":"Unbalanced\u00a0piston\u00a0regulator for decompression,\u00a0Viton O-rings, oxygen compatible lube, green plastic parts, 100 cm green nylon mesh hose \u00a0 DISCLAIMER Oxygen-related fires and explosions can result in serious injury or death. Ultimately, you must make the final decision to assume all risks associated with the use of any compressed gases, including those in excess of 40% oxygen&hellip;&nbsp;\u010c\u00edst d\u00e1le &raquo;Oxygen deco regulator","og_url":"https:\/\/soprastek.com\/cs\/shop\/oxygen-deco-regulator-2\/","og_site_name":"Sopras Tek","article_modified_time":"2026-05-14T04:33:14+00:00","og_image":[{"width":1500,"height":1500,"url":"https:\/\/soprastek.com\/wp-content\/uploads\/2017\/10\/602350-oxy-regulator.jpg","type":"image\/jpeg"}],"twitter_card":"summary_large_image","schema":{"@context":"https:\/\/schema.org","@graph":[{"@type":"WebPage","@id":"https:\/\/soprastek.com\/cs\/shop\/oxygen-deco-regulator-2\/","url":"https:\/\/soprastek.com\/cs\/shop\/oxygen-deco-regulator-2\/","name":"Oxygen deco regulator - Sopras Tek","isPartOf":{"@id":"https:\/\/soprastek.com\/#website"},"primaryImageOfPage":{"@id":"https:\/\/soprastek.com\/cs\/shop\/oxygen-deco-regulator-2\/#primaryimage"},"image":{"@id":"https:\/\/soprastek.com\/cs\/shop\/oxygen-deco-regulator-2\/#primaryimage"},"thumbnailUrl":"https:\/\/soprastek.com\/wp-content\/uploads\/2017\/10\/602350-oxy-regulator.jpg","datePublished":"2017-10-16T06:12:18+00:00","dateModified":"2026-05-14T04:33:14+00:00","breadcrumb":{"@id":"https:\/\/soprastek.com\/cs\/shop\/oxygen-deco-regulator-2\/#breadcrumb"},"inLanguage":"cs","potentialAction":[{"@type":"ReadAction","target":["https:\/\/soprastek.com\/cs\/shop\/oxygen-deco-regulator-2\/"]}]},{"@type":"ImageObject","inLanguage":"cs","@id":"https:\/\/soprastek.com\/cs\/shop\/oxygen-deco-regulator-2\/#primaryimage","url":"https:\/\/soprastek.com\/wp-content\/uploads\/2017\/10\/602350-oxy-regulator.jpg","contentUrl":"https:\/\/soprastek.com\/wp-content\/uploads\/2017\/10\/602350-oxy-regulator.jpg","width":1500,"height":1500},{"@type":"BreadcrumbList","@id":"https:\/\/soprastek.com\/cs\/shop\/oxygen-deco-regulator-2\/#breadcrumb","itemListElement":[{"@type":"ListItem","position":1,"name":"Home","item":"https:\/\/soprastek.com\/"},{"@type":"ListItem","position":2,"name":"Shop","item":"https:\/\/soprastek.com\/shop\/"},{"@type":"ListItem","position":3,"name":"Oxygen deco regulator"}]},{"@type":"WebSite","@id":"https:\/\/soprastek.com\/#website","url":"https:\/\/soprastek.com\/","name":"Sopras Tek","description":"Badass divers","potentialAction":[{"@type":"SearchAction","target":{"@type":"EntryPoint","urlTemplate":"https:\/\/soprastek.com\/?s={search_term_string}"},"query-input":{"@type":"PropertyValueSpecification","valueRequired":true,"valueName":"search_term_string"}}],"inLanguage":"cs"}]}},"uagb_featured_image_src":{"full":["https:\/\/soprastek.com\/wp-content\/uploads\/2017\/10\/602350-oxy-regulator.jpg",1500,1500,false],"thumbnail":["https:\/\/soprastek.com\/wp-content\/uploads\/2017\/10\/602350-oxy-regulator-150x150.jpg",150,150,true],"medium":["https:\/\/soprastek.com\/wp-content\/uploads\/2017\/10\/602350-oxy-regulator-300x300.jpg",300,300,true],"medium_large":["https:\/\/soprastek.com\/wp-content\/uploads\/2017\/10\/602350-oxy-regulator-768x768.jpg",768,768,true],"large":["https:\/\/soprastek.com\/wp-content\/uploads\/2017\/10\/602350-oxy-regulator-1024x1024.jpg",1024,1024,true],"1536x1536":["https:\/\/soprastek.com\/wp-content\/uploads\/2017\/10\/602350-oxy-regulator.jpg",1500,1500,false],"2048x2048":["https:\/\/soprastek.com\/wp-content\/uploads\/2017\/10\/602350-oxy-regulator.jpg",1500,1500,false],"neve-blog":["https:\/\/soprastek.com\/wp-content\/uploads\/2017\/10\/602350-oxy-regulator-930x620.jpg",930,620,true],"mailpoet_newsletter_max":["https:\/\/soprastek.com\/wp-content\/uploads\/2017\/10\/602350-oxy-regulator.jpg",1320,1320,false],"woocommerce_thumbnail":["https:\/\/soprastek.com\/wp-content\/uploads\/2017\/10\/602350-oxy-regulator-300x300.jpg",300,300,true],"woocommerce_single":["https:\/\/soprastek.com\/wp-content\/uploads\/2017\/10\/602350-oxy-regulator-600x600.jpg",600,600,true],"woocommerce_gallery_thumbnail":["https:\/\/soprastek.com\/wp-content\/uploads\/2017\/10\/602350-oxy-regulator-100x100.jpg",100,100,true]},"uagb_author_info":{"display_name":"sobkova","author_link":"https:\/\/soprastek.com\/cs\/author\/"},"uagb_comment_info":0,"uagb_excerpt":"Unbalanced\u00a0piston\u00a0regulator for decompression,\u00a0Viton O-rings, oxygen compatible lube, green plastic parts, 100 cm green nylon mesh hose \u00a0 DISCLAIMER Oxygen-related fires and explosions can result in serious injury or death. Ultimately, you must make the final decision to assume all risks associated with the use of any compressed gases, including those in excess of 40% oxygen&hellip;&nbsp;\u010c\u00edst&hellip;","_links":{"self":[{"href":"https:\/\/soprastek.com\/cs\/wp-json\/wp\/v2\/product\/18171","targetHints":{"allow":["GET"]}}],"collection":[{"href":"https:\/\/soprastek.com\/cs\/wp-json\/wp\/v2\/product"}],"about":[{"href":"https:\/\/soprastek.com\/cs\/wp-json\/wp\/v2\/types\/product"}],"replies":[{"embeddable":true,"href":"https:\/\/soprastek.com\/cs\/wp-json\/wp\/v2\/comments?post=18171"}],"wp:featuredmedia":[{"embeddable":true,"href":"https:\/\/soprastek.com\/cs\/wp-json\/wp\/v2\/media\/13232"}],"wp:attachment":[{"href":"https:\/\/soprastek.com\/cs\/wp-json\/wp\/v2\/media?parent=18171"}],"wp:term":[{"taxonomy":"product_brand","embeddable":true,"href":"https:\/\/soprastek.com\/cs\/wp-json\/wp\/v2\/product_brand?post=18171"},{"taxonomy":"product_cat","embeddable":true,"href":"https:\/\/soprastek.com\/cs\/wp-json\/wp\/v2\/product_cat?post=18171"},{"taxonomy":"product_tag","embeddable":true,"href":"https:\/\/soprastek.com\/cs\/wp-json\/wp\/v2\/product_tag?post=18171"}],"curies":[{"name":"wp","href":"https:\/\/api.w.org\/{rel}","templated":true}]}}