{"id":18389,"date":"2026-05-10T04:35:29","date_gmt":"2026-05-10T03:35:29","guid":{"rendered":"https:\/\/soprastek.com\/?page_id=18389"},"modified":"2026-05-10T04:42:36","modified_gmt":"2026-05-10T03:42:36","slug":"ambassador-programm","status":"publish","type":"page","link":"https:\/\/soprastek.com\/de\/ambassador-programm\/","title":{"rendered":"Ambassador-Programm"},"content":{"rendered":"\n<div class=\"wp-block-uagb-container uagb-block-29b4d34b alignwide uagb-is-root-container\">\n<section class=\"wp-block-uagb-container uagb-layout-flex uagb-block-2f79b19f alignwide uagb-is-root-container\">\n<h2 class=\"wp-block-heading has-text-align-center\" style=\"font-size:50px;font-style:normal;font-weight:300\"><strong>SoprasTek<\/strong> Ambassador-Programm<\/h2>\n<\/section>\n<\/div>\n\n\n\n<div class=\"wp-block-uagb-container uagb-block-913016a1 alignwide uagb-is-root-container\">\n<div class=\"wp-block-uagb-image uagb-block-1d1a95b6 wp-block-uagb-image--layout-default wp-block-uagb-image--effect-static wp-block-uagb-image--align-none\"><figure class=\"wp-block-uagb-image__figure\"><img decoding=\"async\" srcset=\"https:\/\/soprastek.com\/wp-content\/uploads\/2026\/02\/we-need-you.jpg ,https:\/\/soprastek.com\/wp-content\/uploads\/2026\/02\/we-need-you.jpg 780w, https:\/\/soprastek.com\/wp-content\/uploads\/2026\/02\/we-need-you.jpg 360w\" sizes=\"auto, (max-width: 480px) 150px\" src=\"https:\/\/soprastek.com\/wp-content\/uploads\/2026\/02\/we-need-you.jpg\" alt=\"\" class=\"uag-image-16624\" width=\"1536\" height=\"644\" title=\"we need you\" loading=\"lazy\" role=\"img\"\/><\/figure><\/div>\n<\/div>\n\n\n\n<div class=\"wp-block-uagb-container uagb-block-eee4d697 alignwide uagb-is-root-container\">\n<div class=\"wp-block-uagb-container uagb-layout-flex uagb-block-45997e09 alignfull uagb-is-root-container\"><div class=\"uagb-container-inner-blocks-wrap\">\n<p class=\"has-text-align-center\" style=\"padding-top:0;padding-right:0;padding-bottom:0;padding-left:0;font-size:28px\">Wir suchen Botschafter in jedem Land, die <strong>SoprasTek<\/strong> online und offline<br><br> repr\u00e4sentieren und f\u00f6rdern.<\/p>\n<\/div><\/div>\n<\/div>\n\n\n\n<div class=\"wp-block-uagb-container uagb-block-cd219cc2 alignwide uagb-is-root-container\">\n<div class=\"wp-block-uagb-container uagb-block-19213db8\">\n<div class=\"st-cat-content\">\n\n  <div class=\"st-faq\">\n\n    <h2>\ud83c\udfaf Anforderungen<\/h2>\n\n    <div class=\"st-faq-item\">\n      <h3>Muss ein hervorragender Taucher, ein gro\u00dfartiger Kommunikator und ein gro\u00dfer Fan von SoprasTek sein<\/h3>\n      <p><\/p>\n    <\/div>\n\n    <div class=\"st-faq-item\">\n      <h3>Muss regelm\u00e4\u00dfig hochwertige Inhalte\/Bewertungen ver\u00f6ffentlichen und eine gute Interaktion mit der Community\/Followern haben<\/h3>\n      <p><\/p>\n    <\/div>\n\n    <div class=\"st-faq-item\">\n      <h3>Muss bereit sein, die Marketingaktivit\u00e4ten von SoprasTek auf allen sozialen Plattformen zu teilen<\/h3>\n      <p><\/p>\n    <\/div>\n\n    <div class=\"st-faq-item\">\n      <h3>Muss SoprasTek erlauben, die Inhalte in sozialen Medien erneut zu ver\u00f6ffentlichen<\/h3>\n      <p><\/p>\n    <\/div>\n\n    <div class=\"st-faq-item\">\n      <h3>Muss sich verpflichten, \u00fcber einen Zeitraum von 12 bis 24 Monaten monatlich originale Inhalte zu erstellen<\/h3>\n      <p><\/p>\n    <\/div>\n\n    <div class=\"st-faq-item\">\n      <h3>Sollte wertvolles Feedback zu Produkten geben<\/h3>\n      <p><\/p>\n    <\/div>\n\n  <\/div>\n\n<\/div>\n<\/div>\n\n\n\n<div class=\"wp-block-uagb-container uagb-block-06bcc99d\">\n<div class=\"st-cat-content\">\n\n  <div class=\"st-faq\">\n\n    <h2>\ud83c\udf81 Belohnungen<\/h2>\n\n    <div class=\"st-faq-item\">\n      <h3>Ausr\u00fcstung mit hohen Rabatten entsprechend deinem Ambassador-Level (Diamond, Platinum, Gold oder Silver)<\/h3>\n      <p><\/p>\n    <\/div>\n\n    <div class=\"st-faq-item\">\n      <h3>Erhalte deinen eigenen individuellen Rabattcode zum Teilen mit deiner Community und verdiene eine Provision f\u00fcr jeden Verkauf \u00fcber deinen Code<\/h3>\n      <p><\/p>\n    <\/div>\n\n    <div class=\"st-faq-item\">\n      <h3>Erhalte ein Profil auf unserer Ambassador-Seite auf unserer Website inklusive Bild und Kontaktinformationen<\/h3>\n      <p><\/p>\n    <\/div>\n\n    <div class=\"st-faq-item\">\n      <h3>Verdiene f\u00fcr jedes \u201eLike\u201c auf deine SoprasTek-Posts in sozialen Medien<\/h3>\n      <p><\/p>\n    <\/div>\n\n  <\/div>\n\n<\/div>\n<\/div>\n<\/div>\n\n\n\n<div class=\"wp-block-uagb-container uagb-block-d5de64a7 alignwide uagb-is-root-container\"><div class=\"uagb-container__shape uagb-container__shape-top\"><svg xmlns=\"https:\/\/www.w3.org\/2000\/svg\" viewBox=\"0 0 1000 20\" preserveAspectRatio=\"none\"><path class=\"uagb-container__shape-fill\" d=\"M0,0v3c0,0,393.8,0,483.4,0c9.2,0,16.6,7.4,16.6,16.6c0-9.1,7.4-16.6,16.6-16.6C606.2,3,1000,3,1000,3V0H0z\"><\/path><\/svg><\/div>\n<div class=\"wpcf7 no-js\" id=\"wpcf7-f16665-o1\" lang=\"en-US\" dir=\"ltr\" data-wpcf7-id=\"16665\">\n<div class=\"screen-reader-response\"><p role=\"status\" aria-live=\"polite\" aria-atomic=\"true\"><\/p> <ul><\/ul><\/div>\n<form action=\"\/de\/wp-json\/wp\/v2\/pages\/18389#wpcf7-f16665-o1\" method=\"post\" class=\"wpcf7-form init\" aria-label=\"Contact form\" novalidate=\"novalidate\" data-status=\"init\">\n<fieldset class=\"hidden-fields-container\"><input type=\"hidden\" name=\"_wpcf7\" value=\"16665\" \/><input type=\"hidden\" name=\"_wpcf7_version\" value=\"6.1.5\" \/><input type=\"hidden\" name=\"_wpcf7_locale\" value=\"en_US\" \/><input type=\"hidden\" name=\"_wpcf7_unit_tag\" value=\"wpcf7-f16665-o1\" \/><input type=\"hidden\" name=\"_wpcf7_container_post\" value=\"0\" \/><input type=\"hidden\" name=\"_wpcf7_posted_data_hash\" value=\"\" \/><input type=\"hidden\" name=\"_wpcf7_recaptcha_response\" value=\"\" \/>\n<\/fieldset>\n<div class=\"st-ambassador-form\">\n\t<h3>Contact Information\n\t<\/h3>\n\t<p><label>Name *<\/label><br \/>\n<span class=\"wpcf7-form-control-wrap\" data-name=\"your-name\"><input size=\"40\" maxlength=\"400\" class=\"wpcf7-form-control wpcf7-text wpcf7-validates-as-required\" aria-required=\"true\" aria-invalid=\"false\" value=\"\" type=\"text\" name=\"your-name\" \/><\/span>\n\t<\/p>\n\t<p><label>Email *<\/label><br \/>\n<span class=\"wpcf7-form-control-wrap\" data-name=\"your-email\"><input size=\"40\" maxlength=\"400\" class=\"wpcf7-form-control wpcf7-email wpcf7-validates-as-required wpcf7-text wpcf7-validates-as-email\" aria-required=\"true\" aria-invalid=\"false\" value=\"\" type=\"email\" name=\"your-email\" \/><\/span>\n\t<\/p>\n\t<p><label>Address<\/label><br \/>\n<span class=\"wpcf7-form-control-wrap\" data-name=\"your-address\"><input size=\"40\" maxlength=\"400\" class=\"wpcf7-form-control wpcf7-text\" aria-invalid=\"false\" value=\"\" type=\"text\" name=\"your-address\" \/><\/span>\n\t<\/p>\n\t<p><label>Whatsapp<\/label><br \/>\n<span class=\"wpcf7-form-control-wrap\" data-name=\"your-whatsapp\"><input size=\"40\" maxlength=\"400\" class=\"wpcf7-form-control wpcf7-text\" aria-invalid=\"false\" value=\"\" type=\"text\" name=\"your-whatsapp\" \/><\/span>\n\t<\/p>\n\t<p><label>Age<\/label><br \/>\n<span class=\"wpcf7-form-control-wrap\" data-name=\"your-age\"><input class=\"wpcf7-form-control wpcf7-number wpcf7-validates-as-number\" aria-invalid=\"false\" value=\"\" type=\"number\" name=\"your-age\" \/><\/span>\n\t<\/p>\n\t<h3>Diving Information\n\t<\/h3>\n\t<p><label>Diving certification level<\/label><br \/>\n<span class=\"wpcf7-form-control-wrap\" data-name=\"diving-level\"><input size=\"40\" maxlength=\"400\" class=\"wpcf7-form-control wpcf7-text\" aria-invalid=\"false\" value=\"\" type=\"text\" name=\"diving-level\" \/><\/span>\n\t<\/p>\n\t<h3>Online Presence\n\t<\/h3>\n\t<p><label>Links to social media profiles<\/label><br \/>\n<span class=\"wpcf7-form-control-wrap\" data-name=\"social-links\"><textarea cols=\"40\" rows=\"10\" maxlength=\"2000\" class=\"wpcf7-form-control wpcf7-textarea\" aria-invalid=\"false\" name=\"social-links\"><\/textarea><\/span>\n\t<\/p>\n\t<p><label>Links to websites or blogs<\/label><br \/>\n<span class=\"wpcf7-form-control-wrap\" data-name=\"website-links\"><textarea cols=\"40\" rows=\"10\" maxlength=\"2000\" class=\"wpcf7-form-control wpcf7-textarea\" aria-invalid=\"false\" name=\"website-links\"><\/textarea><\/span>\n\t<\/p>\n\t<h3>Motivation\n\t<\/h3>\n\t<p><label>What product do you like the most in the brand and why<\/label><br \/>\n<span class=\"wpcf7-form-control-wrap\" data-name=\"favorite-product\"><textarea cols=\"40\" rows=\"10\" maxlength=\"2000\" class=\"wpcf7-form-control wpcf7-textarea\" aria-invalid=\"false\" name=\"favorite-product\"><\/textarea><\/span>\n\t<\/p>\n\t<p><label>How long do you know SoprasTek and how<\/label><br \/>\n<span class=\"wpcf7-form-control-wrap\" data-name=\"brand-knowledge\"><textarea cols=\"40\" rows=\"10\" maxlength=\"2000\" class=\"wpcf7-form-control wpcf7-textarea\" aria-invalid=\"false\" name=\"brand-knowledge\"><\/textarea><\/span>\n\t<\/p>\n\t<p><label>Why do you want to be our ambassador<\/label><br \/>\n<span class=\"wpcf7-form-control-wrap\" data-name=\"motivation\"><textarea cols=\"40\" rows=\"10\" maxlength=\"2000\" class=\"wpcf7-form-control wpcf7-textarea\" aria-invalid=\"false\" name=\"motivation\"><\/textarea><\/span>\n\t<\/p>\n\t<p><label>How would you promote SoprasTek<\/label><br \/>\n<span class=\"wpcf7-form-control-wrap\" data-name=\"promotion-plan\"><textarea cols=\"40\" rows=\"10\" maxlength=\"2000\" class=\"wpcf7-form-control wpcf7-textarea\" aria-invalid=\"false\" name=\"promotion-plan\"><\/textarea><\/span>\n\t<\/p>\n\t<p><span class=\"wpcf7-form-control-wrap\" data-name=\"acceptance-1\"><span class=\"wpcf7-form-control wpcf7-acceptance\"><span class=\"wpcf7-list-item\"><input type=\"checkbox\" name=\"acceptance-1\" value=\"1\" aria-invalid=\"false\" \/><\/span><\/span><\/span> I agree to the processing of my personal data. *\n\t<\/p>\n\t<p><input class=\"wpcf7-form-control wpcf7-submit has-spinner\" type=\"submit\" value=\"Apply to Become an Ambassador\" \/>\n\t<\/p>\n<\/div><div class=\"wpcf7-response-output\" aria-hidden=\"true\"><\/div>\n<\/form>\n<\/div>\n\n<\/div>\n","protected":false},"excerpt":{"rendered":"<p>SoprasTek Ambassador-Programm Wir suchen Botschafter in jedem Land, die SoprasTek online und offline repr\u00e4sentieren und f\u00f6rdern. \ud83c\udfaf Anforderungen Muss ein hervorragender Taucher, ein gro\u00dfartiger Kommunikator und ein gro\u00dfer Fan von SoprasTek sein Muss regelm\u00e4\u00dfig hochwertige Inhalte\/Bewertungen ver\u00f6ffentlichen und eine gute Interaktion mit der Community\/Followern haben Muss bereit sein, die Marketingaktivit\u00e4ten von SoprasTek auf allen sozialen&hellip;&nbsp;<a href=\"https:\/\/soprastek.com\/de\/ambassador-programm\/\" rel=\"bookmark\">Weiterlesen &raquo;<span class=\"screen-reader-text\">Ambassador-Programm<\/span><\/a><\/p>\n","protected":false},"author":137793,"featured_media":0,"parent":0,"menu_order":0,"comment_status":"closed","ping_status":"closed","template":"","meta":{"_uag_custom_page_level_css":"","neve_meta_sidebar":"","neve_meta_container":"","neve_meta_enable_content_width":"","neve_meta_content_width":0,"neve_meta_title_alignment":"","neve_meta_author_avatar":"","neve_post_elements_order":"","neve_meta_disable_header":"","neve_meta_disable_footer":"","neve_meta_disable_title":"","footnotes":""},"class_list":["post-18389","page","type-page","status-publish","hentry"],"yoast_head":"<!-- This site is optimized with the Yoast SEO plugin v27.5 - https:\/\/yoast.com\/product\/yoast-seo-wordpress\/ -->\n<title>Ambassador-Programm - Sopras Tek<\/title>\n<meta name=\"robots\" content=\"index, follow, max-snippet:-1, max-image-preview:large, max-video-preview:-1\" \/>\n<link rel=\"canonical\" href=\"https:\/\/soprastek.com\/de\/ambassador-programm\/\" \/>\n<meta property=\"og:locale\" content=\"de_DE\" \/>\n<meta property=\"og:type\" content=\"article\" \/>\n<meta property=\"og:title\" content=\"Ambassador-Programm - Sopras Tek\" \/>\n<meta property=\"og:description\" content=\"SoprasTek Ambassador-Programm Wir suchen Botschafter in jedem Land, die SoprasTek online und offline repr\u00e4sentieren und f\u00f6rdern. \ud83c\udfaf Anforderungen Muss ein hervorragender Taucher, ein gro\u00dfartiger Kommunikator und ein gro\u00dfer Fan von SoprasTek sein Muss regelm\u00e4\u00dfig hochwertige Inhalte\/Bewertungen ver\u00f6ffentlichen und eine gute Interaktion mit der Community\/Followern haben Muss bereit sein, die Marketingaktivit\u00e4ten von SoprasTek auf allen sozialen&hellip;&nbsp;Weiterlesen &raquo;Ambassador-Programm\" \/>\n<meta property=\"og:url\" content=\"https:\/\/soprastek.com\/de\/ambassador-programm\/\" \/>\n<meta property=\"og:site_name\" content=\"Sopras Tek\" \/>\n<meta property=\"article:modified_time\" content=\"2026-05-10T03:42:36+00:00\" \/>\n<meta property=\"og:image\" content=\"https:\/\/soprastek.com\/wp-content\/uploads\/2026\/02\/we-need-you.jpg\" \/>\n<meta name=\"twitter:card\" content=\"summary_large_image\" \/>\n<meta name=\"twitter:label1\" content=\"Gesch\u00e4tzte Lesezeit\" \/>\n\t<meta name=\"twitter:data1\" content=\"1\u00a0Minute\" \/>\n<script type=\"application\/ld+json\" class=\"yoast-schema-graph\">{\"@context\":\"https:\\\/\\\/schema.org\",\"@graph\":[{\"@type\":\"WebPage\",\"@id\":\"https:\\\/\\\/soprastek.com\\\/de\\\/ambassador-programm\\\/\",\"url\":\"https:\\\/\\\/soprastek.com\\\/de\\\/ambassador-programm\\\/\",\"name\":\"Ambassador-Programm - Sopras Tek\",\"isPartOf\":{\"@id\":\"https:\\\/\\\/soprastek.com\\\/#website\"},\"primaryImageOfPage\":{\"@id\":\"https:\\\/\\\/soprastek.com\\\/de\\\/ambassador-programm\\\/#primaryimage\"},\"image\":{\"@id\":\"https:\\\/\\\/soprastek.com\\\/de\\\/ambassador-programm\\\/#primaryimage\"},\"thumbnailUrl\":\"https:\\\/\\\/soprastek.com\\\/wp-content\\\/uploads\\\/2026\\\/02\\\/we-need-you.jpg\",\"datePublished\":\"2026-05-10T03:35:29+00:00\",\"dateModified\":\"2026-05-10T03:42:36+00:00\",\"breadcrumb\":{\"@id\":\"https:\\\/\\\/soprastek.com\\\/de\\\/ambassador-programm\\\/#breadcrumb\"},\"inLanguage\":\"de\",\"potentialAction\":[{\"@type\":\"ReadAction\",\"target\":[\"https:\\\/\\\/soprastek.com\\\/de\\\/ambassador-programm\\\/\"]}]},{\"@type\":\"ImageObject\",\"inLanguage\":\"de\",\"@id\":\"https:\\\/\\\/soprastek.com\\\/de\\\/ambassador-programm\\\/#primaryimage\",\"url\":\"https:\\\/\\\/soprastek.com\\\/wp-content\\\/uploads\\\/2026\\\/02\\\/we-need-you.jpg\",\"contentUrl\":\"https:\\\/\\\/soprastek.com\\\/wp-content\\\/uploads\\\/2026\\\/02\\\/we-need-you.jpg\"},{\"@type\":\"BreadcrumbList\",\"@id\":\"https:\\\/\\\/soprastek.com\\\/de\\\/ambassador-programm\\\/#breadcrumb\",\"itemListElement\":[{\"@type\":\"ListItem\",\"position\":1,\"name\":\"Home\",\"item\":\"https:\\\/\\\/soprastek.com\\\/de\\\/home\\\/\"},{\"@type\":\"ListItem\",\"position\":2,\"name\":\"Ambassador-Programm\"}]},{\"@type\":\"WebSite\",\"@id\":\"https:\\\/\\\/soprastek.com\\\/#website\",\"url\":\"https:\\\/\\\/soprastek.com\\\/\",\"name\":\"Sopras Tek\",\"description\":\"Badass divers\",\"potentialAction\":[{\"@type\":\"SearchAction\",\"target\":{\"@type\":\"EntryPoint\",\"urlTemplate\":\"https:\\\/\\\/soprastek.com\\\/?s={search_term_string}\"},\"query-input\":{\"@type\":\"PropertyValueSpecification\",\"valueRequired\":true,\"valueName\":\"search_term_string\"}}],\"inLanguage\":\"de\"}]}<\/script>\n<!-- \/ Yoast SEO plugin. -->","yoast_head_json":{"title":"Ambassador-Programm - Sopras Tek","robots":{"index":"index","follow":"follow","max-snippet":"max-snippet:-1","max-image-preview":"max-image-preview:large","max-video-preview":"max-video-preview:-1"},"canonical":"https:\/\/soprastek.com\/de\/ambassador-programm\/","og_locale":"de_DE","og_type":"article","og_title":"Ambassador-Programm - Sopras Tek","og_description":"SoprasTek Ambassador-Programm Wir suchen Botschafter in jedem Land, die SoprasTek online und offline repr\u00e4sentieren und f\u00f6rdern. \ud83c\udfaf Anforderungen Muss ein hervorragender Taucher, ein gro\u00dfartiger Kommunikator und ein gro\u00dfer Fan von SoprasTek sein Muss regelm\u00e4\u00dfig hochwertige Inhalte\/Bewertungen ver\u00f6ffentlichen und eine gute Interaktion mit der Community\/Followern haben Muss bereit sein, die Marketingaktivit\u00e4ten von SoprasTek auf allen sozialen&hellip;&nbsp;Weiterlesen &raquo;Ambassador-Programm","og_url":"https:\/\/soprastek.com\/de\/ambassador-programm\/","og_site_name":"Sopras Tek","article_modified_time":"2026-05-10T03:42:36+00:00","og_image":[{"url":"https:\/\/soprastek.com\/wp-content\/uploads\/2026\/02\/we-need-you.jpg","type":"","width":"","height":""}],"twitter_card":"summary_large_image","twitter_misc":{"Gesch\u00e4tzte Lesezeit":"1\u00a0Minute"},"schema":{"@context":"https:\/\/schema.org","@graph":[{"@type":"WebPage","@id":"https:\/\/soprastek.com\/de\/ambassador-programm\/","url":"https:\/\/soprastek.com\/de\/ambassador-programm\/","name":"Ambassador-Programm - Sopras Tek","isPartOf":{"@id":"https:\/\/soprastek.com\/#website"},"primaryImageOfPage":{"@id":"https:\/\/soprastek.com\/de\/ambassador-programm\/#primaryimage"},"image":{"@id":"https:\/\/soprastek.com\/de\/ambassador-programm\/#primaryimage"},"thumbnailUrl":"https:\/\/soprastek.com\/wp-content\/uploads\/2026\/02\/we-need-you.jpg","datePublished":"2026-05-10T03:35:29+00:00","dateModified":"2026-05-10T03:42:36+00:00","breadcrumb":{"@id":"https:\/\/soprastek.com\/de\/ambassador-programm\/#breadcrumb"},"inLanguage":"de","potentialAction":[{"@type":"ReadAction","target":["https:\/\/soprastek.com\/de\/ambassador-programm\/"]}]},{"@type":"ImageObject","inLanguage":"de","@id":"https:\/\/soprastek.com\/de\/ambassador-programm\/#primaryimage","url":"https:\/\/soprastek.com\/wp-content\/uploads\/2026\/02\/we-need-you.jpg","contentUrl":"https:\/\/soprastek.com\/wp-content\/uploads\/2026\/02\/we-need-you.jpg"},{"@type":"BreadcrumbList","@id":"https:\/\/soprastek.com\/de\/ambassador-programm\/#breadcrumb","itemListElement":[{"@type":"ListItem","position":1,"name":"Home","item":"https:\/\/soprastek.com\/de\/home\/"},{"@type":"ListItem","position":2,"name":"Ambassador-Programm"}]},{"@type":"WebSite","@id":"https:\/\/soprastek.com\/#website","url":"https:\/\/soprastek.com\/","name":"Sopras Tek","description":"Badass divers","potentialAction":[{"@type":"SearchAction","target":{"@type":"EntryPoint","urlTemplate":"https:\/\/soprastek.com\/?s={search_term_string}"},"query-input":{"@type":"PropertyValueSpecification","valueRequired":true,"valueName":"search_term_string"}}],"inLanguage":"de"}]}},"uagb_featured_image_src":{"full":false,"thumbnail":false,"medium":false,"medium_large":false,"large":false,"1536x1536":false,"2048x2048":false,"neve-blog":false,"mailpoet_newsletter_max":false,"woocommerce_thumbnail":false,"woocommerce_single":false,"woocommerce_gallery_thumbnail":false},"uagb_author_info":{"display_name":"Adam","author_link":"https:\/\/soprastek.com\/de\/author\/adam\/"},"uagb_comment_info":0,"uagb_excerpt":"SoprasTek Ambassador-Programm Wir suchen Botschafter in jedem Land, die SoprasTek online und offline repr\u00e4sentieren und f\u00f6rdern. \ud83c\udfaf Anforderungen Muss ein hervorragender Taucher, ein gro\u00dfartiger Kommunikator und ein gro\u00dfer Fan von SoprasTek sein Muss regelm\u00e4\u00dfig hochwertige Inhalte\/Bewertungen ver\u00f6ffentlichen und eine gute Interaktion mit der Community\/Followern haben Muss bereit sein, die Marketingaktivit\u00e4ten von SoprasTek auf allen sozialen&hellip;&nbsp;Weiterlesen&hellip;","_links":{"self":[{"href":"https:\/\/soprastek.com\/de\/wp-json\/wp\/v2\/pages\/18389","targetHints":{"allow":["GET"]}}],"collection":[{"href":"https:\/\/soprastek.com\/de\/wp-json\/wp\/v2\/pages"}],"about":[{"href":"https:\/\/soprastek.com\/de\/wp-json\/wp\/v2\/types\/page"}],"author":[{"embeddable":true,"href":"https:\/\/soprastek.com\/de\/wp-json\/wp\/v2\/users\/137793"}],"replies":[{"embeddable":true,"href":"https:\/\/soprastek.com\/de\/wp-json\/wp\/v2\/comments?post=18389"}],"version-history":[{"count":2,"href":"https:\/\/soprastek.com\/de\/wp-json\/wp\/v2\/pages\/18389\/revisions"}],"predecessor-version":[{"id":18398,"href":"https:\/\/soprastek.com\/de\/wp-json\/wp\/v2\/pages\/18389\/revisions\/18398"}],"wp:attachment":[{"href":"https:\/\/soprastek.com\/de\/wp-json\/wp\/v2\/media?parent=18389"}],"curies":[{"name":"wp","href":"https:\/\/api.w.org\/{rel}","templated":true}]}}