{"id":18393,"date":"2026-05-10T04:39:31","date_gmt":"2026-05-10T03:39:31","guid":{"rendered":"https:\/\/soprastek.com\/?page_id=18393"},"modified":"2026-05-10T04:41:35","modified_gmt":"2026-05-10T03:41:35","slug":"programa-de-embajadores","status":"publish","type":"page","link":"https:\/\/soprastek.com\/es\/programa-de-embajadores\/","title":{"rendered":"Programa de Embajadores"},"content":{"rendered":"\n<div class=\"wp-block-uagb-container uagb-block-29b4d34b alignwide uagb-is-root-container\">\n<section class=\"wp-block-uagb-container uagb-layout-flex uagb-block-2f79b19f alignwide uagb-is-root-container\">\n<h2 class=\"wp-block-heading has-text-align-center\" style=\"font-size:50px;font-style:normal;font-weight:300\">Programa de Embajadores de <strong>SoprasTek<\/strong><\/h2>\n<\/section>\n<\/div>\n\n\n\n<div class=\"wp-block-uagb-container uagb-block-913016a1 alignwide uagb-is-root-container\">\n<div class=\"wp-block-uagb-image uagb-block-1d1a95b6 wp-block-uagb-image--layout-default wp-block-uagb-image--effect-static wp-block-uagb-image--align-none\"><figure class=\"wp-block-uagb-image__figure\"><img decoding=\"async\" srcset=\"https:\/\/soprastek.com\/wp-content\/uploads\/2026\/02\/we-need-you.jpg ,https:\/\/soprastek.com\/wp-content\/uploads\/2026\/02\/we-need-you.jpg 780w, https:\/\/soprastek.com\/wp-content\/uploads\/2026\/02\/we-need-you.jpg 360w\" sizes=\"auto, (max-width: 480px) 150px\" src=\"https:\/\/soprastek.com\/wp-content\/uploads\/2026\/02\/we-need-you.jpg\" alt=\"\" class=\"uag-image-16624\" width=\"1536\" height=\"644\" title=\"we need you\" loading=\"lazy\" role=\"img\"\/><\/figure><\/div>\n<\/div>\n\n\n\n<div class=\"wp-block-uagb-container uagb-block-eee4d697 alignwide uagb-is-root-container\">\n<div class=\"wp-block-uagb-container uagb-layout-flex uagb-block-45997e09 alignfull uagb-is-root-container\"><div class=\"uagb-container-inner-blocks-wrap\">\n<p class=\"has-text-align-center\" style=\"padding-top:0;padding-right:0;padding-bottom:0;padding-left:0;font-size:28px\">Buscamos embajadores en cada pa\u00eds para representar y promocionar <strong>SoprasTek<\/strong><br><br> tanto online como offline.<\/p>\n<\/div><\/div>\n<\/div>\n\n\n\n<div class=\"wp-block-uagb-container uagb-block-cd219cc2 alignwide uagb-is-root-container\">\n<div class=\"wp-block-uagb-container uagb-block-19213db8\">\n<div class=\"st-cat-content\">\n\n  <div class=\"st-faq\">\n\n    <h2>\ud83c\udfaf Requisitos<\/h2>\n\n    <div class=\"st-faq-item\">\n      <h3>Debe ser un excelente buceador, un gran comunicador y un gran fan de SoprasTek<\/h3>\n      <p><\/p>\n    <\/div>\n\n    <div class=\"st-faq-item\">\n      <h3>Debe publicar contenido\/rese\u00f1as de calidad regularmente y tener una buena interacci\u00f3n con su audiencia\/seguidores<\/h3>\n      <p><\/p>\n    <\/div>\n\n    <div class=\"st-faq-item\">\n      <h3>Debe estar dispuesto a compartir las campa\u00f1as de marketing de SoprasTek en todas las plataformas sociales<\/h3>\n      <p><\/p>\n    <\/div>\n\n    <div class=\"st-faq-item\">\n      <h3>Debe permitir que SoprasTek vuelva a publicar el contenido en redes sociales<\/h3>\n      <p><\/p>\n    <\/div>\n\n    <div class=\"st-faq-item\">\n      <h3>Debe comprometerse a crear contenido original mensualmente durante un per\u00edodo de 12 a 24 meses<\/h3>\n      <p><\/p>\n    <\/div>\n\n    <div class=\"st-faq-item\">\n      <h3>Deber\u00eda proporcionar comentarios valiosos sobre los productos<\/h3>\n      <p><\/p>\n    <\/div>\n\n  <\/div>\n\n<\/div>\n<\/div>\n\n\n\n<div class=\"wp-block-uagb-container uagb-block-06bcc99d\">\n<div class=\"st-cat-content\">\n\n  <div class=\"st-faq\">\n\n    <h2>\ud83c\udf81 Recompensas<\/h2>\n\n    <div class=\"st-faq-item\">\n      <h3>Equipamiento con grandes descuentos seg\u00fan tu nivel de Ambassador (Diamond, Platinum, Gold o Silver)<\/h3>\n      <p><\/p>\n    <\/div>\n\n    <div class=\"st-faq-item\">\n      <h3>Recibe tu propio c\u00f3digo de descuento \u00fanico para compartir con tu audiencia y gana una comisi\u00f3n por cada venta asociada a tu c\u00f3digo<\/h3>\n      <p><\/p>\n    <\/div>\n\n    <div class=\"st-faq-item\">\n      <h3>Obt\u00e9n un perfil en nuestra p\u00e1gina de Ambassadors en nuestro sitio web con foto y contacto<\/h3>\n      <p><\/p>\n    <\/div>\n\n    <div class=\"st-faq-item\">\n      <h3>Gana por cada \u201clike\u201d en tus publicaciones de SoprasTek en redes sociales<\/h3>\n      <p><\/p>\n    <\/div>\n\n  <\/div>\n\n<\/div>\n<\/div>\n<\/div>\n\n\n\n<div class=\"wp-block-uagb-container uagb-block-d5de64a7 alignwide uagb-is-root-container\"><div class=\"uagb-container__shape uagb-container__shape-top\"><svg xmlns=\"https:\/\/www.w3.org\/2000\/svg\" viewBox=\"0 0 1000 20\" preserveAspectRatio=\"none\"><path class=\"uagb-container__shape-fill\" d=\"M0,0v3c0,0,393.8,0,483.4,0c9.2,0,16.6,7.4,16.6,16.6c0-9.1,7.4-16.6,16.6-16.6C606.2,3,1000,3,1000,3V0H0z\"><\/path><\/svg><\/div>\n<div class=\"wpcf7 no-js\" id=\"wpcf7-f16665-o1\" lang=\"en-US\" dir=\"ltr\" data-wpcf7-id=\"16665\">\n<div class=\"screen-reader-response\"><p role=\"status\" aria-live=\"polite\" aria-atomic=\"true\"><\/p> <ul><\/ul><\/div>\n<form action=\"\/es\/wp-json\/wp\/v2\/pages\/18393#wpcf7-f16665-o1\" method=\"post\" class=\"wpcf7-form init\" aria-label=\"Contact form\" novalidate=\"novalidate\" data-status=\"init\">\n<fieldset class=\"hidden-fields-container\"><input type=\"hidden\" name=\"_wpcf7\" value=\"16665\" \/><input type=\"hidden\" name=\"_wpcf7_version\" value=\"6.1.5\" \/><input type=\"hidden\" name=\"_wpcf7_locale\" value=\"en_US\" \/><input type=\"hidden\" name=\"_wpcf7_unit_tag\" value=\"wpcf7-f16665-o1\" \/><input type=\"hidden\" name=\"_wpcf7_container_post\" value=\"0\" \/><input type=\"hidden\" name=\"_wpcf7_posted_data_hash\" value=\"\" \/><input type=\"hidden\" name=\"_wpcf7_recaptcha_response\" value=\"\" \/>\n<\/fieldset>\n<div class=\"st-ambassador-form\">\n\t<h3>Contact Information\n\t<\/h3>\n\t<p><label>Name *<\/label><br \/>\n<span class=\"wpcf7-form-control-wrap\" data-name=\"your-name\"><input size=\"40\" maxlength=\"400\" class=\"wpcf7-form-control wpcf7-text wpcf7-validates-as-required\" aria-required=\"true\" aria-invalid=\"false\" value=\"\" type=\"text\" name=\"your-name\" \/><\/span>\n\t<\/p>\n\t<p><label>Email *<\/label><br \/>\n<span class=\"wpcf7-form-control-wrap\" data-name=\"your-email\"><input size=\"40\" maxlength=\"400\" class=\"wpcf7-form-control wpcf7-email wpcf7-validates-as-required wpcf7-text wpcf7-validates-as-email\" aria-required=\"true\" aria-invalid=\"false\" value=\"\" type=\"email\" name=\"your-email\" \/><\/span>\n\t<\/p>\n\t<p><label>Address<\/label><br \/>\n<span class=\"wpcf7-form-control-wrap\" data-name=\"your-address\"><input size=\"40\" maxlength=\"400\" class=\"wpcf7-form-control wpcf7-text\" aria-invalid=\"false\" value=\"\" type=\"text\" name=\"your-address\" \/><\/span>\n\t<\/p>\n\t<p><label>Whatsapp<\/label><br \/>\n<span class=\"wpcf7-form-control-wrap\" data-name=\"your-whatsapp\"><input size=\"40\" maxlength=\"400\" class=\"wpcf7-form-control wpcf7-text\" aria-invalid=\"false\" value=\"\" type=\"text\" name=\"your-whatsapp\" \/><\/span>\n\t<\/p>\n\t<p><label>Age<\/label><br \/>\n<span class=\"wpcf7-form-control-wrap\" data-name=\"your-age\"><input class=\"wpcf7-form-control wpcf7-number wpcf7-validates-as-number\" aria-invalid=\"false\" value=\"\" type=\"number\" name=\"your-age\" \/><\/span>\n\t<\/p>\n\t<h3>Diving Information\n\t<\/h3>\n\t<p><label>Diving certification level<\/label><br \/>\n<span class=\"wpcf7-form-control-wrap\" data-name=\"diving-level\"><input size=\"40\" maxlength=\"400\" class=\"wpcf7-form-control wpcf7-text\" aria-invalid=\"false\" value=\"\" type=\"text\" name=\"diving-level\" \/><\/span>\n\t<\/p>\n\t<h3>Online Presence\n\t<\/h3>\n\t<p><label>Links to social media profiles<\/label><br \/>\n<span class=\"wpcf7-form-control-wrap\" data-name=\"social-links\"><textarea cols=\"40\" rows=\"10\" maxlength=\"2000\" class=\"wpcf7-form-control wpcf7-textarea\" aria-invalid=\"false\" name=\"social-links\"><\/textarea><\/span>\n\t<\/p>\n\t<p><label>Links to websites or blogs<\/label><br \/>\n<span class=\"wpcf7-form-control-wrap\" data-name=\"website-links\"><textarea cols=\"40\" rows=\"10\" maxlength=\"2000\" class=\"wpcf7-form-control wpcf7-textarea\" aria-invalid=\"false\" name=\"website-links\"><\/textarea><\/span>\n\t<\/p>\n\t<h3>Motivation\n\t<\/h3>\n\t<p><label>What product do you like the most in the brand and why<\/label><br \/>\n<span class=\"wpcf7-form-control-wrap\" data-name=\"favorite-product\"><textarea cols=\"40\" rows=\"10\" maxlength=\"2000\" class=\"wpcf7-form-control wpcf7-textarea\" aria-invalid=\"false\" name=\"favorite-product\"><\/textarea><\/span>\n\t<\/p>\n\t<p><label>How long do you know SoprasTek and how<\/label><br \/>\n<span class=\"wpcf7-form-control-wrap\" data-name=\"brand-knowledge\"><textarea cols=\"40\" rows=\"10\" maxlength=\"2000\" class=\"wpcf7-form-control wpcf7-textarea\" aria-invalid=\"false\" name=\"brand-knowledge\"><\/textarea><\/span>\n\t<\/p>\n\t<p><label>Why do you want to be our ambassador<\/label><br \/>\n<span class=\"wpcf7-form-control-wrap\" data-name=\"motivation\"><textarea cols=\"40\" rows=\"10\" maxlength=\"2000\" class=\"wpcf7-form-control wpcf7-textarea\" aria-invalid=\"false\" name=\"motivation\"><\/textarea><\/span>\n\t<\/p>\n\t<p><label>How would you promote SoprasTek<\/label><br \/>\n<span class=\"wpcf7-form-control-wrap\" data-name=\"promotion-plan\"><textarea cols=\"40\" rows=\"10\" maxlength=\"2000\" class=\"wpcf7-form-control wpcf7-textarea\" aria-invalid=\"false\" name=\"promotion-plan\"><\/textarea><\/span>\n\t<\/p>\n\t<p><span class=\"wpcf7-form-control-wrap\" data-name=\"acceptance-1\"><span class=\"wpcf7-form-control wpcf7-acceptance\"><span class=\"wpcf7-list-item\"><input type=\"checkbox\" name=\"acceptance-1\" value=\"1\" aria-invalid=\"false\" \/><\/span><\/span><\/span> I agree to the processing of my personal data. *\n\t<\/p>\n\t<p><input class=\"wpcf7-form-control wpcf7-submit has-spinner\" type=\"submit\" value=\"Apply to Become an Ambassador\" \/>\n\t<\/p>\n<\/div><div class=\"wpcf7-response-output\" aria-hidden=\"true\"><\/div>\n<\/form>\n<\/div>\n\n<\/div>\n","protected":false},"excerpt":{"rendered":"<p>Programa de Embajadores de SoprasTek Buscamos embajadores en cada pa\u00eds para representar y promocionar SoprasTek tanto online como offline. \ud83c\udfaf Requisitos Debe ser un excelente buceador, un gran comunicador y un gran fan de SoprasTek Debe publicar contenido\/rese\u00f1as de calidad regularmente y tener una buena interacci\u00f3n con su audiencia\/seguidores Debe estar dispuesto a compartir las&hellip;&nbsp;<a href=\"https:\/\/soprastek.com\/es\/programa-de-embajadores\/\" rel=\"bookmark\">Leer m\u00e1s &raquo;<span class=\"screen-reader-text\">Programa de Embajadores<\/span><\/a><\/p>\n","protected":false},"author":137793,"featured_media":0,"parent":0,"menu_order":0,"comment_status":"closed","ping_status":"closed","template":"","meta":{"_uag_custom_page_level_css":"","neve_meta_sidebar":"","neve_meta_container":"","neve_meta_enable_content_width":"","neve_meta_content_width":0,"neve_meta_title_alignment":"","neve_meta_author_avatar":"","neve_post_elements_order":"","neve_meta_disable_header":"","neve_meta_disable_footer":"","neve_meta_disable_title":"","footnotes":""},"class_list":["post-18393","page","type-page","status-publish","hentry"],"yoast_head":"<!-- This site is optimized with the Yoast SEO plugin v27.5 - https:\/\/yoast.com\/product\/yoast-seo-wordpress\/ -->\n<title>Programa de Embajadores - Sopras Tek<\/title>\n<meta name=\"robots\" content=\"index, follow, max-snippet:-1, max-image-preview:large, max-video-preview:-1\" \/>\n<link rel=\"canonical\" href=\"https:\/\/soprastek.com\/es\/programa-de-embajadores\/\" \/>\n<meta property=\"og:locale\" content=\"es_ES\" \/>\n<meta property=\"og:type\" content=\"article\" \/>\n<meta property=\"og:title\" content=\"Programa de Embajadores - Sopras Tek\" \/>\n<meta property=\"og:description\" content=\"Programa de Embajadores de SoprasTek Buscamos embajadores en cada pa\u00eds para representar y promocionar SoprasTek tanto online como offline. \ud83c\udfaf Requisitos Debe ser un excelente buceador, un gran comunicador y un gran fan de SoprasTek Debe publicar contenido\/rese\u00f1as de calidad regularmente y tener una buena interacci\u00f3n con su audiencia\/seguidores Debe estar dispuesto a compartir las&hellip;&nbsp;Leer m\u00e1s &raquo;Programa de Embajadores\" \/>\n<meta property=\"og:url\" content=\"https:\/\/soprastek.com\/es\/programa-de-embajadores\/\" \/>\n<meta property=\"og:site_name\" content=\"Sopras Tek\" \/>\n<meta property=\"article:modified_time\" content=\"2026-05-10T03:41:35+00:00\" \/>\n<meta property=\"og:image\" content=\"https:\/\/soprastek.com\/wp-content\/uploads\/2026\/02\/we-need-you.jpg\" \/>\n<meta name=\"twitter:card\" content=\"summary_large_image\" \/>\n<meta name=\"twitter:label1\" content=\"Tiempo de lectura\" \/>\n\t<meta name=\"twitter:data1\" content=\"1 minuto\" \/>\n<script type=\"application\/ld+json\" class=\"yoast-schema-graph\">{\"@context\":\"https:\\\/\\\/schema.org\",\"@graph\":[{\"@type\":\"WebPage\",\"@id\":\"https:\\\/\\\/soprastek.com\\\/es\\\/programa-de-embajadores\\\/\",\"url\":\"https:\\\/\\\/soprastek.com\\\/es\\\/programa-de-embajadores\\\/\",\"name\":\"Programa de Embajadores - Sopras Tek\",\"isPartOf\":{\"@id\":\"https:\\\/\\\/soprastek.com\\\/#website\"},\"primaryImageOfPage\":{\"@id\":\"https:\\\/\\\/soprastek.com\\\/es\\\/programa-de-embajadores\\\/#primaryimage\"},\"image\":{\"@id\":\"https:\\\/\\\/soprastek.com\\\/es\\\/programa-de-embajadores\\\/#primaryimage\"},\"thumbnailUrl\":\"https:\\\/\\\/soprastek.com\\\/wp-content\\\/uploads\\\/2026\\\/02\\\/we-need-you.jpg\",\"datePublished\":\"2026-05-10T03:39:31+00:00\",\"dateModified\":\"2026-05-10T03:41:35+00:00\",\"breadcrumb\":{\"@id\":\"https:\\\/\\\/soprastek.com\\\/es\\\/programa-de-embajadores\\\/#breadcrumb\"},\"inLanguage\":\"es\",\"potentialAction\":[{\"@type\":\"ReadAction\",\"target\":[\"https:\\\/\\\/soprastek.com\\\/es\\\/programa-de-embajadores\\\/\"]}]},{\"@type\":\"ImageObject\",\"inLanguage\":\"es\",\"@id\":\"https:\\\/\\\/soprastek.com\\\/es\\\/programa-de-embajadores\\\/#primaryimage\",\"url\":\"https:\\\/\\\/soprastek.com\\\/wp-content\\\/uploads\\\/2026\\\/02\\\/we-need-you.jpg\",\"contentUrl\":\"https:\\\/\\\/soprastek.com\\\/wp-content\\\/uploads\\\/2026\\\/02\\\/we-need-you.jpg\"},{\"@type\":\"BreadcrumbList\",\"@id\":\"https:\\\/\\\/soprastek.com\\\/es\\\/programa-de-embajadores\\\/#breadcrumb\",\"itemListElement\":[{\"@type\":\"ListItem\",\"position\":1,\"name\":\"Home\",\"item\":\"https:\\\/\\\/soprastek.com\\\/\"},{\"@type\":\"ListItem\",\"position\":2,\"name\":\"Programa de Embajadores\"}]},{\"@type\":\"WebSite\",\"@id\":\"https:\\\/\\\/soprastek.com\\\/#website\",\"url\":\"https:\\\/\\\/soprastek.com\\\/\",\"name\":\"Sopras Tek\",\"description\":\"Badass divers\",\"potentialAction\":[{\"@type\":\"SearchAction\",\"target\":{\"@type\":\"EntryPoint\",\"urlTemplate\":\"https:\\\/\\\/soprastek.com\\\/?s={search_term_string}\"},\"query-input\":{\"@type\":\"PropertyValueSpecification\",\"valueRequired\":true,\"valueName\":\"search_term_string\"}}],\"inLanguage\":\"es\"}]}<\/script>\n<!-- \/ Yoast SEO plugin. -->","yoast_head_json":{"title":"Programa de Embajadores - Sopras Tek","robots":{"index":"index","follow":"follow","max-snippet":"max-snippet:-1","max-image-preview":"max-image-preview:large","max-video-preview":"max-video-preview:-1"},"canonical":"https:\/\/soprastek.com\/es\/programa-de-embajadores\/","og_locale":"es_ES","og_type":"article","og_title":"Programa de Embajadores - Sopras Tek","og_description":"Programa de Embajadores de SoprasTek Buscamos embajadores en cada pa\u00eds para representar y promocionar SoprasTek tanto online como offline. \ud83c\udfaf Requisitos Debe ser un excelente buceador, un gran comunicador y un gran fan de SoprasTek Debe publicar contenido\/rese\u00f1as de calidad regularmente y tener una buena interacci\u00f3n con su audiencia\/seguidores Debe estar dispuesto a compartir las&hellip;&nbsp;Leer m\u00e1s &raquo;Programa de Embajadores","og_url":"https:\/\/soprastek.com\/es\/programa-de-embajadores\/","og_site_name":"Sopras Tek","article_modified_time":"2026-05-10T03:41:35+00:00","og_image":[{"url":"https:\/\/soprastek.com\/wp-content\/uploads\/2026\/02\/we-need-you.jpg","type":"","width":"","height":""}],"twitter_card":"summary_large_image","twitter_misc":{"Tiempo de lectura":"1 minuto"},"schema":{"@context":"https:\/\/schema.org","@graph":[{"@type":"WebPage","@id":"https:\/\/soprastek.com\/es\/programa-de-embajadores\/","url":"https:\/\/soprastek.com\/es\/programa-de-embajadores\/","name":"Programa de Embajadores - Sopras Tek","isPartOf":{"@id":"https:\/\/soprastek.com\/#website"},"primaryImageOfPage":{"@id":"https:\/\/soprastek.com\/es\/programa-de-embajadores\/#primaryimage"},"image":{"@id":"https:\/\/soprastek.com\/es\/programa-de-embajadores\/#primaryimage"},"thumbnailUrl":"https:\/\/soprastek.com\/wp-content\/uploads\/2026\/02\/we-need-you.jpg","datePublished":"2026-05-10T03:39:31+00:00","dateModified":"2026-05-10T03:41:35+00:00","breadcrumb":{"@id":"https:\/\/soprastek.com\/es\/programa-de-embajadores\/#breadcrumb"},"inLanguage":"es","potentialAction":[{"@type":"ReadAction","target":["https:\/\/soprastek.com\/es\/programa-de-embajadores\/"]}]},{"@type":"ImageObject","inLanguage":"es","@id":"https:\/\/soprastek.com\/es\/programa-de-embajadores\/#primaryimage","url":"https:\/\/soprastek.com\/wp-content\/uploads\/2026\/02\/we-need-you.jpg","contentUrl":"https:\/\/soprastek.com\/wp-content\/uploads\/2026\/02\/we-need-you.jpg"},{"@type":"BreadcrumbList","@id":"https:\/\/soprastek.com\/es\/programa-de-embajadores\/#breadcrumb","itemListElement":[{"@type":"ListItem","position":1,"name":"Home","item":"https:\/\/soprastek.com\/"},{"@type":"ListItem","position":2,"name":"Programa de Embajadores"}]},{"@type":"WebSite","@id":"https:\/\/soprastek.com\/#website","url":"https:\/\/soprastek.com\/","name":"Sopras Tek","description":"Badass divers","potentialAction":[{"@type":"SearchAction","target":{"@type":"EntryPoint","urlTemplate":"https:\/\/soprastek.com\/?s={search_term_string}"},"query-input":{"@type":"PropertyValueSpecification","valueRequired":true,"valueName":"search_term_string"}}],"inLanguage":"es"}]}},"uagb_featured_image_src":{"full":false,"thumbnail":false,"medium":false,"medium_large":false,"large":false,"1536x1536":false,"2048x2048":false,"neve-blog":false,"mailpoet_newsletter_max":false,"woocommerce_thumbnail":false,"woocommerce_single":false,"woocommerce_gallery_thumbnail":false},"uagb_author_info":{"display_name":"Adam","author_link":"https:\/\/soprastek.com\/es\/author\/adam\/"},"uagb_comment_info":0,"uagb_excerpt":"Programa de Embajadores de SoprasTek Buscamos embajadores en cada pa\u00eds para representar y promocionar SoprasTek tanto online como offline. \ud83c\udfaf Requisitos Debe ser un excelente buceador, un gran comunicador y un gran fan de SoprasTek Debe publicar contenido\/rese\u00f1as de calidad regularmente y tener una buena interacci\u00f3n con su audiencia\/seguidores Debe estar dispuesto a compartir las&hellip;&nbsp;Leer&hellip;","_links":{"self":[{"href":"https:\/\/soprastek.com\/es\/wp-json\/wp\/v2\/pages\/18393","targetHints":{"allow":["GET"]}}],"collection":[{"href":"https:\/\/soprastek.com\/es\/wp-json\/wp\/v2\/pages"}],"about":[{"href":"https:\/\/soprastek.com\/es\/wp-json\/wp\/v2\/types\/page"}],"author":[{"embeddable":true,"href":"https:\/\/soprastek.com\/es\/wp-json\/wp\/v2\/users\/137793"}],"replies":[{"embeddable":true,"href":"https:\/\/soprastek.com\/es\/wp-json\/wp\/v2\/comments?post=18393"}],"version-history":[{"count":2,"href":"https:\/\/soprastek.com\/es\/wp-json\/wp\/v2\/pages\/18393\/revisions"}],"predecessor-version":[{"id":18397,"href":"https:\/\/soprastek.com\/es\/wp-json\/wp\/v2\/pages\/18393\/revisions\/18397"}],"wp:attachment":[{"href":"https:\/\/soprastek.com\/es\/wp-json\/wp\/v2\/media?parent=18393"}],"curies":[{"name":"wp","href":"https:\/\/api.w.org\/{rel}","templated":true}]}}